{"id":9936,"date":"2022-05-02T18:08:04","date_gmt":"2022-05-02T18:08:04","guid":{"rendered":"https:\/\/www.anbanjia.com.cn\/product\/personne-handicapee-bagages-a-trois-roues-mobilite-electrique-trottinette-adulte-agee\/"},"modified":"2022-05-02T18:08:04","modified_gmt":"2022-05-02T18:08:04","slug":"personne-handicapee-trois-roues-bagagerie-mobilite-electrique-personne-agee-adulte-scooter","status":"publish","type":"product","link":"https:\/\/anbanjia.com.cn\/fr\/produit\/personne-handicapee-trois-roues-bagagerie-mobilite-electrique-personne-agee-adulte-scooter\/","title":{"rendered":"Personne handicap\u00e9e bagages \u00e0 trois roues Mobilit\u00e9 \u00e9lectrique Trottinette adulte \u00e2g\u00e9e"},"content":{"rendered":"<div style=\"max-width: 750px; margin: 0 auto;\">\n<div id=\"ali-anchor-AliPostDhMb-ljvh5\" style=\"padding-top: 8px;\" data-section=\"AliPostDhMb-ljvh5\" data-section-title=\"Product Details\">\n<div id=\"ali-title-AliPostDhMb-ljvh5\" style=\"padding: 8px 0; border-bottom: 1px solid #ddd;\"><span style=\"background-color: #ddd; color: #333; font-weight: bold; padding: 8px 10px; line-height: 12px;\">d\u00e9tails du produit<\/span><\/div>\n<div style=\"padding: 10px 0;\">\n<p style=\"text-align: center;\"><span style=\"font-size: 24px;\">Trottinette <strong>\u00e9lectrique l\u00e9g\u00e8re \u00e0<\/strong> <span style=\"font-size: 24px;\"><strong>bagages<\/strong><\/span><\/span><\/p>\n<table style=\"border-collapse: collapse; background-color: #ffffff; width: 58.5366%;\" border=\"1\">\n<tbody>\n<tr>\n<td style=\"width: 37%; text-align: left;\"><span style=\"font-size: 18px;\">Taille globale<\/span><\/td>\n<td style=\"width: 34.3813%;\"><span style=\"font-size: 18px;\">123*57*95<\/span><\/td>\n<\/tr>\n<tr>\n<td style=\"width: 37%;\"><span style=\"font-size: 18px;\">Largeur pli\u00e9e<\/span><\/td>\n<td style=\"width: 34.3813%;\"><span style=\"font-size: 18px;\">44*36*74<\/span><\/td>\n<\/tr>\n<tr>\n<td style=\"width: 37%;\"><span style=\"font-size: 18px;\">Roue arri\u00e8re<\/span><\/td>\n<td style=\"width: 34.3813%;\"><span style=\"font-size: 18px;\"> PU 9&Prime;<\/span><\/td>\n<\/tr>\n<tr>\n<td style=\"width: 37%;\"><span style=\"font-size: 18px;\">NO<\/span><\/td>\n<td style=\"width: 34.3813%;\"><span style=\"font-size: 18px;\">29kg<\/span><\/td>\n<\/tr>\n<tr>\n<td style=\"width: 37%;\"><span style=\"font-size: 18px;\">La vitesse<\/span><\/td>\n<td style=\"width: 34.3813%;\"><span style=\"font-size: 18px;\">r\u00e9glable 0~8 km\/h<\/span><\/td>\n<\/tr>\n<tr>\n<td style=\"width: 37%;\"><span style=\"font-size: 18px;\">batterie<\/span><\/td>\n<td style=\"width: 34.3813%;\"><span style=\"font-size: 18px;\">36v<\/span><\/td>\n<\/tr>\n<tr>\n<td style=\"width: 37%;\"><span style=\"font-size: 18px;\">Autonomie<\/span><\/td>\n<td style=\"width: 34.3813%;\"><span style=\"font-size: 18px;\">20km<\/span><\/td>\n<\/tr>\n<tr>\n<td style=\"width: 37%;\"><span style=\"font-size: 18px;\">Moteur sans balais<\/span><\/td>\n<td style=\"width: 34.3813%;\"><span style=\"font-size: 18px;\">300w<\/span><\/td>\n<\/tr>\n<\/tbody>\n<\/table>\n<p><img decoding=\"async\" style=\"max-width: 750;\" src=\"https:\/\/anbanjia.com.cn\/wp-content\/uploads\/2022\/05\/H320d36aee56240d6ae780d4c937332667.png\" data-height=\"702\" data-src=\"\" data-width=\"1000\"><\/p>\n<p><img decoding=\"async\" src=\"https:\/\/anbanjia.com.cn\/wp-content\/uploads\/2022\/05\/Ha75d156a61634f72ad161d86287b9f474.jpg\" data-alt=\"Disabled Person Three Wheels luggage Electric Mobility Elderly adult Scooter\" data-src=\"\"><img decoding=\"async\" src=\"https:\/\/anbanjia.com.cn\/wp-content\/uploads\/2022\/05\/Hcee4bb3f38184f4b9c41a454669b61bcT.jpg\" data-alt=\"Disabled Person Three Wheels luggage Electric Mobility Elderly adult Scooter\" data-src=\"\"><img decoding=\"async\" src=\"https:\/\/anbanjia.com.cn\/wp-content\/uploads\/2022\/05\/Hf432040824b54944bc49728c0818f8987.jpg\" data-alt=\"Disabled Person Three Wheels luggage Electric Mobility Elderly adult Scooter\" data-src=\"\"><img decoding=\"async\" src=\"https:\/\/anbanjia.com.cn\/wp-content\/uploads\/2022\/05\/He58d3983a8e440ddb412dcfac3b423b4p.jpg\" data-alt=\"Disabled Person Three Wheels luggage Electric Mobility Elderly adult Scooter\" data-src=\"\"><img decoding=\"async\" src=\"https:\/\/anbanjia.com.cn\/wp-content\/uploads\/2022\/05\/Hbf97f46ced474b63a57a7e8cbbea6f0dk.jpg\" data-alt=\"Disabled Person Three Wheels luggage Electric Mobility Elderly adult Scooter\" data-src=\"\"><\/p>\n<\/div>\n<\/div>\n<div id=\"ali-anchor-AliPostDhMb-g8zpw\" style=\"padding-top: 8px;\" data-section=\"AliPostDhMb-g8zpw\" data-section-title=\"contact us\">\n<div id=\"ali-title-AliPostDhMb-g8zpw\" style=\"padding: 8px 0; border-bottom: 1px solid #ddd;\"><span style=\"background-color: #ddd; color: #333; font-weight: bold; padding: 8px 10px; line-height: 12px;\">Nous contacter<\/span><\/div>\n<div style=\"padding: 10px 0;\">\n<p><a href=\"https:\/\/abj-medical.en.alibaba.com\/contactinfo.html?spm=a2700.8304367.topnav.8.5d239224wxD2sy\" target=\"_blank\" rel=\"noopener\"> <img decoding=\"async\" src=\"https:\/\/anbanjia.com.cn\/wp-content\/uploads\/2022\/05\/HTB1E_8LXOLxK1Rjy0Ffq6zYdVXay.jpg\" data-alt=\"Disabled Person Three Wheels luggage Electric Mobility Elderly adult Scooter\" data-src=\"\"><\/a><\/p>\n<\/div>\n<\/div>\n<div id=\"ali-anchor-AliPostDhMb-vv6n9\" style=\"padding-top: 8px;\" data-section=\"AliPostDhMb-vv6n9\" data-section-title=\"Product Categories\">\n<div id=\"ali-title-AliPostDhMb-vv6n9\" style=\"padding: 8px 0; border-bottom: 1px solid #ddd;\"><span style=\"background-color: #ddd; color: #333; font-weight: bold; padding: 8px 10px; line-height: 12px;\">cat\u00e9gories de produits<\/span><\/div>\n<div style=\"padding: 10px 0;\">\n<p> <a href=\"https:\/\/abj-medical.en.alibaba.com\/productgrouplist-804871560\/Electric_wheelchair_and_apparatus.html?spm=a2700.icbuShop.88.30.704a44ebaAhP4D\" target=\"_blank\" rel=\"noopener\"><img decoding=\"async\" src=\"https:\/\/anbanjia.com.cn\/wp-content\/uploads\/2022\/05\/HTB1ERWiSFXXXXasXXXXq6xXFXXXw.jpg\" data-alt=\"Disabled Person Three Wheels luggage Electric Mobility Elderly adult Scooter\" data-src=\"\"><\/a><\/p>\n<\/div>\n<\/div>\n<div id=\"ali-anchor-AliPostDhMb-ub5hb\" style=\"padding-top: 8px;\" data-section=\"AliPostDhMb-ub5hb\" data-section-title=\"certificate\">\n<div id=\"ali-title-AliPostDhMb-ub5hb\" style=\"padding: 8px 0; border-bottom: 1px solid #ddd;\"><span style=\"background-color: #ddd; color: #333; font-weight: bold; padding: 8px 10px; line-height: 12px;\">certificat<\/span><\/div>\n<div style=\"padding: 10px 0;\">\n<p><img decoding=\"async\" src=\"https:\/\/anbanjia.com.cn\/wp-content\/uploads\/2022\/05\/HTB1Z1olSpXXXXctXXXXq6xXFXXXu-1.jpg\" data-alt=\"Disabled Person Three Wheels luggage Electric Mobility Elderly adult Scooter\" data-src=\"\"><\/p>\n<\/div>\n<\/div>\n<div id=\"ali-anchor-AliPostDhMb-yhho8\" style=\"padding-top: 8px;\" data-section=\"AliPostDhMb-yhho8\" data-section-title=\"company information\">\n<div id=\"ali-title-AliPostDhMb-yhho8\" style=\"padding: 8px 0; border-bottom: 1px solid #ddd;\"><span style=\"background-color: #ddd; color: #333; font-weight: bold; padding: 8px 10px; line-height: 12px;\">Informations sur la soci\u00e9t\u00e9<\/span><\/div>\n<div style=\"padding: 10px 0;\">\n<p><img decoding=\"async\" src=\"https:\/\/anbanjia.com.cn\/wp-content\/uploads\/2022\/05\/HTB1HgKPcQ5E3KVjSZFCq6zuzXXay.jpg\" data-src=\"\"><\/p>\n<\/div>\n<\/div>\n<\/div>\n","protected":false},"excerpt":{"rendered":"<p>&nbsp;<\/p>\n<div style=\"width: auto;\">\n<div style=\"min-width: 300px; max-width: 300px; word-wrap: break-word; float: left;\">Puissance : 201-500w<\/div>\n<div style=\"min-width: 300px; max-width: 300px; word-wrap: break-word; float: left;\">Tension&nbsp;: 36&nbsp;V<\/div>\n<\/div>\n<div style=\"width: auto;\">\n<div style=\"min-width: 300px; max-width: 300px; word-wrap: break-word; float: left;\">Pliable&nbsp;:&nbsp;Oui<\/div>\n<div style=\"min-width: 300px; max-width: 300px; word-wrap: break-word; float: left;\">Vitesse maximale:&lt; 30km\/h<\/div>\n<\/div>\n<div style=\"width: auto;\">\n<div style=\"min-width: 300px; max-width: 300px; word-wrap: break-word; float: left;\">Taille globale : 123*57*95<\/div>\n<div style=\"min-width: 300px; max-width: 300px; word-wrap: break-word; float: left;\">Largeur pli\u00e9e : 44*36*74<\/div>\n<\/div>\n<div style=\"width: auto;\">\n<div style=\"min-width: 300px; max-width: 300px; word-wrap: break-word; float: left;\">Roue arri\u00e8re : PU 9&Prime;<\/div>\n<div style=\"min-width: 300px; max-width: 300px; word-wrap: break-word; float: left;\">NO&nbsp;: 29&nbsp;kg<\/div>\n<\/div>\n<div style=\"width: auto;\">\n<div style=\"min-width: 300px; max-width: 300px; word-wrap: break-word; float: left;\">Vitesse&nbsp;: r\u00e9glable de 0 \u00e0 8&nbsp;km\/h<\/div>\n<div style=\"min-width: 300px; max-width: 300px; word-wrap: break-word; float: left;\">Batterie au lithium&nbsp;: 36&nbsp;V<\/div>\n<\/div>\n<div style=\"width: auto;\">\n<div style=\"min-width: 300px; max-width: 300px; word-wrap: break-word; float: left;\">Autonomie&nbsp;: 20&nbsp;km<\/div>\n<div style=\"min-width: 300px; max-width: 300px; word-wrap: break-word; float: left;\">Moteur sans balais&nbsp;: 300&nbsp;w<\/div>\n<\/div>\n<div style=\"width: auto;\">\n<div style=\"min-width: 300px; max-width: 300px; word-wrap: break-word; float: left;\">Capacit\u00e9 de poids&nbsp;: 130&nbsp;kg<\/div>\n<div style=\"min-width: 300px; max-width: 300px; word-wrap: break-word; float: left;\">Taille d&#8217;emballage de carton : 82*55*50cm, 34kg<\/div>\n<\/div>\n<div>Logo personnalis\u00e9(Min. Commande : 500 pi\u00e8ces)<\/div>\n<div>Emballage personnalis\u00e9(Min. Commande : 500 Pi\u00e8ces)<\/div>\n","protected":false},"featured_media":9992,"comment_status":"closed","ping_status":"closed","template":"","meta":[],"product_cat":[117],"product_tag":[],"class_list":["post-9936","product","type-product","status-publish","has-post-thumbnail","hentry","product_cat-trottinette-pour-personnes-agees"],"_links":{"self":[{"href":"https:\/\/anbanjia.com.cn\/fr\/wp-json\/wp\/v2\/product\/9936","targetHints":{"allow":["GET"]}}],"collection":[{"href":"https:\/\/anbanjia.com.cn\/fr\/wp-json\/wp\/v2\/product"}],"about":[{"href":"https:\/\/anbanjia.com.cn\/fr\/wp-json\/wp\/v2\/types\/product"}],"replies":[{"embeddable":true,"href":"https:\/\/anbanjia.com.cn\/fr\/wp-json\/wp\/v2\/comments?post=9936"}],"wp:featuredmedia":[{"embeddable":true,"href":"https:\/\/anbanjia.com.cn\/fr\/wp-json\/wp\/v2\/media\/9992"}],"wp:attachment":[{"href":"https:\/\/anbanjia.com.cn\/fr\/wp-json\/wp\/v2\/media?parent=9936"}],"wp:term":[{"taxonomy":"product_cat","embeddable":true,"href":"https:\/\/anbanjia.com.cn\/fr\/wp-json\/wp\/v2\/product_cat?post=9936"},{"taxonomy":"product_tag","embeddable":true,"href":"https:\/\/anbanjia.com.cn\/fr\/wp-json\/wp\/v2\/product_tag?post=9936"}],"curies":[{"name":"wp","href":"https:\/\/api.w.org\/{rel}","templated":true}]}}