{"id":9916,"date":"2022-05-02T18:08:03","date_gmt":"2022-05-02T18:08:03","guid":{"rendered":"https:\/\/www.anbanjia.com.cn\/product\/vente-en-gros-de-scooters-pliants-a-3-roues-scooter-de-mobilite-electrique-handicape-pour-personne-agee-handicapee\/"},"modified":"2022-05-02T18:08:03","modified_gmt":"2022-05-02T18:08:03","slug":"vente-en-gros-pliage-3-roues-scooter-voyage-utilisation-mobilite-electrique-handicape-scooter-pour-personne-handicapee-personnes-agees","status":"publish","type":"product","link":"https:\/\/anbanjia.com.cn\/fr\/produit\/vente-en-gros-pliage-3-roues-scooter-voyage-utilisation-mobilite-electrique-handicape-scooter-pour-personne-handicapee-personnes-agees\/","title":{"rendered":"Vente en gros de scooters pliants \u00e0 3 roues, scooter de mobilit\u00e9 \u00e9lectrique handicap\u00e9 pour personne \u00e2g\u00e9e handicap\u00e9e"},"content":{"rendered":"<div style=\"max-width: 750px;margin: 0 auto;\">\n<p style=\"text-align: center;\"><strong><span style=\"font-size: 32px; font-family: 'comic sans ms', sans-serif;\">scooter \u00e9lectrique de v\u00e9hicule \u00e9lectrique portatif pliant l\u00e9ger pour les personnes \u00e2g\u00e9es \u00e0 vendre<\/span><\/strong><\/p>\n<p style=\"text-align: left;\">\n<p style=\"text-align: left;\"><img decoding=\"async\" data-alt=\"Wholesale Folding 3 wheel scooter travel use handicapped electric mobility scooter for disabled person elderly\" data-src=\"\" ori-height=\"750\" ori-width=\"750\" src=\"https:\/\/anbanjia.com.cn\/wp-content\/uploads\/2022\/05\/HTB1zH1lRCzqK1RjSZFpq6ykSXXaR.jpg\" style=\"max-width: 750;\"><\/p>\n<table border=\"0\" cellpadding=\"0\" cellspacing=\"0\" style=\"border-collapse: collapse; width: 330pt;\" width=\"439\">\n<tbody>\n<tr style=\"height: 28.5pt;\">\n<td height=\"38\" style=\"height: 28.5pt; width: 112pt;\" width=\"149\">Taille du produit<\/td>\n<td style=\"border-left: none; width: 218pt;\" width=\"290\">100*51*97cm<\/td>\n<\/tr>\n<tr style=\"height: 28.5pt;\">\n<td height=\"38\" style=\"height: 28.5pt; border-top: none;\">Taille pli\u00e9e<\/td>\n<td style=\"border-top: none; border-left: none;\">81*51*37cm<\/td>\n<\/tr>\n<tr style=\"height: 28.5pt;\">\n<td height=\"38\" style=\"height: 28.5pt; border-top: none;\">Vitesse maxi<\/td>\n<td style=\"border-top: none; border-left: none;\">15km\/h<\/td>\n<\/tr>\n<tr style=\"height: 28.5pt;\">\n<td height=\"38\" style=\"height: 28.5pt; border-top: none;\">Moteur<\/td>\n<td style=\"border-top: none; border-left: none;\">300W, 350W est disponible<\/td>\n<\/tr>\n<tr style=\"height: 28.5pt;\">\n<td height=\"38\" style=\"height: 28.5pt; border-top: none;\">Distance<\/td>\n<td style=\"border-top: none; border-left: none;\">parcourue 28-30 km\/50-55 km<\/td>\n<\/tr>\n<tr style=\"height: 28.5pt;\">\n<td height=\"38\" style=\"height: 28.5pt; border-top: none;\">Capacit\u00e9 poids<\/td>\n<td style=\"border-top: none; border-left: none;\">120kg<\/td>\n<\/tr>\n<tr style=\"height: 28.5pt;\">\n<td height=\"38\" style=\"height: 28.5pt; border-top: none;\">Angle de mont\u00e9e<\/td>\n<td style=\"border-top: none; border-left: none;\">3 roues\u20148\u00b0, 4 roues\u201412\u00b0<\/td>\n<\/tr>\n<tr style=\"height: 28.5pt;\">Temps de <\/p>\n<td height=\"38\" style=\"height: 28.5pt; border-top: none;\">charge<\/td>\n<td style=\"border-top: none; border-left: none;\">3-5 heures<\/td>\n<\/tr>\n<tr style=\"height: 28.5pt;\">\n<td height=\"38\" style=\"height: 28.5pt; border-top: none;\">Entra\u00eenement<\/td>\n<td style=\"border-top: none; border-left: none;\">arri\u00e8re en mode d&rsquo;entra\u00eenement<\/td>\n<\/tr>\n<tr style=\"height: 28.5pt;\">\n<td height=\"38\" style=\"height: 28.5pt; border-top: none;\">Taille de roue Roue<\/td>\n<td style=\"border-top: none; border-left: none;\">solide de 10 pouces<\/td>\n<\/tr>\n<tr style=\"height: 28.5pt;\">\n<td height=\"38\" style=\"height: 28.5pt; border-top: none;\">Syst\u00e8me de freinage<\/td>\n<td style=\"border-top: none; border-left: none;\">Frein \u00e0 disque arri\u00e8re<\/td>\n<\/tr>\n<tr style=\"height: 28.5pt;\">Le <\/p>\n<td height=\"38\" style=\"height: 28.5pt; border-top: none;\">couple<\/td>\n<td style=\"border-top: none; border-left: none;\">17N, 34N est disponible<\/td>\n<\/tr>\n<tr style=\"height: 28.5pt;\">\n<td height=\"38\" style=\"height: 28.5pt; border-top: none;\">Batterie Li-ion<\/td>\n<td style=\"border-top: none; border-left: none;\">36v 10Ah\/48v 12Ah<\/td>\n<\/tr>\n<tr style=\"height: 28.5pt;\">\n<td height=\"38\" style=\"height: 28.5pt; border-top: none;\">NO\/GW<\/td>\n<td style=\"border-top: none; border-left: none;\">20kg, 23kg<\/td>\n<\/tr>\n<tr style=\"height: 28.5pt;\">\n<td height=\"38\" style=\"height: 28.5pt; border-top: none;\">Paquet<\/td>\n<td style=\"border-top: none; border-left: none;\">54*37*83cm<\/td>\n<\/tr>\n<\/tbody>\n<\/table>\n<p><img decoding=\"async\" data-alt=\"Wholesale Folding 3 wheel scooter travel use handicapped electric mobility scooter for disabled person elderly\" data-height=\"700\" data-src=\"\" data-width=\"752\" ori-height=\"698\" ori-width=\"750\" src=\"https:\/\/anbanjia.com.cn\/wp-content\/uploads\/2022\/05\/HTB1in1iRpYqK1RjSZLeq6zXppXaP.jpg\"><img decoding=\"async\" data-alt=\"Wholesale Folding 3 wheel scooter travel use handicapped electric mobility scooter for disabled person elderly\" data-src=\"\" ori-height=\"2000\" ori-width=\"750\" src=\"https:\/\/anbanjia.com.cn\/wp-content\/uploads\/2022\/05\/HTB1cQajRAvoK1RjSZFDq6xY3pXai.jpg\"><\/p>\n<div class=\"mceSectionContainer\" data-section=\"AliPostDhMb-3nouk\" data-section-title=\"Contact information\" id=\"ali-anchor-AliPostDhMb-3nouk\" style=\"padding-top: 8px;\">\n<div id=\"ali-title-AliPostDhMb-3nouk\" style=\"padding: 8px 0; border-bottom: 1px solid #ddd;\"><span style=\"background-color: #ddd; color: #333; font-weight: bold; padding: 8px 10px; line-height: 12px;\">Informations de contact<\/span><\/div>\n<div style=\"padding: 10px 0;\">\n<p><img decoding=\"async\" data-alt=\"Wholesale Folding 3 wheel scooter travel use handicapped electric mobility scooter for disabled person elderly\" data-src=\"\" ori-height=\"271\" ori-width=\"760\" src=\"https:\/\/anbanjia.com.cn\/wp-content\/uploads\/2022\/05\/H4a476ca2a62642c5955586ce8e509aa6M.png\"> <\/p>\n<\/div>\n<\/div>\n<div class=\"mceSectionContainer\" data-section=\"AliPostDhMb-pb70n\" data-section-title=\"Company Information\" id=\"ali-anchor-AliPostDhMb-pb70n\" style=\"padding-top: 8px;\">\n<div id=\"ali-title-AliPostDhMb-pb70n\" style=\"padding: 8px 0; border-bottom: 1px solid #ddd;\"><span style=\"background-color: #ddd; color: #333; font-weight: bold; padding: 8px 10px; line-height: 12px;\">Informations sur la soci\u00e9t\u00e9<\/span><\/div>\n<div style=\"padding: 10px 0;\">\n<p><img decoding=\"async\" data-alt=\"Wholesale Folding 3 wheel scooter travel use handicapped electric mobility scooter for disabled person elderly\" data-src=\"\" ori-height=\"1929\" ori-width=\"769\" src=\"https:\/\/anbanjia.com.cn\/wp-content\/uploads\/2022\/05\/Ha43def8a2df44eac925e2c3ab5a1b97b2.jpg\"> <\/p>\n<\/div>\n<\/div>\n<\/div>\n","protected":false},"excerpt":{"rendered":"<div style=\"width:auto\">\n<div style=\"min-width: 300px;max-width: 300px;word-wrap: break-word;float: left\">Lieu d&rsquo;origine&nbsp;: Guangdong <\/div>\n<div style=\"min-width: 300px;max-width: 300px;word-wrap: break-word;float: left\">Nom de marque:Anbanjia<\/div>\n<\/p><\/div>\n<div style=\"width:auto\">\n<div style=\"min-width: 300px;max-width: 300px;word-wrap: break-word;float: left\">Num\u00e9ro de mod\u00e8le : 1004 <\/div>\n<div style=\"min-width: 300px;max-width: 300px;word-wrap: break-word;float: left\">Puissance : 201-500w<\/div>\n<\/p><\/div>\n<div style=\"width:auto\">\n<div style=\"min-width: 300px;max-width: 300px;word-wrap: break-word;float: left\">Tension&nbsp;: 36&nbsp;V <\/div>\n<div style=\"min-width: 300px;max-width: 300px;word-wrap: break-word;float: left\">Temps de charge : 6-8h<\/div>\n<\/p><\/div>\n<div style=\"width:auto\">\n<div style=\"min-width: 300px;max-width: 300px;word-wrap: break-word;float: left\">Pliable&nbsp;:&nbsp;Oui <\/div>\n<div style=\"min-width: 300px;max-width: 300px;word-wrap: break-word;float: left\">Vitesse maximale&nbsp;:&lt;30&nbsp;km\/h<\/div>\n<\/p><\/div>\n<div style=\"width:auto\">\n<div style=\"min-width: 300px;max-width: 300px;word-wrap: break-word;float: left\">Batterie&nbsp;: 36&nbsp;V 10&nbsp;AH <\/div>\n<div style=\"min-width: 300px;max-width: 300px;word-wrap: break-word;float: left\">Port\u00e9e&nbsp;: 25-30&nbsp;km<\/div>\n<\/p><\/div>\n<div style=\"width:auto\">\n<div style=\"min-width: 300px;max-width: 300px;word-wrap: break-word;float: left\">Moteur : moteur sans balais de moyeu. <\/div>\n<div style=\"min-width: 300px;max-width: 300px;word-wrap: break-word;float: left\">Vitesse maximale&nbsp;: 15&nbsp;km\/h<\/div>\n<\/p><\/div>\n<div style=\"width:auto\">\n<div style=\"min-width: 300px;max-width: 300px;word-wrap: break-word;float: left\">Charge maximale&nbsp;: 120&nbsp;kg <\/div>\n<div style=\"min-width: 300px;max-width: 300px;word-wrap: break-word;float: left\">Poids net&nbsp;: 19,5&nbsp;kg<\/div>\n<\/p><\/div>\n<div style=\"width:auto\">\n<div style=\"min-width: 300px;max-width: 300px;word-wrap: break-word;float: left\">Puissance du moteur : moteur sans balais 350 W. <\/div>\n<div style=\"min-width: 300px;max-width: 300px;word-wrap: break-word;float: left\">Frein : disque arri\u00e8re<\/div>\n<\/p><\/div>\n<div style=\"width:auto\">\n<div style=\"min-width: 300px;max-width: 300px;word-wrap: break-word;float: left\">Ensemble combin\u00e9 offert&nbsp;: 0 <\/div>\n<div style=\"min-width: 300px;max-width: 300px;word-wrap: break-word;float: left\">Certificat&nbsp;: ce<\/div>\n<\/p><\/div>\n","protected":false},"featured_media":9952,"comment_status":"closed","ping_status":"closed","template":"","meta":[],"product_cat":[117],"product_tag":[],"class_list":["post-9916","product","type-product","status-publish","has-post-thumbnail","hentry","product_cat-trottinette-pour-personnes-agees"],"_links":{"self":[{"href":"https:\/\/anbanjia.com.cn\/fr\/wp-json\/wp\/v2\/product\/9916","targetHints":{"allow":["GET"]}}],"collection":[{"href":"https:\/\/anbanjia.com.cn\/fr\/wp-json\/wp\/v2\/product"}],"about":[{"href":"https:\/\/anbanjia.com.cn\/fr\/wp-json\/wp\/v2\/types\/product"}],"replies":[{"embeddable":true,"href":"https:\/\/anbanjia.com.cn\/fr\/wp-json\/wp\/v2\/comments?post=9916"}],"wp:featuredmedia":[{"embeddable":true,"href":"https:\/\/anbanjia.com.cn\/fr\/wp-json\/wp\/v2\/media\/9952"}],"wp:attachment":[{"href":"https:\/\/anbanjia.com.cn\/fr\/wp-json\/wp\/v2\/media?parent=9916"}],"wp:term":[{"taxonomy":"product_cat","embeddable":true,"href":"https:\/\/anbanjia.com.cn\/fr\/wp-json\/wp\/v2\/product_cat?post=9916"},{"taxonomy":"product_tag","embeddable":true,"href":"https:\/\/anbanjia.com.cn\/fr\/wp-json\/wp\/v2\/product_tag?post=9916"}],"curies":[{"name":"wp","href":"https:\/\/api.w.org\/{rel}","templated":true}]}}