{"id":9682,"date":"2022-05-02T18:07:57","date_gmt":"2022-05-02T18:07:57","guid":{"rendered":"https:\/\/www.anbanjia.com.cn\/product\/fauteuil-elevateur-a-main-ascenseur-a-main-transfert-fauteuil-roulant-mobile-handicape-fauteuil-roulant-pour-handicapes\/"},"modified":"2022-05-02T18:07:57","modified_gmt":"2022-05-02T18:07:57","slug":"fauteuil-leve-patient-levage-a-main-transfert-fauteuil-porteur-deplacement-handicape-fauteuil-roulant-pour-handicape","status":"publish","type":"product","link":"https:\/\/anbanjia.com.cn\/fr\/produit\/fauteuil-leve-patient-levage-a-main-transfert-fauteuil-porteur-deplacement-handicape-fauteuil-roulant-pour-handicape\/","title":{"rendered":"Fauteuil \u00e9l\u00e9vateur \u00e0 main ascenseur \u00e0 main transfert fauteuil roulant mobile handicap\u00e9 fauteuil roulant pour handicap\u00e9s"},"content":{"rendered":"<div style=\"max-width: 750px; margin: 0 auto;\">\n<div id=\"ali-anchor-AliPostDhMb-jaad0\" class=\"mceSectionContainer\" style=\"padding-top: 8px;\" data-section=\"AliPostDhMb-jaad0\" data-section-title=\"Product Details\">\n<div id=\"ali-title-AliPostDhMb-jaad0\" style=\"padding: 8px 0; border-bottom: 1px solid #ddd;\"><span style=\"background-color: #ddd; color: #333; font-weight: bold; padding: 8px 10px; line-height: 12px;\">d\u00e9tails du produit<\/span><\/div>\n<div style=\"padding: 10px 0;\">\n<table style=\"border-collapse: collapse; border-style: solid; background-color: #ffffff; width: 487px; height: 252px;\" border=\"1\">\n<tbody>\n<tr>\n<td style=\"width: 225px; text-align: center;\"><strong>Diam\u00e8tre ext\u00e9rieur de la base<\/strong><\/td>\n<td style=\"width: 255px; text-align: center;\"><strong>62-85CM<\/strong><\/td>\n<\/tr>\n<tr>\n<td style=\"width: 225px; text-align: center;\"><strong>Plage de levage du ch\u00e2ssis principal<\/strong><\/td>\n<td style=\"width: 255px; text-align: center;\"><strong>78-118CM<\/strong><\/td>\n<\/tr>\n<tr>\n<td style=\"width: 225px; text-align: center;\"><strong>Port\u00e9e t\u00e9lescopique avant et arri\u00e8re<\/strong><\/td>\n<td style=\"width: 255px; text-align: center;\"><strong>62-80CM<\/strong><\/td>\n<\/tr>\n<tr>\n<td style=\"width: 225px; text-align: center;\"><strong>Gamme de levage de coussin<\/strong><\/td>\n<td style=\"width: 255px; text-align: center;\"><strong>15-85CM<\/strong><\/td>\n<\/tr>\n<tr>\n<td style=\"width: 225px; text-align: center;\"><strong>Tour de taille recommand\u00e9<\/strong><\/td>\n<td style=\"width: 255px; text-align: center;\"><strong>\u226445CM<\/strong><\/td>\n<\/tr>\n<tr>\n<td style=\"width: 225px; text-align: center;\"><strong>Poids net<\/strong><\/td>\n<td style=\"width: 255px; text-align: center;\"><strong>26 kg<\/strong><\/td>\n<\/tr>\n<tr>\n<td style=\"width: 225px; text-align: center;\"><strong>Capacit\u00e9 de chargement<\/strong><\/td>\n<td style=\"width: 255px; text-align: center;\"><strong>150 kg<\/strong><\/td>\n<\/tr>\n<tr>\n<td style=\"width: 225px; text-align: center;\"><strong>Taille d&#8217;emballage<\/strong><\/td>\n<td style=\"width: 255px; text-align: center;\"><strong>70*64*15cm <\/strong><\/td>\n<\/tr>\n<\/tbody>\n<\/table>\n<\/div>\n<\/div>\n<div id=\"ali-anchor-AliPostDhMb-mt50f\" class=\"mceSectionContainer\" style=\"padding-top: 8px;\" data-section=\"AliPostDhMb-mt50f\" data-section-title=\"Product Description\">\n<div id=\"ali-title-AliPostDhMb-mt50f\" style=\"padding: 8px 0; border-bottom: 1px solid #ddd;\"><span style=\"background-color: #ddd; color: #333; font-weight: bold; padding: 8px 10px; line-height: 12px;\">Description du produit<\/span><\/div>\n<div style=\"padding: 10px 0;\">\n<p> <img decoding=\"async\" style=\"max-width: 750;\" src=\"https:\/\/anbanjia.com.cn\/wp-content\/uploads\/2022\/05\/H9ac2563846014d7fbf8b0d008dd24d96w.jpg\" data-alt=\"Patient lift chair hand lift transfer chair carrier moving disable wheelchair for handicapped\" data-src=\"\"><img decoding=\"async\" src=\"https:\/\/anbanjia.com.cn\/wp-content\/uploads\/2022\/05\/H95de98142f734df3b1966867b35f83aa3.jpg\" data-alt=\"Patient lift chair hand lift transfer chair carrier moving disable wheelchair for handicapped\" data-src=\"\"><img decoding=\"async\" src=\"https:\/\/anbanjia.com.cn\/wp-content\/uploads\/2022\/05\/H409f9b75de32457fa4356d007ba4178fL.jpg\" data-alt=\"Patient lift chair hand lift transfer chair carrier moving disable wheelchair for handicapped\" data-src=\"\"><img decoding=\"async\" src=\"https:\/\/anbanjia.com.cn\/wp-content\/uploads\/2022\/05\/Hadfd482faa914d809f5ea6709ac0dbd0i.png\" data-alt=\"Patient lift chair hand lift transfer chair carrier moving disable wheelchair for handicapped\" data-src=\"\"><img decoding=\"async\" src=\"https:\/\/anbanjia.com.cn\/wp-content\/uploads\/2022\/05\/H29d9c04dc9f248aebf83a3ffa2f7f2ecj.png\" data-alt=\"Patient lift chair hand lift transfer chair carrier moving disable wheelchair for handicapped\" data-src=\"\"><img decoding=\"async\" src=\"https:\/\/anbanjia.com.cn\/wp-content\/uploads\/2022\/05\/Hc751eb8d12b74aaa9657d99d44753c9bu.png\" data-alt=\"Patient lift chair hand lift transfer chair carrier moving disable wheelchair for handicapped\" data-src=\"\"><img decoding=\"async\" src=\"https:\/\/anbanjia.com.cn\/wp-content\/uploads\/2022\/05\/H66242e5d5da2408d839e593855080842M.png\" data-alt=\"Patient lift chair hand lift transfer chair carrier moving disable wheelchair for handicapped\" data-src=\"\"><img decoding=\"async\" src=\"https:\/\/anbanjia.com.cn\/wp-content\/uploads\/2022\/05\/H05e5ad1fc5fa4fbfb3c3b695c62d77f9a.png\" data-alt=\"Patient lift chair hand lift transfer chair carrier moving disable wheelchair for handicapped\" data-src=\"\"><img decoding=\"async\" src=\"https:\/\/anbanjia.com.cn\/wp-content\/uploads\/2022\/05\/H71f5e7b3ac0d4a12970536da79f553dae.png\" data-alt=\"Patient lift chair hand lift transfer chair carrier moving disable wheelchair for handicapped\" data-src=\"\"><img decoding=\"async\" src=\"https:\/\/anbanjia.com.cn\/wp-content\/uploads\/2022\/05\/Ha75e7d7f36b3446394aad977c7e9ff8aw.png\" data-alt=\"Patient lift chair hand lift transfer chair carrier moving disable wheelchair for handicapped\" data-src=\"\"><img decoding=\"async\" src=\"https:\/\/anbanjia.com.cn\/wp-content\/uploads\/2022\/05\/He7f7d4582a83411699235822a784621cM.png\" data-alt=\"Patient lift chair hand lift transfer chair carrier moving disable wheelchair for handicapped\" data-src=\"\"><img decoding=\"async\" src=\"https:\/\/anbanjia.com.cn\/wp-content\/uploads\/2022\/05\/H354bddbbb008452f84ca81bbb79b902ay.png\" data-alt=\"Patient lift chair hand lift transfer chair carrier moving disable wheelchair for handicapped\" data-src=\"\"><img decoding=\"async\" src=\"https:\/\/anbanjia.com.cn\/wp-content\/uploads\/2022\/05\/Hf6e871781f0c4b13aa7511ea45c43fcf0.png\" data-alt=\"Patient lift chair hand lift transfer chair carrier moving disable wheelchair for handicapped\" data-src=\"\"><img decoding=\"async\" src=\"https:\/\/anbanjia.com.cn\/wp-content\/uploads\/2022\/05\/Hd40bd5881b3047ff87662592f76f12f3G.png\" data-alt=\"Patient lift chair hand lift transfer chair carrier moving disable wheelchair for handicapped\" data-src=\"\"><img decoding=\"async\" src=\"https:\/\/anbanjia.com.cn\/wp-content\/uploads\/2022\/05\/He8a404541ac1434f885297cf6cf130742.png\" data-alt=\"Patient lift chair hand lift transfer chair carrier moving disable wheelchair for handicapped\" data-src=\"\"><img decoding=\"async\" src=\"https:\/\/anbanjia.com.cn\/wp-content\/uploads\/2022\/05\/H392075e8e266424d8e68103d380ff8a7l.png\" data-alt=\"Patient lift chair hand lift transfer chair carrier moving disable wheelchair for handicapped\" data-src=\"\"><img decoding=\"async\" src=\"https:\/\/anbanjia.com.cn\/wp-content\/uploads\/2022\/05\/Hf69a698505b245c29518f00524df7cb2S.png\" data-alt=\"Patient lift chair hand lift transfer chair carrier moving disable wheelchair for handicapped\" data-src=\"\"><\/p>\n<\/div>\n<\/div>\n<div id=\"ali-anchor-AliPostDhMb-kql3d\" class=\"mceSectionContainer\" style=\"padding-top: 8px;\" data-section=\"AliPostDhMb-kql3d\" data-section-title=\"Product Categories\">\n<div id=\"ali-title-AliPostDhMb-kql3d\" style=\"padding: 8px 0; border-bottom: 1px solid #ddd;\"><span style=\"background-color: #ddd; color: #333; font-weight: bold; padding: 8px 10px; line-height: 12px;\">cat\u00e9gories de produits<\/span><\/div>\n<div style=\"padding: 10px 0;\">\n<p><a href=\"https:\/\/abj-medical.en.alibaba.com\/productlist.html?spm=a2700.8304367.topnav.2.\" target=\"_blank\" rel=\"noopener\"><img decoding=\"async\" src=\"https:\/\/anbanjia.com.cn\/wp-content\/uploads\/2022\/05\/HTB1TH4ZSFXXXXazXFXXq6xXFXXXm.jpg\" data-alt=\"Patient lift chair hand lift transfer chair carrier moving disable wheelchair for handicapped\" data-src=\"\"><\/a><\/p>\n<\/div>\n<\/div>\n<div id=\"ali-anchor-AliPostDhMb-l9422\" class=\"mceSectionContainer\" style=\"padding-top: 8px;\" data-section=\"AliPostDhMb-l9422\" data-section-title=\"company information\">\n<div id=\"ali-title-AliPostDhMb-l9422\" style=\"padding: 8px 0; border-bottom: 1px solid #ddd;\"><span style=\"background-color: #ddd; color: #333; font-weight: bold; padding: 8px 10px; line-height: 12px;\">Informations sur la soci\u00e9t\u00e9<\/span><\/div>\n<div style=\"padding: 10px 0;\">\n<p><img decoding=\"async\" src=\"https:\/\/anbanjia.com.cn\/wp-content\/uploads\/2022\/05\/Ha43def8a2df44eac925e2c3ab5a1b97b2.jpg\" data-alt=\"Patient lift chair hand lift transfer chair carrier moving disable wheelchair for handicapped\" data-src=\"\"><\/p>\n<\/div>\n<\/div>\n<div id=\"ali-anchor-AliPostDhMb-wn279\" class=\"mceSectionContainer\" style=\"padding-top: 8px;\" data-section=\"AliPostDhMb-wn279\" data-section-title=\"certificate\">\n<div id=\"ali-title-AliPostDhMb-wn279\" style=\"padding: 8px 0; border-bottom: 1px solid #ddd;\"><span style=\"background-color: #ddd; color: #333; font-weight: bold; padding: 8px 10px; line-height: 12px;\">certificat<\/span><\/div>\n<div style=\"padding: 10px 0;\">\n<p><img decoding=\"async\" src=\"https:\/\/anbanjia.com.cn\/wp-content\/uploads\/2022\/05\/HTB1Z1olSpXXXXctXXXXq6xXFXXXu-1.jpg\" data-alt=\"Patient lift chair hand lift transfer chair carrier moving disable wheelchair for handicapped\" data-src=\"\"><\/p>\n<\/div>\n<\/div>\n<div id=\"ali-anchor-AliPostDhMb-t1zml\" class=\"mceSectionContainer\" style=\"padding-top: 8px;\" data-section=\"AliPostDhMb-t1zml\" data-section-title=\"produce &amp; payment\">\n<div id=\"ali-title-AliPostDhMb-t1zml\" style=\"padding: 8px 0; border-bottom: 1px solid #ddd;\"><span style=\"background-color: #ddd; color: #333; font-weight: bold; padding: 8px 10px; line-height: 12px;\">produire et payer<\/span><\/div>\n<div style=\"padding: 10px 0;\">\n<p><img decoding=\"async\" src=\"https:\/\/anbanjia.com.cn\/wp-content\/uploads\/2022\/05\/HTB1LlvUSpXXXXbJXVXXq6xXFXXXf-1.jpg\" data-alt=\"Patient lift chair hand lift transfer chair carrier moving disable wheelchair for handicapped\" data-src=\"\"><img decoding=\"async\" src=\"https:\/\/anbanjia.com.cn\/wp-content\/uploads\/2022\/05\/HTB1O0UfSpXXXXaRXpXXq6xXFXXXA.jpg\" data-alt=\"Patient lift chair hand lift transfer chair carrier moving disable wheelchair for handicapped\" data-src=\"\"><\/p>\n<\/div>\n<\/div>\n<div id=\"ali-anchor-AliPostDhMb-o39ov\" class=\"mceSectionContainer\" style=\"padding-top: 8px;\" data-section=\"AliPostDhMb-o39ov\" data-section-title=\"contact us\">\n<div id=\"ali-title-AliPostDhMb-o39ov\" style=\"padding: 8px 0; border-bottom: 1px solid #ddd;\"><span style=\"background-color: #ddd; color: #333; font-weight: bold; padding: 8px 10px; line-height: 12px;\">Nous contacter<\/span><\/div>\n<div style=\"padding: 10px 0;\">\n<p><img decoding=\"async\" src=\"https:\/\/anbanjia.com.cn\/wp-content\/uploads\/2022\/05\/HTB1vm0WR3HqK1RjSZFEq6AGMXXa6.jpg\" data-alt=\"Patient lift chair hand lift transfer chair carrier moving disable wheelchair for handicapped\" data-src=\"\"><\/p>\n<\/div>\n<\/div>\n<\/div>\n","protected":false},"excerpt":{"rendered":"<p>&nbsp;<\/p>\n<div style=\"width: auto;\">\n<div style=\"min-width: 300px; max-width: 300px; word-wrap: break-word; float: left;\">Propri\u00e9t\u00e9s : fournitures de th\u00e9rapie de r\u00e9adaptation.<\/div>\n<div style=\"min-width: 300px; max-width: 300px; word-wrap: break-word; float: left;\">Lieu d&rsquo;origine&nbsp;: Guangdong, Chine<\/div>\n<\/div>\n<div style=\"width: auto;\">\n<div style=\"min-width: 300px; max-width: 300px; word-wrap: break-word; float: left;\">Nom de marque: anbanjia\/OEM<\/div>\n<div style=\"min-width: 300px; max-width: 300px; word-wrap: break-word; float: left;\">Num\u00e9ro de mod\u00e8le : ABJ-723<\/div>\n<\/div>\n<div style=\"width: auto;\">\n<div style=\"min-width: 300px; max-width: 300px; word-wrap: break-word; float: left;\">Type:Fauteuil roulant<\/div>\n<div style=\"min-width: 300px; max-width: 300px; word-wrap: break-word; float: left;\">Diam\u00e8tre ext\u00e9rieur de la base : 62-85 cm<\/div>\n<\/div>\n<div style=\"width: auto;\">\n<div style=\"min-width: 300px; max-width: 300px; word-wrap: break-word; float: left;\">Plage de levage du ch\u00e2ssis principal&nbsp;: 78-118&nbsp;cm<\/div>\n<div style=\"min-width: 300px; max-width: 300px; word-wrap: break-word; float: left;\">Port\u00e9e t\u00e9lescopique avant et arri\u00e8re: 62-80CM<\/div>\n<\/div>\n<div style=\"width: auto;\">\n<div style=\"min-width: 300px; max-width: 300px; word-wrap: break-word; float: left;\">Plage de levage du coussin : 15-85 cm.<\/div>\n<div style=\"min-width: 300px; max-width: 300px; word-wrap: break-word; float: left;\">Largeur de taille recommand\u00e9e&nbsp;: \u2264&nbsp;45&nbsp;cm<\/div>\n<\/div>\n<div style=\"width: auto;\">\n<div style=\"min-width: 300px; max-width: 300px; word-wrap: break-word; float: left;\">Poids net&nbsp;: 26&nbsp;kg<\/div>\n<div style=\"min-width: 300px; max-width: 300px; word-wrap: break-word; float: left;\">Capacit\u00e9 de chargement&nbsp;: 150&nbsp;kg<\/div>\n<\/div>\n","protected":false},"featured_media":9963,"comment_status":"closed","ping_status":"closed","template":"","meta":[],"product_cat":[115],"product_tag":[],"class_list":["post-9682","product","type-product","status-publish","has-post-thumbnail","hentry","product_cat-engin-de-demenagement-multifonctionnel"],"_links":{"self":[{"href":"https:\/\/anbanjia.com.cn\/fr\/wp-json\/wp\/v2\/product\/9682","targetHints":{"allow":["GET"]}}],"collection":[{"href":"https:\/\/anbanjia.com.cn\/fr\/wp-json\/wp\/v2\/product"}],"about":[{"href":"https:\/\/anbanjia.com.cn\/fr\/wp-json\/wp\/v2\/types\/product"}],"replies":[{"embeddable":true,"href":"https:\/\/anbanjia.com.cn\/fr\/wp-json\/wp\/v2\/comments?post=9682"}],"wp:featuredmedia":[{"embeddable":true,"href":"https:\/\/anbanjia.com.cn\/fr\/wp-json\/wp\/v2\/media\/9963"}],"wp:attachment":[{"href":"https:\/\/anbanjia.com.cn\/fr\/wp-json\/wp\/v2\/media?parent=9682"}],"wp:term":[{"taxonomy":"product_cat","embeddable":true,"href":"https:\/\/anbanjia.com.cn\/fr\/wp-json\/wp\/v2\/product_cat?post=9682"},{"taxonomy":"product_tag","embeddable":true,"href":"https:\/\/anbanjia.com.cn\/fr\/wp-json\/wp\/v2\/product_tag?post=9682"}],"curies":[{"name":"wp","href":"https:\/\/api.w.org\/{rel}","templated":true}]}}