{"id":9678,"date":"2022-05-02T18:08:03","date_gmt":"2022-05-02T18:08:03","guid":{"rendered":"https:\/\/www.anbanjia.com.cn\/product\/scooter-electrique-adulte-3-4-roue-utilise-adulte-scooter-electrique-pliable-raycool-pour-personnes-agees-et-handicapees\/"},"modified":"2022-05-02T18:08:03","modified_gmt":"2022-05-02T18:08:03","slug":"scooter-electrique-adulte-3-4-roues-occasion-adulte-pliable-raycool-scooter-electrique-pour-personnes-agees-et-handicapees","status":"publish","type":"product","link":"https:\/\/anbanjia.com.cn\/fr\/produit\/scooter-electrique-adulte-3-4-roues-occasion-adulte-pliable-raycool-scooter-electrique-pour-personnes-agees-et-handicapees\/","title":{"rendered":"Scooter \u00e9lectrique adulte 3\/4 roue utilis\u00e9 adulte scooter \u00e9lectrique pliable raycool pour personnes \u00e2g\u00e9es et handicap\u00e9es"},"content":{"rendered":"<div style=\"max-width: 750px;margin: 0 auto;\">\n<p style=\"text-align: center;\"><span style=\"font-size: 32px; font-family: 'comic sans ms', sans-serif;\">scooter \u00e9lectrique de v\u00e9hicule \u00e9lectrique portatif pliant l\u00e9ger pour les personnes \u00e2g\u00e9es \u00e0 vendre<\/span><\/p>\n<div class=\"mceSectionContainer\" data-section=\"AliPostDhMb-mowdu\" data-section-title=\"Product Description\" id=\"ali-anchor-AliPostDhMb-mowdu\" style=\"padding-top: 8px;\">\n<div id=\"ali-title-AliPostDhMb-mowdu\" style=\"padding: 8px 0; border-bottom: 1px solid #ddd;\"><span style=\"background-color: #ddd; color: #333; font-weight: bold; padding: 8px 10px; line-height: 12px;\">Description du produit<\/span><\/div>\n<div style=\"padding: 10px 0;\">\n<p> <img decoding=\"async\" data-alt=\"Electric scooter adult 3\/4 wheel used adult foldable raycool electric scooter for elderly people and disabled\" data-src=\"\" ori-height=\"750\" ori-width=\"750\" src=\"https:\/\/anbanjia.com.cn\/wp-content\/uploads\/2022\/05\/HTB1zH1lRCzqK1RjSZFpq6ykSXXaR.jpg\" style=\"max-width: 750;\"><img decoding=\"async\" data-alt=\"Electric scooter adult 3\/4 wheel used adult foldable raycool electric scooter for elderly people and disabled\" data-src=\"\" ori-height=\"1142\" ori-width=\"790\" src=\"https:\/\/anbanjia.com.cn\/wp-content\/uploads\/2022\/05\/H73b799dc338646b2b76966fcf979886fW.jpg\"><img decoding=\"async\" data-alt=\"Electric scooter adult 3\/4 wheel used adult foldable raycool electric scooter for elderly people and disabled\" data-src=\"\" ori-height=\"1109\" ori-width=\"790\" src=\"https:\/\/anbanjia.com.cn\/wp-content\/uploads\/2022\/05\/Hca0e14422f2845c486b2d32b8c20565ca.jpg\"><img decoding=\"async\" data-alt=\"Electric scooter adult 3\/4 wheel used adult foldable raycool electric scooter for elderly people and disabled\" data-src=\"\" ori-height=\"1053\" ori-width=\"790\" src=\"https:\/\/anbanjia.com.cn\/wp-content\/uploads\/2022\/05\/H4221b399d8b24300894ddb65dc9bd1baD.jpg\"><img decoding=\"async\" data-alt=\"Electric scooter adult 3\/4 wheel used adult foldable raycool electric scooter for elderly people and disabled\" data-src=\"\" ori-height=\"1186\" ori-width=\"790\" src=\"https:\/\/anbanjia.com.cn\/wp-content\/uploads\/2022\/05\/H9ec374ebf9a245faae393089b8e6838bc.jpg\"><img decoding=\"async\" data-alt=\"Electric scooter adult 3\/4 wheel used adult foldable raycool electric scooter for elderly people and disabled\" data-src=\"\" ori-height=\"1388\" ori-width=\"790\" src=\"https:\/\/anbanjia.com.cn\/wp-content\/uploads\/2022\/05\/H4ebe78c9c494479f927627954d23e64av.jpg\"><img decoding=\"async\" data-alt=\"Electric scooter adult 3\/4 wheel used adult foldable raycool electric scooter for elderly people and disabled\" data-src=\"\" ori-height=\"1041\" ori-width=\"790\" src=\"https:\/\/anbanjia.com.cn\/wp-content\/uploads\/2022\/05\/H9545f6e35ba04d2eb1b353ff42194e47u.jpg\"><img decoding=\"async\" data-alt=\"Electric scooter adult 3\/4 wheel used adult foldable raycool electric scooter for elderly people and disabled\" data-src=\"\" ori-height=\"1053\" ori-width=\"790\" src=\"https:\/\/anbanjia.com.cn\/wp-content\/uploads\/2022\/05\/Ha80380ea67624fd2acf401dd3bf1e9de8.jpg\"><img decoding=\"async\" data-alt=\"Electric scooter adult 3\/4 wheel used adult foldable raycool electric scooter for elderly people and disabled\" data-src=\"\" ori-height=\"769\" ori-width=\"790\" src=\"https:\/\/anbanjia.com.cn\/wp-content\/uploads\/2022\/05\/H0b7347e1fb3e491a850a21b8c13cb577j.jpg\"><img decoding=\"async\" data-alt=\"Electric scooter adult 3\/4 wheel used adult foldable raycool electric scooter for elderly people and disabled\" data-src=\"\" ori-height=\"991\" ori-width=\"790\" src=\"https:\/\/anbanjia.com.cn\/wp-content\/uploads\/2022\/05\/H7d517e152bd74b2b839bb60e6bc51e2f1.jpg\"><img decoding=\"async\" data-alt=\"Electric scooter adult 3\/4 wheel used adult foldable raycool electric scooter for elderly people and disabled\" data-src=\"\" ori-height=\"1073\" ori-width=\"790\" src=\"https:\/\/anbanjia.com.cn\/wp-content\/uploads\/2022\/05\/H4402f487a64e4c5a8ccfead4d91c1eafH.jpg\"><img decoding=\"async\" data-alt=\"Electric scooter adult 3\/4 wheel used adult foldable raycool electric scooter for elderly people and disabled\" data-src=\"\" ori-height=\"1058\" ori-width=\"790\" src=\"https:\/\/anbanjia.com.cn\/wp-content\/uploads\/2022\/05\/H987d1ef076804ed28f71cae677016a11L.jpg\"><img decoding=\"async\" data-alt=\"Electric scooter adult 3\/4 wheel used adult foldable raycool electric scooter for elderly people and disabled\" data-src=\"\" ori-height=\"834\" ori-width=\"790\" src=\"https:\/\/anbanjia.com.cn\/wp-content\/uploads\/2022\/05\/H13448ea58df64c7eaa80b26c659c0b98d.jpg\"><img decoding=\"async\" data-alt=\"Electric scooter adult 3\/4 wheel used adult foldable raycool electric scooter for elderly people and disabled\" data-src=\"\" ori-height=\"1097\" ori-width=\"790\" src=\"https:\/\/anbanjia.com.cn\/wp-content\/uploads\/2022\/05\/Hcbea86e009ae432480a5e3c3f39b3bcdc.jpg\"><img decoding=\"async\" data-alt=\"Electric scooter adult 3\/4 wheel used adult foldable raycool electric scooter for elderly people and disabled\" data-src=\"\" ori-height=\"698\" ori-width=\"750\" src=\"https:\/\/anbanjia.com.cn\/wp-content\/uploads\/2022\/05\/HTB1in1iRpYqK1RjSZLeq6zXppXaP.jpg\"><\/p>\n<\/p>\n<p><img decoding=\"async\" data-alt=\"Electric scooter adult 3\/4 wheel used adult foldable raycool electric scooter for elderly people and disabled\" data-height=\"750\" data-src=\"\" data-width=\"750\" ori-height=\"800\" ori-width=\"800\" src=\"https:\/\/anbanjia.com.cn\/wp-content\/uploads\/2022\/05\/HTB107oMXxv1gK0jSZFFq6z0sXXaD.jpg\"><\/p>\n<p> <img decoding=\"async\" data-alt=\"Electric scooter adult 3\/4 wheel used adult foldable raycool electric scooter for elderly people and disabled\" data-height=\"750\" data-src=\"\" data-width=\"750\" ori-height=\"800\" ori-width=\"800\" src=\"https:\/\/anbanjia.com.cn\/wp-content\/uploads\/2022\/05\/HTB145sJXpP7gK0jSZFjq6A5aXXaP.jpg\"><\/p>\n<\/div>\n<\/div>\n<div class=\"mceSectionContainer\" data-section=\"AliPostDhMb-ron81\" data-section-title=\"Our Services\" id=\"ali-anchor-AliPostDhMb-ron81\" style=\"padding-top: 8px;\">\n<div id=\"ali-title-AliPostDhMb-ron81\" style=\"padding: 8px 0; border-bottom: 1px solid #ddd;\"><span style=\"background-color: #ddd; color: #333; font-weight: bold; padding: 8px 10px; line-height: 12px;\">Nos services<\/span><\/div>\n<div id=\"ali-desLoader-AliPostDhMb-ron81\" style=\"padding: 10px 0;\">\n<p> <img decoding=\"async\" data-alt=\"Electric scooter adult 3\/4 wheel used adult foldable raycool electric scooter for elderly people and disabled\" data-height=\"414\" data-src=\"\" data-width=\"748\" ori-height=\"415\" ori-width=\"750\" src=\"https:\/\/anbanjia.com.cn\/wp-content\/uploads\/2022\/05\/HTB1axiRzFOWBuNjy0Fiq6xFxVXa5.jpg\"><\/p>\n<\/p>\n<\/div>\n<\/div>\n<div class=\"mceSectionContainer\" data-section=\"AliPostDhMb-jw4x4\" data-section-title=\"Company Information\" id=\"ali-anchor-AliPostDhMb-jw4x4\" style=\"padding-top: 8px;\">\n<div id=\"ali-title-AliPostDhMb-jw4x4\" style=\"padding: 8px 0; border-bottom: 1px solid #ddd;\"><span style=\"background-color: #ddd; color: #333; font-weight: bold; padding: 8px 10px; line-height: 12px;\">Informations sur la soci\u00e9t\u00e9<\/span><\/div>\n<div style=\"padding: 10px 0;\">\n<p> <img decoding=\"async\" data-alt=\"Electric scooter adult 3\/4 wheel used adult foldable raycool electric scooter for elderly people and disabled\" data-height=\"1856\" data-src=\"\" data-width=\"750\" ori-height=\"1980\" ori-width=\"800\" src=\"https:\/\/anbanjia.com.cn\/wp-content\/uploads\/2022\/05\/HTB1W_MCXpT7gK0jSZFpq6yTkpXan.jpg\"><\/p>\n<\/p>\n<\/div>\n<\/div>\n<div class=\"mceSectionContainer\" data-section=\"AliPostDhMb-suy90\" data-section-title=\"FAQ\" id=\"ali-anchor-AliPostDhMb-suy90\" style=\"padding-top: 8px;\">\n<div id=\"ali-title-AliPostDhMb-suy90\" style=\"padding: 8px 0; border-bottom: 1px solid #ddd;\"><span style=\"background-color: #ddd; color: #333; font-weight: bold; padding: 8px 10px; line-height: 12px;\">FAQ<\/span><\/div>\n<div style=\"padding: 10px 0;\">\n<p><strong><span style=\"font-size: 24px;\"> Q1&nbsp;:\u00c9l\u00e9ments de paiement<\/span><\/strong><br \/><span style=\"font-size: 24px;\">A&nbsp;:&nbsp;T\/T 30&nbsp;% comme d\u00e9p\u00f4t, et 70&nbsp;% avant la livraison si le compte d\u00e9passe 10&nbsp;000,00&nbsp;USD<\/span><br \/><span style=\"font-size: 24px;\"><strong>Q2 : d\u00e9lai de livraison :<\/strong> <\/span><br \/><span style=\"font-size: 24px;\">G\u00e9n\u00e9ralement, cela prendra 3 \u00e0 5 jours ouvrables apr\u00e8s r\u00e9ception de votre paiement anticip\u00e9. Le d\u00e9lai de livraison sp\u00e9cifique d\u00e9pend de la quantit\u00e9 de votre commande.<\/span><br \/><strong><span style=\"font-size: 24px;\">Q3 : Tester les marchandises avant la livraison ?<\/span><\/strong><br \/><span style=\"font-size: 24px;\">A: oui, nous avons un test \u00e0 100% avant la livraison.<\/span><br \/><strong><span style=\"font-size: 24px;\">Q4 : Comment faites-vous notre entreprise \u00e0 long terme ?<\/span><\/strong><br \/><span style=\"font-size: 24px;\">A1: nous gardons une bonne qualit\u00e9 et le prix le plus comp\u00e9titif.<\/span><br \/><span style=\"font-size: 24px;\">A2 : nous respectons chaque client comme notre ami.<\/span><\/p>\n<\/div>\n<\/div>\n<\/div>\n","protected":false},"excerpt":{"rendered":"<div style=\"width:auto\">\n<div style=\"min-width: 300px;max-width: 300px;word-wrap: break-word;float: left\">Lieu d&rsquo;origine&nbsp;: Guangdong, Chine <\/div>\n<div style=\"min-width: 300px;max-width: 300px;word-wrap: break-word;float: left\">Nom de marque:OEM<\/div>\n<\/p><\/div>\n<div style=\"width:auto\">\n<div style=\"min-width: 300px;max-width: 300px;word-wrap: break-word;float: left\">Num\u00e9ro de mod\u00e8le&nbsp;: ABJ-02 <\/div>\n<div style=\"min-width: 300px;max-width: 300px;word-wrap: break-word;float: left\">Puissance&nbsp;: 350&nbsp;W<\/div>\n<\/p><\/div>\n<div style=\"width:auto\">\n<div style=\"min-width: 300px;max-width: 300px;word-wrap: break-word;float: left\">Tension&nbsp;: 36&nbsp;V <\/div>\n<div style=\"min-width: 300px;max-width: 300px;word-wrap: break-word;float: left\">Temps de charge : 3-5h<\/div>\n<\/p><\/div>\n<div style=\"width:auto\">\n<div style=\"min-width: 300px;max-width: 300px;word-wrap: break-word;float: left\">Pliable&nbsp;:&nbsp;Oui <\/div>\n<div style=\"min-width: 300px;max-width: 300px;word-wrap: break-word;float: left\">Port\u00e9e par charge&nbsp;: 30&nbsp;km<\/div>\n<\/p><\/div>\n<div style=\"width:auto\">\n<div style=\"min-width: 300px;max-width: 300px;word-wrap: break-word;float: left\">Vitesse maximale&nbsp;:&lt;30&nbsp;km\/h <\/div>\n<div style=\"min-width: 300px;max-width: 300px;word-wrap: break-word;float: left\">La couleur noire<\/div>\n<\/p><\/div>\n<div style=\"width:auto\">\n<div style=\"min-width: 300px;max-width: 300px;word-wrap: break-word;float: left\">Batterie&nbsp;: 36&nbsp;V 10&nbsp;AH <\/div>\n<div style=\"min-width: 300px;max-width: 300px;word-wrap: break-word;float: left\">Puissance du moteur&nbsp;: 350&nbsp;W<\/div>\n<\/p><\/div>\n<div style=\"width:auto\">\n<div style=\"min-width: 300px;max-width: 300px;word-wrap: break-word;float: left\">Vitesse maximale&nbsp;: 15&nbsp;km\/h <\/div>\n<div style=\"min-width: 300px;max-width: 300px;word-wrap: break-word;float: left\">Charge maximale&nbsp;: 120&nbsp;kg<\/div>\n<\/p><\/div>\n<div style=\"width:auto\">\n<div style=\"min-width: 300px;max-width: 300px;word-wrap: break-word;float: left\">Poids net&nbsp;: 20,3&nbsp;kg <\/div>\n<div style=\"min-width: 300px;max-width: 300px;word-wrap: break-word;float: left\">Taille des pneus : 10 pouces<\/div>\n<\/p><\/div>\n<div style=\"width:auto\">\n<div style=\"min-width: 300px;max-width: 300px;word-wrap: break-word;float: left\">Ensemble combin\u00e9 offert&nbsp;: 0 <\/div>\n<div style=\"min-width: 300px;max-width: 300px;word-wrap: break-word;float: left\">Certificat&nbsp;: ce<\/div>\n<\/p><\/div>\n","protected":false},"featured_media":9779,"comment_status":"closed","ping_status":"closed","template":"","meta":[],"product_cat":[117],"product_tag":[],"class_list":["post-9678","product","type-product","status-publish","has-post-thumbnail","hentry","product_cat-trottinette-pour-personnes-agees"],"_links":{"self":[{"href":"https:\/\/anbanjia.com.cn\/fr\/wp-json\/wp\/v2\/product\/9678","targetHints":{"allow":["GET"]}}],"collection":[{"href":"https:\/\/anbanjia.com.cn\/fr\/wp-json\/wp\/v2\/product"}],"about":[{"href":"https:\/\/anbanjia.com.cn\/fr\/wp-json\/wp\/v2\/types\/product"}],"replies":[{"embeddable":true,"href":"https:\/\/anbanjia.com.cn\/fr\/wp-json\/wp\/v2\/comments?post=9678"}],"wp:featuredmedia":[{"embeddable":true,"href":"https:\/\/anbanjia.com.cn\/fr\/wp-json\/wp\/v2\/media\/9779"}],"wp:attachment":[{"href":"https:\/\/anbanjia.com.cn\/fr\/wp-json\/wp\/v2\/media?parent=9678"}],"wp:term":[{"taxonomy":"product_cat","embeddable":true,"href":"https:\/\/anbanjia.com.cn\/fr\/wp-json\/wp\/v2\/product_cat?post=9678"},{"taxonomy":"product_tag","embeddable":true,"href":"https:\/\/anbanjia.com.cn\/fr\/wp-json\/wp\/v2\/product_tag?post=9678"}],"curies":[{"name":"wp","href":"https:\/\/api.w.org\/{rel}","templated":true}]}}