{"id":9673,"date":"2022-05-02T18:08:04","date_gmt":"2022-05-02T18:08:04","guid":{"rendered":"https:\/\/www.anbanjia.com.cn\/product\/pliage-automatique-telecommande-portable-3-roues-mobilite-handicape-adulte-scooter-electrique-pour-les-personnes-agees\/"},"modified":"2022-05-02T18:08:04","modified_gmt":"2022-05-02T18:08:04","slug":"pliable-automatique-telecommande-portable-mobilite-3-roues-handicape-adulte-bagagerie-scooter-electrique-pour-personnes-agees","status":"publish","type":"product","link":"https:\/\/anbanjia.com.cn\/fr\/produit\/pliable-automatique-telecommande-portable-mobilite-3-roues-handicape-adulte-bagagerie-scooter-electrique-pour-personnes-agees\/","title":{"rendered":"Pliage automatique t\u00e9l\u00e9command\u00e9 portable 3 roues mobilit\u00e9 handicap\u00e9 adulte scooter \u00e9lectrique pour les personnes \u00e2g\u00e9es"},"content":{"rendered":"<div style=\"max-width: 750px; margin: 0 auto;\">\n<div id=\"ali-anchor-AliPostDhMb-ljvh5\" style=\"padding-top: 8px;\" data-section=\"AliPostDhMb-ljvh5\" data-section-title=\"Product Details\">\n<div id=\"ali-title-AliPostDhMb-ljvh5\" style=\"padding: 8px 0; border-bottom: 1px solid #ddd;\"><span style=\"background-color: #ddd; color: #333; font-weight: bold; padding: 8px 10px; line-height: 12px;\">d\u00e9tails du produit<\/span><\/div>\n<div style=\"padding: 10px 0;\">\n<p style=\"text-align: center;\"><span style=\"font-size: 24px;\">Trottinette <strong>\u00e9lectrique l\u00e9g\u00e8re \u00e0<\/strong> <span style=\"font-size: 24px;\"><strong>bagages<\/strong><\/span><\/span><\/p>\n<table style=\"border-collapse: collapse; width: 782pt;\" border=\"0\" width=\"1041\" cellspacing=\"0\" cellpadding=\"0\">\n<tbody>\n<tr style=\"height: 74px;\">\n<td style=\"height: 74px; width: 145pt;\" width=\"193\">Taille globale<\/td>\n<td style=\"border-left: none; width: 196pt; height: 74px;\" width=\"261\">110*53*98<\/td>\n<td style=\"border-left: none; width: 229pt; height: 74px;\" width=\"305\">125*58*95<\/td>\n<td style=\"border-left: none; width: 212pt; height: 74px;\" width=\"282\">123*57*95<\/td>\n<\/tr>\n<tr style=\"height: 65px;\">\n<td style=\"height: 65px; border-top: none;\">Largeur pli\u00e9e<\/td>\n<td style=\"border-top: none; border-left: none; height: 65px;\">47*38*76<\/td>\n<td style=\"border-top: none; border-left: none; height: 65px;\">40*43*70<\/td>\n<td style=\"border-top: none; border-left: none; width: 212pt; height: 65px;\" width=\"282\">44*36*74<\/td>\n<\/tr>\n<tr style=\"height: 32px;\">\n<td style=\"height: 32px; border-top: none;\">Roue arri\u00e8re<\/td>\n<td style=\"border-top: none; border-left: none; height: 32px;\">10&Prime;unit\u00e9 centrale<\/td>\n<td style=\"border-top: none; border-left: none; height: 32px;\"> PU 9&Prime;<\/td>\n<td style=\"border-top: none; border-left: none; height: 32px;\">PU 9&Prime;<\/td>\n<\/tr>\n<tr style=\"height: 32px;\">\n<td style=\"height: 32px; border-top: none;\">NO<\/td>\n<td style=\"border-top: none; border-left: none; height: 32px;\">26kg<\/td>\n<td style=\"border-top: none; border-left: none; height: 32px;\">26 kg<\/td>\n<td style=\"border-top: none; border-left: none; width: 212pt; height: 32px;\" width=\"282\">29 kg<\/td>\n<\/tr>\n<tr style=\"height: 68px;\">\n<td style=\"height: 68px; border-top: none;\">La vitesse<\/td>\n<td style=\"border-top: none; border-left: none; height: 68px;\">20km\/h<\/td>\n<td style=\"border-left: none; height: 68px;\" colspan=\"2\">r\u00e9glable 0~8 km\/h<\/td>\n<\/tr>\n<tr style=\"height: 65px;\">\n<td style=\"height: 65px; border-top: none; width: 145pt;\" width=\"193\">Batterie au lithium<\/td>\n<td style=\"border-top: none; border-left: none; width: 196pt; height: 65px;\" width=\"261\">48V 7.8Ah<br \/>\nEXW$120\/pi\u00e8ces<\/td>\n<td style=\"border-top: none; border-left: none; width: 229pt; height: 65px;\" width=\"305\">48V<br \/>\nEXW$120\/pi\u00e8ces<\/td>\n<td style=\"border-top: none; border-left: none; width: 212pt; height: 65px;\" width=\"282\">36V<br \/>\nEXW$150\/pi\u00e8ces<\/td>\n<\/tr>\n<tr style=\"height: 44px;\">\n<td style=\"height: 44px; border-top: none;\">Autonomie<\/td>\n<td style=\"border-top: none; border-left: none; height: 44px;\">30km<\/td>\n<td style=\"border-top: none; border-left: none; width: 229pt; height: 44px;\" width=\"305\"> 25 kilom\u00e8tres<\/td>\n<td style=\"border-top: none; border-left: none; width: 212pt; height: 44px;\" width=\"282\">20 km<\/td>\n<\/tr>\n<tr style=\"height: 32px;\">\n<td style=\"height: 32px; border-top: none;\">Moteur sans balais<\/td>\n<td style=\"border-top: none; border-left: none; height: 32px;\">350W<\/td>\n<td style=\"border-top: none; border-left: none; height: 32px;\">350W<\/td>\n<td style=\"border-top: none; border-left: none; height: 32px;\">300W<\/td>\n<\/tr>\n<tr style=\"height: 32px;\">\n<td style=\"height: 32px; border-top: none;\">Capacit\u00e9 de poids<\/td>\n<td style=\"border-top: none; border-left: none; height: 32px;\">100kg<\/td>\n<td style=\"border-top: none; border-left: none; height: 32px;\">100kg<\/td>\n<td style=\"border-top: none; border-left: none; height: 32px;\">130 kg<\/td>\n<\/tr>\n<tr style=\"height: 32px;\">\n<td style=\"height: 32px; border-top: none;\">Pente\/inclinaison maximale<\/td>\n<td style=\"border-top: none; border-left: none; height: 32px;\">12\u00b0<\/td>\n<td style=\"border-top: none; border-left: none; height: 32px;\">12 degr\u00e9s<\/td>\n<td style=\"border-top: none; border-left: none; height: 32px;\">12 degr\u00e9s<\/td>\n<\/tr>\n<tr style=\"height: 48px;\">\n<td style=\"height: 48px; border-top: none;\">Freins \u00e9lectromagn\u00e9tiques<\/td>\n<td style=\"border-right: 0.5pt solid black; border-left: none; width: 637pt; height: 48px;\" colspan=\"3\" width=\"848\">Oui, lorsque vous quittez votre main, le scooter s&rsquo;arr\u00eate<\/td>\n<\/tr>\n<\/tbody>\n<\/table>\n<p>&nbsp;<\/p>\n<p><span style=\"font-size: 24px;\"><br \/>\nIl existe 3 mod\u00e8les. Vous pouvez contacter le vendeur pour obtenir plus de d\u00e9tails.<\/span><\/p>\n<p><img decoding=\"async\" style=\"max-width: 750;\" src=\"https:\/\/anbanjia.com.cn\/wp-content\/uploads\/2022\/05\/Ha75d156a61634f72ad161d86287b9f474.jpg\" data-alt=\"Automatic folding Remote controlled portable 3 wheel mobility disabled adult luggage electric scooter for elderly\" data-src=\"\"><img decoding=\"async\" src=\"https:\/\/anbanjia.com.cn\/wp-content\/uploads\/2022\/05\/Hcee4bb3f38184f4b9c41a454669b61bcT.jpg\" data-alt=\"Automatic folding Remote controlled portable 3 wheel mobility disabled adult luggage electric scooter for elderly\" data-src=\"\"><img decoding=\"async\" src=\"https:\/\/anbanjia.com.cn\/wp-content\/uploads\/2022\/05\/Hf432040824b54944bc49728c0818f8987.jpg\" data-alt=\"Automatic folding Remote controlled portable 3 wheel mobility disabled adult luggage electric scooter for elderly\" data-src=\"\"><img decoding=\"async\" src=\"https:\/\/anbanjia.com.cn\/wp-content\/uploads\/2022\/05\/He58d3983a8e440ddb412dcfac3b423b4p.jpg\" data-alt=\"Automatic folding Remote controlled portable 3 wheel mobility disabled adult luggage electric scooter for elderly\" data-src=\"\"><img decoding=\"async\" src=\"https:\/\/anbanjia.com.cn\/wp-content\/uploads\/2022\/05\/Hbf97f46ced474b63a57a7e8cbbea6f0dk.jpg\" data-alt=\"Automatic folding Remote controlled portable 3 wheel mobility disabled adult luggage electric scooter for elderly\" data-src=\"\"><\/p>\n<p><img decoding=\"async\" src=\"https:\/\/anbanjia.com.cn\/wp-content\/uploads\/2022\/05\/Hd3b801f8375b4554a0e5e4a15615c34ez.jpg\" data-alt=\"Automatic folding Remote controlled portable 3 wheel mobility disabled adult luggage electric scooter for elderly\" data-src=\"\"><img decoding=\"async\" src=\"https:\/\/anbanjia.com.cn\/wp-content\/uploads\/2022\/05\/H1d5cacd51ddf4c0aa776c7a01c890d95l.jpg\" data-alt=\"Automatic folding Remote controlled portable 3 wheel mobility disabled adult luggage electric scooter for elderly\" data-src=\"\"><img decoding=\"async\" src=\"https:\/\/anbanjia.com.cn\/wp-content\/uploads\/2022\/05\/Ha2e873df88314b79873560a4126c75ddE.jpg\" data-alt=\"Automatic folding Remote controlled portable 3 wheel mobility disabled adult luggage electric scooter for elderly\" data-src=\"\"><\/p>\n<\/div>\n<\/div>\n<div id=\"ali-anchor-AliPostDhMb-g8zpw\" style=\"padding-top: 8px;\" data-section=\"AliPostDhMb-g8zpw\" data-section-title=\"contact us\">\n<div id=\"ali-title-AliPostDhMb-g8zpw\" style=\"padding: 8px 0; border-bottom: 1px solid #ddd;\"><span style=\"background-color: #ddd; color: #333; font-weight: bold; padding: 8px 10px; line-height: 12px;\">Nous contacter<\/span><\/div>\n<div style=\"padding: 10px 0;\">\n<p><a href=\"https:\/\/abj-medical.en.alibaba.com\/contactinfo.html?spm=a2700.8304367.topnav.8.5d239224wxD2sy\" target=\"_blank\" rel=\"noopener\"> <img decoding=\"async\" src=\"https:\/\/anbanjia.com.cn\/wp-content\/uploads\/2022\/05\/HTB1E_8LXOLxK1Rjy0Ffq6zYdVXay.jpg\" data-alt=\"Automatic folding Remote controlled portable 3 wheel mobility disabled adult luggage electric scooter for elderly\" data-src=\"\"><\/a><\/p>\n<\/div>\n<\/div>\n<div id=\"ali-anchor-AliPostDhMb-vv6n9\" style=\"padding-top: 8px;\" data-section=\"AliPostDhMb-vv6n9\" data-section-title=\"Product Categories\">\n<div id=\"ali-title-AliPostDhMb-vv6n9\" style=\"padding: 8px 0; border-bottom: 1px solid #ddd;\"><span style=\"background-color: #ddd; color: #333; font-weight: bold; padding: 8px 10px; line-height: 12px;\">cat\u00e9gories de produits<\/span><\/div>\n<div style=\"padding: 10px 0;\">\n<p> <a href=\"https:\/\/abj-medical.en.alibaba.com\/productgrouplist-804871560\/Electric_wheelchair_and_apparatus.html?spm=a2700.icbuShop.88.30.704a44ebaAhP4D\" target=\"_blank\" rel=\"noopener\"><img decoding=\"async\" src=\"https:\/\/anbanjia.com.cn\/wp-content\/uploads\/2022\/05\/HTB1ERWiSFXXXXasXXXXq6xXFXXXw.jpg\" data-alt=\"Automatic folding Remote controlled portable 3 wheel mobility disabled adult luggage electric scooter for elderly\" data-src=\"\"><\/a><\/p>\n<\/div>\n<\/div>\n<div id=\"ali-anchor-AliPostDhMb-ub5hb\" style=\"padding-top: 8px;\" data-section=\"AliPostDhMb-ub5hb\" data-section-title=\"certificate\">\n<div id=\"ali-title-AliPostDhMb-ub5hb\" style=\"padding: 8px 0; border-bottom: 1px solid #ddd;\"><span style=\"background-color: #ddd; color: #333; font-weight: bold; padding: 8px 10px; line-height: 12px;\">certificat<\/span><\/div>\n<div style=\"padding: 10px 0;\">\n<p><img decoding=\"async\" src=\"https:\/\/anbanjia.com.cn\/wp-content\/uploads\/2022\/05\/HTB1Z1olSpXXXXctXXXXq6xXFXXXu-1.jpg\" data-alt=\"Automatic folding Remote controlled portable 3 wheel mobility disabled adult luggage electric scooter for elderly\" data-src=\"\"><\/p>\n<\/div>\n<\/div>\n<div id=\"ali-anchor-AliPostDhMb-yhho8\" style=\"padding-top: 8px;\" data-section=\"AliPostDhMb-yhho8\" data-section-title=\"company information\">\n<div id=\"ali-title-AliPostDhMb-yhho8\" style=\"padding: 8px 0; border-bottom: 1px solid #ddd;\"><span style=\"background-color: #ddd; color: #333; font-weight: bold; padding: 8px 10px; line-height: 12px;\">Informations sur la soci\u00e9t\u00e9<\/span><\/div>\n<div style=\"padding: 10px 0;\">\n<p><img decoding=\"async\" src=\"https:\/\/anbanjia.com.cn\/wp-content\/uploads\/2022\/05\/HTB1HgKPcQ5E3KVjSZFCq6zuzXXay.jpg\" data-src=\"\"><\/p>\n<\/div>\n<\/div>\n<\/div>\n","protected":false},"excerpt":{"rendered":"<p>&nbsp;<\/p>\n<div style=\"width: auto;\">\n<div style=\"min-width: 300px; max-width: 300px; word-wrap: break-word; float: left;\">Lieu d&rsquo;origine&nbsp;: Guangdong, Chine<\/div>\n<div style=\"min-width: 300px; max-width: 300px; word-wrap: break-word; float: left;\">Nom de marque:Anbanjia<\/div>\n<\/div>\n<div style=\"width: auto;\">\n<div style=\"min-width: 300px; max-width: 300px; word-wrap: break-word; float: left;\">Temps de charge : 3-4h<\/div>\n<div style=\"min-width: 300px; max-width: 300px; word-wrap: break-word; float: left;\">Pliable&nbsp;:&nbsp;Oui<\/div>\n<\/div>\n<div style=\"width: auto;\">\n<div style=\"min-width: 300px; max-width: 300px; word-wrap: break-word; float: left;\">Port\u00e9e par charge&nbsp;: 20-30&nbsp;km<\/div>\n<div style=\"min-width: 300px; max-width: 300px; word-wrap: break-word; float: left;\">Certificat&nbsp;: CE\/FCC<\/div>\n<\/div>\n<div style=\"width: auto;\">\n<div style=\"min-width: 300px; max-width: 300px; word-wrap: break-word; float: left;\">Taille globale : 123*57*95<\/div>\n<div style=\"min-width: 300px; max-width: 300px; word-wrap: break-word; float: left;\">Largeur pli\u00e9e : 44*36*74<\/div>\n<\/div>\n<div style=\"width: auto;\">\n<div style=\"min-width: 300px; max-width: 300px; word-wrap: break-word; float: left;\">Roue arri\u00e8re : PU 9&Prime;<\/div>\n<div style=\"min-width: 300px; max-width: 300px; word-wrap: break-word; float: left;\">NO&nbsp;: 29&nbsp;kg<\/div>\n<\/div>\n<div style=\"width: auto;\">\n<div style=\"min-width: 300px; max-width: 300px; word-wrap: break-word; float: left;\">Vitesse&nbsp;: r\u00e9glable de 0 \u00e0 8&nbsp;km\/h<\/div>\n<div style=\"min-width: 300px; max-width: 300px; word-wrap: break-word; float: left;\">Batterie au lithium&nbsp;: 36&nbsp;V<\/div>\n<\/div>\n<div style=\"width: auto;\">\n<div style=\"min-width: 300px; max-width: 300px; word-wrap: break-word; float: left;\">Autonomie&nbsp;: 20&nbsp;km<\/div>\n<div style=\"min-width: 300px; max-width: 300px; word-wrap: break-word; float: left;\">Moteur sans balais&nbsp;: 300&nbsp;w<\/div>\n<\/div>\n<div style=\"width: auto;\">\n<div style=\"min-width: 300px; max-width: 300px; word-wrap: break-word; float: left;\">Capacit\u00e9 de poids&nbsp;: 130&nbsp;kg<\/div>\n<div style=\"min-width: 300px; max-width: 300px; word-wrap: break-word; float: left;\">Taille d&#8217;emballage de carton : 82*55*50cm, 34kg<\/div>\n<\/div>\n<div>Logo personnalis\u00e9(Min. Commande : 500 pi\u00e8ces)<\/div>\n<div>Emballage personnalis\u00e9(Min. Commande : 500 Pi\u00e8ces)<\/div>\n","protected":false},"featured_media":9704,"comment_status":"closed","ping_status":"closed","template":"","meta":[],"product_cat":[117],"product_tag":[],"class_list":["post-9673","product","type-product","status-publish","has-post-thumbnail","hentry","product_cat-trottinette-pour-personnes-agees"],"_links":{"self":[{"href":"https:\/\/anbanjia.com.cn\/fr\/wp-json\/wp\/v2\/product\/9673","targetHints":{"allow":["GET"]}}],"collection":[{"href":"https:\/\/anbanjia.com.cn\/fr\/wp-json\/wp\/v2\/product"}],"about":[{"href":"https:\/\/anbanjia.com.cn\/fr\/wp-json\/wp\/v2\/types\/product"}],"replies":[{"embeddable":true,"href":"https:\/\/anbanjia.com.cn\/fr\/wp-json\/wp\/v2\/comments?post=9673"}],"wp:featuredmedia":[{"embeddable":true,"href":"https:\/\/anbanjia.com.cn\/fr\/wp-json\/wp\/v2\/media\/9704"}],"wp:attachment":[{"href":"https:\/\/anbanjia.com.cn\/fr\/wp-json\/wp\/v2\/media?parent=9673"}],"wp:term":[{"taxonomy":"product_cat","embeddable":true,"href":"https:\/\/anbanjia.com.cn\/fr\/wp-json\/wp\/v2\/product_cat?post=9673"},{"taxonomy":"product_tag","embeddable":true,"href":"https:\/\/anbanjia.com.cn\/fr\/wp-json\/wp\/v2\/product_tag?post=9673"}],"curies":[{"name":"wp","href":"https:\/\/api.w.org\/{rel}","templated":true}]}}