{"id":9492,"date":"2022-05-02T18:08:04","date_gmt":"2022-05-02T18:08:04","guid":{"rendered":"https:\/\/www.anbanjia.com.cn\/product\/scooter-electrique-adulte-trois-roues-grand-poids-de-charge-max-puissant-120-kg-scooter-electrique-avec-batterie-amovible\/"},"modified":"2022-05-02T18:08:04","modified_gmt":"2022-05-02T18:08:04","slug":"scooter-electrique-adulte-trois-roues-gros-puissant-charge-maxi-120kg-scooter-electrique-avec-batterie-amovible","status":"publish","type":"product","link":"https:\/\/anbanjia.com.cn\/fr\/produit\/scooter-electrique-adulte-trois-roues-gros-puissant-charge-maxi-120kg-scooter-electrique-avec-batterie-amovible\/","title":{"rendered":"Scooter \u00e9lectrique adulte trois roues grand poids de charge max puissant 120 kg scooter \u00e9lectrique avec batterie amovible"},"content":{"rendered":"<div style=\"max-width: 750px; margin: 0 auto;\">\n<p style=\"text-align: center;\"><span style=\"font-size: 32px;\">Mini scooter \u00e9lectrique pliable \u00e0 3 roues pour adulte avec batterie au lithium<\/span><\/p>\n<div id=\"ali-anchor-AliPostDhMb-mowdu\" class=\"mceSectionContainer\" style=\"padding-top: 8px;\" data-section=\"AliPostDhMb-mowdu\" data-section-title=\"Product Description\">\n<div id=\"ali-title-AliPostDhMb-mowdu\" style=\"padding: 8px 0; border-bottom: 1px solid #ddd;\"><span style=\"background-color: #ddd; color: #333; font-weight: bold; padding: 8px 10px; line-height: 12px;\">Description du produit<\/span><\/div>\n<div style=\"padding: 10px 0;\">\n<p> <img decoding=\"async\" style=\"max-width: 750;\" src=\"https:\/\/anbanjia.com.cn\/wp-content\/uploads\/2022\/05\/HTB1bG7JXp67gK0jSZPfq6yhhFXaj.jpg\" data-alt=\"Electric scooter adult three wheel big powerful max load weight 120kg electric scooter with detachable battery\" data-height=\"750\" data-src=\"\" data-width=\"750\"><img decoding=\"async\" src=\"https:\/\/anbanjia.com.cn\/wp-content\/uploads\/2022\/05\/H73b799dc338646b2b76966fcf979886fW.jpg\" data-alt=\"Electric scooter adult three wheel big powerful max load weight 120kg electric scooter with detachable battery\" data-src=\"\"><img decoding=\"async\" src=\"https:\/\/anbanjia.com.cn\/wp-content\/uploads\/2022\/05\/Hca0e14422f2845c486b2d32b8c20565ca.jpg\" data-alt=\"Electric scooter adult three wheel big powerful max load weight 120kg electric scooter with detachable battery\" data-src=\"\"><img decoding=\"async\" src=\"https:\/\/anbanjia.com.cn\/wp-content\/uploads\/2022\/05\/H4221b399d8b24300894ddb65dc9bd1baD.jpg\" data-alt=\"Electric scooter adult three wheel big powerful max load weight 120kg electric scooter with detachable battery\" data-src=\"\"><img decoding=\"async\" src=\"https:\/\/anbanjia.com.cn\/wp-content\/uploads\/2022\/05\/H9ec374ebf9a245faae393089b8e6838bc.jpg\" data-alt=\"Electric scooter adult three wheel big powerful max load weight 120kg electric scooter with detachable battery\" data-src=\"\"><img decoding=\"async\" src=\"https:\/\/anbanjia.com.cn\/wp-content\/uploads\/2022\/05\/H4ebe78c9c494479f927627954d23e64av.jpg\" data-alt=\"Electric scooter adult three wheel big powerful max load weight 120kg electric scooter with detachable battery\" data-src=\"\"><img decoding=\"async\" src=\"https:\/\/anbanjia.com.cn\/wp-content\/uploads\/2022\/05\/H9545f6e35ba04d2eb1b353ff42194e47u.jpg\" data-alt=\"Electric scooter adult three wheel big powerful max load weight 120kg electric scooter with detachable battery\" data-src=\"\"><img decoding=\"async\" src=\"https:\/\/anbanjia.com.cn\/wp-content\/uploads\/2022\/05\/Ha80380ea67624fd2acf401dd3bf1e9de8.jpg\" data-alt=\"Electric scooter adult three wheel big powerful max load weight 120kg electric scooter with detachable battery\" data-src=\"\"><img decoding=\"async\" src=\"https:\/\/anbanjia.com.cn\/wp-content\/uploads\/2022\/05\/H0b7347e1fb3e491a850a21b8c13cb577j.jpg\" data-alt=\"Electric scooter adult three wheel big powerful max load weight 120kg electric scooter with detachable battery\" data-src=\"\"><img decoding=\"async\" src=\"https:\/\/anbanjia.com.cn\/wp-content\/uploads\/2022\/05\/H7d517e152bd74b2b839bb60e6bc51e2f1.jpg\" data-alt=\"Electric scooter adult three wheel big powerful max load weight 120kg electric scooter with detachable battery\" data-src=\"\"><img decoding=\"async\" src=\"https:\/\/anbanjia.com.cn\/wp-content\/uploads\/2022\/05\/H4402f487a64e4c5a8ccfead4d91c1eafH.jpg\" data-alt=\"Electric scooter adult three wheel big powerful max load weight 120kg electric scooter with detachable battery\" data-src=\"\"><img decoding=\"async\" src=\"https:\/\/anbanjia.com.cn\/wp-content\/uploads\/2022\/05\/H987d1ef076804ed28f71cae677016a11L.jpg\" data-alt=\"Electric scooter adult three wheel big powerful max load weight 120kg electric scooter with detachable battery\" data-src=\"\"><img decoding=\"async\" src=\"https:\/\/anbanjia.com.cn\/wp-content\/uploads\/2022\/05\/H13448ea58df64c7eaa80b26c659c0b98d.jpg\" data-alt=\"Electric scooter adult three wheel big powerful max load weight 120kg electric scooter with detachable battery\" data-src=\"\"><img decoding=\"async\" src=\"https:\/\/anbanjia.com.cn\/wp-content\/uploads\/2022\/05\/Hcbea86e009ae432480a5e3c3f39b3bcdc.jpg\" data-alt=\"Electric scooter adult three wheel big powerful max load weight 120kg electric scooter with detachable battery\" data-src=\"\"><\/p>\n<p><img decoding=\"async\" src=\"https:\/\/anbanjia.com.cn\/wp-content\/uploads\/2022\/05\/HTB1EvULXCf2gK0jSZFPq6xsopXav.jpg\" data-alt=\"Electric scooter adult three wheel big powerful max load weight 120kg electric scooter with detachable battery\" data-height=\"750\" data-src=\"\" data-width=\"750\"><img decoding=\"async\" src=\"https:\/\/anbanjia.com.cn\/wp-content\/uploads\/2022\/05\/HTB1cdwNXAH0gK0jSZPiq6yvapXa5.jpg\" data-alt=\"Electric scooter adult three wheel big powerful max load weight 120kg electric scooter with detachable battery\" data-height=\"750\" data-src=\"\" data-width=\"750\"><img decoding=\"async\" src=\"https:\/\/anbanjia.com.cn\/wp-content\/uploads\/2022\/05\/HTB1dFZNXrr1gK0jSZR0q6zP8XXaD.jpg\" data-alt=\"Electric scooter adult three wheel big powerful max load weight 120kg electric scooter with detachable battery\" data-height=\"750\" data-src=\"\" data-width=\"750\"><img decoding=\"async\" src=\"https:\/\/anbanjia.com.cn\/wp-content\/uploads\/2022\/05\/HTB1ZncLXuH2gK0jSZJnq6yT1FXao.jpg\" data-alt=\"Electric scooter adult three wheel big powerful max load weight 120kg electric scooter with detachable battery\" data-height=\"750\" data-src=\"\" data-width=\"750\"><img decoding=\"async\" src=\"https:\/\/anbanjia.com.cn\/wp-content\/uploads\/2022\/05\/HTB1hccNXrj1gK0jSZFuq6ArHpXa7.jpg\" data-alt=\"Electric scooter adult three wheel big powerful max load weight 120kg electric scooter with detachable battery\" data-height=\"750\" data-src=\"\" data-width=\"750\"><\/p>\n<p><img decoding=\"async\" src=\"https:\/\/anbanjia.com.cn\/wp-content\/uploads\/2022\/05\/HTB107oMXxv1gK0jSZFFq6z0sXXaD.jpg\" data-alt=\"Electric scooter adult three wheel big powerful max load weight 120kg electric scooter with detachable battery\" data-height=\"750\" data-src=\"\" data-width=\"750\"><\/p>\n<p><img decoding=\"async\" src=\"https:\/\/anbanjia.com.cn\/wp-content\/uploads\/2022\/05\/HTB145sJXpP7gK0jSZFjq6A5aXXaP.jpg\" data-alt=\"Electric scooter adult three wheel big powerful max load weight 120kg electric scooter with detachable battery\" data-height=\"750\" data-src=\"\" data-width=\"750\"><\/p>\n<\/div>\n<\/div>\n<div id=\"ali-anchor-AliPostDhMb-ron81\" class=\"mceSectionContainer\" style=\"padding-top: 8px;\" data-section=\"AliPostDhMb-ron81\" data-section-title=\"Our Services\">\n<div id=\"ali-title-AliPostDhMb-ron81\" style=\"padding: 8px 0; border-bottom: 1px solid #ddd;\"><span style=\"background-color: #ddd; color: #333; font-weight: bold; padding: 8px 10px; line-height: 12px;\">Nos services<\/span><\/div>\n<div id=\"ali-desLoader-AliPostDhMb-ron81\" style=\"padding: 10px 0;\">\n<p> <img decoding=\"async\" src=\"https:\/\/anbanjia.com.cn\/wp-content\/uploads\/2022\/05\/HTB1axiRzFOWBuNjy0Fiq6xFxVXa5.jpg\" data-alt=\"Electric scooter adult three wheel big powerful max load weight 120kg electric scooter with detachable battery\" data-height=\"414\" data-src=\"\" data-width=\"748\"><\/p>\n<\/div>\n<\/div>\n<div id=\"ali-anchor-AliPostDhMb-jw4x4\" class=\"mceSectionContainer\" style=\"padding-top: 8px;\" data-section=\"AliPostDhMb-jw4x4\" data-section-title=\"Company Information\">\n<div id=\"ali-title-AliPostDhMb-jw4x4\" style=\"padding: 8px 0; border-bottom: 1px solid #ddd;\"><span style=\"background-color: #ddd; color: #333; font-weight: bold; padding: 8px 10px; line-height: 12px;\">Informations sur la soci\u00e9t\u00e9<\/span><\/div>\n<div style=\"padding: 10px 0;\">\n<p> <img decoding=\"async\" src=\"https:\/\/anbanjia.com.cn\/wp-content\/uploads\/2022\/05\/H1d5cacd51ddf4c0aa776c7a01c890d95l.jpg\" data-alt=\"Electric scooter adult three wheel big powerful max load weight 120kg electric scooter with detachable battery\" data-src=\"\"><img decoding=\"async\" src=\"https:\/\/anbanjia.com.cn\/wp-content\/uploads\/2022\/05\/HTB16wWrQpXXXXchXXXXq6xXFXXXw.jpg\" data-alt=\"Electric scooter adult three wheel big powerful max load weight 120kg electric scooter with detachable battery\" data-src=\"\"><img decoding=\"async\" src=\"https:\/\/anbanjia.com.cn\/wp-content\/uploads\/2022\/05\/HTB1Ae_JQpXXXXXlapXXq6xXFXXXk.jpg\" data-alt=\"Electric scooter adult three wheel big powerful max load weight 120kg electric scooter with detachable battery\" data-src=\"\"><\/p>\n<\/div>\n<\/div>\n<div id=\"ali-anchor-AliPostDhMb-suy90\" class=\"mceSectionContainer\" style=\"padding-top: 8px;\" data-section=\"AliPostDhMb-suy90\" data-section-title=\"FAQ\">\n<div id=\"ali-title-AliPostDhMb-suy90\" style=\"padding: 8px 0; border-bottom: 1px solid #ddd;\"><span style=\"background-color: #ddd; color: #333; font-weight: bold; padding: 8px 10px; line-height: 12px;\">FAQ<\/span><\/div>\n<div style=\"padding: 10px 0;\">\n<p><strong><span style=\"font-size: 24px;\"> Q1&nbsp;:\u00c9l\u00e9ments de paiement<\/span><\/strong><br \/>\n<span style=\"font-size: 24px;\">A&nbsp;:&nbsp;T\/T 30&nbsp;% comme d\u00e9p\u00f4t, et 70&nbsp;% avant la livraison si le compte d\u00e9passe 10&nbsp;000,00&nbsp;USD<\/span><br \/>\n<span style=\"font-size: 24px;\"><strong>Q2 : d\u00e9lai de livraison :<\/strong> <\/span><br \/>\n<span style=\"font-size: 24px;\">G\u00e9n\u00e9ralement, cela prendra 3 \u00e0 5 jours ouvrables apr\u00e8s r\u00e9ception de votre paiement anticip\u00e9. Le d\u00e9lai de livraison sp\u00e9cifique d\u00e9pend de la quantit\u00e9 de votre commande.<\/span><br \/>\n<strong><span style=\"font-size: 24px;\">Q3 : Tester les marchandises avant la livraison ?<\/span><\/strong><br \/>\n<span style=\"font-size: 24px;\">A : Oui, nous avons 100 % de test avant la livraison.<\/span><br \/>\n<strong><span style=\"font-size: 24px;\">Q4 : Comment faites-vous notre entreprise \u00e0 long terme ?<\/span><\/strong><br \/>\n<span style=\"font-size: 24px;\">A1: nous gardons une bonne qualit\u00e9 et le prix le plus comp\u00e9titif.<\/span><br \/>\n<span style=\"font-size: 24px;\">A2 : nous respectons chaque client comme notre ami.<\/span><\/p>\n<p><strong><span style=\"font-size: 24px; background-color: #999999;\">Contacter:<\/span><\/strong><\/p>\n<p><strong><span style=\"font-size: 24px; background-color: #999999;\"><img decoding=\"async\" src=\"https:\/\/anbanjia.com.cn\/wp-content\/uploads\/2022\/05\/H10fdde19478c4022952b6ef21b37e97bx.jpg\" data-alt=\"Electric scooter adult three wheel big powerful max load weight 120kg electric scooter with detachable battery\" data-src=\"\"><\/span><\/strong><\/p>\n<\/div>\n<\/div>\n<\/div>\n","protected":false},"excerpt":{"rendered":"<p>&nbsp;<\/p>\n<div style=\"width: auto;\">\n<div style=\"min-width: 300px; max-width: 300px; word-wrap: break-word; float: left;\">Lieu d&rsquo;origine&nbsp;: Guangdong, Chine<\/div>\n<div style=\"min-width: 300px; max-width: 300px; word-wrap: break-word; float: left;\">Nom de marque:OEM<\/div>\n<\/div>\n<div style=\"width: auto;\">\n<div style=\"min-width: 300px; max-width: 300px; word-wrap: break-word; float: left;\">Num\u00e9ro de mod\u00e8le&nbsp;: ABJ-02<\/div>\n<div style=\"min-width: 300px; max-width: 300px; word-wrap: break-word; float: left;\">Puissance&nbsp;: 350&nbsp;W<\/div>\n<\/div>\n<div style=\"width: auto;\">\n<div style=\"min-width: 300px; max-width: 300px; word-wrap: break-word; float: left;\">Tension&nbsp;: 36&nbsp;V<\/div>\n<div style=\"min-width: 300px; max-width: 300px; word-wrap: break-word; float: left;\">Temps de charge : 3-5h<\/div>\n<\/div>\n<div style=\"width: auto;\">\n<div style=\"min-width: 300px; max-width: 300px; word-wrap: break-word; float: left;\">Pliable&nbsp;:&nbsp;Oui<\/div>\n<div style=\"min-width: 300px; max-width: 300px; word-wrap: break-word; float: left;\">Port\u00e9e par charge&nbsp;: 30&nbsp;km<\/div>\n<\/div>\n<div style=\"width: auto;\">\n<div style=\"min-width: 300px; max-width: 300px; word-wrap: break-word; float: left;\">Vitesse maximale:&lt; 30km\/h<\/div>\n<div style=\"min-width: 300px; max-width: 300px; word-wrap: break-word; float: left;\">La couleur noire<\/div>\n<\/div>\n<div style=\"width: auto;\">\n<div style=\"min-width: 300px; max-width: 300px; word-wrap: break-word; float: left;\">Batterie&nbsp;: 36&nbsp;V 10&nbsp;AH<\/div>\n<div style=\"min-width: 300px; max-width: 300px; word-wrap: break-word; float: left;\">Puissance du moteur&nbsp;: 350&nbsp;W<\/div>\n<\/div>\n<div style=\"width: auto;\">\n<div style=\"min-width: 300px; max-width: 300px; word-wrap: break-word; float: left;\">Vitesse maximale&nbsp;: 15&nbsp;km\/h<\/div>\n<div style=\"min-width: 300px; max-width: 300px; word-wrap: break-word; float: left;\">Charge maximale&nbsp;: 120&nbsp;kg<\/div>\n<\/div>\n<div style=\"width: auto;\">\n<div style=\"min-width: 300px; max-width: 300px; word-wrap: break-word; float: left;\">Poids net&nbsp;: 20,3&nbsp;kg<\/div>\n<div style=\"min-width: 300px; max-width: 300px; word-wrap: break-word; float: left;\">Ensemble combin\u00e9 offert&nbsp;: 0<\/div>\n<\/div>\n","protected":false},"featured_media":9590,"comment_status":"closed","ping_status":"closed","template":"","meta":[],"product_cat":[117],"product_tag":[],"class_list":["post-9492","product","type-product","status-publish","has-post-thumbnail","hentry","product_cat-trottinette-pour-personnes-agees"],"_links":{"self":[{"href":"https:\/\/anbanjia.com.cn\/fr\/wp-json\/wp\/v2\/product\/9492","targetHints":{"allow":["GET"]}}],"collection":[{"href":"https:\/\/anbanjia.com.cn\/fr\/wp-json\/wp\/v2\/product"}],"about":[{"href":"https:\/\/anbanjia.com.cn\/fr\/wp-json\/wp\/v2\/types\/product"}],"replies":[{"embeddable":true,"href":"https:\/\/anbanjia.com.cn\/fr\/wp-json\/wp\/v2\/comments?post=9492"}],"wp:featuredmedia":[{"embeddable":true,"href":"https:\/\/anbanjia.com.cn\/fr\/wp-json\/wp\/v2\/media\/9590"}],"wp:attachment":[{"href":"https:\/\/anbanjia.com.cn\/fr\/wp-json\/wp\/v2\/media?parent=9492"}],"wp:term":[{"taxonomy":"product_cat","embeddable":true,"href":"https:\/\/anbanjia.com.cn\/fr\/wp-json\/wp\/v2\/product_cat?post=9492"},{"taxonomy":"product_tag","embeddable":true,"href":"https:\/\/anbanjia.com.cn\/fr\/wp-json\/wp\/v2\/product_tag?post=9492"}],"curies":[{"name":"wp","href":"https:\/\/api.w.org\/{rel}","templated":true}]}}