{"id":9072,"date":"2022-05-02T18:08:13","date_gmt":"2022-05-02T18:08:13","guid":{"rendered":"https:\/\/www.anbanjia.com.cn\/product\/levage-electrique-automatique-de-grue-medicale-avec-le-bain-de-bride-soulevant-la-chaise-daisance-chaise-de-transfert-patiente-agee\/"},"modified":"2022-05-02T18:08:13","modified_gmt":"2022-05-02T18:08:13","slug":"grue-medicale-automatique-levage-electrique-avec-elingue-baignoire-ascenseur-chaise-daisance-fauteuil-de-transfert-personne-agee-2","status":"publish","type":"product","link":"https:\/\/anbanjia.com.cn\/fr\/produit\/grue-medicale-automatique-levage-electrique-avec-elingue-baignoire-ascenseur-chaise-daisance-fauteuil-de-transfert-personne-agee-2\/","title":{"rendered":"Levage \u00e9lectrique automatique de grue m\u00e9dicale avec le bain de bride soulevant la chaise d&rsquo;aisance chaise de transfert patiente \u00e2g\u00e9e"},"content":{"rendered":"<div style=\"max-width: 750px;margin: 0 auto;\">\n<p><span style=\"font-size: 32px; font-family: 'comic sans ms', sans-serif;\">Mobilit\u00e9 hospitali\u00e8re ascenseurs pour handicap\u00e9s grue levage de patient patient et \u00e9lingue transfert de cadre debout l\u00e8ve-personne<\/span><\/p>\n<p><img decoding=\"async\" data-alt=\"Automatic Medical Crane Electric Lifting with sling bath lift up commode chair elderly patient transfer chair\" data-src=\"\" ori-height=\"1200\" ori-width=\"790\" src=\"https:\/\/anbanjia.com.cn\/wp-content\/uploads\/2022\/05\/Hc153fd53414a4f9c929a0bc0d59f965cI.jpg\" style=\"max-width: 750;\"><img decoding=\"async\" data-alt=\"Automatic Medical Crane Electric Lifting with sling bath lift up commode chair elderly patient transfer chair\" data-src=\"\" ori-height=\"1300\" ori-width=\"790\" src=\"https:\/\/anbanjia.com.cn\/wp-content\/uploads\/2022\/05\/H68e5098b28a14e59835d671a283fed1aZ.jpg\"><img decoding=\"async\" data-alt=\"Automatic Medical Crane Electric Lifting with sling bath lift up commode chair elderly patient transfer chair\" data-src=\"\" ori-height=\"1200\" ori-width=\"790\" src=\"https:\/\/anbanjia.com.cn\/wp-content\/uploads\/2022\/05\/H184034ebb34d416388f14e4dcadf91368.jpg\"><img decoding=\"async\" data-alt=\"Automatic Medical Crane Electric Lifting with sling bath lift up commode chair elderly patient transfer chair\" data-src=\"\" ori-height=\"1494\" ori-width=\"750\" src=\"https:\/\/anbanjia.com.cn\/wp-content\/uploads\/2022\/05\/H689920d8609542c1be9d75e7e8bd94adZ.jpg\"><\/p>\n<div class=\"mceSectionContainer\" data-section=\"AliPostDhMb-w69to\" data-section-title=\"Our Services\" id=\"ali-anchor-AliPostDhMb-w69to\" style=\"padding-top: 8px;\">\n<div id=\"ali-title-AliPostDhMb-w69to\" style=\"padding: 8px 0; border-bottom: 1px solid #ddd;\"><span style=\"background-color: #ddd; color: #333; font-weight: bold; padding: 8px 10px; line-height: 12px;\">Nos services<\/span><\/div>\n<div style=\"padding: 10px 0;\">\n<p style=\"box-sizing: content-box; margin: 0px; padding: 0px; border: 0px; font-style: normal; font-weight: 400; font-size: 12px; line-height: inherit; font-family: Arial,Helvetica; vertical-align: baseline; color: #333333; background-color: #ffffff;\"><span style=\"box-sizing: content-box; margin: 0px; padding: 0px; border: 0px; font-style: inherit; font-weight: inherit; font-size: 18px; line-height: 27px; vertical-align: baseline;\">Nous prenons au s\u00e9rieux votre commande et appr\u00e9cions chaque demande qui nous est envoy\u00e9e, garantissant un prix comp\u00e9titif rapide.<\/span><br \/><span style=\"box-sizing: content-box; margin: 0px; padding: 0px; border: 0px; font-style: inherit; font-weight: inherit; font-size: 18px; line-height: 27px; vertical-align: baseline;\">D\u00e9lai de livraison ponctuel :<\/span><br \/><span style=\"box-sizing: content-box; margin: 0px; padding: 0px; border: 0px; font-style: inherit; font-weight: inherit; font-size: 18px; line-height: 27px; vertical-align: baseline;\">&#8211;nous passons votre commande et traitons imm\u00e9diatement, assurons votre d\u00e9lai de livraison ponctuel<\/span><\/p>\n<p style=\"box-sizing: content-box; margin: 0px; padding: 0px; border: 0px; font-style: normal; font-weight: 400; font-size: 12px; line-height: inherit; font-family: Arial,Helvetica; vertical-align: baseline; color: #333333; background-color: #ffffff;\"><span style=\"box-sizing: content-box; margin: 0px; padding: 0px; border: 0px; font-style: inherit; font-weight: inherit; font-size: 18px; line-height: 27px; vertical-align: baseline;\">V\u00e9rifier avant exp\u00e9dition :<\/span><br \/><span style=\"box-sizing: content-box; margin: 0px; padding: 0px; border: 0px; font-style: inherit; font-weight: inherit; font-size: 18px; line-height: 27px; vertical-align: baseline;\">&#8211;Nos coll\u00e8gues d&rsquo;inspection v\u00e9rifient la qualit\u00e9 avant l&rsquo;exp\u00e9dition, nous faisons un avis d&rsquo;exp\u00e9dition d\u00e8s que votre commande est exp\u00e9di\u00e9e<\/span><\/p>\n<p style=\"box-sizing: content-box; margin: 0px; padding: 0px; border: 0px; font-style: normal; font-weight: 400; font-size: 12px; line-height: inherit; font-family: Arial,Helvetica; vertical-align: baseline; color: #333333; background-color: #ffffff;\"><span style=\"box-sizing: content-box; margin: 0px; padding: 0px; border: 0px; font-style: inherit; font-weight: inherit; font-size: 18px; line-height: 27px; vertical-align: baseline;\">Service apr\u00e8s-vente :<\/span><br \/><span style=\"box-sizing: content-box; margin: 0px; padding: 0px; border: 0px; font-style: inherit; font-weight: inherit; font-size: 18px; line-height: 27px; vertical-align: baseline;\">Nous nous f\u00e9licitons de votre demande sur les marchandises et respectons vos commentaires apr\u00e8s r\u00e9ception des marchandises.<\/span><\/p>\n<\/p><\/div>\n<\/p><\/div>\n<div class=\"mceSectionContainer\" data-section=\"AliPostDhMb-qzdjw\" data-section-title=\"Contact Information\" id=\"ali-anchor-AliPostDhMb-qzdjw\" style=\"padding-top: 8px;\">\n<div id=\"ali-title-AliPostDhMb-qzdjw\" style=\"padding: 8px 0; border-bottom: 1px solid #ddd;\"><span style=\"background-color: #ddd; color: #333; font-weight: bold; padding: 8px 10px; line-height: 12px;\">Coordonn\u00e9es<\/span><\/div>\n<div style=\"padding: 10px 0;\"> <\/div>\n<div style=\"padding: 10px 0;\"> <img decoding=\"async\" data-alt=\"Automatic Medical Crane Electric Lifting with sling bath lift up commode chair elderly patient transfer chair\" data-src=\"\" ori-height=\"271\" ori-width=\"760\" src=\"https:\/\/anbanjia.com.cn\/wp-content\/uploads\/2022\/05\/H68d7be08c0014ed9b4a71c60879f7de3d.png\"><\/div>\n<\/p><\/div>\n<\/div>\n","protected":false},"excerpt":{"rendered":"<div style=\"width:auto\">\n<div style=\"min-width: 300px;max-width: 300px;word-wrap: break-word;float: left\">Propri\u00e9t\u00e9s : fournitures de th\u00e9rapie de r\u00e9adaptation. <\/div>\n<div style=\"min-width: 300px;max-width: 300px;word-wrap: break-word;float: left\">Lieu d&rsquo;origine : Chine<\/div>\n<\/p><\/div>\n<div style=\"width:auto\">\n<div style=\"min-width: 300px;max-width: 300px;word-wrap: break-word;float: left\">Mat\u00e9riel: acier inoxydable <\/div>\n<div style=\"min-width: 300px;max-width: 300px;word-wrap: break-word;float: left\">Garantie : 12 mois<\/div>\n<\/p><\/div>\n<div style=\"width:auto\">\n<div style=\"min-width: 300px;max-width: 300px;word-wrap: break-word;float: left\">Fonction&nbsp;: soins infirmiers aux patients <\/div>\n<div style=\"min-width: 300px;max-width: 300px;word-wrap: break-word;float: left\">Poids net&nbsp;: 22&nbsp;kg<\/div>\n<\/p><\/div>\n","protected":false},"featured_media":9082,"comment_status":"closed","ping_status":"closed","template":"","meta":[],"product_cat":[115],"product_tag":[],"class_list":["post-9072","product","type-product","status-publish","has-post-thumbnail","hentry","product_cat-engin-de-demenagement-multifonctionnel"],"_links":{"self":[{"href":"https:\/\/anbanjia.com.cn\/fr\/wp-json\/wp\/v2\/product\/9072","targetHints":{"allow":["GET"]}}],"collection":[{"href":"https:\/\/anbanjia.com.cn\/fr\/wp-json\/wp\/v2\/product"}],"about":[{"href":"https:\/\/anbanjia.com.cn\/fr\/wp-json\/wp\/v2\/types\/product"}],"replies":[{"embeddable":true,"href":"https:\/\/anbanjia.com.cn\/fr\/wp-json\/wp\/v2\/comments?post=9072"}],"wp:featuredmedia":[{"embeddable":true,"href":"https:\/\/anbanjia.com.cn\/fr\/wp-json\/wp\/v2\/media\/9082"}],"wp:attachment":[{"href":"https:\/\/anbanjia.com.cn\/fr\/wp-json\/wp\/v2\/media?parent=9072"}],"wp:term":[{"taxonomy":"product_cat","embeddable":true,"href":"https:\/\/anbanjia.com.cn\/fr\/wp-json\/wp\/v2\/product_cat?post=9072"},{"taxonomy":"product_tag","embeddable":true,"href":"https:\/\/anbanjia.com.cn\/fr\/wp-json\/wp\/v2\/product_tag?post=9072"}],"curies":[{"name":"wp","href":"https:\/\/api.w.org\/{rel}","templated":true}]}}