{"id":8624,"date":"2022-05-02T18:08:15","date_gmt":"2022-05-02T18:08:15","guid":{"rendered":"https:\/\/www.anbanjia.com.cn\/product\/nouveau-type-ascenseur-paralyse-personnes-agees-soins-maison-ascenseur-patient-alite-ascenseur-pour-handicapes\/"},"modified":"2022-05-02T18:08:15","modified_gmt":"2022-05-02T18:08:15","slug":"nouveau-type-ascenseur-paralyse-personnes-agees-soins-home-lifter-alite-patient-ascenseur-pour-handicapes","status":"publish","type":"product","link":"https:\/\/anbanjia.com.cn\/fr\/produit\/nouveau-type-ascenseur-paralyse-personnes-agees-soins-home-lifter-alite-patient-ascenseur-pour-handicapes\/","title":{"rendered":"Nouveau type ascenseur paralys\u00e9 personnes \u00e2g\u00e9es soins maison ascenseur patient alit\u00e9 ascenseur pour handicap\u00e9s"},"content":{"rendered":"<div style=\"max-width: 750px; margin: 0 auto;\">\n<div id=\"detail_decorate_root\" data-magic-global=\"%7B%22bizId%22%3A3215165050%2C%22pageId%22%3A21055109319%2C%22siteId%22%3A5005610021%7D\">\n<div class=\"J_module\">\n<div class=\"icbu-pc-images magic-1\">\n<div class=\"flex-layout-v\">\n<div class=\"flex-layout-h magic-1\">\n<div class=\"magic-2\"><\/div>\n<div class=\"magic-4\"><\/div>\n<div class=\"magic-4\">\n<div class=\"J_module\">\n<div class=\"detail-decorate-json-renderer-container\">\n<div class=\"magic-8\">\n<div class=\"magic-9\">\n<div class=\"magic-10\">\n<div class=\"magic-11\">\n<div class=\"magic-12\"><b><span class=\"magic-13\" data-spm-anchor-id=\"a2700.details.0.i13.76a563a3uzymVC\">Fauteuil roulant de soins aux patients de transfert de personnes \u00e2g\u00e9es paralys\u00e9 par ascenseur hydraulique manuel<\/span><\/b><\/div>\n<p>Nom du produit : Ascenseur \u00e9lectrique intelligent pour patient paralys\u00e9<\/p>\n<p>Taille de l&#8217;emballage : 87*58*33 cm<\/p>\n<p>Poids net : 15 KG<\/p>\n<p>Poids brut : 16 KG<\/p>\n<\/div>\n<\/div>\n<\/div>\n<\/div>\n<\/div>\n<\/div>\n<div class=\"J_module\">\n<div id=\"ali-anchor-AliMagic-mm3f4d\" class=\"magic-7\" data-section=\"AliMagic-mm3f4d\" data-section-title=\"Detailed Images\">Images d\u00e9taill\u00e9es<\/div>\n<\/div>\n<div class=\"J_module\">\n<div class=\"icbu-pc-detailManyImage magic-14\">\n<div class=\"magic-15\"><img decoding=\"async\" class=\"magic-16\" src=\"https:\/\/s.alicdn.com\/@sc04\/kf\/H5c3d0dd936be4dcf9f106f8458eed9ebo\/230438700\/H5c3d0dd936be4dcf9f106f8458eed9ebo.png?quality=close\" data-src=\"\/\/s.alicdn.com\/@sc04\/kf\/H5c3d0dd936be4dcf9f106f8458eed9ebo\/230438700\/H5c3d0dd936be4dcf9f106f8458eed9ebo.png?quality=close\"><\/div>\n<div class=\"magic-15\"><img decoding=\"async\" class=\"magic-16\" src=\"https:\/\/s.alicdn.com\/@sc04\/kf\/Hebb8c24e6d8f4e91b34ecd18843f873dU\/230438700\/Hebb8c24e6d8f4e91b34ecd18843f873dU.jpg?quality=close\" data-src=\"\/\/s.alicdn.com\/@sc04\/kf\/Hebb8c24e6d8f4e91b34ecd18843f873dU\/230438700\/Hebb8c24e6d8f4e91b34ecd18843f873dU.jpg?quality=close\"><\/div>\n<div class=\"magic-15\"><img decoding=\"async\" class=\"magic-16\" src=\"https:\/\/s.alicdn.com\/@sc04\/kf\/Hb2b1afe1ff2b4763a03c7dc5eb229b9fF\/230438700\/Hb2b1afe1ff2b4763a03c7dc5eb229b9fF.jpg?quality=close\" data-src=\"\/\/s.alicdn.com\/@sc04\/kf\/Hb2b1afe1ff2b4763a03c7dc5eb229b9fF\/230438700\/Hb2b1afe1ff2b4763a03c7dc5eb229b9fF.jpg?quality=close\"><\/div>\n<div class=\"magic-15\"><img decoding=\"async\" class=\"magic-16\" src=\"https:\/\/s.alicdn.com\/@sc04\/kf\/H74a859bb327e4f4d92352b87d9158dd7U\/230438700\/H74a859bb327e4f4d92352b87d9158dd7U.jpg?quality=close\" data-src=\"\/\/s.alicdn.com\/@sc04\/kf\/H74a859bb327e4f4d92352b87d9158dd7U\/230438700\/H74a859bb327e4f4d92352b87d9158dd7U.jpg?quality=close\"><\/div>\n<div class=\"magic-15\"><img decoding=\"async\" class=\"magic-16\" src=\"https:\/\/s.alicdn.com\/@sc04\/kf\/H706cc4fd20be4022b625ffc2da1454090\/230438700\/H706cc4fd20be4022b625ffc2da1454090.jpg?quality=close\" data-src=\"\/\/s.alicdn.com\/@sc04\/kf\/H706cc4fd20be4022b625ffc2da1454090\/230438700\/H706cc4fd20be4022b625ffc2da1454090.jpg?quality=close\"><\/div>\n<div class=\"magic-15\"><img decoding=\"async\" class=\"magic-16\" src=\"https:\/\/s.alicdn.com\/@sc04\/kf\/H991261d717794231a28297cc5def4a1eU\/230438700\/H991261d717794231a28297cc5def4a1eU.jpg?quality=close\" data-src=\"\/\/s.alicdn.com\/@sc04\/kf\/H991261d717794231a28297cc5def4a1eU\/230438700\/H991261d717794231a28297cc5def4a1eU.jpg?quality=close\"><\/div>\n<div class=\"magic-15\"><img decoding=\"async\" class=\"magic-16\" src=\"https:\/\/s.alicdn.com\/@sc04\/kf\/Hecee2bbda9ea4a028daf48e982d29872u\/230438700\/Hecee2bbda9ea4a028daf48e982d29872u.png?quality=close\" data-src=\"\/\/s.alicdn.com\/@sc04\/kf\/Hecee2bbda9ea4a028daf48e982d29872u\/230438700\/Hecee2bbda9ea4a028daf48e982d29872u.png?quality=close\"><\/div>\n<div class=\"magic-15\"><img decoding=\"async\" class=\"magic-16\" src=\"https:\/\/s.alicdn.com\/@sc04\/kf\/Hb399ab0fb350484792b13af9b90a391bd\/230438700\/Hb399ab0fb350484792b13af9b90a391bd.jpg?quality=close\" data-src=\"\/\/s.alicdn.com\/@sc04\/kf\/Hb399ab0fb350484792b13af9b90a391bd\/230438700\/Hb399ab0fb350484792b13af9b90a391bd.jpg?quality=close\"><\/div>\n<div class=\"magic-15\"><img decoding=\"async\" class=\"magic-16\" src=\"https:\/\/s.alicdn.com\/@sc04\/kf\/Heaea5435fdc84db3b8842bb8922416e5U\/230438700\/Heaea5435fdc84db3b8842bb8922416e5U.png?quality=close\" data-src=\"\/\/s.alicdn.com\/@sc04\/kf\/Heaea5435fdc84db3b8842bb8922416e5U\/230438700\/Heaea5435fdc84db3b8842bb8922416e5U.png?quality=close\"><\/div>\n<div class=\"magic-15\"><img decoding=\"async\" class=\"magic-16\" src=\"https:\/\/s.alicdn.com\/@sc04\/kf\/H32a18cb9716a4c518d95201a40b26a9b8\/230438700\/H32a18cb9716a4c518d95201a40b26a9b8.jpg?quality=close\" data-src=\"\/\/s.alicdn.com\/@sc04\/kf\/H32a18cb9716a4c518d95201a40b26a9b8\/230438700\/H32a18cb9716a4c518d95201a40b26a9b8.jpg?quality=close\"><\/div>\n<\/div>\n<\/div>\n<div class=\"J_module\">\n<div class=\"icbu-pc-images magic-1\">\n<div>\n<div class=\"flex-layout-v\">\n<div class=\"flex-layout-h magic-1\">\n<div class=\"magic-17\"><img decoding=\"async\" class=\"magic-18\" src=\"https:\/\/s.alicdn.com\/@sc04\/kf\/He1f7c56d3a4740f9a2ebdc298166e482d\/230438700\/He1f7c56d3a4740f9a2ebdc298166e482d.jpg?quality=close\" data-src=\"\/\/s.alicdn.com\/@sc04\/kf\/He1f7c56d3a4740f9a2ebdc298166e482d\/230438700\/He1f7c56d3a4740f9a2ebdc298166e482d.jpg?quality=close\"><\/div>\n<div>\n<div class=\"magic-12\"><b><span style=\"color: #9f0000; font-family: Times New Roman, Times; font-size: large;\">Tous les produits doivent \u00eatre inspect\u00e9s tr\u00e8s soigneusement par nous-m\u00eames avant l&rsquo;exp\u00e9dition. <\/span><\/b><\/div>\n<div class=\"magic-12\" data-spm-anchor-id=\"a2700.details.0.i23.76a563a3oxOZt6\"><b><span style=\"color: #9f0000; font-family: Times New Roman, Times; font-size: large;\">Nous fournissons aux clients une livraison rapide, un prix raisonnable, des services de haute qualit\u00e9 et \u00e0 long terme.<\/span><\/b><img decoding=\"async\" src=\"https:\/\/s.alicdn.com\/@sc01\/kf\/HTB13r6WzOCYBuNkSnaVq6AMsVXae\/230438700\/HTB13r6WzOCYBuNkSnaVq6AMsVXae.jpg?quality=close\"><\/div>\n<div data-spm-anchor-id=\"a2700.details.0.i23.76a563a3oxOZt6\">\n<p><img decoding=\"async\" src=\"https:\/\/s.alicdn.com\/@sc02\/kf\/HTB1EGdwIf9TBuNjy0Fcq6zeiFXap\/230438700\/HTB1EGdwIf9TBuNjy0Fcq6zeiFXap.jpg?quality=close\"><img decoding=\"async\" src=\"https:\/\/s.alicdn.com\/@sc04\/kf\/H1c7ecc2d2d6d47d9806ede47999d0226y\/230438700\/H1c7ecc2d2d6d47d9806ede47999d0226y.jpg?quality=close\"><img decoding=\"async\" src=\"https:\/\/s.alicdn.com\/@sc04\/kf\/H01653c6015fe4e23888885995b621a566\/230438700\/H01653c6015fe4e23888885995b621a566.jpg?quality=close\"><img decoding=\"async\" src=\"https:\/\/s.alicdn.com\/@sc04\/kf\/Hfc424eac02564ab785eb4a2e426965ea1\/230438700\/Hfc424eac02564ab785eb4a2e426965ea1.jpg?quality=close\"><\/p>\n<h3 class=\"magic-29\" data-spm-anchor-id=\"a2700.details.0.i27.76a563a3oxOZt6\"><span style=\"color: #0000bf; font-family: Times New Roman, Times; font-size: x-large;\">En tant que fournisseur professionnel et leader d&rsquo;\u00e9quipements m\u00e9dicaux, ABJ fournit de nombreux produits de fauteuils roulants de haute qualit\u00e9 \u00e0 la majorit\u00e9 des clients, ce qui r\u00e9pond \u00e0 leurs exigences.<\/span><\/h3>\n<p><img decoding=\"async\" src=\"https:\/\/s.alicdn.com\/@sc04\/kf\/H59936e4bf8a84365bae0850709889b3cH\/230438700\/H59936e4bf8a84365bae0850709889b3cH.jpg?quality=close\"><img decoding=\"async\" src=\"https:\/\/s.alicdn.com\/@sc04\/kf\/H3f1b2e5a49564c10af868fc1dd6c6b72R\/230438700\/H3f1b2e5a49564c10af868fc1dd6c6b72R.png?quality=close\"><\/p>\n<\/div>\n<\/div>\n<\/div>\n<\/div>\n<\/div>\n<\/div>\n<\/div>\n<\/div>\n<\/div>\n<\/div>\n<\/div>\n<\/div>\n<\/div>\n<\/div>\n","protected":false},"excerpt":{"rendered":"<p>&nbsp;<\/p>\n<div style=\"width: auto;\">\n<div style=\"min-width: 300px; max-width: 300px; word-wrap: break-word; float: left;\">Propri\u00e9t\u00e9s : fournitures de th\u00e9rapie de r\u00e9adaptation.<\/div>\n<div style=\"min-width: 300px; max-width: 300px; word-wrap: break-word; float: left;\">Lieu d&rsquo;origine&nbsp;: Guangdong, Chine<\/div>\n<\/div>\n<div style=\"width: auto;\">\n<div style=\"min-width: 300px; max-width: 300px; word-wrap: break-word; float: left;\">Type:Fauteuil roulant<\/div>\n<div style=\"min-width: 300px; max-width: 300px; word-wrap: break-word; float: left;\">Nom du produit&nbsp;: \u00e9l\u00e9vateur \u00e9lectrique intelligent pour patients paralys\u00e9s<\/div>\n<\/div>\n<div style=\"width: auto;\">\n<div style=\"min-width: 300px; max-width: 300px; word-wrap: break-word; float: left;\">mod\u00e8le:YW001<\/div>\n<div style=\"min-width: 300px; max-width: 300px; word-wrap: break-word; float: left;\">Taille d&#8217;emballage: 75*54*43 cm<\/div>\n<\/div>\n<div>Emballage personnalis\u00e9(Min. Commande : 100 pi\u00e8ces)<\/div>\n<div>Personnalisation graphique(Min. Commande : 100 pi\u00e8ces)<\/div>\n","protected":false},"featured_media":8676,"comment_status":"closed","ping_status":"closed","template":"","meta":[],"product_cat":[115],"product_tag":[],"class_list":["post-8624","product","type-product","status-publish","has-post-thumbnail","hentry","product_cat-engin-de-demenagement-multifonctionnel"],"_links":{"self":[{"href":"https:\/\/anbanjia.com.cn\/fr\/wp-json\/wp\/v2\/product\/8624","targetHints":{"allow":["GET"]}}],"collection":[{"href":"https:\/\/anbanjia.com.cn\/fr\/wp-json\/wp\/v2\/product"}],"about":[{"href":"https:\/\/anbanjia.com.cn\/fr\/wp-json\/wp\/v2\/types\/product"}],"replies":[{"embeddable":true,"href":"https:\/\/anbanjia.com.cn\/fr\/wp-json\/wp\/v2\/comments?post=8624"}],"wp:featuredmedia":[{"embeddable":true,"href":"https:\/\/anbanjia.com.cn\/fr\/wp-json\/wp\/v2\/media\/8676"}],"wp:attachment":[{"href":"https:\/\/anbanjia.com.cn\/fr\/wp-json\/wp\/v2\/media?parent=8624"}],"wp:term":[{"taxonomy":"product_cat","embeddable":true,"href":"https:\/\/anbanjia.com.cn\/fr\/wp-json\/wp\/v2\/product_cat?post=8624"},{"taxonomy":"product_tag","embeddable":true,"href":"https:\/\/anbanjia.com.cn\/fr\/wp-json\/wp\/v2\/product_tag?post=8624"}],"curies":[{"name":"wp","href":"https:\/\/api.w.org\/{rel}","templated":true}]}}