{"id":8571,"date":"2022-05-02T18:08:07","date_gmt":"2022-05-02T18:08:07","guid":{"rendered":"https:\/\/www.anbanjia.com.cn\/product\/approbation-ce-de-scooter-de-mobilite-electrique-de-puissance-pliable-la-moins-chere-de-haute-qualite\/"},"modified":"2022-05-02T18:08:07","modified_gmt":"2022-05-02T18:08:07","slug":"scooter-de-mobilite-electrique-electrique-pliable-de-haute-qualite-le-moins-cher-approbation-ce-3","status":"publish","type":"product","link":"https:\/\/anbanjia.com.cn\/fr\/produit\/scooter-de-mobilite-electrique-electrique-pliable-de-haute-qualite-le-moins-cher-approbation-ce-3\/","title":{"rendered":"Approbation CE de scooter de mobilit\u00e9 \u00e9lectrique de puissance pliable la moins ch\u00e8re de haute qualit\u00e9"},"content":{"rendered":"<div style=\"max-width: 750px;margin: 0 auto;\">\n<div data-section=\"AliPostDhMb-cngzx\" data-section-title=\"Product Details\" id=\"ali-anchor-AliPostDhMb-cngzx\" style=\"padding-top: 8px;\">\n<div id=\"ali-title-AliPostDhMb-cngzx\" style=\"padding: 8px 0; border-bottom: 1px solid #ddd;\"><span style=\"background-color: #ddd; color: #333; font-weight: bold; padding: 8px 10px; line-height: 12px;\">d\u00e9tails du produit<\/span><\/div>\n<div style=\"padding: 10px 0;\">\n<p><img decoding=\"async\" data-alt=\"High Quality cheapest foldable power Electric mobility Scooter CE approval\" data-src=\"\" ori-height=\"476\" ori-width=\"750\" src=\"https:\/\/anbanjia.com.cn\/wp-content\/uploads\/2022\/05\/HTB1pKcVSpXXXXa8XXXXq6xXFXXXs-2.jpg\" style=\"max-width: 750;\"><img decoding=\"async\" data-alt=\"High Quality cheapest foldable power Electric mobility Scooter CE approval\" data-src=\"\" ori-height=\"2200\" ori-width=\"750\" src=\"https:\/\/anbanjia.com.cn\/wp-content\/uploads\/2022\/05\/HTB1f29VSFXXXXXDXFXXq6xXFXXXy.jpg\"><img decoding=\"async\" data-alt=\"High Quality cheapest foldable power Electric mobility Scooter CE approval\" data-src=\"\" ori-height=\"2250\" ori-width=\"750\" src=\"https:\/\/anbanjia.com.cn\/wp-content\/uploads\/2022\/05\/HTB1n2SCSFXXXXc2XVXXq6xXFXXX0.jpg\"><img decoding=\"async\" data-alt=\"High Quality cheapest foldable power Electric mobility Scooter CE approval\" data-src=\"\" ori-height=\"760\" ori-width=\"750\" src=\"https:\/\/anbanjia.com.cn\/wp-content\/uploads\/2022\/05\/HTB1Ci9ySFXXXXanaXXXq6xXFXXXr.jpg\"> <\/p>\n<\/div>\n<\/div>\n<div data-section=\"AliPostDhMb-tt5bg\" data-section-title=\"Product Description\" id=\"ali-anchor-AliPostDhMb-tt5bg\" style=\"padding-top: 8px;\">\n<div id=\"ali-title-AliPostDhMb-tt5bg\" style=\"padding: 8px 0; border-bottom: 1px solid #ddd;\"><span style=\"background-color: #ddd; color: #333; font-weight: bold; padding: 8px 10px; line-height: 12px;\">Description du produit<\/span><\/div>\n<div style=\"padding: 10px 0;\">\n<p> <img decoding=\"async\" data-alt=\"High Quality cheapest foldable power Electric mobility Scooter CE approval\" data-src=\"\" ori-height=\"2420\" ori-width=\"750\" src=\"https:\/\/anbanjia.com.cn\/wp-content\/uploads\/2022\/05\/HTB1hlqZSFXXXXciXpXXq6xXFXXX0.jpg\"><\/p>\n<\/div>\n<\/div>\n<div data-section=\"AliPostDhMb-bczy2\" data-section-title=\"Product Categories\" id=\"ali-anchor-AliPostDhMb-bczy2\" style=\"padding-top: 8px;\">\n<div id=\"ali-title-AliPostDhMb-bczy2\" style=\"padding: 8px 0; border-bottom: 1px solid #ddd;\"><span style=\"background-color: #ddd; color: #333; font-weight: bold; padding: 8px 10px; line-height: 12px;\">cat\u00e9gories de produits<\/span><\/div>\n<div style=\"padding: 10px 0;\">\n<p><a href=\"https:\/\/abj-medical.en.alibaba.com\/productlist.html?spm=a2700.8304367.topnav.2.72db5366zrev8Y\" target=\"_blank\" rel=\"noopener\"><img decoding=\"async\" data-alt=\"High Quality cheapest foldable power Electric mobility Scooter CE approval\" data-src=\"\" ori-height=\"285\" ori-width=\"750\" src=\"https:\/\/anbanjia.com.cn\/wp-content\/uploads\/2022\/05\/HTB1ERWiSFXXXXasXXXXq6xXFXXXw.jpg\"><img decoding=\"async\" data-alt=\"High Quality cheapest foldable power Electric mobility Scooter CE approval\" data-src=\"\" ori-height=\"241\" ori-width=\"750\" src=\"https:\/\/anbanjia.com.cn\/wp-content\/uploads\/2022\/05\/HTB1TH4ZSFXXXXazXFXXq6xXFXXXm.jpg\"><\/a><\/p>\n<\/p>\n<\/div>\n<\/div>\n<div data-section=\"AliPostDhMb-cancy\" data-section-title=\"certificate\" id=\"ali-anchor-AliPostDhMb-cancy\" style=\"padding-top: 8px;\">\n<div id=\"ali-title-AliPostDhMb-cancy\" style=\"padding: 8px 0; border-bottom: 1px solid #ddd;\"><span style=\"background-color: #ddd; color: #333; font-weight: bold; padding: 8px 10px; line-height: 12px;\">certificat<\/span><\/div>\n<div style=\"padding: 10px 0;\">\n<p><img decoding=\"async\" data-alt=\"High Quality cheapest foldable power Electric mobility Scooter CE approval\" data-src=\"\" ori-height=\"365\" ori-width=\"750\" src=\"https:\/\/anbanjia.com.cn\/wp-content\/uploads\/2022\/05\/HTB1Z1olSpXXXXctXXXXq6xXFXXXu-1.jpg\"> <\/p>\n<\/div>\n<\/div>\n<div data-section=\"AliPostDhMb-09wvi\" data-section-title=\"company information\" id=\"ali-anchor-AliPostDhMb-09wvi\" style=\"padding-top: 8px;\">\n<div id=\"ali-title-AliPostDhMb-09wvi\" style=\"padding: 8px 0; border-bottom: 1px solid #ddd;\"><span style=\"background-color: #ddd; color: #333; font-weight: bold; padding: 8px 10px; line-height: 12px;\">Informations sur la soci\u00e9t\u00e9<\/span><\/div>\n<div style=\"padding: 10px 0;\">\n<p><img decoding=\"async\" data-alt=\"High Quality cheapest foldable power Electric mobility Scooter CE approval\" data-src=\"\" ori-height=\"1857\" ori-width=\"750\" src=\"https:\/\/anbanjia.com.cn\/wp-content\/uploads\/2022\/05\/HTB1MME3SpXXXXbJaXXXq6xXFXXXA-1.jpg\"> <\/p>\n<\/div>\n<\/div>\n<div data-section=\"AliPostDhMb-ib5d3\" data-section-title=\"contact us\" id=\"ali-anchor-AliPostDhMb-ib5d3\" style=\"padding-top: 8px;\">\n<div id=\"ali-title-AliPostDhMb-ib5d3\" style=\"padding: 8px 0; border-bottom: 1px solid #ddd;\"><span style=\"background-color: #ddd; color: #333; font-weight: bold; padding: 8px 10px; line-height: 12px;\">Nous contacter<\/span><\/div>\n<div style=\"padding: 10px 0;\">\n<p><a href=\"https:\/\/abj-medical.en.alibaba.com\/contactinfo.html?spm=a2700.8304367.topnav.8.5d239224wxD2sy\" target=\"_blank\" rel=\"noopener\"><img decoding=\"async\" data-alt=\"High Quality cheapest foldable power Electric mobility Scooter CE approval\" data-src=\"\" ori-height=\"278\" ori-width=\"716\" src=\"https:\/\/anbanjia.com.cn\/wp-content\/uploads\/2022\/05\/HTB1XU1rouySBuNjy1zd760PxFXaK-2.png\"> <\/a><\/p>\n<\/div>\n<\/div>\n<\/div>\n","protected":false},"excerpt":{"rendered":"<div style=\"width:auto\">\n<div style=\"min-width: 300px;max-width: 300px;word-wrap: break-word;float: left\">Propri\u00e9t\u00e9s : fournitures de th\u00e9rapie de r\u00e9adaptation. <\/div>\n<div style=\"min-width: 300px;max-width: 300px;word-wrap: break-word;float: left\">Lieu d&rsquo;origine&nbsp;: Guangdong, Chine<\/div>\n<\/p><\/div>\n<div style=\"width:auto\">\n<div style=\"min-width: 300px;max-width: 300px;word-wrap: break-word;float: left\">Nom de marque: anbanjia\/OEM <\/div>\n<div style=\"min-width: 300px;max-width: 300px;word-wrap: break-word;float: left\">Num\u00e9ro de mod\u00e8le : ABJ-3433<\/div>\n<\/p><\/div>\n<div style=\"width:auto\">\n<div style=\"min-width: 300px;max-width: 300px;word-wrap: break-word;float: left\">Type: Trottinettes Handicap\u00e9es <\/div>\n<div style=\"min-width: 300px;max-width: 300px;word-wrap: break-word;float: left\">Capacit\u00e9 du moteur&nbsp;: 250&nbsp;W<\/div>\n<\/p><\/div>\n<div style=\"width:auto\">\n<div style=\"min-width: 300px;max-width: 300px;word-wrap: break-word;float: left\">Vitesse maximale&nbsp;: 8&nbsp;km\/h <\/div>\n<div style=\"min-width: 300px;max-width: 300px;word-wrap: break-word;float: left\">Mat\u00e9riau de la roue&nbsp;: caoutchouc<\/div>\n<\/p><\/div>\n<div style=\"width:auto\">\n<div style=\"min-width: 300px;max-width: 300px;word-wrap: break-word;float: left\">Couleur : Rouge nacr\u00e9, Marron nacr\u00e9 <\/div>\n<div style=\"min-width: 300px;max-width: 300px;word-wrap: break-word;float: left\">Poids (avec batterie) : 55 kg<\/div>\n<\/p><\/div>\n<div style=\"width:auto\">\n<div style=\"min-width: 300px;max-width: 300px;word-wrap: break-word;float: left\">Charge maximale&nbsp;: 120&nbsp;KG <\/div>\n<div style=\"min-width: 300px;max-width: 300px;word-wrap: break-word;float: left\">Taille des pneus : 9 pouces<\/div>\n<\/p><\/div>\n<div style=\"width:auto\">\n<div style=\"min-width: 300px;max-width: 300px;word-wrap: break-word;float: left\">Mat\u00e9riau du corps : acier + plastique. <\/div>\n<div style=\"min-width: 300px;max-width: 300px;word-wrap: break-word;float: left\">Capacit\u00e9 du r\u00e9servoir : batterie 24 V\/20 Ah\/2.<\/div>\n<\/p><\/div>\n","protected":false},"featured_media":8720,"comment_status":"closed","ping_status":"closed","template":"","meta":[],"product_cat":[117],"product_tag":[],"class_list":["post-8571","product","type-product","status-publish","has-post-thumbnail","hentry","product_cat-trottinette-pour-personnes-agees"],"_links":{"self":[{"href":"https:\/\/anbanjia.com.cn\/fr\/wp-json\/wp\/v2\/product\/8571","targetHints":{"allow":["GET"]}}],"collection":[{"href":"https:\/\/anbanjia.com.cn\/fr\/wp-json\/wp\/v2\/product"}],"about":[{"href":"https:\/\/anbanjia.com.cn\/fr\/wp-json\/wp\/v2\/types\/product"}],"replies":[{"embeddable":true,"href":"https:\/\/anbanjia.com.cn\/fr\/wp-json\/wp\/v2\/comments?post=8571"}],"wp:featuredmedia":[{"embeddable":true,"href":"https:\/\/anbanjia.com.cn\/fr\/wp-json\/wp\/v2\/media\/8720"}],"wp:attachment":[{"href":"https:\/\/anbanjia.com.cn\/fr\/wp-json\/wp\/v2\/media?parent=8571"}],"wp:term":[{"taxonomy":"product_cat","embeddable":true,"href":"https:\/\/anbanjia.com.cn\/fr\/wp-json\/wp\/v2\/product_cat?post=8571"},{"taxonomy":"product_tag","embeddable":true,"href":"https:\/\/anbanjia.com.cn\/fr\/wp-json\/wp\/v2\/product_tag?post=8571"}],"curies":[{"name":"wp","href":"https:\/\/api.w.org\/{rel}","templated":true}]}}