{"id":13740,"date":"2022-06-27T07:42:47","date_gmt":"2022-06-27T07:42:47","guid":{"rendered":"https:\/\/www.anbanjia.com.cn\/product\/ceinture-de-soutien-lombaire-medicale-respirante-ceinture-de-soutien-de-la-taille-inferieure-ceinture-de-soutien-de-la-colonne-vertebrale-du-bas-du-dos\/"},"modified":"2022-07-08T08:56:47","modified_gmt":"2022-07-08T08:56:47","slug":"ceinture-soutien-lombaire-medical-respirant-courroie-soutien-abaisse-taille-courroie-sous-dos-courroie-douleur","status":"publish","type":"product","link":"https:\/\/anbanjia.com.cn\/fr\/produit\/ceinture-soutien-lombaire-medical-respirant-courroie-soutien-abaisse-taille-courroie-sous-dos-courroie-douleur\/","title":{"rendered":"Ceinture de soutien lombaire m\u00e9dicale respirante Ceinture de soutien de la taille inf\u00e9rieure Ceinture de soutien de la colonne vert\u00e9brale du bas du dos"},"content":{"rendered":"<p>1.peut augmenter la pression abdominale.<br \/>\n2.\u00e9tirer la colonne vert\u00e9brale, conception transversale en forme de X, pour r\u00e9soudre le probl\u00e8me du non-ajustement, maintien en place, et obtenir un meilleur effet de protection de la taille.<br \/>\n3. nouvelle mise \u00e0 niveau, trois supports<br \/>\n4. trois joints \u00e0 choisir : a. Joint auto-chauffant b. Garniture respirante pour sac \u00e0 m\u00e9dicaments c.Coussin thermique en polaire corallienne<br \/>\n5.support solide, r\u00e9duit le stress de la colonne lombaire pour soulager efficacement la pression.<\/p>\n<p><img decoding=\"async\" class=\"size-full wp-image-13518 aligncenter\" src=\"https:\/\/anbanjia.com.cn\/wp-content\/uploads\/2022\/06\/OK.jpg\" alt=\"alt\" width=\"800\" height=\"800\" srcset=\"https:\/\/anbanjia.com.cn\/wp-content\/uploads\/2022\/06\/OK.jpg 800w, https:\/\/anbanjia.com.cn\/wp-content\/uploads\/2022\/06\/OK-150x150.jpg 150w, https:\/\/anbanjia.com.cn\/wp-content\/uploads\/2022\/06\/OK-768x768.jpg 768w, https:\/\/anbanjia.com.cn\/wp-content\/uploads\/2022\/06\/OK-300x300.jpg 300w, https:\/\/anbanjia.com.cn\/wp-content\/uploads\/2022\/06\/OK-600x600.jpg 600w, https:\/\/anbanjia.com.cn\/wp-content\/uploads\/2022\/06\/OK-100x100.jpg 100w\" sizes=\"(max-width: 800px) 100vw, 800px\" \/><\/p>\n<p><img decoding=\"async\" class=\"size-full wp-image-13520 aligncenter\" src=\"https:\/\/anbanjia.com.cn\/wp-content\/uploads\/2022\/06\/OK%C2%B75.jpg\" alt=\"alt\" width=\"790\" height=\"353\"><\/p>\n<p><img decoding=\"async\" class=\"size-full wp-image-13524 aligncenter\" src=\"https:\/\/anbanjia.com.cn\/wp-content\/uploads\/2022\/06\/OK1-2.jpg\" alt=\"alt\" width=\"790\" height=\"998\" srcset=\"https:\/\/anbanjia.com.cn\/wp-content\/uploads\/2022\/06\/OK1-2.jpg 790w, https:\/\/anbanjia.com.cn\/wp-content\/uploads\/2022\/06\/OK1-2-768x970.jpg 768w, https:\/\/anbanjia.com.cn\/wp-content\/uploads\/2022\/06\/OK1-2-600x758.jpg 600w\" sizes=\"(max-width: 790px) 100vw, 790px\" \/><\/p>\n<p><img decoding=\"async\" class=\"size-full wp-image-13530 aligncenter\" src=\"https:\/\/anbanjia.com.cn\/wp-content\/uploads\/2022\/06\/OK2-3.jpg\" alt=\"alt\" width=\"790\" height=\"1102\" srcset=\"https:\/\/anbanjia.com.cn\/wp-content\/uploads\/2022\/06\/OK2-3.jpg 790w, https:\/\/anbanjia.com.cn\/wp-content\/uploads\/2022\/06\/OK2-3-768x1071.jpg 768w, https:\/\/anbanjia.com.cn\/wp-content\/uploads\/2022\/06\/OK2-3-600x837.jpg 600w\" sizes=\"(max-width: 790px) 100vw, 790px\" \/><\/p>\n<p><img decoding=\"async\" class=\"size-full wp-image-13533 aligncenter\" src=\"https:\/\/anbanjia.com.cn\/wp-content\/uploads\/2022\/06\/OK4-2.jpg\" alt=\"alt\" width=\"790\" height=\"541\" srcset=\"https:\/\/anbanjia.com.cn\/wp-content\/uploads\/2022\/06\/OK4-2.jpg 790w, https:\/\/anbanjia.com.cn\/wp-content\/uploads\/2022\/06\/OK4-2-768x526.jpg 768w, https:\/\/anbanjia.com.cn\/wp-content\/uploads\/2022\/06\/OK4-2-600x411.jpg 600w\" sizes=\"(max-width: 790px) 100vw, 790px\" \/><\/p>\n<p><img decoding=\"async\" class=\"size-full wp-image-13536 aligncenter\" src=\"https:\/\/anbanjia.com.cn\/wp-content\/uploads\/2022\/06\/OK5-2.jpg\" alt=\"alt\" width=\"790\" height=\"805\" srcset=\"https:\/\/anbanjia.com.cn\/wp-content\/uploads\/2022\/06\/OK5-2.jpg 790w, https:\/\/anbanjia.com.cn\/wp-content\/uploads\/2022\/06\/OK5-2-768x783.jpg 768w, https:\/\/anbanjia.com.cn\/wp-content\/uploads\/2022\/06\/OK5-2-600x611.jpg 600w\" sizes=\"(max-width: 790px) 100vw, 790px\" \/><\/p>\n<p><img decoding=\"async\" class=\"size-full wp-image-13539 aligncenter\" src=\"https:\/\/anbanjia.com.cn\/wp-content\/uploads\/2022\/06\/OK6-2.jpg\" alt=\"alt\" width=\"790\" height=\"558\" srcset=\"https:\/\/anbanjia.com.cn\/wp-content\/uploads\/2022\/06\/OK6-2.jpg 790w, https:\/\/anbanjia.com.cn\/wp-content\/uploads\/2022\/06\/OK6-2-768x542.jpg 768w, https:\/\/anbanjia.com.cn\/wp-content\/uploads\/2022\/06\/OK6-2-600x424.jpg 600w\" sizes=\"(max-width: 790px) 100vw, 790px\" \/><\/p>\n<p><img decoding=\"async\" class=\"size-full wp-image-13542 aligncenter\" src=\"https:\/\/anbanjia.com.cn\/wp-content\/uploads\/2022\/06\/OK8-1.jpg\" alt=\"alt\" width=\"790\" height=\"521\" srcset=\"https:\/\/anbanjia.com.cn\/wp-content\/uploads\/2022\/06\/OK8-1.jpg 790w, https:\/\/anbanjia.com.cn\/wp-content\/uploads\/2022\/06\/OK8-1-768x506.jpg 768w, https:\/\/anbanjia.com.cn\/wp-content\/uploads\/2022\/06\/OK8-1-600x396.jpg 600w\" sizes=\"(max-width: 790px) 100vw, 790px\" \/><\/p>\n<p><img decoding=\"async\" class=\"size-full wp-image-13545 aligncenter\" src=\"https:\/\/anbanjia.com.cn\/wp-content\/uploads\/2022\/06\/OK9-2.jpg\" alt=\"alt\" width=\"790\" height=\"587\" srcset=\"https:\/\/anbanjia.com.cn\/wp-content\/uploads\/2022\/06\/OK9-2.jpg 790w, https:\/\/anbanjia.com.cn\/wp-content\/uploads\/2022\/06\/OK9-2-768x571.jpg 768w, https:\/\/anbanjia.com.cn\/wp-content\/uploads\/2022\/06\/OK9-2-600x446.jpg 600w\" sizes=\"(max-width: 790px) 100vw, 790px\" \/> <img decoding=\"async\" class=\"size-full wp-image-13548 aligncenter\" src=\"https:\/\/anbanjia.com.cn\/wp-content\/uploads\/2022\/06\/OK10-2.jpg\" alt=\"alt\" width=\"790\" height=\"435\" srcset=\"https:\/\/anbanjia.com.cn\/wp-content\/uploads\/2022\/06\/OK10-2.jpg 790w, https:\/\/anbanjia.com.cn\/wp-content\/uploads\/2022\/06\/OK10-2-768x423.jpg 768w, https:\/\/anbanjia.com.cn\/wp-content\/uploads\/2022\/06\/OK10-2-600x330.jpg 600w\" sizes=\"(max-width: 790px) 100vw, 790px\" \/><\/p>\n<p><img decoding=\"async\" class=\"size-full wp-image-13551 aligncenter\" src=\"https:\/\/anbanjia.com.cn\/wp-content\/uploads\/2022\/06\/OK12-1.jpg\" alt=\"alt\" width=\"790\" height=\"640\" srcset=\"https:\/\/anbanjia.com.cn\/wp-content\/uploads\/2022\/06\/OK12-1.jpg 790w, https:\/\/anbanjia.com.cn\/wp-content\/uploads\/2022\/06\/OK12-1-768x622.jpg 768w, https:\/\/anbanjia.com.cn\/wp-content\/uploads\/2022\/06\/OK12-1-600x486.jpg 600w\" sizes=\"(max-width: 790px) 100vw, 790px\" \/><\/p>\n<p><img decoding=\"async\" class=\"size-full wp-image-13554 aligncenter\" src=\"https:\/\/anbanjia.com.cn\/wp-content\/uploads\/2022\/06\/OK13-2.jpg\" alt=\"alt\" width=\"790\" height=\"573\" srcset=\"https:\/\/anbanjia.com.cn\/wp-content\/uploads\/2022\/06\/OK13-2.jpg 790w, https:\/\/anbanjia.com.cn\/wp-content\/uploads\/2022\/06\/OK13-2-768x557.jpg 768w, https:\/\/anbanjia.com.cn\/wp-content\/uploads\/2022\/06\/OK13-2-600x435.jpg 600w\" sizes=\"(max-width: 790px) 100vw, 790px\" \/><\/p>\n<p><img decoding=\"async\" class=\"size-full wp-image-13557 aligncenter\" src=\"https:\/\/anbanjia.com.cn\/wp-content\/uploads\/2022\/06\/OK14.jpg\" alt=\"alt\" width=\"790\" height=\"722\" srcset=\"https:\/\/anbanjia.com.cn\/wp-content\/uploads\/2022\/06\/OK14.jpg 790w, https:\/\/anbanjia.com.cn\/wp-content\/uploads\/2022\/06\/OK14-768x702.jpg 768w, https:\/\/anbanjia.com.cn\/wp-content\/uploads\/2022\/06\/OK14-600x548.jpg 600w\" sizes=\"(max-width: 790px) 100vw, 790px\" \/><\/p>\n<p><img decoding=\"async\" class=\"size-full wp-image-13560 aligncenter\" src=\"https:\/\/anbanjia.com.cn\/wp-content\/uploads\/2022\/06\/OK15.jpg\" alt=\"alt\" width=\"790\" height=\"759\" srcset=\"https:\/\/anbanjia.com.cn\/wp-content\/uploads\/2022\/06\/OK15.jpg 790w, https:\/\/anbanjia.com.cn\/wp-content\/uploads\/2022\/06\/OK15-768x738.jpg 768w, https:\/\/anbanjia.com.cn\/wp-content\/uploads\/2022\/06\/OK15-600x576.jpg 600w\" sizes=\"(max-width: 790px) 100vw, 790px\" \/> <img decoding=\"async\" class=\"size-full wp-image-13563 aligncenter\" src=\"https:\/\/anbanjia.com.cn\/wp-content\/uploads\/2022\/06\/OK16.jpg\" alt=\"alt\" width=\"790\" height=\"744\" srcset=\"https:\/\/anbanjia.com.cn\/wp-content\/uploads\/2022\/06\/OK16.jpg 790w, https:\/\/anbanjia.com.cn\/wp-content\/uploads\/2022\/06\/OK16-768x723.jpg 768w, https:\/\/anbanjia.com.cn\/wp-content\/uploads\/2022\/06\/OK16-600x565.jpg 600w\" sizes=\"(max-width: 790px) 100vw, 790px\" \/><\/p>\n<p><img decoding=\"async\" class=\"size-full wp-image-13566 aligncenter\" src=\"https:\/\/anbanjia.com.cn\/wp-content\/uploads\/2022\/06\/OK17.jpg\" alt=\"alt\" width=\"790\" height=\"409\" srcset=\"https:\/\/anbanjia.com.cn\/wp-content\/uploads\/2022\/06\/OK17.jpg 790w, https:\/\/anbanjia.com.cn\/wp-content\/uploads\/2022\/06\/OK17-768x398.jpg 768w, https:\/\/anbanjia.com.cn\/wp-content\/uploads\/2022\/06\/OK17-600x311.jpg 600w\" sizes=\"(max-width: 790px) 100vw, 790px\" \/><\/p>\n<p><img decoding=\"async\" class=\"size-full wp-image-13569 aligncenter\" src=\"https:\/\/anbanjia.com.cn\/wp-content\/uploads\/2022\/06\/OK18.jpg\" alt=\"alt\" width=\"790\" height=\"727\" srcset=\"https:\/\/anbanjia.com.cn\/wp-content\/uploads\/2022\/06\/OK18.jpg 790w, https:\/\/anbanjia.com.cn\/wp-content\/uploads\/2022\/06\/OK18-768x707.jpg 768w, https:\/\/anbanjia.com.cn\/wp-content\/uploads\/2022\/06\/OK18-600x552.jpg 600w\" sizes=\"(max-width: 790px) 100vw, 790px\" \/><\/p>\n","protected":false},"excerpt":{"rendered":"<p>Support lombaire Thermal Slim Ceinture lombaire orthop\u00e9dique \u00e0 plaque d&rsquo;acier pour le soutien de la taille.<\/p>\n","protected":false},"featured_media":13530,"comment_status":"closed","ping_status":"closed","template":"","meta":[],"product_cat":[220,221],"product_tag":[271,272],"class_list":["post-13740","product","type-product","status-publish","has-post-thumbnail","hentry","product_cat-equipement-de-protection-medicale","product_cat-soutien-de-la-taille","product_tag-ceinture-contre-les-douleurs-dorsales","product_tag-ceinture-de-soutien-lombaire"],"_links":{"self":[{"href":"https:\/\/anbanjia.com.cn\/fr\/wp-json\/wp\/v2\/product\/13740","targetHints":{"allow":["GET"]}}],"collection":[{"href":"https:\/\/anbanjia.com.cn\/fr\/wp-json\/wp\/v2\/product"}],"about":[{"href":"https:\/\/anbanjia.com.cn\/fr\/wp-json\/wp\/v2\/types\/product"}],"replies":[{"embeddable":true,"href":"https:\/\/anbanjia.com.cn\/fr\/wp-json\/wp\/v2\/comments?post=13740"}],"wp:featuredmedia":[{"embeddable":true,"href":"https:\/\/anbanjia.com.cn\/fr\/wp-json\/wp\/v2\/media\/13530"}],"wp:attachment":[{"href":"https:\/\/anbanjia.com.cn\/fr\/wp-json\/wp\/v2\/media?parent=13740"}],"wp:term":[{"taxonomy":"product_cat","embeddable":true,"href":"https:\/\/anbanjia.com.cn\/fr\/wp-json\/wp\/v2\/product_cat?post=13740"},{"taxonomy":"product_tag","embeddable":true,"href":"https:\/\/anbanjia.com.cn\/fr\/wp-json\/wp\/v2\/product_tag?post=13740"}],"curies":[{"name":"wp","href":"https:\/\/api.w.org\/{rel}","templated":true}]}}