{"id":13733,"date":"2022-06-28T03:39:08","date_gmt":"2022-06-28T03:39:08","guid":{"rendered":"https:\/\/www.anbanjia.com.cn\/product\/ceinture-de-fixation-lombaire-de-haute-qualite-renforce-la-ceinture-de-respiration-vertebres-lombaires-avec-acier\/"},"modified":"2022-06-28T03:39:08","modified_gmt":"2022-06-28T03:39:08","slug":"ceinture-fixation-lombaire-de-haute-qualite-renforcee-avec-garde-taille-vertebre-lombaire-avec-acier","status":"publish","type":"product","link":"https:\/\/anbanjia.com.cn\/fr\/produit\/ceinture-fixation-lombaire-de-haute-qualite-renforcee-avec-garde-taille-vertebre-lombaire-avec-acier\/","title":{"rendered":"Ceinture de fixation lombaire de haute qualit\u00e9 renforce la ceinture de respiration Vert\u00e9bres lombaires avec acier"},"content":{"rendered":"<p>Support tridimensionnel complet \u00e0 360<br \/>\nSimuler la courbe des vert\u00e8bres lombaires humaines, se rapprocher du bas du dos et disperser les vert\u00e8bres lombaires.<br \/>\nPression, \u00e9cartement du disque lombaire<\/p>\n<p><img decoding=\"async\" class=\"size-full wp-image-13660 aligncenter\" src=\"https:\/\/anbanjia.com.cn\/wp-content\/uploads\/2022\/06\/OK1-4.jpg\" alt=\"\" width=\"800\" height=\"800\" srcset=\"https:\/\/anbanjia.com.cn\/wp-content\/uploads\/2022\/06\/OK1-4.jpg 800w, https:\/\/anbanjia.com.cn\/wp-content\/uploads\/2022\/06\/OK1-4-150x150.jpg 150w, https:\/\/anbanjia.com.cn\/wp-content\/uploads\/2022\/06\/OK1-4-768x768.jpg 768w, https:\/\/anbanjia.com.cn\/wp-content\/uploads\/2022\/06\/OK1-4-300x300.jpg 300w, https:\/\/anbanjia.com.cn\/wp-content\/uploads\/2022\/06\/OK1-4-600x600.jpg 600w, https:\/\/anbanjia.com.cn\/wp-content\/uploads\/2022\/06\/OK1-4-100x100.jpg 100w\" sizes=\"(max-width: 800px) 100vw, 800px\" \/><\/p>\n<p><img decoding=\"async\" class=\"size-full wp-image-13663 aligncenter\" src=\"https:\/\/anbanjia.com.cn\/wp-content\/uploads\/2022\/06\/OK3-4.jpg\" alt=\"\" width=\"790\" height=\"790\" srcset=\"https:\/\/anbanjia.com.cn\/wp-content\/uploads\/2022\/06\/OK3-4.jpg 790w, https:\/\/anbanjia.com.cn\/wp-content\/uploads\/2022\/06\/OK3-4-150x150.jpg 150w, https:\/\/anbanjia.com.cn\/wp-content\/uploads\/2022\/06\/OK3-4-768x768.jpg 768w, https:\/\/anbanjia.com.cn\/wp-content\/uploads\/2022\/06\/OK3-4-300x300.jpg 300w, https:\/\/anbanjia.com.cn\/wp-content\/uploads\/2022\/06\/OK3-4-600x600.jpg 600w, https:\/\/anbanjia.com.cn\/wp-content\/uploads\/2022\/06\/OK3-4-100x100.jpg 100w\" sizes=\"(max-width: 790px) 100vw, 790px\" \/><\/p>\n<p><img decoding=\"async\" class=\"size-full wp-image-13666 aligncenter\" src=\"https:\/\/anbanjia.com.cn\/wp-content\/uploads\/2022\/06\/OK5-5.jpg\" alt=\"\" width=\"800\" height=\"800\" srcset=\"https:\/\/anbanjia.com.cn\/wp-content\/uploads\/2022\/06\/OK5-5.jpg 800w, https:\/\/anbanjia.com.cn\/wp-content\/uploads\/2022\/06\/OK5-5-150x150.jpg 150w, https:\/\/anbanjia.com.cn\/wp-content\/uploads\/2022\/06\/OK5-5-768x768.jpg 768w, https:\/\/anbanjia.com.cn\/wp-content\/uploads\/2022\/06\/OK5-5-300x300.jpg 300w, https:\/\/anbanjia.com.cn\/wp-content\/uploads\/2022\/06\/OK5-5-600x600.jpg 600w, https:\/\/anbanjia.com.cn\/wp-content\/uploads\/2022\/06\/OK5-5-100x100.jpg 100w\" sizes=\"(max-width: 800px) 100vw, 800px\" \/><\/p>\n<p><img decoding=\"async\" class=\"size-full wp-image-13669 aligncenter\" src=\"https:\/\/anbanjia.com.cn\/wp-content\/uploads\/2022\/06\/OK6-5.jpg\" alt=\"\" width=\"790\" height=\"686\" srcset=\"https:\/\/anbanjia.com.cn\/wp-content\/uploads\/2022\/06\/OK6-5.jpg 790w, https:\/\/anbanjia.com.cn\/wp-content\/uploads\/2022\/06\/OK6-5-768x667.jpg 768w, https:\/\/anbanjia.com.cn\/wp-content\/uploads\/2022\/06\/OK6-5-600x521.jpg 600w\" sizes=\"(max-width: 790px) 100vw, 790px\" \/><\/p>\n<p><img decoding=\"async\" class=\"size-full wp-image-13672 aligncenter\" src=\"https:\/\/anbanjia.com.cn\/wp-content\/uploads\/2022\/06\/OK7-4.jpg\" alt=\"\" width=\"790\" height=\"594\" srcset=\"https:\/\/anbanjia.com.cn\/wp-content\/uploads\/2022\/06\/OK7-4.jpg 790w, https:\/\/anbanjia.com.cn\/wp-content\/uploads\/2022\/06\/OK7-4-768x577.jpg 768w, https:\/\/anbanjia.com.cn\/wp-content\/uploads\/2022\/06\/OK7-4-600x451.jpg 600w\" sizes=\"(max-width: 790px) 100vw, 790px\" \/><\/p>\n<p><img decoding=\"async\" class=\"size-full wp-image-13675 aligncenter\" src=\"https:\/\/anbanjia.com.cn\/wp-content\/uploads\/2022\/06\/ok8.png\" alt=\"\" width=\"790\" height=\"823\" srcset=\"https:\/\/anbanjia.com.cn\/wp-content\/uploads\/2022\/06\/ok8.png 790w, https:\/\/anbanjia.com.cn\/wp-content\/uploads\/2022\/06\/ok8-768x800.png 768w, https:\/\/anbanjia.com.cn\/wp-content\/uploads\/2022\/06\/ok8-600x625.png 600w\" sizes=\"(max-width: 790px) 100vw, 790px\" \/><\/p>\n<p><img decoding=\"async\" class=\"size-full wp-image-13678 aligncenter\" src=\"https:\/\/anbanjia.com.cn\/wp-content\/uploads\/2022\/06\/ok9-5.jpg\" alt=\"\" width=\"789\" height=\"818\" srcset=\"https:\/\/anbanjia.com.cn\/wp-content\/uploads\/2022\/06\/ok9-5.jpg 789w, https:\/\/anbanjia.com.cn\/wp-content\/uploads\/2022\/06\/ok9-5-768x796.jpg 768w, https:\/\/anbanjia.com.cn\/wp-content\/uploads\/2022\/06\/ok9-5-600x622.jpg 600w\" sizes=\"(max-width: 789px) 100vw, 789px\" \/><\/p>\n<p><img decoding=\"async\" class=\"size-full wp-image-13681 aligncenter\" src=\"https:\/\/anbanjia.com.cn\/wp-content\/uploads\/2022\/06\/ok10-5.jpg\" alt=\"\" width=\"790\" height=\"717\" srcset=\"https:\/\/anbanjia.com.cn\/wp-content\/uploads\/2022\/06\/ok10-5.jpg 790w, https:\/\/anbanjia.com.cn\/wp-content\/uploads\/2022\/06\/ok10-5-768x697.jpg 768w, https:\/\/anbanjia.com.cn\/wp-content\/uploads\/2022\/06\/ok10-5-600x545.jpg 600w\" sizes=\"(max-width: 790px) 100vw, 790px\" \/><\/p>\n<p><img decoding=\"async\" class=\"size-full wp-image-13684 aligncenter\" src=\"https:\/\/anbanjia.com.cn\/wp-content\/uploads\/2022\/06\/ok11-3.jpg\" alt=\"\" width=\"788\" height=\"764\" srcset=\"https:\/\/anbanjia.com.cn\/wp-content\/uploads\/2022\/06\/ok11-3.jpg 788w, https:\/\/anbanjia.com.cn\/wp-content\/uploads\/2022\/06\/ok11-3-768x745.jpg 768w, https:\/\/anbanjia.com.cn\/wp-content\/uploads\/2022\/06\/ok11-3-600x582.jpg 600w\" sizes=\"(max-width: 788px) 100vw, 788px\" \/><\/p>\n<p><img decoding=\"async\" class=\"size-full wp-image-13654 aligncenter\" src=\"https:\/\/anbanjia.com.cn\/wp-content\/uploads\/2022\/06\/ok-12.jpg\" alt=\"\" width=\"790\" height=\"790\" srcset=\"https:\/\/anbanjia.com.cn\/wp-content\/uploads\/2022\/06\/ok-12.jpg 790w, https:\/\/anbanjia.com.cn\/wp-content\/uploads\/2022\/06\/ok-12-150x150.jpg 150w, https:\/\/anbanjia.com.cn\/wp-content\/uploads\/2022\/06\/ok-12-768x768.jpg 768w, https:\/\/anbanjia.com.cn\/wp-content\/uploads\/2022\/06\/ok-12-300x300.jpg 300w, https:\/\/anbanjia.com.cn\/wp-content\/uploads\/2022\/06\/ok-12-600x600.jpg 600w, https:\/\/anbanjia.com.cn\/wp-content\/uploads\/2022\/06\/ok-12-100x100.jpg 100w\" sizes=\"(max-width: 790px) 100vw, 790px\" \/><\/p>\n<p><img decoding=\"async\" class=\"size-full wp-image-13687 aligncenter\" src=\"https:\/\/anbanjia.com.cn\/wp-content\/uploads\/2022\/06\/ok14-1.jpg\" alt=\"\" width=\"788\" height=\"1067\" srcset=\"https:\/\/anbanjia.com.cn\/wp-content\/uploads\/2022\/06\/ok14-1.jpg 788w, https:\/\/anbanjia.com.cn\/wp-content\/uploads\/2022\/06\/ok14-1-768x1040.jpg 768w, https:\/\/anbanjia.com.cn\/wp-content\/uploads\/2022\/06\/ok14-1-600x812.jpg 600w\" sizes=\"(max-width: 788px) 100vw, 788px\" \/><\/p>\n<p><img decoding=\"async\" class=\"size-full wp-image-13690 aligncenter\" src=\"https:\/\/anbanjia.com.cn\/wp-content\/uploads\/2022\/06\/OK16-1.jpg\" alt=\"\" width=\"790\" height=\"350\" srcset=\"https:\/\/anbanjia.com.cn\/wp-content\/uploads\/2022\/06\/OK16-1.jpg 790w, https:\/\/anbanjia.com.cn\/wp-content\/uploads\/2022\/06\/OK16-1-768x340.jpg 768w, https:\/\/anbanjia.com.cn\/wp-content\/uploads\/2022\/06\/OK16-1-600x266.jpg 600w\" sizes=\"(max-width: 790px) 100vw, 790px\" \/><\/p>\n<p><img decoding=\"async\" class=\"size-full wp-image-13693 aligncenter\" src=\"https:\/\/anbanjia.com.cn\/wp-content\/uploads\/2022\/06\/ok17-1.jpg\" alt=\"\" width=\"800\" height=\"800\" srcset=\"https:\/\/anbanjia.com.cn\/wp-content\/uploads\/2022\/06\/ok17-1.jpg 800w, https:\/\/anbanjia.com.cn\/wp-content\/uploads\/2022\/06\/ok17-1-150x150.jpg 150w, https:\/\/anbanjia.com.cn\/wp-content\/uploads\/2022\/06\/ok17-1-768x768.jpg 768w, https:\/\/anbanjia.com.cn\/wp-content\/uploads\/2022\/06\/ok17-1-300x300.jpg 300w, https:\/\/anbanjia.com.cn\/wp-content\/uploads\/2022\/06\/ok17-1-600x600.jpg 600w, https:\/\/anbanjia.com.cn\/wp-content\/uploads\/2022\/06\/ok17-1-100x100.jpg 100w\" sizes=\"(max-width: 800px) 100vw, 800px\" \/><\/p>\n<p><img decoding=\"async\" class=\"size-full wp-image-13696 aligncenter\" src=\"https:\/\/anbanjia.com.cn\/wp-content\/uploads\/2022\/06\/ok18-1.jpg\" alt=\"\" width=\"790\" height=\"1084\" srcset=\"https:\/\/anbanjia.com.cn\/wp-content\/uploads\/2022\/06\/ok18-1.jpg 790w, https:\/\/anbanjia.com.cn\/wp-content\/uploads\/2022\/06\/ok18-1-768x1054.jpg 768w, https:\/\/anbanjia.com.cn\/wp-content\/uploads\/2022\/06\/ok18-1-600x823.jpg 600w\" sizes=\"(max-width: 790px) 100vw, 790px\" \/><\/p>\n<p><img decoding=\"async\" class=\"size-full wp-image-13699 aligncenter\" src=\"https:\/\/anbanjia.com.cn\/wp-content\/uploads\/2022\/06\/ok19.jpg\" alt=\"\" width=\"790\" height=\"790\" srcset=\"https:\/\/anbanjia.com.cn\/wp-content\/uploads\/2022\/06\/ok19.jpg 790w, https:\/\/anbanjia.com.cn\/wp-content\/uploads\/2022\/06\/ok19-150x150.jpg 150w, https:\/\/anbanjia.com.cn\/wp-content\/uploads\/2022\/06\/ok19-768x768.jpg 768w, https:\/\/anbanjia.com.cn\/wp-content\/uploads\/2022\/06\/ok19-300x300.jpg 300w, https:\/\/anbanjia.com.cn\/wp-content\/uploads\/2022\/06\/ok19-600x600.jpg 600w, https:\/\/anbanjia.com.cn\/wp-content\/uploads\/2022\/06\/ok19-100x100.jpg 100w\" sizes=\"(max-width: 790px) 100vw, 790px\" \/><\/p>\n<p>&nbsp;<\/p>\n<div style=\"width: 720px;\" class=\"wp-video\"><video class=\"wp-video-shortcode\" id=\"video-13733-1\" width=\"720\" height=\"720\" preload=\"metadata\" controls=\"controls\"><source type=\"video\/mp4\" src=\"https:\/\/anbanjia.com.cn\/wp-content\/uploads\/2022\/06\/46.mp4?_=1\" \/><a href=\"https:\/\/anbanjia.com.cn\/wp-content\/uploads\/2022\/06\/46.mp4\">https:\/\/anbanjia.com.cn\/wp-content\/uploads\/2022\/06\/46.mp4<\/a><\/video><\/div>\n","protected":false},"excerpt":{"rendered":"<p>1. r\u00e9tablir la colonne lombaire \u00e0 26\u00b0.<br \/>\n2. double pressurisation<br \/>\n3. il est utilis\u00e9 en cas de d\u00e9passement\/de flexion excessive.<\/p>\n","protected":false},"featured_media":13699,"comment_status":"closed","ping_status":"closed","template":"","meta":[],"product_cat":[220,221],"product_tag":[252,256],"class_list":["post-13733","product","type-product","status-publish","has-post-thumbnail","hentry","product_cat-equipement-de-protection-medicale","product_cat-soutien-de-la-taille","product_tag-ceinture-de-fixation-lombaire","product_tag-protecteur-des-vertebres-lombaires"],"_links":{"self":[{"href":"https:\/\/anbanjia.com.cn\/fr\/wp-json\/wp\/v2\/product\/13733","targetHints":{"allow":["GET"]}}],"collection":[{"href":"https:\/\/anbanjia.com.cn\/fr\/wp-json\/wp\/v2\/product"}],"about":[{"href":"https:\/\/anbanjia.com.cn\/fr\/wp-json\/wp\/v2\/types\/product"}],"replies":[{"embeddable":true,"href":"https:\/\/anbanjia.com.cn\/fr\/wp-json\/wp\/v2\/comments?post=13733"}],"wp:featuredmedia":[{"embeddable":true,"href":"https:\/\/anbanjia.com.cn\/fr\/wp-json\/wp\/v2\/media\/13699"}],"wp:attachment":[{"href":"https:\/\/anbanjia.com.cn\/fr\/wp-json\/wp\/v2\/media?parent=13733"}],"wp:term":[{"taxonomy":"product_cat","embeddable":true,"href":"https:\/\/anbanjia.com.cn\/fr\/wp-json\/wp\/v2\/product_cat?post=13733"},{"taxonomy":"product_tag","embeddable":true,"href":"https:\/\/anbanjia.com.cn\/fr\/wp-json\/wp\/v2\/product_tag?post=13733"}],"curies":[{"name":"wp","href":"https:\/\/api.w.org\/{rel}","templated":true}]}}