{"id":13730,"date":"2022-06-27T08:00:47","date_gmt":"2022-06-27T08:00:47","guid":{"rendered":"https:\/\/www.anbanjia.com.cn\/product\/soulage-la-pression-de-la-colonne-lombaire-la-ceinture-de-soutien-du-waist-trainer-protege-la-taille-lors-des-exercices\/"},"modified":"2022-06-27T08:00:47","modified_gmt":"2022-06-27T08:00:47","slug":"soulager-la-pression-des-vertebres-lombaires-ceinture-de-soutien-de-la-taille-protege-la-taille-pendant-lexercice","status":"publish","type":"product","link":"https:\/\/anbanjia.com.cn\/fr\/produit\/soulager-la-pression-des-vertebres-lombaires-ceinture-de-soutien-de-la-taille-protege-la-taille-pendant-lexercice\/","title":{"rendered":"Soulage la pression de la colonne lombaire. La ceinture de soutien du waist trainer prot\u00e8ge la taille lors des exercices."},"content":{"rendered":"<p>1. p\u00e2te \u00e0 grande surface, ne glisse pas, adh\u00e8re fermement.<br \/>\n2.Support st\u00e9r\u00e9o 3D du cartilage<br \/>\n3. Soulager la pression de la colonne lombaire<br \/>\n4. prot\u00e8ge la taille pendant l&rsquo;exercice.<\/p>\n<p><img decoding=\"async\" class=\"size-full wp-image-13595 aligncenter\" src=\"https:\/\/anbanjia.com.cn\/wp-content\/uploads\/2022\/06\/ok5-3.jpg\" alt=\"\" width=\"790\" height=\"790\" srcset=\"https:\/\/anbanjia.com.cn\/wp-content\/uploads\/2022\/06\/ok5-3.jpg 790w, https:\/\/anbanjia.com.cn\/wp-content\/uploads\/2022\/06\/ok5-3-150x150.jpg 150w, https:\/\/anbanjia.com.cn\/wp-content\/uploads\/2022\/06\/ok5-3-768x768.jpg 768w, https:\/\/anbanjia.com.cn\/wp-content\/uploads\/2022\/06\/ok5-3-300x300.jpg 300w, https:\/\/anbanjia.com.cn\/wp-content\/uploads\/2022\/06\/ok5-3-600x600.jpg 600w, https:\/\/anbanjia.com.cn\/wp-content\/uploads\/2022\/06\/ok5-3-100x100.jpg 100w\" sizes=\"(max-width: 790px) 100vw, 790px\" \/><\/p>\n<p><img decoding=\"async\" class=\"size-full wp-image-13598 aligncenter\" src=\"https:\/\/anbanjia.com.cn\/wp-content\/uploads\/2022\/06\/OK6-3.jpg\" alt=\"\" width=\"790\" height=\"790\" srcset=\"https:\/\/anbanjia.com.cn\/wp-content\/uploads\/2022\/06\/OK6-3.jpg 790w, https:\/\/anbanjia.com.cn\/wp-content\/uploads\/2022\/06\/OK6-3-150x150.jpg 150w, https:\/\/anbanjia.com.cn\/wp-content\/uploads\/2022\/06\/OK6-3-768x768.jpg 768w, https:\/\/anbanjia.com.cn\/wp-content\/uploads\/2022\/06\/OK6-3-300x300.jpg 300w, https:\/\/anbanjia.com.cn\/wp-content\/uploads\/2022\/06\/OK6-3-600x600.jpg 600w, https:\/\/anbanjia.com.cn\/wp-content\/uploads\/2022\/06\/OK6-3-100x100.jpg 100w\" sizes=\"(max-width: 790px) 100vw, 790px\" \/><\/p>\n<p><img decoding=\"async\" class=\"size-full wp-image-13592 aligncenter\" src=\"https:\/\/anbanjia.com.cn\/wp-content\/uploads\/2022\/06\/OK3-2.jpg\" alt=\"\" width=\"790\" height=\"1006\" srcset=\"https:\/\/anbanjia.com.cn\/wp-content\/uploads\/2022\/06\/OK3-2.jpg 790w, https:\/\/anbanjia.com.cn\/wp-content\/uploads\/2022\/06\/OK3-2-768x978.jpg 768w, https:\/\/anbanjia.com.cn\/wp-content\/uploads\/2022\/06\/OK3-2-600x764.jpg 600w\" sizes=\"(max-width: 790px) 100vw, 790px\" \/><\/p>\n<p><img decoding=\"async\" class=\"size-full wp-image-13601 aligncenter\" src=\"https:\/\/anbanjia.com.cn\/wp-content\/uploads\/2022\/06\/OK7-2.jpg\" alt=\"\" width=\"790\" height=\"1230\" srcset=\"https:\/\/anbanjia.com.cn\/wp-content\/uploads\/2022\/06\/OK7-2.jpg 790w, https:\/\/anbanjia.com.cn\/wp-content\/uploads\/2022\/06\/OK7-2-768x1196.jpg 768w, https:\/\/anbanjia.com.cn\/wp-content\/uploads\/2022\/06\/OK7-2-600x934.jpg 600w\" sizes=\"(max-width: 790px) 100vw, 790px\" \/><\/p>\n<p><img decoding=\"async\" class=\"size-full wp-image-13577 aligncenter\" src=\"https:\/\/anbanjia.com.cn\/wp-content\/uploads\/2022\/06\/O1CN01YwIXrn2DlkdSXInoi_2210735128650-0-cib.jpg\" alt=\"\" width=\"790\" height=\"1399\" srcset=\"https:\/\/anbanjia.com.cn\/wp-content\/uploads\/2022\/06\/O1CN01YwIXrn2DlkdSXInoi_2210735128650-0-cib.jpg 790w, https:\/\/anbanjia.com.cn\/wp-content\/uploads\/2022\/06\/O1CN01YwIXrn2DlkdSXInoi_2210735128650-0-cib-768x1360.jpg 768w, https:\/\/anbanjia.com.cn\/wp-content\/uploads\/2022\/06\/O1CN01YwIXrn2DlkdSXInoi_2210735128650-0-cib-600x1063.jpg 600w\" sizes=\"(max-width: 790px) 100vw, 790px\" \/><\/p>\n<p><img decoding=\"async\" class=\"size-full wp-image-13580 aligncenter\" src=\"https:\/\/anbanjia.com.cn\/wp-content\/uploads\/2022\/06\/OK-1.jpg\" alt=\"\" width=\"790\" height=\"790\" srcset=\"https:\/\/anbanjia.com.cn\/wp-content\/uploads\/2022\/06\/OK-1.jpg 790w, https:\/\/anbanjia.com.cn\/wp-content\/uploads\/2022\/06\/OK-1-150x150.jpg 150w, https:\/\/anbanjia.com.cn\/wp-content\/uploads\/2022\/06\/OK-1-768x768.jpg 768w, https:\/\/anbanjia.com.cn\/wp-content\/uploads\/2022\/06\/OK-1-300x300.jpg 300w, https:\/\/anbanjia.com.cn\/wp-content\/uploads\/2022\/06\/OK-1-600x600.jpg 600w, https:\/\/anbanjia.com.cn\/wp-content\/uploads\/2022\/06\/OK-1-100x100.jpg 100w\" sizes=\"(max-width: 790px) 100vw, 790px\" \/> <img decoding=\"async\" class=\"size-full wp-image-13583 aligncenter\" src=\"https:\/\/anbanjia.com.cn\/wp-content\/uploads\/2022\/06\/ok-4.jpg\" alt=\"\" width=\"790\" height=\"994\" srcset=\"https:\/\/anbanjia.com.cn\/wp-content\/uploads\/2022\/06\/ok-4.jpg 790w, https:\/\/anbanjia.com.cn\/wp-content\/uploads\/2022\/06\/ok-4-768x966.jpg 768w, https:\/\/anbanjia.com.cn\/wp-content\/uploads\/2022\/06\/ok-4-600x755.jpg 600w\" sizes=\"(max-width: 790px) 100vw, 790px\" \/><\/p>\n<p><img decoding=\"async\" class=\"size-full wp-image-13589 aligncenter\" src=\"https:\/\/anbanjia.com.cn\/wp-content\/uploads\/2022\/06\/OK2-4.jpg\" alt=\"\" width=\"790\" height=\"790\" srcset=\"https:\/\/anbanjia.com.cn\/wp-content\/uploads\/2022\/06\/OK2-4.jpg 790w, https:\/\/anbanjia.com.cn\/wp-content\/uploads\/2022\/06\/OK2-4-150x150.jpg 150w, https:\/\/anbanjia.com.cn\/wp-content\/uploads\/2022\/06\/OK2-4-768x768.jpg 768w, https:\/\/anbanjia.com.cn\/wp-content\/uploads\/2022\/06\/OK2-4-300x300.jpg 300w, https:\/\/anbanjia.com.cn\/wp-content\/uploads\/2022\/06\/OK2-4-600x600.jpg 600w, https:\/\/anbanjia.com.cn\/wp-content\/uploads\/2022\/06\/OK2-4-100x100.jpg 100w\" sizes=\"(max-width: 790px) 100vw, 790px\" \/><\/p>\n<p><img decoding=\"async\" class=\"size-full wp-image-13604 aligncenter\" src=\"https:\/\/anbanjia.com.cn\/wp-content\/uploads\/2022\/06\/OK8-2.jpg\" alt=\"\" width=\"790\" height=\"750\" srcset=\"https:\/\/anbanjia.com.cn\/wp-content\/uploads\/2022\/06\/OK8-2.jpg 790w, https:\/\/anbanjia.com.cn\/wp-content\/uploads\/2022\/06\/OK8-2-768x729.jpg 768w, https:\/\/anbanjia.com.cn\/wp-content\/uploads\/2022\/06\/OK8-2-600x570.jpg 600w\" sizes=\"(max-width: 790px) 100vw, 790px\" \/><\/p>\n<p><img decoding=\"async\" class=\"size-full wp-image-13607 aligncenter\" src=\"https:\/\/anbanjia.com.cn\/wp-content\/uploads\/2022\/06\/OK9-3.jpg\" alt=\"\" width=\"800\" height=\"800\" srcset=\"https:\/\/anbanjia.com.cn\/wp-content\/uploads\/2022\/06\/OK9-3.jpg 800w, https:\/\/anbanjia.com.cn\/wp-content\/uploads\/2022\/06\/OK9-3-150x150.jpg 150w, https:\/\/anbanjia.com.cn\/wp-content\/uploads\/2022\/06\/OK9-3-768x768.jpg 768w, https:\/\/anbanjia.com.cn\/wp-content\/uploads\/2022\/06\/OK9-3-300x300.jpg 300w, https:\/\/anbanjia.com.cn\/wp-content\/uploads\/2022\/06\/OK9-3-600x600.jpg 600w, https:\/\/anbanjia.com.cn\/wp-content\/uploads\/2022\/06\/OK9-3-100x100.jpg 100w\" sizes=\"(max-width: 800px) 100vw, 800px\" \/><\/p>\n<p><img decoding=\"async\" class=\"size-full wp-image-13610 aligncenter\" src=\"https:\/\/anbanjia.com.cn\/wp-content\/uploads\/2022\/06\/ok10-3.jpg\" alt=\"\" width=\"789\" height=\"1407\" srcset=\"https:\/\/anbanjia.com.cn\/wp-content\/uploads\/2022\/06\/ok10-3.jpg 789w, https:\/\/anbanjia.com.cn\/wp-content\/uploads\/2022\/06\/ok10-3-768x1370.jpg 768w, https:\/\/anbanjia.com.cn\/wp-content\/uploads\/2022\/06\/ok10-3-600x1070.jpg 600w\" sizes=\"(max-width: 789px) 100vw, 789px\" \/><\/p>\n<p><img decoding=\"async\" class=\"size-full wp-image-13612 aligncenter\" src=\"https:\/\/anbanjia.com.cn\/wp-content\/uploads\/2022\/06\/%E4%B8%BB%E5%9B%BE.jpg\" alt=\"\" width=\"800\" height=\"800\"><\/p>\n","protected":false},"excerpt":{"rendered":"<p>Ceinture de maintien de la taille ajustable pour le sport Gym Sports Slimming Waist Belt (ceinture de maintien de la taille)<\/p>\n","protected":false},"featured_media":13595,"comment_status":"closed","ping_status":"closed","template":"","meta":[],"product_cat":[220,221],"product_tag":[248,250],"class_list":["post-13730","product","type-product","status-publish","has-post-thumbnail","hentry","product_cat-equipement-de-protection-medicale","product_cat-soutien-de-la-taille","product_tag-ceinture-tondeuse-pour-le-sport","product_tag-ceinture-ventrale"],"_links":{"self":[{"href":"https:\/\/anbanjia.com.cn\/fr\/wp-json\/wp\/v2\/product\/13730","targetHints":{"allow":["GET"]}}],"collection":[{"href":"https:\/\/anbanjia.com.cn\/fr\/wp-json\/wp\/v2\/product"}],"about":[{"href":"https:\/\/anbanjia.com.cn\/fr\/wp-json\/wp\/v2\/types\/product"}],"replies":[{"embeddable":true,"href":"https:\/\/anbanjia.com.cn\/fr\/wp-json\/wp\/v2\/comments?post=13730"}],"wp:featuredmedia":[{"embeddable":true,"href":"https:\/\/anbanjia.com.cn\/fr\/wp-json\/wp\/v2\/media\/13595"}],"wp:attachment":[{"href":"https:\/\/anbanjia.com.cn\/fr\/wp-json\/wp\/v2\/media?parent=13730"}],"wp:term":[{"taxonomy":"product_cat","embeddable":true,"href":"https:\/\/anbanjia.com.cn\/fr\/wp-json\/wp\/v2\/product_cat?post=13730"},{"taxonomy":"product_tag","embeddable":true,"href":"https:\/\/anbanjia.com.cn\/fr\/wp-json\/wp\/v2\/product_tag?post=13730"}],"curies":[{"name":"wp","href":"https:\/\/api.w.org\/{rel}","templated":true}]}}