{"id":13725,"date":"2022-06-24T02:41:51","date_gmt":"2022-06-24T02:41:51","guid":{"rendered":"https:\/\/www.anbanjia.com.cn\/product\/prix-dusine-logo-oem-ceinture-de-protection-rotulienne-pour-genoux-de-sport-genouilleres-de-protection\/"},"modified":"2022-06-24T02:41:51","modified_gmt":"2022-06-24T02:41:51","slug":"factory-price-oem-logo-sport-knee-protection-patellar-protective-belt-knee-wraps-brace-2","status":"publish","type":"product","link":"https:\/\/anbanjia.com.cn\/fr\/produit\/factory-price-oem-logo-sport-knee-protection-patellar-protective-belt-knee-wraps-brace-2\/","title":{"rendered":"Prix d&rsquo;usine Logo OEM ceinture de protection rotulienne pour genoux de sport Genouill\u00e8res de protection"},"content":{"rendered":"<p>1. r\u00e9cup\u00e9ration du m\u00e9nisque<br \/>\n2. stabiliser la rotule<br \/>\n3.pr\u00e9venir les tensions ligamentaires<br \/>\n4.prot\u00e9ger les tendons<\/p>\n<p><img decoding=\"async\" class=\"size-full wp-image-13474 aligncenter\" src=\"https:\/\/anbanjia.com.cn\/wp-content\/uploads\/2022\/06\/OK1-1.jpg\" alt=\"\" width=\"790\" height=\"790\" srcset=\"https:\/\/anbanjia.com.cn\/wp-content\/uploads\/2022\/06\/OK1-1.jpg 790w, https:\/\/anbanjia.com.cn\/wp-content\/uploads\/2022\/06\/OK1-1-150x150.jpg 150w, https:\/\/anbanjia.com.cn\/wp-content\/uploads\/2022\/06\/OK1-1-768x768.jpg 768w, https:\/\/anbanjia.com.cn\/wp-content\/uploads\/2022\/06\/OK1-1-300x300.jpg 300w, https:\/\/anbanjia.com.cn\/wp-content\/uploads\/2022\/06\/OK1-1-600x600.jpg 600w, https:\/\/anbanjia.com.cn\/wp-content\/uploads\/2022\/06\/OK1-1-100x100.jpg 100w\" sizes=\"(max-width: 790px) 100vw, 790px\" \/><\/p>\n<p><img decoding=\"async\" class=\"size-full wp-image-13477 aligncenter\" src=\"https:\/\/anbanjia.com.cn\/wp-content\/uploads\/2022\/06\/OK2-1.jpg\" alt=\"\" width=\"790\" height=\"312\" srcset=\"https:\/\/anbanjia.com.cn\/wp-content\/uploads\/2022\/06\/OK2-1.jpg 790w, https:\/\/anbanjia.com.cn\/wp-content\/uploads\/2022\/06\/OK2-1-768x303.jpg 768w, https:\/\/anbanjia.com.cn\/wp-content\/uploads\/2022\/06\/OK2-1-600x237.jpg 600w\" sizes=\"(max-width: 790px) 100vw, 790px\" \/><\/p>\n<p><img decoding=\"async\" class=\"size-full wp-image-13480 aligncenter\" src=\"https:\/\/anbanjia.com.cn\/wp-content\/uploads\/2022\/06\/OK3-1.jpg\" alt=\"\" width=\"790\" height=\"998\" srcset=\"https:\/\/anbanjia.com.cn\/wp-content\/uploads\/2022\/06\/OK3-1.jpg 790w, https:\/\/anbanjia.com.cn\/wp-content\/uploads\/2022\/06\/OK3-1-768x970.jpg 768w, https:\/\/anbanjia.com.cn\/wp-content\/uploads\/2022\/06\/OK3-1-600x758.jpg 600w\" sizes=\"(max-width: 790px) 100vw, 790px\" \/><\/p>\n<p><img decoding=\"async\" class=\"size-full wp-image-13483 aligncenter\" src=\"https:\/\/anbanjia.com.cn\/wp-content\/uploads\/2022\/06\/OK4-1.jpg\" alt=\"\" width=\"790\" height=\"790\" srcset=\"https:\/\/anbanjia.com.cn\/wp-content\/uploads\/2022\/06\/OK4-1.jpg 790w, https:\/\/anbanjia.com.cn\/wp-content\/uploads\/2022\/06\/OK4-1-150x150.jpg 150w, https:\/\/anbanjia.com.cn\/wp-content\/uploads\/2022\/06\/OK4-1-768x768.jpg 768w, https:\/\/anbanjia.com.cn\/wp-content\/uploads\/2022\/06\/OK4-1-300x300.jpg 300w, https:\/\/anbanjia.com.cn\/wp-content\/uploads\/2022\/06\/OK4-1-600x600.jpg 600w, https:\/\/anbanjia.com.cn\/wp-content\/uploads\/2022\/06\/OK4-1-100x100.jpg 100w\" sizes=\"(max-width: 790px) 100vw, 790px\" \/><\/p>\n<p><img decoding=\"async\" class=\"size-full wp-image-13486 aligncenter\" src=\"https:\/\/anbanjia.com.cn\/wp-content\/uploads\/2022\/06\/OK5-1.jpg\" alt=\"\" width=\"790\" height=\"959\" srcset=\"https:\/\/anbanjia.com.cn\/wp-content\/uploads\/2022\/06\/OK5-1.jpg 790w, https:\/\/anbanjia.com.cn\/wp-content\/uploads\/2022\/06\/OK5-1-768x932.jpg 768w, https:\/\/anbanjia.com.cn\/wp-content\/uploads\/2022\/06\/OK5-1-600x728.jpg 600w\" sizes=\"(max-width: 790px) 100vw, 790px\" \/><\/p>\n<p><img decoding=\"async\" class=\"size-full wp-image-13489 aligncenter\" src=\"https:\/\/anbanjia.com.cn\/wp-content\/uploads\/2022\/06\/OK6-1.jpg\" alt=\"\" width=\"790\" height=\"790\" srcset=\"https:\/\/anbanjia.com.cn\/wp-content\/uploads\/2022\/06\/OK6-1.jpg 790w, https:\/\/anbanjia.com.cn\/wp-content\/uploads\/2022\/06\/OK6-1-150x150.jpg 150w, https:\/\/anbanjia.com.cn\/wp-content\/uploads\/2022\/06\/OK6-1-768x768.jpg 768w, https:\/\/anbanjia.com.cn\/wp-content\/uploads\/2022\/06\/OK6-1-300x300.jpg 300w, https:\/\/anbanjia.com.cn\/wp-content\/uploads\/2022\/06\/OK6-1-600x600.jpg 600w, https:\/\/anbanjia.com.cn\/wp-content\/uploads\/2022\/06\/OK6-1-100x100.jpg 100w\" sizes=\"(max-width: 790px) 100vw, 790px\" \/><\/p>\n<p><img decoding=\"async\" class=\"size-full wp-image-13492 aligncenter\" src=\"https:\/\/anbanjia.com.cn\/wp-content\/uploads\/2022\/06\/OK7-1.jpg\" alt=\"\" width=\"790\" height=\"752\" srcset=\"https:\/\/anbanjia.com.cn\/wp-content\/uploads\/2022\/06\/OK7-1.jpg 790w, https:\/\/anbanjia.com.cn\/wp-content\/uploads\/2022\/06\/OK7-1-768x731.jpg 768w, https:\/\/anbanjia.com.cn\/wp-content\/uploads\/2022\/06\/OK7-1-600x571.jpg 600w\" sizes=\"(max-width: 790px) 100vw, 790px\" \/><\/p>\n<p><img decoding=\"async\" class=\"size-full wp-image-13495 aligncenter\" src=\"https:\/\/anbanjia.com.cn\/wp-content\/uploads\/2022\/06\/OK8.jpg\" alt=\"\" width=\"790\" height=\"652\" srcset=\"https:\/\/anbanjia.com.cn\/wp-content\/uploads\/2022\/06\/OK8.jpg 790w, https:\/\/anbanjia.com.cn\/wp-content\/uploads\/2022\/06\/OK8-768x634.jpg 768w, https:\/\/anbanjia.com.cn\/wp-content\/uploads\/2022\/06\/OK8-600x495.jpg 600w\" sizes=\"(max-width: 790px) 100vw, 790px\" \/><\/p>\n<p><img decoding=\"async\" class=\"size-full wp-image-13498 aligncenter\" src=\"https:\/\/anbanjia.com.cn\/wp-content\/uploads\/2022\/06\/OK9-1.jpg\" alt=\"\" width=\"790\" height=\"790\" srcset=\"https:\/\/anbanjia.com.cn\/wp-content\/uploads\/2022\/06\/OK9-1.jpg 790w, https:\/\/anbanjia.com.cn\/wp-content\/uploads\/2022\/06\/OK9-1-150x150.jpg 150w, https:\/\/anbanjia.com.cn\/wp-content\/uploads\/2022\/06\/OK9-1-768x768.jpg 768w, https:\/\/anbanjia.com.cn\/wp-content\/uploads\/2022\/06\/OK9-1-300x300.jpg 300w, https:\/\/anbanjia.com.cn\/wp-content\/uploads\/2022\/06\/OK9-1-600x600.jpg 600w, https:\/\/anbanjia.com.cn\/wp-content\/uploads\/2022\/06\/OK9-1-100x100.jpg 100w\" sizes=\"(max-width: 790px) 100vw, 790px\" \/><\/p>\n<p><img decoding=\"async\" class=\"size-full wp-image-13501 aligncenter\" src=\"https:\/\/anbanjia.com.cn\/wp-content\/uploads\/2022\/06\/OK10-1.jpg\" alt=\"\" width=\"800\" height=\"800\" srcset=\"https:\/\/anbanjia.com.cn\/wp-content\/uploads\/2022\/06\/OK10-1.jpg 800w, https:\/\/anbanjia.com.cn\/wp-content\/uploads\/2022\/06\/OK10-1-150x150.jpg 150w, https:\/\/anbanjia.com.cn\/wp-content\/uploads\/2022\/06\/OK10-1-768x768.jpg 768w, https:\/\/anbanjia.com.cn\/wp-content\/uploads\/2022\/06\/OK10-1-300x300.jpg 300w, https:\/\/anbanjia.com.cn\/wp-content\/uploads\/2022\/06\/OK10-1-600x600.jpg 600w, https:\/\/anbanjia.com.cn\/wp-content\/uploads\/2022\/06\/OK10-1-100x100.jpg 100w\" sizes=\"(max-width: 800px) 100vw, 800px\" \/><\/p>\n<p><img decoding=\"async\" class=\"size-full wp-image-13504 aligncenter\" src=\"https:\/\/anbanjia.com.cn\/wp-content\/uploads\/2022\/06\/OK11-1.jpg\" alt=\"\" width=\"790\" height=\"790\" srcset=\"https:\/\/anbanjia.com.cn\/wp-content\/uploads\/2022\/06\/OK11-1.jpg 790w, https:\/\/anbanjia.com.cn\/wp-content\/uploads\/2022\/06\/OK11-1-150x150.jpg 150w, https:\/\/anbanjia.com.cn\/wp-content\/uploads\/2022\/06\/OK11-1-768x768.jpg 768w, https:\/\/anbanjia.com.cn\/wp-content\/uploads\/2022\/06\/OK11-1-300x300.jpg 300w, https:\/\/anbanjia.com.cn\/wp-content\/uploads\/2022\/06\/OK11-1-600x600.jpg 600w, https:\/\/anbanjia.com.cn\/wp-content\/uploads\/2022\/06\/OK11-1-100x100.jpg 100w\" sizes=\"(max-width: 790px) 100vw, 790px\" \/><\/p>\n<p><img decoding=\"async\" class=\"size-full wp-image-13507 aligncenter\" src=\"https:\/\/anbanjia.com.cn\/wp-content\/uploads\/2022\/06\/OK12.jpg\" alt=\"\" width=\"790\" height=\"790\" srcset=\"https:\/\/anbanjia.com.cn\/wp-content\/uploads\/2022\/06\/OK12.jpg 790w, https:\/\/anbanjia.com.cn\/wp-content\/uploads\/2022\/06\/OK12-150x150.jpg 150w, https:\/\/anbanjia.com.cn\/wp-content\/uploads\/2022\/06\/OK12-768x768.jpg 768w, https:\/\/anbanjia.com.cn\/wp-content\/uploads\/2022\/06\/OK12-300x300.jpg 300w, https:\/\/anbanjia.com.cn\/wp-content\/uploads\/2022\/06\/OK12-600x600.jpg 600w, https:\/\/anbanjia.com.cn\/wp-content\/uploads\/2022\/06\/OK12-100x100.jpg 100w\" sizes=\"(max-width: 790px) 100vw, 790px\" \/><\/p>\n<p><img decoding=\"async\" class=\"size-full wp-image-13510 aligncenter\" src=\"https:\/\/anbanjia.com.cn\/wp-content\/uploads\/2022\/06\/OK13-1.jpg\" alt=\"\" width=\"800\" height=\"800\" srcset=\"https:\/\/anbanjia.com.cn\/wp-content\/uploads\/2022\/06\/OK13-1.jpg 800w, https:\/\/anbanjia.com.cn\/wp-content\/uploads\/2022\/06\/OK13-1-150x150.jpg 150w, https:\/\/anbanjia.com.cn\/wp-content\/uploads\/2022\/06\/OK13-1-768x768.jpg 768w, https:\/\/anbanjia.com.cn\/wp-content\/uploads\/2022\/06\/OK13-1-300x300.jpg 300w, https:\/\/anbanjia.com.cn\/wp-content\/uploads\/2022\/06\/OK13-1-600x600.jpg 600w, https:\/\/anbanjia.com.cn\/wp-content\/uploads\/2022\/06\/OK13-1-100x100.jpg 100w\" sizes=\"(max-width: 800px) 100vw, 800px\" \/><\/p>\n<p>&nbsp;<\/p>\n<div style=\"width: 720px;\" class=\"wp-video\"><video class=\"wp-video-shortcode\" id=\"video-13725-1\" width=\"720\" height=\"960\" preload=\"metadata\" controls=\"controls\"><source type=\"video\/mp4\" src=\"https:\/\/anbanjia.com.cn\/wp-content\/uploads\/2022\/06\/video.mp4?_=1\" \/><a href=\"https:\/\/anbanjia.com.cn\/wp-content\/uploads\/2022\/06\/video.mp4\">https:\/\/anbanjia.com.cn\/wp-content\/uploads\/2022\/06\/video.mp4<\/a><\/video><\/div>\n","protected":false},"excerpt":{"rendered":"<p>Attelles de genou<\/p>\n","protected":false},"featured_media":13489,"comment_status":"closed","ping_status":"closed","template":"","meta":[],"product_cat":[220,229],"product_tag":[239,234],"class_list":["post-13725","product","type-product","status-publish","has-post-thumbnail","hentry","product_cat-equipement-de-protection-medicale","product_cat-genouilleres","product_tag-attelles-de-genou","product_tag-logo-oem-protection-des-genoux-pour-le-sport"],"_links":{"self":[{"href":"https:\/\/anbanjia.com.cn\/fr\/wp-json\/wp\/v2\/product\/13725","targetHints":{"allow":["GET"]}}],"collection":[{"href":"https:\/\/anbanjia.com.cn\/fr\/wp-json\/wp\/v2\/product"}],"about":[{"href":"https:\/\/anbanjia.com.cn\/fr\/wp-json\/wp\/v2\/types\/product"}],"replies":[{"embeddable":true,"href":"https:\/\/anbanjia.com.cn\/fr\/wp-json\/wp\/v2\/comments?post=13725"}],"wp:featuredmedia":[{"embeddable":true,"href":"https:\/\/anbanjia.com.cn\/fr\/wp-json\/wp\/v2\/media\/13489"}],"wp:attachment":[{"href":"https:\/\/anbanjia.com.cn\/fr\/wp-json\/wp\/v2\/media?parent=13725"}],"wp:term":[{"taxonomy":"product_cat","embeddable":true,"href":"https:\/\/anbanjia.com.cn\/fr\/wp-json\/wp\/v2\/product_cat?post=13725"},{"taxonomy":"product_tag","embeddable":true,"href":"https:\/\/anbanjia.com.cn\/fr\/wp-json\/wp\/v2\/product_tag?post=13725"}],"curies":[{"name":"wp","href":"https:\/\/api.w.org\/{rel}","templated":true}]}}