{"id":13723,"date":"2022-06-23T09:36:19","date_gmt":"2022-06-23T09:36:19","guid":{"rendered":"https:\/\/www.anbanjia.com.cn\/product\/soutien-de-la-nuque-par-therapie-magnetique-auto-chauffante-bande-protectrice-contre-les-douleurs-cervicales-compression-chaude-de-la-nuque\/"},"modified":"2022-06-23T09:36:19","modified_gmt":"2022-06-23T09:36:19","slug":"auto-chauffant-magnetique-therapie-cou-soutien-protecteur-band-cou-douleur-chaud-compression-cou","status":"publish","type":"product","link":"https:\/\/anbanjia.com.cn\/fr\/produit\/auto-chauffant-magnetique-therapie-cou-soutien-protecteur-band-cou-douleur-chaud-compression-cou\/","title":{"rendered":"Soutien de la nuque par th\u00e9rapie magn\u00e9tique auto-chauffante Bande protectrice contre les douleurs cervicales Compression chaude de la nuque"},"content":{"rendered":"<p>La fi\u00e8vre de la tourmaline<\/p>\n<p>il faut toucher la peau pour avoir de la fi\u00e8vre<\/p>\n<p>la cl\u00e9 originale de l&rsquo;auto-\u00e9chauffement s\u00fbr :<br \/>\nla tourmaline capte la temp\u00e9rature du corps humain<br \/>\net doit \u00eatre en contact avec la peau par la promotion de la vapeur d&rsquo;eauet la r\u00e9flexion par induction thermique lib\u00e8re de l&rsquo;\u00e9nergie pour r\u00e9aliser<br \/>\ncompresse chaude et moxibustion.<\/p>\n<p><img decoding=\"async\" class=\"size-full wp-image-13373 aligncenter\" src=\"https:\/\/anbanjia.com.cn\/wp-content\/uploads\/2022\/06\/1.jpg\" alt=\"\" width=\"790\" height=\"790\" srcset=\"https:\/\/anbanjia.com.cn\/wp-content\/uploads\/2022\/06\/1.jpg 790w, https:\/\/anbanjia.com.cn\/wp-content\/uploads\/2022\/06\/1-150x150.jpg 150w, https:\/\/anbanjia.com.cn\/wp-content\/uploads\/2022\/06\/1-768x768.jpg 768w, https:\/\/anbanjia.com.cn\/wp-content\/uploads\/2022\/06\/1-300x300.jpg 300w, https:\/\/anbanjia.com.cn\/wp-content\/uploads\/2022\/06\/1-600x600.jpg 600w, https:\/\/anbanjia.com.cn\/wp-content\/uploads\/2022\/06\/1-100x100.jpg 100w\" sizes=\"(max-width: 790px) 100vw, 790px\" \/><\/p>\n<p><img decoding=\"async\" class=\"size-medium wp-image-13376 aligncenter\" src=\"https:\/\/anbanjia.com.cn\/wp-content\/uploads\/2022\/06\/2.jpg\" alt=\"\" width=\"790\" height=\"790\" srcset=\"https:\/\/anbanjia.com.cn\/wp-content\/uploads\/2022\/06\/2.jpg 790w, https:\/\/anbanjia.com.cn\/wp-content\/uploads\/2022\/06\/2-150x150.jpg 150w, https:\/\/anbanjia.com.cn\/wp-content\/uploads\/2022\/06\/2-768x768.jpg 768w, https:\/\/anbanjia.com.cn\/wp-content\/uploads\/2022\/06\/2-300x300.jpg 300w, https:\/\/anbanjia.com.cn\/wp-content\/uploads\/2022\/06\/2-600x600.jpg 600w, https:\/\/anbanjia.com.cn\/wp-content\/uploads\/2022\/06\/2-100x100.jpg 100w\" sizes=\"(max-width: 790px) 100vw, 790px\" \/><\/p>\n<p><img decoding=\"async\" class=\" wp-image-13379 aligncenter\" src=\"https:\/\/anbanjia.com.cn\/wp-content\/uploads\/2022\/06\/3.jpg\" alt=\"\" width=\"891\" height=\"891\" srcset=\"https:\/\/anbanjia.com.cn\/wp-content\/uploads\/2022\/06\/3.jpg 790w, https:\/\/anbanjia.com.cn\/wp-content\/uploads\/2022\/06\/3-150x150.jpg 150w, https:\/\/anbanjia.com.cn\/wp-content\/uploads\/2022\/06\/3-768x768.jpg 768w, https:\/\/anbanjia.com.cn\/wp-content\/uploads\/2022\/06\/3-300x300.jpg 300w, https:\/\/anbanjia.com.cn\/wp-content\/uploads\/2022\/06\/3-600x600.jpg 600w, https:\/\/anbanjia.com.cn\/wp-content\/uploads\/2022\/06\/3-100x100.jpg 100w\" sizes=\"(max-width: 891px) 100vw, 891px\" \/><\/p>\n<p>&nbsp;<\/p>\n<p><img decoding=\"async\" class=\" wp-image-13382 aligncenter\" src=\"https:\/\/anbanjia.com.cn\/wp-content\/uploads\/2022\/06\/4.jpg\" alt=\"\" width=\"940\" height=\"469\" srcset=\"https:\/\/anbanjia.com.cn\/wp-content\/uploads\/2022\/06\/4.jpg 790w, https:\/\/anbanjia.com.cn\/wp-content\/uploads\/2022\/06\/4-768x383.jpg 768w, https:\/\/anbanjia.com.cn\/wp-content\/uploads\/2022\/06\/4-600x299.jpg 600w\" sizes=\"(max-width: 940px) 100vw, 940px\" \/> <img decoding=\"async\" class=\" wp-image-13385 aligncenter\" src=\"https:\/\/anbanjia.com.cn\/wp-content\/uploads\/2022\/06\/5.jpg\" alt=\"\" width=\"885\" height=\"646\" srcset=\"https:\/\/anbanjia.com.cn\/wp-content\/uploads\/2022\/06\/5.jpg 790w, https:\/\/anbanjia.com.cn\/wp-content\/uploads\/2022\/06\/5-768x561.jpg 768w, https:\/\/anbanjia.com.cn\/wp-content\/uploads\/2022\/06\/5-600x438.jpg 600w\" sizes=\"(max-width: 885px) 100vw, 885px\" \/><\/p>\n<p><img decoding=\"async\" class=\"size-medium wp-image-13396 aligncenter\" src=\"https:\/\/anbanjia.com.cn\/wp-content\/uploads\/2022\/06\/7.jpg\" alt=\"\" width=\"790\" height=\"894\" srcset=\"https:\/\/anbanjia.com.cn\/wp-content\/uploads\/2022\/06\/7.jpg 790w, https:\/\/anbanjia.com.cn\/wp-content\/uploads\/2022\/06\/7-768x869.jpg 768w, https:\/\/anbanjia.com.cn\/wp-content\/uploads\/2022\/06\/7-600x679.jpg 600w\" sizes=\"(max-width: 790px) 100vw, 790px\" \/><\/p>\n<p><img decoding=\"async\" class=\"size-medium wp-image-13399 aligncenter\" src=\"https:\/\/anbanjia.com.cn\/wp-content\/uploads\/2022\/06\/8.jpg\" alt=\"\" width=\"790\" height=\"825\" srcset=\"https:\/\/anbanjia.com.cn\/wp-content\/uploads\/2022\/06\/8.jpg 790w, https:\/\/anbanjia.com.cn\/wp-content\/uploads\/2022\/06\/8-768x802.jpg 768w, https:\/\/anbanjia.com.cn\/wp-content\/uploads\/2022\/06\/8-600x627.jpg 600w\" sizes=\"(max-width: 790px) 100vw, 790px\" \/><\/p>\n<p><img decoding=\"async\" class=\"size-medium wp-image-13402 aligncenter\" src=\"https:\/\/anbanjia.com.cn\/wp-content\/uploads\/2022\/06\/9.jpg\" alt=\"\" width=\"790\" height=\"790\" srcset=\"https:\/\/anbanjia.com.cn\/wp-content\/uploads\/2022\/06\/9.jpg 790w, https:\/\/anbanjia.com.cn\/wp-content\/uploads\/2022\/06\/9-150x150.jpg 150w, https:\/\/anbanjia.com.cn\/wp-content\/uploads\/2022\/06\/9-768x768.jpg 768w, https:\/\/anbanjia.com.cn\/wp-content\/uploads\/2022\/06\/9-300x300.jpg 300w, https:\/\/anbanjia.com.cn\/wp-content\/uploads\/2022\/06\/9-600x600.jpg 600w, https:\/\/anbanjia.com.cn\/wp-content\/uploads\/2022\/06\/9-100x100.jpg 100w\" sizes=\"(max-width: 790px) 100vw, 790px\" \/><\/p>\n<p><img decoding=\"async\" class=\"size-medium wp-image-13405 aligncenter\" src=\"https:\/\/anbanjia.com.cn\/wp-content\/uploads\/2022\/06\/10.jpg\" alt=\"\" width=\"790\" height=\"356\" srcset=\"https:\/\/anbanjia.com.cn\/wp-content\/uploads\/2022\/06\/10.jpg 790w, https:\/\/anbanjia.com.cn\/wp-content\/uploads\/2022\/06\/10-768x346.jpg 768w, https:\/\/anbanjia.com.cn\/wp-content\/uploads\/2022\/06\/10-600x270.jpg 600w\" sizes=\"(max-width: 790px) 100vw, 790px\" \/><\/p>\n<p><img decoding=\"async\" class=\"size-medium wp-image-13408 aligncenter\" src=\"https:\/\/anbanjia.com.cn\/wp-content\/uploads\/2022\/06\/11.jpg\" alt=\"\" width=\"790\" height=\"710\" srcset=\"https:\/\/anbanjia.com.cn\/wp-content\/uploads\/2022\/06\/11.jpg 790w, https:\/\/anbanjia.com.cn\/wp-content\/uploads\/2022\/06\/11-768x690.jpg 768w, https:\/\/anbanjia.com.cn\/wp-content\/uploads\/2022\/06\/11-600x539.jpg 600w\" sizes=\"(max-width: 790px) 100vw, 790px\" \/><\/p>\n<p><img decoding=\"async\" class=\"size-medium wp-image-13411 aligncenter\" src=\"https:\/\/anbanjia.com.cn\/wp-content\/uploads\/2022\/06\/12.jpg\" alt=\"\" width=\"790\" height=\"748\" srcset=\"https:\/\/anbanjia.com.cn\/wp-content\/uploads\/2022\/06\/12.jpg 790w, https:\/\/anbanjia.com.cn\/wp-content\/uploads\/2022\/06\/12-768x727.jpg 768w, https:\/\/anbanjia.com.cn\/wp-content\/uploads\/2022\/06\/12-600x568.jpg 600w\" sizes=\"(max-width: 790px) 100vw, 790px\" \/><\/p>\n<p><img decoding=\"async\" class=\"size-medium wp-image-13414 aligncenter\" src=\"https:\/\/anbanjia.com.cn\/wp-content\/uploads\/2022\/06\/13.jpg\" alt=\"\" width=\"800\" height=\"800\" srcset=\"https:\/\/anbanjia.com.cn\/wp-content\/uploads\/2022\/06\/13.jpg 800w, https:\/\/anbanjia.com.cn\/wp-content\/uploads\/2022\/06\/13-150x150.jpg 150w, https:\/\/anbanjia.com.cn\/wp-content\/uploads\/2022\/06\/13-768x768.jpg 768w, https:\/\/anbanjia.com.cn\/wp-content\/uploads\/2022\/06\/13-300x300.jpg 300w, https:\/\/anbanjia.com.cn\/wp-content\/uploads\/2022\/06\/13-600x600.jpg 600w, https:\/\/anbanjia.com.cn\/wp-content\/uploads\/2022\/06\/13-100x100.jpg 100w\" sizes=\"(max-width: 800px) 100vw, 800px\" \/> <img decoding=\"async\" class=\"size-full wp-image-13417 aligncenter\" src=\"https:\/\/anbanjia.com.cn\/wp-content\/uploads\/2022\/06\/14.jpg\" alt=\"\" width=\"790\" height=\"790\" srcset=\"https:\/\/anbanjia.com.cn\/wp-content\/uploads\/2022\/06\/14.jpg 790w, https:\/\/anbanjia.com.cn\/wp-content\/uploads\/2022\/06\/14-150x150.jpg 150w, https:\/\/anbanjia.com.cn\/wp-content\/uploads\/2022\/06\/14-768x768.jpg 768w, https:\/\/anbanjia.com.cn\/wp-content\/uploads\/2022\/06\/14-300x300.jpg 300w, https:\/\/anbanjia.com.cn\/wp-content\/uploads\/2022\/06\/14-600x600.jpg 600w, https:\/\/anbanjia.com.cn\/wp-content\/uploads\/2022\/06\/14-100x100.jpg 100w\" sizes=\"(max-width: 790px) 100vw, 790px\" \/><\/p>\n","protected":false},"excerpt":{"rendered":"<p>Ceinture de cou<br \/>\n1.compresse chaude pour le cou<br \/>\n2.avec aimant<br \/>\n3. support de cou magn\u00e9tique auto-chauffant<\/p>\n<p>&nbsp;<\/p>\n","protected":false},"featured_media":13396,"comment_status":"closed","ping_status":"closed","template":"","meta":[],"product_cat":[220,231],"product_tag":[246,241,245],"class_list":["post-13723","product","type-product","status-publish","has-post-thumbnail","hentry","product_cat-equipement-de-protection-medicale","product_cat-soutien-de-la-nuque","product_tag-bande-de-protection-du-cou","product_tag-soutien-de-cou","product_tag-support-de-cou-a-therapie-magnetique"],"_links":{"self":[{"href":"https:\/\/anbanjia.com.cn\/fr\/wp-json\/wp\/v2\/product\/13723","targetHints":{"allow":["GET"]}}],"collection":[{"href":"https:\/\/anbanjia.com.cn\/fr\/wp-json\/wp\/v2\/product"}],"about":[{"href":"https:\/\/anbanjia.com.cn\/fr\/wp-json\/wp\/v2\/types\/product"}],"replies":[{"embeddable":true,"href":"https:\/\/anbanjia.com.cn\/fr\/wp-json\/wp\/v2\/comments?post=13723"}],"wp:featuredmedia":[{"embeddable":true,"href":"https:\/\/anbanjia.com.cn\/fr\/wp-json\/wp\/v2\/media\/13396"}],"wp:attachment":[{"href":"https:\/\/anbanjia.com.cn\/fr\/wp-json\/wp\/v2\/media?parent=13723"}],"wp:term":[{"taxonomy":"product_cat","embeddable":true,"href":"https:\/\/anbanjia.com.cn\/fr\/wp-json\/wp\/v2\/product_cat?post=13723"},{"taxonomy":"product_tag","embeddable":true,"href":"https:\/\/anbanjia.com.cn\/fr\/wp-json\/wp\/v2\/product_tag?post=13723"}],"curies":[{"name":"wp","href":"https:\/\/api.w.org\/{rel}","templated":true}]}}