{"id":13312,"date":"2022-05-02T18:02:39","date_gmt":"2022-05-02T18:02:39","guid":{"rendered":"https:\/\/www.anbanjia.com.cn\/product\/fabrication-dequipements-de-test-sanguin-hb-hemoglobine-urit-12-bandelettes-de-test-compteur-portable-compteur-dhemoglobine\/"},"modified":"2022-05-02T18:02:39","modified_gmt":"2022-05-02T18:02:39","slug":"fabrication-sang-hb-test-equipement-hemoglobin-urit-12-test-strips-meter-portable-hemoglobin-meter","status":"publish","type":"product","link":"https:\/\/anbanjia.com.cn\/fr\/produit\/fabrication-sang-hb-test-equipement-hemoglobin-urit-12-test-strips-meter-portable-hemoglobin-meter\/","title":{"rendered":"Fabrication d&rsquo;\u00e9quipements de test sanguin hb h\u00e9moglobine Urit-12 bandelettes de test compteur portable compteur d&rsquo;h\u00e9moglobine"},"content":{"rendered":"<div style=\"max-width: 750px; margin: 0 auto;\">\n<div id=\"detail_decorate_root\" data-magic-global=\"%7B%22bizId%22%3A3215165050%2C%22pageId%22%3A20171445785%2C%22siteId%22%3A5005610021%7D\">\n<div class=\"J_module\">\n<div class=\"detail-decorate-json-renderer-container\">\n<div class=\"magic-1\">\n<div class=\"magic-2\">\n<div class=\"magic-3\">\n<div class=\"magic-4\">\n<div class=\"magic-5\"><b><span class=\"magic-6\">Sang HB h\u00e9moglobine URIT 12 bandelettes de test lecteur d&rsquo;h\u00e9moglobine portable<\/span><\/b><\/div>\n<\/div>\n<\/div>\n<\/div>\n<\/div>\n<\/div>\n<\/div>\n<div class=\"J_module\">\n<div class=\"detail-decorate-json-renderer-container\">\n<div class=\"magic-1\">\n<div class=\"magic-2\">\n<div class=\"magic-3\">\n<div class=\"magic-4\">\n<div class=\"magic-5\"><span class=\"magic-6\">Si vous avez des questions, veuillez contacter le vendeur, ou vous pouvez contacter sur WhatsApp : +86 13246918260, merci <\/span><\/div>\n<\/div>\n<\/div>\n<\/div>\n<\/div>\n<\/div>\n<\/div>\n<div class=\"J_module\">\n<div class=\"icbu-pc-images magic-7\">\n<div>\n<div class=\"flex-layout-v\">\n<div class=\"flex-layout-h magic-7\">\n<div class=\"magic-8\"><img decoding=\"async\" class=\"magic-9\" style=\"max-width: 750;\" src=\"https:\/\/anbanjia.com.cn\/wp-content\/uploads\/2022\/05\/H84a27c17b5464d5e9bb4664118ae5fe1y.png\" data-src=\"\"><\/div>\n<div><img decoding=\"async\" src=\"https:\/\/s.alicdn.com\/@sc04\/kf\/HTB19fUGSYrpK1RjSZTEq6AWAVXap\/230438700\/HTB19fUGSYrpK1RjSZTEq6AWAVXap.jpg?quality=close\"><\/div>\n<div><img decoding=\"async\" src=\"https:\/\/s.alicdn.com\/@sc04\/kf\/HTB1SM7ES6TpK1RjSZKPq6y3UpXae\/230438700\/HTB1SM7ES6TpK1RjSZKPq6y3UpXae.jpg?quality=close\"><\/div>\n<div><img decoding=\"async\" src=\"https:\/\/s.alicdn.com\/@sc04\/kf\/HTB1u.MES7voK1RjSZFNq6AxMVXas\/230438700\/HTB1u.MES7voK1RjSZFNq6AxMVXas.jpg?quality=close\"><\/div>\n<div><img decoding=\"async\" class=\"\" src=\"https:\/\/s.alicdn.com\/@sc04\/kf\/H26b606b02ade48b89fa62484cb2016acR\/230438700\/H26b606b02ade48b89fa62484cb2016acR.png?quality=close\" width=\"690\" height=\"655\"><\/div>\n<div><img decoding=\"async\" src=\"https:\/\/s.alicdn.com\/@sc04\/kf\/Hd5d507f7743a475f8e8aeb772518423c2\/230438700\/Hd5d507f7743a475f8e8aeb772518423c2.jpg?quality=close\"><\/div>\n<div>\n<div><b><span class=\"magic-6\" data-spm-anchor-id=\"a2700.details.0.i25.2edd5180tg2TzB\">Caract\u00e9ristiques :<\/span><\/b><\/div>\n<p>COMPTEUR : H\u00e9moglobine dans le sang frais Principe de mesure : R\u00e9flectance optique Bandelette : Bandelettes de test d&rsquo;h\u00e9moglobine H12 Temps de mesure : Moins de 30 secondes Plage de mesure : 4,0 g\/dL ~ 24,0 g\/dL. Les r\u00e9sultats inf\u00e9rieurs \u00e0 4,0&nbsp;g\/dL et sup\u00e9rieurs \u00e0 24,0&nbsp;g\/dL s&rsquo;affichent respectivement sous la forme \u00ab\u00a0Lo\u00a0\u00bb et \u00ab\u00a0Hi\u00a0\u00bb afin d&rsquo;indiquer le r\u00e9sultat qui est hors plage. Affichage : LCD, r\u00e9sultat du test affich\u00e9 en SI&lt; 58 g (pile incluse) Dimensions ext\u00e9rieures : 102 mm \u00d7 50 mm \u00d7 19 mm Alimentation : DC 6 V (deux piles CR2032) Plages de fonctionnement : 15 ~ 30 \u00b0C ; RH \u226480% Plages ultimes sans condensation : -20 ~55\u00b0C ; HR&lt; 90 % sans condensation Autres : v\u00e9rification et affichage des probl\u00e8mes internes Dur\u00e9e de vie disponible : 8 ans<\/p>\n<\/div>\n<div><img decoding=\"async\" src=\"https:\/\/s.alicdn.com\/@sc04\/kf\/H623dc6ae6b4c4cc0bfe0ebf7b63a0280R\/230438700\/H623dc6ae6b4c4cc0bfe0ebf7b63a0280R.jpg?quality=close\"><\/div>\n<div><img decoding=\"async\" src=\"https:\/\/s.alicdn.com\/@sc04\/kf\/H7bd18034bbad40bbac78a66d0e861e8dd\/230438700\/H7bd18034bbad40bbac78a66d0e861e8dd.jpg?quality=close\"><\/div>\n<div><img decoding=\"async\" class=\"\" src=\"https:\/\/s.alicdn.com\/@sc04\/kf\/H439c791608e140f4800cfa9d3cf5dc98q\/230438700\/H439c791608e140f4800cfa9d3cf5dc98q.png?quality=close\" width=\"681\" height=\"659\"><\/div>\n<div><img decoding=\"async\" src=\"https:\/\/s.alicdn.com\/@sc04\/kf\/HTB1ejKGU7PoK1RjSZKbq6x1IXXa1\/230438700\/HTB1ejKGU7PoK1RjSZKbq6x1IXXa1.jpg?quality=close\"><\/div>\n<div><img decoding=\"async\" src=\"https:\/\/s.alicdn.com\/@sc04\/kf\/HTB1OWXfVkvoK1RjSZFwq6AiCFXaJ\/230438700\/HTB1OWXfVkvoK1RjSZFwq6AiCFXaJ.jpg?quality=close\"><\/div>\n<div><img decoding=\"async\" class=\"\" src=\"https:\/\/s.alicdn.com\/@sc04\/kf\/HTB1u8k_U3HqK1RjSZFPq6AwapXat\/230438700\/HTB1u8k_U3HqK1RjSZFPq6AwapXat.jpg?quality=close\" width=\"764\" height=\"512\"><\/div>\n<div><img decoding=\"async\" src=\"https:\/\/s.alicdn.com\/@sc04\/kf\/H9cf73549ee14494fbdffe548af68d739o\/230438700\/H9cf73549ee14494fbdffe548af68d739o.jpg?quality=close\"><\/div>\n<div><img decoding=\"async\" src=\"https:\/\/s.alicdn.com\/@sc04\/kf\/H59936e4bf8a84365bae0850709889b3cH\/230438700\/H59936e4bf8a84365bae0850709889b3cH.jpg?quality=close\"><img decoding=\"async\" src=\"https:\/\/s.alicdn.com\/@sc04\/kf\/H59936e4bf8a84365bae0850709889b3cH\/230438700\/H59936e4bf8a84365bae0850709889b3cH.jpg?quality=close\"><\/div>\n<div><img decoding=\"async\" src=\"https:\/\/s.alicdn.com\/@sc04\/kf\/Hff98939fdc8e43e2be5c782ddbe4cc5ez\/230438700\/Hff98939fdc8e43e2be5c782ddbe4cc5ez.png?quality=close\"><\/div>\n<div><\/div>\n<div><\/div>\n<\/div>\n<\/div>\n<\/div>\n<\/div>\n<\/div>\n<\/div>\n<\/div>\n","protected":false},"excerpt":{"rendered":"<p>&nbsp;<\/p>\n<div style=\"width: auto;\">\n<div style=\"min-width: 300px; max-width: 300px; word-wrap: break-word; float: left;\">Lieu d&rsquo;origine&nbsp;: Guangdong, Chine<\/div>\n<div style=\"min-width: 300px; max-width: 300px; word-wrap: break-word; float: left;\">Nom de marque:urit<\/div>\n<\/div>\n<div style=\"width: auto;\">\n<div style=\"min-width: 300px; max-width: 300px; word-wrap: break-word; float: left;\">Num\u00e9ro de mod\u00e8le&nbsp;: 12<\/div>\n<div style=\"min-width: 300px; max-width: 300px; word-wrap: break-word; float: left;\">Source d&rsquo;alimentation&nbsp;: \u00e9lectrique<\/div>\n<\/div>\n<div style=\"width: auto;\">\n<div style=\"min-width: 300px; max-width: 300px; word-wrap: break-word; float: left;\">Garantie : AUCUNE<\/div>\n<div style=\"min-width: 300px; max-width: 300px; word-wrap: break-word; float: left;\">Service apr\u00e8s-vente : AUCUN<\/div>\n<\/div>\n<div style=\"width: auto;\">\n<div style=\"min-width: 300px; max-width: 300px; word-wrap: break-word; float: left;\">Mode d&rsquo;alimentation&nbsp;: batterie int\u00e9gr\u00e9e<\/div>\n<div style=\"min-width: 300px; max-width: 300px; word-wrap: break-word; float: left;\">Mat\u00e9riel:Plastique<\/div>\n<\/div>\n<div style=\"width: auto;\">\n<div style=\"min-width: 300px; max-width: 300px; word-wrap: break-word; float: left;\">Dur\u00e9e de conservation&nbsp;: 1&nbsp;ans<\/div>\n<div style=\"min-width: 300px; max-width: 300px; word-wrap: break-word; float: left;\">Certificat de qualit\u00e9&nbsp;: ce<\/div>\n<\/div>\n<div style=\"width: auto;\">\n<div style=\"min-width: 300px; max-width: 300px; word-wrap: break-word; float: left;\">Classification des instruments&nbsp;: classe&nbsp;II<\/div>\n<div style=\"min-width: 300px; max-width: 300px; word-wrap: break-word; float: left;\">Norme de s\u00e9curit\u00e9&nbsp;:&nbsp;Aucune<\/div>\n<\/div>\n<div style=\"width: auto;\">\n<div style=\"min-width: 300px; max-width: 300px; word-wrap: break-word; float: left;\">Type&nbsp;: \u00e9quipements de test sanguin<\/div>\n<div style=\"min-width: 300px; max-width: 300px; word-wrap: break-word; float: left;\">Plage de mesure&nbsp;: 4,0 \u00e0 24,0&nbsp;g\/dL<\/div>\n<\/div>\n<div style=\"width: auto;\">\n<div style=\"min-width: 300px; max-width: 300px; word-wrap: break-word; float: left;\">Param\u00e8tre&nbsp;: h\u00e9moglobine<\/div>\n<div style=\"min-width: 300px; max-width: 300px; word-wrap: break-word; float: left;\">Sp\u00e9cimen&nbsp;:Sang total<\/div>\n<\/div>\n<div style=\"width: auto;\">\n<div style=\"min-width: 300px; max-width: 300px; word-wrap: break-word; float: left;\">Vitesse d&rsquo;essai :\u226410 secondes<\/div>\n<div style=\"min-width: 300px; max-width: 300px; word-wrap: break-word; float: left;\">M\u00e9moire : 250 r\u00e9sultats<\/div>\n<\/div>\n<div style=\"width: auto;\">\n<div style=\"min-width: 300px; max-width: 300px; word-wrap: break-word; float: left;\">Automatisation&nbsp;: auto-v\u00e9rification, auto-\u00e9valuation et affichage des dysfonctionnements<\/div>\n<div style=\"min-width: 300px; max-width: 300px; word-wrap: break-word; float: left;\">Alimentation : DC6V (deux piles CR2032)<\/div>\n<\/div>\n","protected":false},"featured_media":12659,"comment_status":"closed","ping_status":"closed","template":"","meta":[],"product_cat":[157],"product_tag":[],"class_list":["post-13312","product","type-product","status-publish","has-post-thumbnail","hentry","product_cat-bandelettes-de-test-dhemoglobine"],"_links":{"self":[{"href":"https:\/\/anbanjia.com.cn\/fr\/wp-json\/wp\/v2\/product\/13312","targetHints":{"allow":["GET"]}}],"collection":[{"href":"https:\/\/anbanjia.com.cn\/fr\/wp-json\/wp\/v2\/product"}],"about":[{"href":"https:\/\/anbanjia.com.cn\/fr\/wp-json\/wp\/v2\/types\/product"}],"replies":[{"embeddable":true,"href":"https:\/\/anbanjia.com.cn\/fr\/wp-json\/wp\/v2\/comments?post=13312"}],"wp:featuredmedia":[{"embeddable":true,"href":"https:\/\/anbanjia.com.cn\/fr\/wp-json\/wp\/v2\/media\/12659"}],"wp:attachment":[{"href":"https:\/\/anbanjia.com.cn\/fr\/wp-json\/wp\/v2\/media?parent=13312"}],"wp:term":[{"taxonomy":"product_cat","embeddable":true,"href":"https:\/\/anbanjia.com.cn\/fr\/wp-json\/wp\/v2\/product_cat?post=13312"},{"taxonomy":"product_tag","embeddable":true,"href":"https:\/\/anbanjia.com.cn\/fr\/wp-json\/wp\/v2\/product_tag?post=13312"}],"curies":[{"name":"wp","href":"https:\/\/api.w.org\/{rel}","templated":true}]}}