{"id":13306,"date":"2022-05-02T18:02:39","date_gmt":"2022-05-02T18:02:39","guid":{"rendered":"https:\/\/www.anbanjia.com.cn\/product\/carence-pendant-la-grossesse-kit-de-test-de-concentration-dhemoglobine-g-dl-bandelettes-urit-h12\/"},"modified":"2022-05-02T18:02:39","modified_gmt":"2022-05-02T18:02:39","slug":"deficit-pendant-la-grossesse-hemoglobine-g-dl-concentration-count-test-kit-urit-h12-strips","status":"publish","type":"product","link":"https:\/\/anbanjia.com.cn\/fr\/produit\/deficit-pendant-la-grossesse-hemoglobine-g-dl-concentration-count-test-kit-urit-h12-strips\/","title":{"rendered":"Carence pendant la grossesse kit de test de concentration d&rsquo;h\u00e9moglobine g\/dl bandelettes urit h12"},"content":{"rendered":"<div style=\"max-width: 750px; margin: 0 auto;\">\n<div id=\"ali-anchor-AliPostDhMb-ljvh5\" class=\"mceSectionContainer\" style=\"padding-top: 8px;\" data-section=\"AliPostDhMb-ljvh5\" data-section-title=\"Product Details\">\n<div id=\"ali-title-AliPostDhMb-ljvh5\" style=\"padding: 8px 0; border-bottom: 1px solid #ddd;\"><span style=\"background-color: #ddd; color: #333; font-weight: bold; padding: 8px 10px; line-height: 12px;\">d\u00e9tails du produit<\/span><\/div>\n<div style=\"padding: 10px 0;\">\n<p><span style=\"font-size: 24px;\"><strong>Veuillez contacter le vendeur pour obtenir plus de d\u00e9tails \u00e0 ce sujet.<\/strong><\/span><\/p>\n<p style=\"text-align: center;\"><span style=\"font-size: 24px; color: #0000ff;\"> Kit de test d&rsquo;h\u00e9moglobine<\/span><\/p>\n<p style=\"text-align: center;\"><span style=\"font-size: 24px;\"><strong><span style=\"color: #ff0000;\">Kit de test d&rsquo;h\u00e9moglobine pr\u00e9cis<\/span><\/strong><\/span><\/p>\n<p style=\"text-align: left;\"><span style=\"font-size: 24px;\"><strong><span style=\"color: #ff0000;\">Nous avons plusieurs bandelettes de test hb mod\u00e8les, vous pouvez contacter le vendeur pour obtenir le document du catalogue.<\/span><\/strong><\/span><\/p>\n<p style=\"text-align: left;\"><span style=\"font-size: 24px;\"><strong><span style=\"color: #ff0000;\"><span style=\"color: #3366ff;\">RTS&nbsp;: 20&nbsp;bo\u00eetes de bandelettes r\u00e9actives obtiendront un m\u00e8tre gratuitement.<\/span><\/span><\/strong><\/span><\/p>\n<p style=\"text-align: left;\"><span style=\"font-size: 24px;\"><strong><span style=\"color: #ff0000;\"><img decoding=\"async\" style=\"max-width: 750;\" src=\"https:\/\/anbanjia.com.cn\/wp-content\/uploads\/2022\/05\/H6230715706784a358e61bfa3a4ac53865.jpg\" data-alt=\"Deficiency during pregnancy hemoglobin g\/dl concentration count test kit urit h12 strips\" data-src=\"\"><img decoding=\"async\" src=\"https:\/\/anbanjia.com.cn\/wp-content\/uploads\/2022\/05\/H8a7f9eca16a844b7beeab5de4d51ee81e.jpg\" data-alt=\"Deficiency during pregnancy hemoglobin g\/dl concentration count test kit urit h12 strips\" data-src=\"\"><img decoding=\"async\" src=\"https:\/\/anbanjia.com.cn\/wp-content\/uploads\/2022\/05\/Hf4eb29d9d30c4a6188950ada23aebaa1I.jpg\" data-alt=\"Deficiency during pregnancy hemoglobin g\/dl concentration count test kit urit h12 strips\" data-src=\"\"><img decoding=\"async\" src=\"https:\/\/anbanjia.com.cn\/wp-content\/uploads\/2022\/05\/H1480993506114b01adf78b3e3d61c5fdA.jpg\" data-alt=\"Deficiency during pregnancy hemoglobin g\/dl concentration count test kit urit h12 strips\" data-src=\"\"><img decoding=\"async\" src=\"https:\/\/anbanjia.com.cn\/wp-content\/uploads\/2022\/05\/Hb36f0934f7a74066b6978906f5c0a6739.jpg\" data-alt=\"Deficiency during pregnancy hemoglobin g\/dl concentration count test kit urit h12 strips\" data-src=\"\"><\/span><\/strong><\/span><\/p>\n<p style=\"box-sizing: content-box; margin: 0px; padding: 0px; border: 0px; font-style: normal; font-weight: 400; font-size: 14.1176px; line-height: inherit; font-family: Arial,Helvetica; vertical-align: baseline; color: #333333; background-color: #ffffff;\"><img decoding=\"async\" src=\"https:\/\/anbanjia.com.cn\/wp-content\/uploads\/2022\/05\/HTB1woPVV9zqK1RjSZFLq6An2XXar.jpg\" data-alt=\"Deficiency during pregnancy hemoglobin g\/dl concentration count test kit urit h12 strips\" data-src=\"\"><img decoding=\"async\" src=\"https:\/\/anbanjia.com.cn\/wp-content\/uploads\/2022\/05\/HTB1f2IbVZfpK1RjSZFOq6y6nFXa8.jpg\" data-alt=\"Deficiency during pregnancy hemoglobin g\/dl concentration count test kit urit h12 strips\" data-height=\"996\" data-src=\"\" data-width=\"722\"><img decoding=\"async\" src=\"https:\/\/anbanjia.com.cn\/wp-content\/uploads\/2022\/05\/HTB1u8k_U3HqK1RjSZFPq6AwapXat.jpg\" data-alt=\"Deficiency during pregnancy hemoglobin g\/dl concentration count test kit urit h12 strips\" data-height=\"484\" data-src=\"\" data-width=\"722\"><img decoding=\"async\" src=\"https:\/\/anbanjia.com.cn\/wp-content\/uploads\/2022\/05\/HTB1eoEwS9zqK1RjSZFLq6An2XXas.jpg\" data-alt=\"Deficiency during pregnancy hemoglobin g\/dl concentration count test kit urit h12 strips\" data-height=\"194\" data-src=\"\" data-width=\"724\"><\/p>\n<p><span style=\"font-size: 18px; color: #0000ff;\">Principe de mesure&nbsp;: R\u00e9flectance optique<\/span><\/p>\n<p><span style=\"font-size: 18px; color: #0000ff;\">Bande: Bandelettes de test d&rsquo;h\u00e9moglobine H12<\/span><\/p>\n<p><span style=\"font-size: 18px; color: #0000ff;\">Temps de mesure : Moins de 30 secondes<\/span><\/p>\n<p><span style=\"font-size: 18px; color: #0000ff;\">Plage de mesure : 4,0 g\/dL ~ 24,0 g\/dL. R\u00e9sultats inf\u00e9rieurs \u00e0 4,0&nbsp;g\/dL et sup\u00e9rieurs \u00e0 24,0&nbsp;g\/dL <\/span><br \/>\n<span style=\"font-size: 18px; color: #0000ff;\">s&rsquo;affichera comme \u00ab\u00a0Lo\u00a0\u00bb et \u00ab\u00a0Hi\u00a0\u00bb respectivement afin d&rsquo;indiquer le r\u00e9sultat <\/span><br \/>\n<span style=\"font-size: 18px; color: #0000ff;\">qui est hors de port\u00e9e.<\/span><\/p>\n<p><span style=\"font-size: 18px; color: #0000ff;\">Affichage&nbsp;: LCD, r\u00e9sultat du test affich\u00e9 en SI<\/span><\/p>\n<p><span style=\"font-size: 18px; color: #0000ff;\">Masse:&lt; 58g (Batterie incluse)<\/span><\/p>\n<p><span style=\"font-size: 18px; color: #0000ff;\">Dimensions ext\u00e9rieures : 102 mm \u00d7 50 mm \u00d7 19 mm<\/span><\/p>\n<p><span style=\"font-size: 18px; color: #0000ff;\">Alimentation : DC 6 V (deux piles CR2032)<\/span><\/p>\n<p><span style=\"font-size: 18px; color: #0000ff;\">Plages de fonctionnement : 15 ~ 30 \u00b0C ; HR \u226480% sans condensation<\/span><\/p>\n<p><span style=\"font-size: 18px; color: #0000ff;\">Plages ultimes : -20 ~ 55 \u00b0C ; HR&lt; 90% sans condensation<\/span><\/p>\n<p><span style=\"font-size: 18px; color: #0000ff;\">Autres&nbsp;: v\u00e9rification et affichage des probl\u00e8mes internes<\/span><\/p>\n<p><span style=\"font-size: 18px; color: #0000ff;\">Dur\u00e9e de vie disponible : 8 ans<\/span><\/p>\n<p><span style=\"color: #0000ff;\"><strong><span style=\"font-family: Arial, Helvetica; font-size: 16px; font-style: normal; background-color: #ffffff; float: none; display: inline !important;\">Ici, nous avons \u00e9galement de nombreuses autres bandelettes de test de marque, vous pouvez me contacter si vous avez des besoins.<\/span><\/strong><\/span><\/p>\n<p><span style=\"color: #0000ff;\"><strong><span style=\"font-family: Arial, Helvetica; font-size: 16px; font-style: normal; background-color: #ffffff; float: none; display: inline !important;\"><img decoding=\"async\" src=\"https:\/\/anbanjia.com.cn\/wp-content\/uploads\/2022\/05\/HTB12PtXUHvpK1RjSZPiq6zmwXXau.jpg\" data-alt=\"Deficiency during pregnancy hemoglobin g\/dl concentration count test kit urit h12 strips\" data-src=\"\"><img decoding=\"async\" src=\"https:\/\/anbanjia.com.cn\/wp-content\/uploads\/2022\/05\/HTB1zHyybLc3T1VjSZPfq6AWHXXag.jpg\" data-alt=\"Deficiency during pregnancy hemoglobin g\/dl concentration count test kit urit h12 strips\" data-height=\"757\" data-src=\"\" data-width=\"782\"><\/span><\/strong><\/span><\/p>\n<\/div>\n<\/div>\n<div id=\"ali-anchor-AliPostDhMb-enynh\" class=\"mceSectionContainer\" style=\"padding-top: 8px;\" data-section=\"AliPostDhMb-enynh\" data-section-title=\"contact us\">\n<div id=\"ali-title-AliPostDhMb-enynh\" style=\"padding: 8px 0; border-bottom: 1px solid #ddd;\"><span style=\"background-color: #ddd; color: #333; font-weight: bold; padding: 8px 10px; line-height: 12px;\">Nous contacter<\/span><\/div>\n<div style=\"padding: 10px 0;\">\n<p><a href=\"https:\/\/abj-medical.en.alibaba.com\/contactinfo.html?spm=a2700.8304367.topnav.8.5d239224wxD2sy\" target=\"_blank\" rel=\"noopener\"> <img decoding=\"async\" src=\"https:\/\/anbanjia.com.cn\/wp-content\/uploads\/2022\/05\/HTB1ZVmedH1YBuNjSszh763UsFXae.png\" data-alt=\"Deficiency during pregnancy hemoglobin g\/dl concentration count test kit urit h12 strips\" data-src=\"\"><\/a><\/p>\n<\/div>\n<\/div>\n<div id=\"ali-anchor-AliPostDhMb-vv6n9\" class=\"mceSectionContainer\" style=\"padding-top: 8px;\" data-section=\"AliPostDhMb-vv6n9\" data-section-title=\"Product Categories\">\n<div id=\"ali-title-AliPostDhMb-vv6n9\" style=\"padding: 8px 0; border-bottom: 1px solid #ddd;\"><span style=\"background-color: #ddd; color: #333; font-weight: bold; padding: 8px 10px; line-height: 12px;\">cat\u00e9gories de produits<\/span><\/div>\n<div style=\"padding: 10px 0;\">\n<p><img decoding=\"async\" src=\"https:\/\/anbanjia.com.cn\/wp-content\/uploads\/2022\/05\/HTB1hBlcawoQMeJjy0Fpq6ATxpXaf.jpg\" data-alt=\"Deficiency during pregnancy hemoglobin g\/dl concentration count test kit urit h12 strips\" data-src=\"\"><\/p>\n<\/div>\n<\/div>\n<div id=\"ali-anchor-AliPostDhMb-ub5hb\" class=\"mceSectionContainer\" style=\"padding-top: 8px;\" data-section=\"AliPostDhMb-ub5hb\" data-section-title=\"certificate\">\n<div id=\"ali-title-AliPostDhMb-ub5hb\" style=\"padding: 8px 0; border-bottom: 1px solid #ddd;\"><span style=\"background-color: #ddd; color: #333; font-weight: bold; padding: 8px 10px; line-height: 12px;\">certificat<\/span><\/div>\n<div style=\"padding: 10px 0;\">\n<p><img decoding=\"async\" src=\"https:\/\/anbanjia.com.cn\/wp-content\/uploads\/2022\/05\/HTB1Z1olSpXXXXctXXXXq6xXFXXXu-1.jpg\" data-alt=\"Deficiency during pregnancy hemoglobin g\/dl concentration count test kit urit h12 strips\" data-src=\"\"><\/p>\n<\/div>\n<\/div>\n<div id=\"ali-anchor-AliPostDhMb-yhho8\" class=\"mceSectionContainer\" style=\"padding-top: 8px;\" data-section=\"AliPostDhMb-yhho8\" data-section-title=\"company information\">\n<div id=\"ali-title-AliPostDhMb-yhho8\" style=\"padding: 8px 0; border-bottom: 1px solid #ddd;\"><span style=\"background-color: #ddd; color: #333; font-weight: bold; padding: 8px 10px; line-height: 12px;\">Informations sur la soci\u00e9t\u00e9<\/span><\/div>\n<div style=\"padding: 10px 0;\">\n<p><img decoding=\"async\" src=\"https:\/\/anbanjia.com.cn\/wp-content\/uploads\/2022\/05\/HTB1MME3SpXXXXbJaXXXq6xXFXXXA-1.jpg\" data-alt=\"Deficiency during pregnancy hemoglobin g\/dl concentration count test kit urit h12 strips\" data-src=\"\"><\/p>\n<\/div>\n<\/div>\n<div id=\"ali-anchor-AliPostDhMb-ekmid\" class=\"mceSectionContainer\" style=\"padding-top: 8px;\" data-section=\"AliPostDhMb-ekmid\" data-section-title=\"Home\">\n<div style=\"padding: 10px 0;\">\n<p>&nbsp;<\/p>\n<p>&nbsp;<\/p>\n<\/div>\n<\/div>\n<\/div>\n","protected":false},"excerpt":{"rendered":"<p>&nbsp;<\/p>\n<div style=\"width: auto;\">\n<div style=\"min-width: 300px; max-width: 300px; word-wrap: break-word; float: left;\">Lieu d&rsquo;origine : Chine<\/div>\n<div style=\"min-width: 300px; max-width: 300px; word-wrap: break-word; float: left;\">Classification des instruments&nbsp;: classe&nbsp;II<\/div>\n<\/div>\n<div style=\"width: auto;\">\n<div style=\"min-width: 300px; max-width: 300px; word-wrap: break-word; float: left;\">Garantie 1 ann\u00e9e<\/div>\n<div style=\"min-width: 300px; max-width: 300px; word-wrap: break-word; float: left;\">Service apr\u00e8s-vente : AUCUN<\/div>\n<\/div>\n<div style=\"width: auto;\">\n<div style=\"min-width: 300px; max-width: 300px; word-wrap: break-word; float: left;\">Plage de mesure&nbsp;: 4,0 \u00e0 24,0&nbsp;g\/dL<\/div>\n<div style=\"min-width: 300px; max-width: 300px; word-wrap: break-word; float: left;\">Param\u00e8tre&nbsp;: h\u00e9moglobine<\/div>\n<\/div>\n<div style=\"width: auto;\">\n<div style=\"min-width: 300px; max-width: 300px; word-wrap: break-word; float: left;\">Sp\u00e9cimen&nbsp;:Sang total<\/div>\n<div style=\"min-width: 300px; max-width: 300px; word-wrap: break-word; float: left;\">Automatisation&nbsp;: auto-v\u00e9rification, auto-\u00e9valuation et affichage des dysfonctionnements<\/div>\n<\/div>\n<div>Logo personnalis\u00e9(Min. Commande : 10000 bo\u00eetes)<\/div>\n<div>Emballage personnalis\u00e9(Min. Commande : 10000 Bo\u00eetes)<\/div>\n","protected":false},"featured_media":12657,"comment_status":"closed","ping_status":"closed","template":"","meta":[],"product_cat":[157],"product_tag":[],"class_list":["post-13306","product","type-product","status-publish","has-post-thumbnail","hentry","product_cat-bandelettes-de-test-dhemoglobine"],"_links":{"self":[{"href":"https:\/\/anbanjia.com.cn\/fr\/wp-json\/wp\/v2\/product\/13306","targetHints":{"allow":["GET"]}}],"collection":[{"href":"https:\/\/anbanjia.com.cn\/fr\/wp-json\/wp\/v2\/product"}],"about":[{"href":"https:\/\/anbanjia.com.cn\/fr\/wp-json\/wp\/v2\/types\/product"}],"replies":[{"embeddable":true,"href":"https:\/\/anbanjia.com.cn\/fr\/wp-json\/wp\/v2\/comments?post=13306"}],"wp:featuredmedia":[{"embeddable":true,"href":"https:\/\/anbanjia.com.cn\/fr\/wp-json\/wp\/v2\/media\/12657"}],"wp:attachment":[{"href":"https:\/\/anbanjia.com.cn\/fr\/wp-json\/wp\/v2\/media?parent=13306"}],"wp:term":[{"taxonomy":"product_cat","embeddable":true,"href":"https:\/\/anbanjia.com.cn\/fr\/wp-json\/wp\/v2\/product_cat?post=13306"},{"taxonomy":"product_tag","embeddable":true,"href":"https:\/\/anbanjia.com.cn\/fr\/wp-json\/wp\/v2\/product_tag?post=13306"}],"curies":[{"name":"wp","href":"https:\/\/api.w.org\/{rel}","templated":true}]}}