{"id":13302,"date":"2022-05-02T18:02:45","date_gmt":"2022-05-02T18:02:45","guid":{"rendered":"https:\/\/www.anbanjia.com.cn\/product\/meilleur-prix-hb-301system-analyseur-dhemoglobine-rapide-detection-quantitative-pratique-de-lhemoglobine\/"},"modified":"2022-05-02T18:02:45","modified_gmt":"2022-05-02T18:02:45","slug":"meilleur-prix-systeme-hb-301-analyseur-rapide-d-hemoglobine-detection-quantitative-pratique-de-l-hemoglobine","status":"publish","type":"product","link":"https:\/\/anbanjia.com.cn\/fr\/produit\/meilleur-prix-systeme-hb-301-analyseur-rapide-d-hemoglobine-detection-quantitative-pratique-de-l-hemoglobine\/","title":{"rendered":"Meilleur prix HB 301system analyseur d&rsquo;h\u00e9moglobine rapide d\u00e9tection quantitative pratique de l&rsquo;h\u00e9moglobine"},"content":{"rendered":"<div style=\"max-width: 750px; margin: 0 auto;\">\n<div id=\"detail_decorate_root\" data-magic-global=\"%7B%22bizId%22%3A3215165050%2C%22pageId%22%3A20120651323%2C%22siteId%22%3A5005610021%7D\">\n<div class=\"J_module\">\n<div class=\"icbu-pc-images magic-1\">\n<div>\n<div class=\"flex-layout-h\">\n<div class=\"flex-layout-v magic-2\">\n<div class=\"magic-3\"><img decoding=\"async\" class=\"magic-4\" style=\"max-width: 750;\" src=\"https:\/\/anbanjia.com.cn\/wp-content\/uploads\/2022\/05\/Hf1cbba839be8456bae10a381b6f906b5r.png\" data-src=\"\"><\/div>\n<\/div>\n<div class=\"text-wrapper magic-5\">\n<div class=\"text-wrapper-right text-theme-light text-align-left\">\n<div class=\"text-title\">\n<div class=\"magic-6\"><span class=\"magic-7\"><span class=\"magic-8\">Analyseur d&rsquo;h\u00e9moglobine syst\u00e8me HB301<\/span><\/span><\/div>\n<\/div>\n<div class=\"text-content\">\n<p><b><span class=\"magic-9\">Principales caract\u00e9ristiques:<\/span><\/b><\/p>\n<p>* R\u00e9sultats de qualit\u00e9 laboratoire en 3 minutes<br \/>\n* Dispositif de point de service CLIA mod\u00e9r\u00e9ment complexe<br \/>\n* \u00c9chantillons capillaires ou veineux<\/p>\n<p><span class=\"magic-9\"><b>Pr\u00e9cision pour des d\u00e9cisions en toute confiance&nbsp;:<\/b><\/span><\/p>\n<p>* \u00c9talonnage en usine sans autre \u00e9talonnage n\u00e9cessaire<br \/>\n* Auto-test int\u00e9gr\u00e9<br \/>\n* Contr\u00f4les liquides \u00e0 base de sang disponibles<\/p>\n<\/div>\n<\/div>\n<\/div>\n<\/div>\n<\/div>\n<\/div>\n<\/div>\n<div class=\"J_module\">\n<div class=\"ife-detail-decorate-table\">\n<table class=\"has-title hight-light-first-column all magic-10\">\n<tbody>\n<tr>\n<td colspan=\"1\" rowspan=\"1\">\n<div class=\"magic-11\">\u00c9chantillons applicables<\/div>\n<\/td>\n<td colspan=\"1\" rowspan=\"1\">\n<div class=\"magic-12\">\u00e9chantillons de sang p\u00e9riph\u00e9rique, de sang total veineux ou art\u00e9riel<\/div>\n<\/td>\n<td colspan=\"1\" rowspan=\"1\">\n<div class=\"magic-13\">Temp\u00e9rature de stockage<\/div>\n<\/td>\n<td colspan=\"1\" rowspan=\"1\">\n<div class=\"magic-14\">Analyseur : 0&#8211;50C (32-122\u00b0F)<\/div>\n<\/td>\n<\/tr>\n<tr>\n<td colspan=\"1\" rowspan=\"1\">\n<div class=\"magic-11\">Volume d&rsquo;\u00e9chantillon<\/div>\n<\/td>\n<td colspan=\"1\" rowspan=\"1\">\n<div class=\"magic-12\">~10\u03bcL<\/div>\n<\/td>\n<td colspan=\"1\" rowspan=\"1\">\n<div class=\"magic-13\">Cellule de r\u00e9action<\/div>\n<\/td>\n<td colspan=\"1\" rowspan=\"1\">\n<div class=\"magic-14\">15- -30C (59- -86\u00b0F) stockage herm\u00e9tique Ouvert pendant 3 mois<\/div>\n<\/td>\n<\/tr>\n<tr>\n<td colspan=\"1\" rowspan=\"1\">\n<div class=\"magic-11\">Taille de l&rsquo;appareil<\/div>\n<\/td>\n<td colspan=\"1\" rowspan=\"1\">\n<div class=\"magic-12\">160 x 43 x 85 mm (6,30 x 1,69 x 3,35 pouces)<\/div>\n<\/td>\n<td colspan=\"1\" rowspan=\"1\">\n<div class=\"magic-13\">Temp\u00e9rature de fonctionnement<\/div>\n<\/td>\n<td colspan=\"1\" rowspan=\"1\">\n<div class=\"magic-14\">15- -30C (59- -86\u00b0F)<\/div>\n<\/td>\n<\/tr>\n<tr>\n<td colspan=\"1\" rowspan=\"1\">\n<div class=\"magic-11\">Poids<\/div>\n<\/td>\n<td colspan=\"1\" rowspan=\"1\">\n<div class=\"magic-12\">350 g (0,77 lb) avec batterie int\u00e9gr\u00e9e<\/div>\n<\/td>\n<td colspan=\"1\" rowspan=\"1\">\n<div class=\"magic-13\">Source de courant<\/div>\n<\/td>\n<td colspan=\"1\" rowspan=\"1\">\n<div class=\"magic-14\">Adaptateur secteur ou 4 piles AA<\/div>\n<\/td>\n<\/tr>\n<\/tbody>\n<\/table>\n<p><img decoding=\"async\" src=\"https:\/\/s.alicdn.com\/@sc04\/kf\/H8c4a63d0b9364aee9a9d8742eec98b68l\/230438700\/H8c4a63d0b9364aee9a9d8742eec98b68l.png?quality=close\"><\/p>\n<p><img decoding=\"async\" src=\"https:\/\/s.alicdn.com\/@sc04\/kf\/Hdf5e8251e21e4b2dbe584bf6d46b28655\/230438700\/Hdf5e8251e21e4b2dbe584bf6d46b28655.jpg?quality=close\"><\/p>\n<p><img decoding=\"async\" src=\"https:\/\/s.alicdn.com\/@sc04\/kf\/Ha50b4754fb154f5b8d867b2126b120e4x\/230438700\/Ha50b4754fb154f5b8d867b2126b120e4x.jpg?quality=close\"><img decoding=\"async\" src=\"https:\/\/s.alicdn.com\/@sc04\/kf\/Hbe7e18feda9f4607bfce966b9dd6648cL\/230438700\/Hbe7e18feda9f4607bfce966b9dd6648cL.jpg?quality=close\"><img decoding=\"async\" src=\"https:\/\/s.alicdn.com\/@sc04\/kf\/H5c69bd459db4494b8233557f6a4838d4k\/230438700\/H5c69bd459db4494b8233557f6a4838d4k.jpg?quality=close\"><img decoding=\"async\" src=\"https:\/\/s.alicdn.com\/@sc04\/kf\/Hb3de1620031246deb8378ee4e805ced7e\/230438700\/Hb3de1620031246deb8378ee4e805ced7e.jpg?quality=close\"><img decoding=\"async\" src=\"https:\/\/s.alicdn.com\/@sc04\/kf\/Hee9408d448ab460f94c285e537e347025\/230438700\/Hee9408d448ab460f94c285e537e347025.png?quality=close\"><img decoding=\"async\" src=\"https:\/\/s.alicdn.com\/@sc04\/kf\/HTB1Z1olSpXXXXctXXXXq6xXFXXXu\/230438700\/HTB1Z1olSpXXXXctXXXXq6xXFXXXu.jpg?quality=close\"><b data-spm-anchor-id=\"a2700.details.0.i30.4f6e6bd6XBfMRM\">Q1&nbsp;:\u00c9l\u00e9ments de paiement<\/b><br \/>\nA : T\/T 30 % comme d\u00e9p\u00f4t, et 70 % avant la livraison si compte plus de<br \/>\n10000,00&nbsp;USD<br \/>\n<b>Q2 : D\u00e9lai de livraison :<\/b><\/p>\n<div>G\u00e9n\u00e9ralement, cela prendra 3-5 jours ouvrables apr\u00e8s r\u00e9ception<br \/>\nvotre acompte. Le d\u00e9lai de livraison sp\u00e9cifique d\u00e9pend de la quantit\u00e9 de votre<br \/>\nCommande.<br \/>\n<b>Q3 : tester les marchandises avant la livraison ?<\/b><br \/>\nA : Oui, nous avons 100 % de test avant la livraison<br \/>\n<b data-spm-anchor-id=\"a2700.details.0.i31.4f6e6bd6XBfMRM\">Q4 : Comment faites-vous notre entreprise \u00e0 long terme,<\/b><br \/>\nR&nbsp;:1. Nous gardons une bonne qualit\u00e9 et le prix le plus comp\u00e9titif<br \/>\nA2 : Nous respectons chaque client comme notre ami<img decoding=\"async\" src=\"https:\/\/s.alicdn.com\/@sc04\/kf\/Ha43def8a2df44eac925e2c3ab5a1b97b2\/230438700\/Ha43def8a2df44eac925e2c3ab5a1b97b2.jpg?quality=close\"><\/div>\n<\/div>\n<\/div>\n<\/div>\n<\/div>\n","protected":false},"excerpt":{"rendered":"<p>&nbsp;<\/p>\n<div style=\"width: auto;\">\n<div style=\"min-width: 300px; max-width: 300px; word-wrap: break-word; float: left;\">Type&nbsp;: syst\u00e8me d&rsquo;analyse d&rsquo;urine<\/div>\n<div style=\"min-width: 300px; max-width: 300px; word-wrap: break-word; float: left;\">Num\u00e9ro de mod\u00e8le : HB 301<\/div>\n<\/div>\n<div style=\"width: auto;\">\n<div style=\"min-width: 300px; max-width: 300px; word-wrap: break-word; float: left;\">Lieu d&rsquo;origine&nbsp;: Guangdong, Chine<\/div>\n<div style=\"min-width: 300px; max-width: 300px; word-wrap: break-word; float: left;\">Classification des instruments&nbsp;: classe&nbsp;II<\/div>\n<\/div>\n<div style=\"width: auto;\">\n<div style=\"min-width: 300px; max-width: 300px; word-wrap: break-word; float: left;\">Garantie : AUCUNE<\/div>\n<div style=\"min-width: 300px; max-width: 300px; word-wrap: break-word; float: left;\">Service apr\u00e8s-vente : AUCUN<\/div>\n<\/div>\n<div style=\"width: auto;\">\n<div style=\"min-width: 300px; max-width: 300px; word-wrap: break-word; float: left;\">Nom du mod\u00e8le : HB 301<\/div>\n<div style=\"min-width: 300px; max-width: 300px; word-wrap: break-word; float: left;\">Alimentation : adaptateur secteur ou 4 piles AA<\/div>\n<\/div>\n<div style=\"width: auto;\">\n<div style=\"min-width: 300px; max-width: 300px; word-wrap: break-word; float: left;\">Temp\u00e9rature de fonctionnement : 15- -30C (59- -86\u00b0F)<\/div>\n<div style=\"min-width: 300px; max-width: 300px; word-wrap: break-word; float: left;\">Cellule de r\u00e9action : 15- -30C (59- -86\u00b0F) stockage herm\u00e9tique Ouvert pendant 3 mois<\/div>\n<\/div>\n<div style=\"width: auto;\">\n<div style=\"min-width: 300px; max-width: 300px; word-wrap: break-word; float: left;\">Temp\u00e9rature de stockage&nbsp;: Analyseur&nbsp;: 0&#8211;50&nbsp;C (32-122&nbsp;\u00b0F)<\/div>\n<div style=\"min-width: 300px; max-width: 300px; word-wrap: break-word; float: left;\">Poids&nbsp;: 350&nbsp;g (0,77&nbsp;lb) avec batterie int\u00e9gr\u00e9e<\/div>\n<\/div>\n<div style=\"width: auto;\">\n<div style=\"min-width: 300px; max-width: 300px; word-wrap: break-word; float: left;\">Taille de l&rsquo;instrument : 160 x 43 x 85 mm (6,30 x 1,69 x 3,35 pouces)<\/div>\n<div style=\"min-width: 300px; max-width: 300px; word-wrap: break-word; float: left;\">Volume d&rsquo;\u00e9chantillon&nbsp;: environ 10&nbsp;\u03bcL<\/div>\n<\/div>\n","protected":false},"featured_media":12625,"comment_status":"closed","ping_status":"closed","template":"","meta":[],"product_cat":[173],"product_tag":[],"class_list":["post-13302","product","type-product","status-publish","has-post-thumbnail","hentry","product_cat-bandelettes-de-test-danalyse-durine"],"_links":{"self":[{"href":"https:\/\/anbanjia.com.cn\/fr\/wp-json\/wp\/v2\/product\/13302","targetHints":{"allow":["GET"]}}],"collection":[{"href":"https:\/\/anbanjia.com.cn\/fr\/wp-json\/wp\/v2\/product"}],"about":[{"href":"https:\/\/anbanjia.com.cn\/fr\/wp-json\/wp\/v2\/types\/product"}],"replies":[{"embeddable":true,"href":"https:\/\/anbanjia.com.cn\/fr\/wp-json\/wp\/v2\/comments?post=13302"}],"wp:featuredmedia":[{"embeddable":true,"href":"https:\/\/anbanjia.com.cn\/fr\/wp-json\/wp\/v2\/media\/12625"}],"wp:attachment":[{"href":"https:\/\/anbanjia.com.cn\/fr\/wp-json\/wp\/v2\/media?parent=13302"}],"wp:term":[{"taxonomy":"product_cat","embeddable":true,"href":"https:\/\/anbanjia.com.cn\/fr\/wp-json\/wp\/v2\/product_cat?post=13302"},{"taxonomy":"product_tag","embeddable":true,"href":"https:\/\/anbanjia.com.cn\/fr\/wp-json\/wp\/v2\/product_tag?post=13302"}],"curies":[{"name":"wp","href":"https:\/\/api.w.org\/{rel}","templated":true}]}}