{"id":13300,"date":"2022-05-02T18:02:52","date_gmt":"2022-05-02T18:02:52","guid":{"rendered":"https:\/\/www.anbanjia.com.cn\/product\/machine-daspiration-chirurgicale-portable-en-gros-aspirateur-usage-medical-appareil-daspiration-electrique-mobile-deux-bouteilles-pot\/"},"modified":"2022-05-02T18:02:52","modified_gmt":"2022-05-02T18:02:52","slug":"vente-en-gros-portable-chirurgical-aspiration-machine-aspirateur-medical-usage-mobile-electrique-aspiration-appareil-deux-bouteilles-pot","status":"publish","type":"product","link":"https:\/\/anbanjia.com.cn\/fr\/produit\/vente-en-gros-portable-chirurgical-aspiration-machine-aspirateur-medical-usage-mobile-electrique-aspiration-appareil-deux-bouteilles-pot\/","title":{"rendered":"Machine d&rsquo;aspiration chirurgicale portable en gros aspirateur usage m\u00e9dical appareil d&rsquo;aspiration \u00e9lectrique mobile deux bouteilles pot"},"content":{"rendered":"<div style=\"max-width: 750px;margin: 0 auto;\">\n<div class=\"mceSectionContainer\" data-section=\"AliPostDhMb-ljvh5\" data-section-title=\"Product Details\" id=\"ali-anchor-AliPostDhMb-ljvh5\" style=\"padding-top: 8px;\">\n<div id=\"ali-title-AliPostDhMb-ljvh5\" style=\"padding: 8px 0; border-bottom: 1px solid #ddd;\"><span style=\"background-color: #ddd; color: #333; font-weight: bold; padding: 8px 10px; line-height: 12px;\">d\u00e9tails du produit<\/span><\/div>\n<div style=\"padding: 10px 0;\">\n<p style=\"text-align: center;\"><span style=\"font-size: 24px;\"><strong>Aspirateur de machine d&rsquo;aspiration chirurgicale portable d&rsquo;appareil d&rsquo;aspiration \u00e9lectrique chirurgical m\u00e9dical<\/strong><\/span><\/p>\n<table border=\"1\" style=\"border-collapse: collapse; background-color: #ffffff; width: 707px; height: 502px;\">\n<tbody>\n<tr style=\"height: 53px;\">\n<td style=\"width: 353px; text-align: center; height: 53px;\"><span style=\"font-size: 14px;\"><strong>tension d&rsquo;alimentation<\/strong><\/span><\/td>\n<td style=\"width: 348px; text-align: center; height: 53px;\"><span style=\"font-size: 14px;\"><strong>ca 220V 50HZ<\/strong><\/span><\/td>\n<\/tr>\n<tr style=\"height: 38px;\">\n<td style=\"width: 353px; text-align: center; height: 38px;\"><span style=\"font-size: 14px;\"><strong>Pression n\u00e9gative<\/strong><\/span><\/td>\n<td style=\"width: 348px; text-align: center; height: 38px;\"><span style=\"font-size: 14px;\"><strong>\u22650.08Mpa<\/strong><\/span><\/td>\n<\/tr>\n<tr style=\"height: 38px;\">\n<td style=\"width: 353px; text-align: center; height: 38px;\"><span style=\"font-size: 14px;\"><strong>Taux d&rsquo;aspiration<\/strong><\/span><\/td>\n<td style=\"width: 348px; text-align: center; height: 38px;\"><span style=\"font-size: 14px;\"><strong>\u226520L\/min<\/strong><\/span><\/td>\n<\/tr>\n<tr style=\"height: 38px;\">\n<td style=\"width: 353px; text-align: center; height: 38px;\"><span style=\"font-size: 14px;\"><strong>Plage de r\u00e9gulation de pression n\u00e9gative<\/strong><\/span><\/td>\n<td style=\"width: 348px; text-align: center; height: 38px;\"><span style=\"font-size: 14px;\"><strong>-0,02 ~ -0,08 MPa<\/strong><\/span><\/td>\n<\/tr>\n<tr style=\"height: 38px;\">\n<td style=\"width: 353px; text-align: center; height: 38px;\"><span style=\"font-size: 14px;\"><strong>Bouteille d&rsquo;aspiration<\/strong><\/span><\/td>\n<td style=\"width: 348px; text-align: center; height: 38px;\"><span style=\"font-size: 14px;\"><strong>1000ml<\/strong><\/span><\/td>\n<\/tr>\n<tr style=\"height: 38px;\">\n<td style=\"width: 353px; text-align: center; height: 38px;\"><strong><span style=\"font-size: 14px;\">Bruit<\/span><\/strong><\/td>\n<td style=\"width: 348px; text-align: center; height: 38px;\"><strong><span style=\"font-size: 14px;\">\u226455dB<\/span><\/strong><\/td>\n<\/tr>\n<tr style=\"height: 38px;\">\n<td style=\"width: 353px; text-align: center; height: 38px;\"><strong><span style=\"font-size: 14px;\">Puissance d&rsquo;entr\u00e9e<\/span><\/strong><\/td>\n<td style=\"width: 348px; text-align: center; height: 38px;\"><strong><span style=\"font-size: 14px;\">150VA<\/span><\/strong><\/td>\n<\/tr>\n<tr style=\"height: 38px;\">\n<td style=\"width: 353px; text-align: center; height: 38px;\"><strong><span style=\"font-size: 14px;\">Autolubrification de la structure<\/span><\/strong><\/td>\n<p> de la pompe <\/p>\n<td style=\"width: 348px; text-align: center; height: 38px;\"><strong><span style=\"font-size: 14px;\"><span style=\"box-sizing: content-box; margin: 0px; padding: 0px; border: 0px; font-style: inherit; line-height: 21px; vertical-align: baseline;\">sans huile<\/span><\/span><\/strong><\/td>\n<\/tr>\n<tr style=\"height: 38px;\">\n<td style=\"width: 353px; text-align: center; height: 38px;\"><strong><span style=\"font-size: 14px;\">Taille<\/span><\/strong><\/td>\n<td style=\"width: 348px; text-align: center; height: 38px;\"><strong><span style=\"font-size: 14px;\">38*31.2*48cm<\/span><\/strong><\/td>\n<\/tr>\n<tr style=\"height: 38px;\">\n<td style=\"width: 353px; text-align: center; height: 38px;\"><strong><span style=\"font-size: 14px;\">bouteille<\/span><\/strong><\/td>\n<td style=\"width: 348px; text-align: center; height: 38px;\"><strong><span style=\"font-size: 14px;\">2500ml\/bouteille<\/span><\/strong><\/td>\n<\/tr>\n<tr style=\"height: 38px;\">\n<td style=\"width: 353px; text-align: center; height: 38px;\"><strong><span style=\"font-size: 14px;\">poids net<\/span><\/strong><\/td>\n<td style=\"width: 348px; text-align: center; height: 38px;\"><strong><span style=\"font-size: 14px;\">15kg<\/span><\/strong><\/td>\n<\/tr>\n<\/tbody>\n<\/table>\n<p><span style=\"font-size: 24px;\"><strong>Introduction:<\/strong><\/span><\/p>\n<p><span style=\"font-size: 16px;\"><span style=\"box-sizing: content-box; margin: 0px; padding: 0px; border: 0px; font-style: inherit; line-height: 21px; vertical-align: baseline;\">Le dispositif d&rsquo;aspiration de crachats \u00e9lectrique portable peut \u00eatre utilis\u00e9 pour aspirer les crachats et autres s\u00e9cr\u00e9tions \u00e9paisses dans les h\u00f4pitaux, et peut \u00e9galement \u00eatre utilis\u00e9 comme aide au poing dans le m\u00e9nage. La machine adopte une pompe de lubrification sans huile, \u00e9vitant la pollution du brouillard d&rsquo;huile. La pompe ne n\u00e9cessite aucun entretien ni entretien quotidien. Le dispositif de protection anti-d\u00e9bordement de la machine emp\u00eache les liquides de s&rsquo;\u00e9couler dans la pompe. La machine se caract\u00e9rise par de petites dimensions, un poids l\u00e9ger et une grande mobilit\u00e9. <\/span><\/span><\/p>\n<p><img decoding=\"async\" data-alt=\"Wholesale portable surgical suction machine aspirator medical use movable electric suction apparatus two bottles jar\" data-src=\"\" ori-height=\"916\" ori-width=\"790\" src=\"https:\/\/anbanjia.com.cn\/wp-content\/uploads\/2022\/05\/H8bd1cc1f773047f7b677203b45e11478O.jpg\" style=\"max-width: 750;\"><img decoding=\"async\" data-alt=\"Wholesale portable surgical suction machine aspirator medical use movable electric suction apparatus two bottles jar\" data-src=\"\" ori-height=\"987\" ori-width=\"790\" src=\"https:\/\/anbanjia.com.cn\/wp-content\/uploads\/2022\/05\/Hccbd35d3159a45808fe6ce57a48cbdc2m.jpg\"><img decoding=\"async\" data-alt=\"Wholesale portable surgical suction machine aspirator medical use movable electric suction apparatus two bottles jar\" data-src=\"\" ori-height=\"906\" ori-width=\"790\" src=\"https:\/\/anbanjia.com.cn\/wp-content\/uploads\/2022\/05\/Hee6a3d9a3cb9437a90ec89053d2bbb76N.jpg\"><img decoding=\"async\" data-alt=\"Wholesale portable surgical suction machine aspirator medical use movable electric suction apparatus two bottles jar\" data-src=\"\" ori-height=\"1177\" ori-width=\"790\" src=\"https:\/\/anbanjia.com.cn\/wp-content\/uploads\/2022\/05\/H56c87482e62f484b88ced9ea58c3edc3a.jpg\"><img decoding=\"async\" data-alt=\"Wholesale portable surgical suction machine aspirator medical use movable electric suction apparatus two bottles jar\" data-src=\"\" ori-height=\"1090\" ori-width=\"790\" src=\"https:\/\/anbanjia.com.cn\/wp-content\/uploads\/2022\/05\/Haa9714a3eb8546a6acf1f38d8a70d73fM.jpg\"><img decoding=\"async\" data-alt=\"Wholesale portable surgical suction machine aspirator medical use movable electric suction apparatus two bottles jar\" data-src=\"\" ori-height=\"292\" ori-width=\"790\" src=\"https:\/\/anbanjia.com.cn\/wp-content\/uploads\/2022\/05\/H2d2078d2b93c4b16856ba321648429d23.jpg\"> <\/p>\n<\/div>\n<\/div>\n<div class=\"mceSectionContainer\" data-section=\"AliPostDhMb-g8zpw\" data-section-title=\"contact us\" id=\"ali-anchor-AliPostDhMb-g8zpw\" style=\"padding-top: 8px;\">\n<div id=\"ali-title-AliPostDhMb-g8zpw\" style=\"padding: 8px 0; border-bottom: 1px solid #ddd;\"><span style=\"background-color: #ddd; color: #333; font-weight: bold; padding: 8px 10px; line-height: 12px;\">Nous contacter<\/span><\/div>\n<div style=\"padding: 10px 0;\">\n<p><a href=\"https:\/\/abj-medical.en.alibaba.com\/contactinfo.html?spm=a2700.8304367.topnav.8.5d239224wxD2sy\" rel=\"noopener noreferrer\" target=\"_blank\"> <img decoding=\"async\" data-alt=\"Wholesale portable surgical suction machine aspirator medical use movable electric suction apparatus two bottles jar\" data-src=\"\" ori-height=\"271\" ori-width=\"760\" src=\"https:\/\/anbanjia.com.cn\/wp-content\/uploads\/2022\/05\/H4a476ca2a62642c5955586ce8e509aa6M.png\"><\/a><\/p>\n<\/div>\n<\/div>\n<div class=\"mceSectionContainer\" data-section=\"AliPostDhMb-vv6n9\" data-section-title=\"Product Categories\" id=\"ali-anchor-AliPostDhMb-vv6n9\" style=\"padding-top: 8px;\">\n<div id=\"ali-title-AliPostDhMb-vv6n9\" style=\"padding: 8px 0; border-bottom: 1px solid #ddd;\"><span style=\"background-color: #ddd; color: #333; font-weight: bold; padding: 8px 10px; line-height: 12px;\">cat\u00e9gories de produits<\/span><\/div>\n<div style=\"padding: 10px 0;\">\n<p> <a href=\"https:\/\/abj-medical.en.alibaba.com\/productgrouplist-804871560\/Electric_wheelchair_and_apparatus.html?spm=a2700.icbuShop.88.30.704a44ebaAhP4D\" rel=\"noopener noreferrer\" target=\"_blank\"><img decoding=\"async\" data-alt=\"Wholesale portable surgical suction machine aspirator medical use movable electric suction apparatus two bottles jar\" data-src=\"\" ori-height=\"285\" ori-width=\"750\" src=\"https:\/\/anbanjia.com.cn\/wp-content\/uploads\/2022\/05\/HTB1ERWiSFXXXXasXXXXq6xXFXXXw.jpg\"><\/a><\/p>\n<\/div>\n<\/div>\n<div class=\"mceSectionContainer\" data-section=\"AliPostDhMb-ub5hb\" data-section-title=\"certificate\" id=\"ali-anchor-AliPostDhMb-ub5hb\" style=\"padding-top: 8px;\">\n<div id=\"ali-title-AliPostDhMb-ub5hb\" style=\"padding: 8px 0; border-bottom: 1px solid #ddd;\"><span style=\"background-color: #ddd; color: #333; font-weight: bold; padding: 8px 10px; line-height: 12px;\">certificat<\/span><\/div>\n<div style=\"padding: 10px 0;\">\n<p><img decoding=\"async\" data-alt=\"Wholesale portable surgical suction machine aspirator medical use movable electric suction apparatus two bottles jar\" data-src=\"\" ori-height=\"365\" ori-width=\"750\" src=\"https:\/\/anbanjia.com.cn\/wp-content\/uploads\/2022\/05\/HTB1Z1olSpXXXXctXXXXq6xXFXXXu-1.jpg\"> <\/p>\n<\/div>\n<\/div>\n<div class=\"mceSectionContainer\" data-section=\"AliPostDhMb-yhho8\" data-section-title=\"company information\" id=\"ali-anchor-AliPostDhMb-yhho8\" style=\"padding-top: 8px;\">\n<div id=\"ali-title-AliPostDhMb-yhho8\" style=\"padding: 8px 0; border-bottom: 1px solid #ddd;\"><span style=\"background-color: #ddd; color: #333; font-weight: bold; padding: 8px 10px; line-height: 12px;\">Informations sur la soci\u00e9t\u00e9<\/span><\/div>\n<div style=\"padding: 10px 0;\">\n<p><img decoding=\"async\" data-src=\"\" ori-height=\"1100\" ori-width=\"750\" src=\"https:\/\/anbanjia.com.cn\/wp-content\/uploads\/2022\/05\/HTB1HgKPcQ5E3KVjSZFCq6zuzXXay.jpg\"><\/p>\n<\/p>\n<\/div>\n<\/div>\n<div class=\"mceSectionContainer\" data-section=\"AliPostDhMb-dlpgq\" data-section-title=\"Home\" id=\"ali-anchor-AliPostDhMb-dlpgq\" style=\"padding-top: 8px;\">\n<div id=\"ali-title-AliPostDhMb-dlpgq\" style=\"padding: 8px 0; border-bottom: 1px solid #ddd;\"><span style=\"background-color: #ddd; color: #333; font-weight: bold; padding: 8px 10px; line-height: 12px;\">Accueil<\/span><\/div>\n<div style=\"padding: 10px 0;\">\n<p><img decoding=\"async\" data-alt=\"Wholesale portable surgical suction machine aspirator medical use movable electric suction apparatus two bottles jar\" data-src=\"\" ori-height=\"172\" ori-width=\"750\" src=\"https:\/\/anbanjia.com.cn\/wp-content\/uploads\/2022\/05\/unnamed-file-3.jpg\"><\/p>\n<p><a href=\"https:\/\/abj-medical.en.alibaba.com\/?spm=a2700.8304367.topnav.1.7fb94f0d6W4Kaf\" rel=\"noopener noreferrer\" target=\"_blank\"><img decoding=\"async\" data-alt=\"Wholesale portable surgical suction machine aspirator medical use movable electric suction apparatus two bottles jar\" data-src=\"\" ori-height=\"124\" ori-width=\"750\" src=\"https:\/\/anbanjia.com.cn\/wp-content\/uploads\/2022\/05\/HTB10aT7SpXXXXa7XFXXq6xXFXXXO-1.jpg\"> <\/a><\/p>\n<\/div>\n<\/div>\n<\/div>\n","protected":false},"excerpt":{"rendered":"<div style=\"width:auto\">\n<div style=\"min-width: 300px;max-width: 300px;word-wrap: break-word;float: left\">Lieu d&rsquo;origine : Chine <\/div>\n<div style=\"min-width: 300px;max-width: 300px;word-wrap: break-word;float: left\">Nom de marque : ABJ<\/div>\n<\/p><\/div>\n<div style=\"width:auto\">\n<div style=\"min-width: 300px;max-width: 300px;word-wrap: break-word;float: left\">Num\u00e9ro de mod\u00e8le&nbsp;: ABJ-H002 <\/div>\n<div style=\"min-width: 300px;max-width: 300px;word-wrap: break-word;float: left\">Source d&rsquo;alimentation&nbsp;: \u00e9lectrique<\/div>\n<\/p><\/div>\n<div style=\"width:auto\">\n<div style=\"min-width: 300px;max-width: 300px;word-wrap: break-word;float: left\">Garantie 1 ann\u00e9e <\/div>\n<div style=\"min-width: 300px;max-width: 300px;word-wrap: break-word;float: left\">Service apr\u00e8s-vente : AUCUN<\/div>\n<\/p><\/div>\n<div style=\"width:auto\">\n<div style=\"min-width: 300px;max-width: 300px;word-wrap: break-word;float: left\">Mat\u00e9riel:Acier <\/div>\n<div style=\"min-width: 300px;max-width: 300px;word-wrap: break-word;float: left\">Dur\u00e9e de conservation&nbsp;: 1&nbsp;ans<\/div>\n<\/p><\/div>\n<div style=\"width:auto\">\n<div style=\"min-width: 300px;max-width: 300px;word-wrap: break-word;float: left\">Certificat de qualit\u00e9&nbsp;: ce <\/div>\n<div style=\"min-width: 300px;max-width: 300px;word-wrap: break-word;float: left\">Classification des instruments&nbsp;: classe&nbsp;II<\/div>\n<\/p><\/div>\n<div style=\"width:auto\">\n<div style=\"min-width: 300px;max-width: 300px;word-wrap: break-word;float: left\">Norme de s\u00e9curit\u00e9&nbsp;: GB\/T18830-2009 <\/div>\n<div style=\"min-width: 300px;max-width: 300px;word-wrap: break-word;float: left\">tension d&rsquo;alimentation: ca 220V 50HZ<\/div>\n<\/p><\/div>\n<div style=\"width:auto\">\n<div style=\"min-width: 300px;max-width: 300px;word-wrap: break-word;float: left\">Pression n\u00e9gative :\u22650.08Mpa <\/div>\n<div style=\"min-width: 300px;max-width: 300px;word-wrap: break-word;float: left\">Taux d&rsquo;aspiration :\u226520L\/min<\/div>\n<\/p><\/div>\n<div style=\"width:auto\">\n<div style=\"min-width: 300px;max-width: 300px;word-wrap: break-word;float: left\">Plage de r\u00e9gulation de pression n\u00e9gative : -0,02 ~ -0,08 MPa <\/div>\n<div style=\"min-width: 300px;max-width: 300px;word-wrap: break-word;float: left\">Bouteille d&rsquo;aspiration : 1000 ml<\/div>\n<\/p><\/div>\n<div style=\"width:auto\">\n<div style=\"min-width: 300px;max-width: 300px;word-wrap: break-word;float: left\">Bruit&nbsp;: \u2264&nbsp;55&nbsp;dB <\/div>\n<div style=\"min-width: 300px;max-width: 300px;word-wrap: break-word;float: left\">Puissance d&rsquo;entr\u00e9e&nbsp;: 150&nbsp;VA<\/div>\n<\/p><\/div>\n<div style=\"width:auto\">\n<div style=\"min-width: 300px;max-width: 300px;word-wrap: break-word;float: left\">Taille:38*31.2*48cm <\/div>\n<div style=\"min-width: 300px;max-width: 300px;word-wrap: break-word;float: left\">poids net : 15 kg<\/div>\n<\/p><\/div>\n<div>Logo personnalis\u00e9(Min. Commande : 500 pi\u00e8ces)<\/div>\n<div>Emballage personnalis\u00e9(Min. Commande : 500 Pi\u00e8ces)<\/div>\n","protected":false},"featured_media":6425,"comment_status":"closed","ping_status":"closed","template":"","meta":[],"product_cat":[147],"product_tag":[],"class_list":["post-13300","product","type-product","status-publish","has-post-thumbnail","hentry","product_cat-aspirateur"],"_links":{"self":[{"href":"https:\/\/anbanjia.com.cn\/fr\/wp-json\/wp\/v2\/product\/13300","targetHints":{"allow":["GET"]}}],"collection":[{"href":"https:\/\/anbanjia.com.cn\/fr\/wp-json\/wp\/v2\/product"}],"about":[{"href":"https:\/\/anbanjia.com.cn\/fr\/wp-json\/wp\/v2\/types\/product"}],"replies":[{"embeddable":true,"href":"https:\/\/anbanjia.com.cn\/fr\/wp-json\/wp\/v2\/comments?post=13300"}],"wp:featuredmedia":[{"embeddable":true,"href":"https:\/\/anbanjia.com.cn\/fr\/wp-json\/wp\/v2\/media\/6425"}],"wp:attachment":[{"href":"https:\/\/anbanjia.com.cn\/fr\/wp-json\/wp\/v2\/media?parent=13300"}],"wp:term":[{"taxonomy":"product_cat","embeddable":true,"href":"https:\/\/anbanjia.com.cn\/fr\/wp-json\/wp\/v2\/product_cat?post=13300"},{"taxonomy":"product_tag","embeddable":true,"href":"https:\/\/anbanjia.com.cn\/fr\/wp-json\/wp\/v2\/product_tag?post=13300"}],"curies":[{"name":"wp","href":"https:\/\/api.w.org\/{rel}","templated":true}]}}