{"id":13293,"date":"2022-05-02T18:02:43","date_gmt":"2022-05-02T18:02:43","guid":{"rendered":"https:\/\/www.anbanjia.com.cn\/product\/feuille-de-lecteur-de-bandelette-de-test-de-calcium-durine-non-coupee-en-inde-bandelette-de-test-durine-bandelette-de-test-durine-de-galactose-a-14-parametres\/"},"modified":"2022-05-02T18:02:43","modified_gmt":"2022-05-02T18:02:43","slug":"feuille-de-lecteur-de-bandelettes-test-urine-calcium-uncut-en-inde-bandelette-test-urine-14-parametres-bandelette-test-urine-galactose","status":"publish","type":"product","link":"https:\/\/anbanjia.com.cn\/fr\/produit\/feuille-de-lecteur-de-bandelettes-test-urine-calcium-uncut-en-inde-bandelette-test-urine-14-parametres-bandelette-test-urine-galactose\/","title":{"rendered":"feuille de lecteur de bandelette de test de calcium d&rsquo;urine non coup\u00e9e en inde bandelette de test d&rsquo;urine bandelette de test d&rsquo;urine de galactose \u00e0 14 param\u00e8tres"},"content":{"rendered":"<div style=\"max-width: 750px; margin: 0 auto;\">\n<div id=\"ali-anchor-AliPostDhMb-ljvh5\" class=\"mceSectionContainer\" style=\"padding-top: 8px;\" data-section=\"AliPostDhMb-ljvh5\" data-section-title=\"Product Details\">\n<div id=\"ali-title-AliPostDhMb-ljvh5\" style=\"padding: 8px 0; border-bottom: 1px solid #ddd;\"><span style=\"background-color: #ddd; color: #333; font-weight: bold; padding: 8px 10px; line-height: 12px;\">d\u00e9tails du produit<\/span><\/div>\n<div style=\"padding: 10px 0;\">\n<p><span style=\"font-size: 24px;\"><strong>Veuillez contacter le vendeur pour obtenir plus de d\u00e9tails \u00e0 ce sujet.<\/strong><\/span><\/p>\n<p><span style=\"font-size: 24px; color: #0000ff;\"><strong> Il existe 3 mod\u00e8les de bandelettes de test urinaire.<\/strong><\/span><\/p>\n<p><span style=\"font-size: 18px; color: #000000;\">1.Glucose&nbsp;: d\u00e9tection pr\u00e9coce et surveillance du diab\u00e8te sucr\u00e9.<\/span><\/p>\n<p style=\"box-sizing: content-box; margin: 0px; padding: 0px; border: 0px; font-style: normal; font-weight: 400; font-size: 14.1176px; line-height: inherit; font-family: Arial,Helvetica; vertical-align: baseline; color: #333333; background-color: #ffffff;\"><span style=\"font-size: 18px; color: #000000;\">2.Protein&nbsp;: Symptomatique des maladies des voies r\u00e9nales et urinaires.<\/span><\/p>\n<p style=\"box-sizing: content-box; margin: 0px; padding: 0px; border: 0px; font-style: normal; font-weight: 400; font-size: 14.1176px; line-height: inherit; font-family: Arial,Helvetica; vertical-align: baseline; color: #333333; background-color: #ffffff;\"><span style=\"color: #000000;\"><span style=\"font-size: 18px;\">3.C\u00e9tone : Anomalies m\u00e9taboliques, indication<\/span> d&rsquo;acidoc\u00e9tose.<\/span><img decoding=\"async\" style=\"max-width: 750;\" src=\"https:\/\/anbanjia.com.cn\/wp-content\/uploads\/2022\/05\/HTB1OQFgVbPpK1RjSZFFq6y5PpXad.jpg\" data-alt=\"uncut urine calcium test strip reader sheet in india urine test strip 14 parameter galactose urine test strip\" data-src=\"\"><img decoding=\"async\" src=\"https:\/\/anbanjia.com.cn\/wp-content\/uploads\/2022\/05\/HTB14i8nVcbpK1RjSZFyq6x_qFXa7.jpg\" data-alt=\"uncut urine calcium test strip reader sheet in india urine test strip 14 parameter galactose urine test strip\" data-src=\"\"><img decoding=\"async\" src=\"https:\/\/anbanjia.com.cn\/wp-content\/uploads\/2022\/05\/HTB1_GxiVhTpK1RjSZR0q6zEwXXaN.jpg\" data-alt=\"uncut urine calcium test strip reader sheet in india urine test strip 14 parameter galactose urine test strip\" data-src=\"\"><img decoding=\"async\" src=\"https:\/\/anbanjia.com.cn\/wp-content\/uploads\/2022\/05\/HTB1OQFgVbPpK1RjSZFFq6y5PpXad.jpg\" data-alt=\"uncut urine calcium test strip reader sheet in india urine test strip 14 parameter galactose urine test strip\" data-src=\"\"><\/p>\n<p style=\"box-sizing: content-box; margin: 0px; padding: 0px; border: 0px; font-style: normal; font-weight: 400; font-size: 14.1176px; line-height: inherit; font-family: Arial, Helvetica; vertical-align: baseline; color: #333333; background-color: #ffffff; text-align: center;\"><span style=\"background-color: #161afa; font-size: 32px;\"><strong><span style=\"color: #ffffff;\">Comment utiliser<\/span><\/strong><\/span><\/p>\n<p><span style=\"font-size: 18px;\">1. Retirez une bandelette du flacon et replacez imm\u00e9diatement le bouchon.<\/span><\/p>\n<p><span style=\"font-size: 18px;\">2. Immergez la zone r\u00e9active de la bandelette dans <\/span><br \/>\n<span style=\"font-size: 18px;\">\u00e9chantillon d&rsquo;urine et retirez-le rapidement. Essuyez l&rsquo;exc\u00e8s d&rsquo;urine contre le bord du r\u00e9cipient \u00e0 \u00e9chantillon.<\/span><\/p>\n<p><span style=\"font-size: 18px;\">3. Lisez attentivement les r\u00e9sultats du test dans les 60 secondes sous un bon \u00e9clairage et avec la zone de test maintenue pr\u00e8s du nuancier appropri\u00e9 sur l&rsquo;\u00e9tiquette du flacon. Les changements de couleur qui n&rsquo;apparaissent que le long des bords des tampons de test ou apr\u00e8s un d\u00e9placement de plus de 2 minutes n&rsquo;ont aucune signification diagnostique. Les r\u00e9sultats avec la portion test de leucocytes peuvent \u00eatre lus en 120 secondes.<\/span><\/p>\n<p><span style=\"color: #0000ff;\"><strong><span style=\"font-family: Arial, Helvetica; font-size: 16px; font-style: normal; background-color: #ffffff; float: none; display: inline !important;\">Ici, nous avons \u00e9galement de nombreuses autres bandelettes de test de marque, vous pouvez me contacter si vous avez des besoins.<\/span><\/strong><\/span><\/p>\n<p><span style=\"color: #0000ff;\"><strong><span style=\"font-family: Arial, Helvetica; font-size: 16px; font-style: normal; background-color: #ffffff; float: none; display: inline !important;\"><img decoding=\"async\" src=\"https:\/\/anbanjia.com.cn\/wp-content\/uploads\/2022\/05\/HTB12PtXUHvpK1RjSZPiq6zmwXXau.jpg\" data-alt=\"uncut urine calcium test strip reader sheet in india urine test strip 14 parameter galactose urine test strip\" data-src=\"\"><img decoding=\"async\" src=\"https:\/\/anbanjia.com.cn\/wp-content\/uploads\/2022\/05\/HTB1zHyybLc3T1VjSZPfq6AWHXXag.jpg\" data-alt=\"uncut urine calcium test strip reader sheet in india urine test strip 14 parameter galactose urine test strip\" data-height=\"757\" data-src=\"\" data-width=\"782\"><\/span><\/strong><\/span><\/p>\n<\/div>\n<\/div>\n<div id=\"ali-anchor-AliPostDhMb-vv6n9\" class=\"mceSectionContainer\" style=\"padding-top: 8px;\" data-section=\"AliPostDhMb-vv6n9\" data-section-title=\"Product Categories\">\n<div id=\"ali-title-AliPostDhMb-vv6n9\" style=\"padding: 8px 0; border-bottom: 1px solid #ddd;\"><span style=\"background-color: #ddd; color: #333; font-weight: bold; padding: 8px 10px; line-height: 12px;\">cat\u00e9gories de produits<\/span><\/div>\n<div style=\"padding: 10px 0;\">\n<p><a href=\"https:\/\/abj-medical.en.alibaba.com\/productgrouplist-804872323\/Clinical_laboratory_machine.html?spm=a2700.8304367.topnav.12.8d441e3A7jIXx\" target=\"_blank\" rel=\"noopener noreferrer\"><img decoding=\"async\" src=\"https:\/\/anbanjia.com.cn\/wp-content\/uploads\/2022\/05\/HTB1hBlcawoQMeJjy0Fpq6ATxpXaf.jpg\" data-alt=\"uncut urine calcium test strip reader sheet in india urine test strip 14 parameter galactose urine test strip\" data-src=\"\"><\/a><\/p>\n<\/div>\n<\/div>\n<div id=\"ali-anchor-AliPostDhMb-ub5hb\" class=\"mceSectionContainer\" style=\"padding-top: 8px;\" data-section=\"AliPostDhMb-ub5hb\" data-section-title=\"certificate\">\n<div id=\"ali-title-AliPostDhMb-ub5hb\" style=\"padding: 8px 0; border-bottom: 1px solid #ddd;\"><span style=\"background-color: #ddd; color: #333; font-weight: bold; padding: 8px 10px; line-height: 12px;\">certificat<\/span><\/div>\n<div style=\"padding: 10px 0;\">\n<p><img decoding=\"async\" src=\"https:\/\/anbanjia.com.cn\/wp-content\/uploads\/2022\/05\/HTB1Z1olSpXXXXctXXXXq6xXFXXXu-1.jpg\" data-alt=\"uncut urine calcium test strip reader sheet in india urine test strip 14 parameter galactose urine test strip\" data-src=\"\"><\/p>\n<\/div>\n<\/div>\n<div id=\"ali-anchor-AliPostDhMb-yhho8\" class=\"mceSectionContainer\" style=\"padding-top: 8px;\" data-section=\"AliPostDhMb-yhho8\" data-section-title=\"company information\">\n<div id=\"ali-title-AliPostDhMb-yhho8\" style=\"padding: 8px 0; border-bottom: 1px solid #ddd;\"><span style=\"background-color: #ddd; color: #333; font-weight: bold; padding: 8px 10px; line-height: 12px;\">Informations sur la soci\u00e9t\u00e9<\/span><\/div>\n<div style=\"padding: 10px 0;\">\n<p><img decoding=\"async\" src=\"https:\/\/anbanjia.com.cn\/wp-content\/uploads\/2022\/05\/Ha43def8a2df44eac925e2c3ab5a1b97b2.jpg\" data-alt=\"uncut urine calcium test strip reader sheet in india urine test strip 14 parameter galactose urine test strip\" data-src=\"\"><\/p>\n<\/div>\n<\/div>\n<\/div>\n","protected":false},"excerpt":{"rendered":"<p>&nbsp;<\/p>\n<div style=\"width: auto;\">\n<div style=\"min-width: 300px; max-width: 300px; word-wrap: break-word; float: left;\">Type&nbsp;: syst\u00e8me d&rsquo;analyse biochimique<\/div>\n<div style=\"min-width: 300px; max-width: 300px; word-wrap: break-word; float: left;\">Nom de marque: oem<\/div>\n<\/div>\n<div style=\"width: auto;\">\n<div style=\"min-width: 300px; max-width: 300px; word-wrap: break-word; float: left;\">Num\u00e9ro de mod\u00e8le&nbsp;: 10\/14.<\/div>\n<div style=\"min-width: 300px; max-width: 300px; word-wrap: break-word; float: left;\">Lieu d&rsquo;origine&nbsp;: Guangdong, Chine<\/div>\n<\/div>\n<div style=\"width: auto;\">\n<div style=\"min-width: 300px; max-width: 300px; word-wrap: break-word; float: left;\">Classification des instruments&nbsp;: classe&nbsp;II<\/div>\n<div style=\"min-width: 300px; max-width: 300px; word-wrap: break-word; float: left;\">Garantie : AUCUNE<\/div>\n<\/div>\n<div style=\"width: auto;\">\n<div style=\"min-width: 300px; max-width: 300px; word-wrap: break-word; float: left;\">Service apr\u00e8s-vente : AUCUN<\/div>\n<div style=\"min-width: 300px; max-width: 300px; word-wrap: break-word; float: left;\">Type d&rsquo;analyseur&nbsp;: Bandelettes d&rsquo;analyse d&rsquo;urine<\/div>\n<\/div>\n<div style=\"width: auto;\">\n<div style=\"min-width: 300px; max-width: 300px; word-wrap: break-word; float: left;\">Options d&#8217;emballage :Disponible en 25 bandes\/bo\u00eete<\/div>\n<div style=\"min-width: 300px; max-width: 300px; word-wrap: break-word; float: left;\">Param\u00e8tres&nbsp;: personnalis\u00e9s<\/div>\n<\/div>\n<div style=\"width: auto;\">\n<div style=\"min-width: 300px; max-width: 300px; word-wrap: break-word; float: left;\">Conception&nbsp;: OEM disponible<\/div>\n<div style=\"min-width: 300px; max-width: 300px; word-wrap: break-word; float: left;\">Fonction : d\u00e9tection de la sant\u00e9 du corps.<\/div>\n<\/div>\n<div>Logo personnalis\u00e9(Min. Commande : 1000 barils)<\/div>\n<div>Emballage personnalis\u00e9 (Min. Commande&nbsp;: 1000 barils)<\/div>\n","protected":false},"featured_media":12635,"comment_status":"closed","ping_status":"closed","template":"","meta":[],"product_cat":[173],"product_tag":[],"class_list":["post-13293","product","type-product","status-publish","has-post-thumbnail","hentry","product_cat-bandelettes-de-test-danalyse-durine"],"_links":{"self":[{"href":"https:\/\/anbanjia.com.cn\/fr\/wp-json\/wp\/v2\/product\/13293","targetHints":{"allow":["GET"]}}],"collection":[{"href":"https:\/\/anbanjia.com.cn\/fr\/wp-json\/wp\/v2\/product"}],"about":[{"href":"https:\/\/anbanjia.com.cn\/fr\/wp-json\/wp\/v2\/types\/product"}],"replies":[{"embeddable":true,"href":"https:\/\/anbanjia.com.cn\/fr\/wp-json\/wp\/v2\/comments?post=13293"}],"wp:featuredmedia":[{"embeddable":true,"href":"https:\/\/anbanjia.com.cn\/fr\/wp-json\/wp\/v2\/media\/12635"}],"wp:attachment":[{"href":"https:\/\/anbanjia.com.cn\/fr\/wp-json\/wp\/v2\/media?parent=13293"}],"wp:term":[{"taxonomy":"product_cat","embeddable":true,"href":"https:\/\/anbanjia.com.cn\/fr\/wp-json\/wp\/v2\/product_cat?post=13293"},{"taxonomy":"product_tag","embeddable":true,"href":"https:\/\/anbanjia.com.cn\/fr\/wp-json\/wp\/v2\/product_tag?post=13293"}],"curies":[{"name":"wp","href":"https:\/\/api.w.org\/{rel}","templated":true}]}}