{"id":13290,"date":"2022-05-02T18:02:40","date_gmt":"2022-05-02T18:02:40","guid":{"rendered":"https:\/\/www.anbanjia.com.cn\/product\/produits-chauds-analyseur-dhemoglobine-hb-301\/"},"modified":"2022-05-02T18:02:40","modified_gmt":"2022-05-02T18:02:40","slug":"produits-chauds-hb-301-analyseur-d-hemoglobine","status":"publish","type":"product","link":"https:\/\/anbanjia.com.cn\/fr\/produit\/produits-chauds-hb-301-analyseur-d-hemoglobine\/","title":{"rendered":"Produits chauds Analyseur d&rsquo;h\u00e9moglobine Hb 301"},"content":{"rendered":"<div style=\"max-width: 750px; margin: 0 auto;\">\n<div id=\"detail_decorate_root\" data-magic-global=\"%7B%22bizId%22%3A3215165050%2C%22pageId%22%3A20120619215%2C%22siteId%22%3A5005610021%7D\">\n<div class=\"J_module\">\n<div class=\"detail-decorate-json-renderer-container\">\n<div class=\"magic-1\">\n<div class=\"magic-2\">\n<div class=\"magic-3\">\n<div class=\"magic-4\">\n<div class=\"magic-5\"><span class=\"magic-6\"><b>Compteur HB 301<\/b><\/span><\/div>\n<p>1. Principe : Lorsque l&rsquo;absorbance du sang total est au point d&rsquo;extinction comme HbHbO2 et atteint<br \/>\nLorsqu&rsquo;il atteint un \u00e9tat stable, mesurez sur l&rsquo;analyseur<br \/>\nUtilisation de la d\u00e9tection \u00e0 double longueur d&rsquo;onde (5060 et 80n0m) pour obtenir une compensation de la turbidit\u00e9<\/p>\n<p>2.Sp\u00e9cimen : capillaires,<br \/>\n\u00c9chantillons de sang art\u00e9riel et veineux<\/p>\n<p>3. Plage de d\u00e9tection : 0-256g\/L<\/p>\n<p>4. Volume d&rsquo;\u00e9chantillon : 10\u03bcL<\/p>\n<p>5. Taille&nbsp;: 160&nbsp;x&nbsp;140&nbsp;x&nbsp;70&nbsp;mm<\/p>\n<p>6.Poids : 500g<\/p>\n<p>7. Temp\u00e9rature de stockage&nbsp;: la temp\u00e9rature de stockage de l&rsquo;analyseur est de 0 \u00e0 50&nbsp;C et les comprim\u00e9s de r\u00e9actifs sont stock\u00e9s<\/p>\n<p>8. La temp\u00e9rature est 10-40C<\/p>\n<p>9. Temp\u00e9rature de fonctionnement&nbsp;: 10-40&nbsp;C<\/p>\n<p>10. Alimentation : 4 piles AA ou adaptateur secteur<\/p>\n<p>11.Contr\u00f4le de la qualit\u00e9&nbsp;: l&rsquo;analyseur HemoCue Hb301 dispose d&rsquo;un autocontr\u00f4le interne<br \/>\nFonction, \u00e0 chaque d\u00e9marrage, l&rsquo;analyseur d\u00e9tecte automatiquement la mesurabilit\u00e9<br \/>\npouvez. HemoCue Hb301 est \u00e9galement \u00e9quip\u00e9 de trois niveaux de produits de contr\u00f4le qualit\u00e9 pour le contr\u00f4le qualit\u00e9<\/p>\n<\/div>\n<\/div>\n<\/div>\n<\/div>\n<\/div>\n<\/div>\n<div class=\"J_module\">\n<div class=\"detail-decorate-json-renderer-container\">\n<div class=\"magic-1\">\n<div class=\"magic-2\">\n<div class=\"magic-3\">\n<div class=\"magic-4\">\n<div class=\"magic-5\"><span class=\"magic-7\" style=\"color: #ff79a2;\">Si vous contactez le vendeur pour obtenir le prix d&rsquo;exp\u00e9dition r\u00e9el, vous pouvez contacter le vendeur par WhatsApp afin qu&rsquo;il puisse vous r\u00e9pondre rapidement, WhatsApp: 86 + 13246918260<\/span><\/div>\n<div><img decoding=\"async\" src=\"https:\/\/s.alicdn.com\/@sc04\/kf\/H8c4a63d0b9364aee9a9d8742eec98b68l\/230438700\/H8c4a63d0b9364aee9a9d8742eec98b68l.png?quality=close\"><img decoding=\"async\" src=\"https:\/\/s.alicdn.com\/@sc04\/kf\/Hdf5e8251e21e4b2dbe584bf6d46b28655\/230438700\/Hdf5e8251e21e4b2dbe584bf6d46b28655.jpg?quality=close\"><img decoding=\"async\" src=\"https:\/\/s.alicdn.com\/@sc04\/kf\/Ha50b4754fb154f5b8d867b2126b120e4x\/230438700\/Ha50b4754fb154f5b8d867b2126b120e4x.jpg?quality=close\"><img decoding=\"async\" src=\"https:\/\/s.alicdn.com\/@sc04\/kf\/H12887703935d41cbb6c37ede762e8941E\/230438700\/H12887703935d41cbb6c37ede762e8941E.jpg?quality=close\"><img decoding=\"async\" src=\"https:\/\/s.alicdn.com\/@sc04\/kf\/Hb3de1620031246deb8378ee4e805ced7e\/230438700\/Hb3de1620031246deb8378ee4e805ced7e.jpg?quality=close\"><img decoding=\"async\" src=\"https:\/\/s.alicdn.com\/@sc04\/kf\/Hbe7e18feda9f4607bfce966b9dd6648cL\/230438700\/Hbe7e18feda9f4607bfce966b9dd6648cL.jpg?quality=close\"><img decoding=\"async\" src=\"https:\/\/s.alicdn.com\/@sc04\/kf\/H7d3886f1b64e44849b454672761f9bb3z\/230438700\/H7d3886f1b64e44849b454672761f9bb3z.jpg?quality=close\"><img decoding=\"async\" src=\"https:\/\/s.alicdn.com\/@sc04\/kf\/H497368349dfe45f2958a18636e434720S\/230438700\/H497368349dfe45f2958a18636e434720S.jpg?quality=close\"><img decoding=\"async\" src=\"https:\/\/s.alicdn.com\/@sc04\/kf\/Ha8b0bac279f84d129b7e0052d3eb33a7M\/230438700\/Ha8b0bac279f84d129b7e0052d3eb33a7M.jpg?quality=close\"><img decoding=\"async\" src=\"https:\/\/s.alicdn.com\/@sc04\/kf\/Hee9408d448ab460f94c285e537e347025\/230438700\/Hee9408d448ab460f94c285e537e347025.png?quality=close\"><img decoding=\"async\" src=\"https:\/\/s.alicdn.com\/@sc04\/kf\/HTB1Z1olSpXXXXctXXXXq6xXFXXXu\/230438700\/HTB1Z1olSpXXXXctXXXXq6xXFXXXu.jpg?quality=close\"><b>Q1&nbsp;:\u00c9l\u00e9ments de paiement<\/b><br \/>\nA : T\/T 30 % comme d\u00e9p\u00f4t, et 70 % avant la livraison si compte plus de<br \/>\n10000,00&nbsp;USD<br \/>\n<b>Q2 : D\u00e9lai de livraison :<\/b><\/p>\n<div><span data-spm-anchor-id=\"a2700.wholesale.0.i39.5c98260bxVrfRY\"> G\u00e9n\u00e9ralement, cela prendra 3-5 jours ouvrables apr\u00e8s r\u00e9ception<br \/>\nvotre acompte. Le d\u00e9lai de livraison sp\u00e9cifique d\u00e9pend de la quantit\u00e9 de votre<br \/>\nCommande.<br \/>\n<b>Q3 : tester les marchandises avant la livraison ?<\/b><br \/>\nA : Oui, nous avons 100 % de test avant la livraison<br \/>\n<b>Q4 : Comment faites-vous notre entreprise \u00e0 long terme,<\/b><br \/>\nR&nbsp;:1. Nous gardons une bonne qualit\u00e9 et le prix le plus comp\u00e9titif<br \/>\nA2 : Nous respectons chaque client comme notre ami<\/span><img decoding=\"async\" src=\"https:\/\/s.alicdn.com\/@sc04\/kf\/Ha43def8a2df44eac925e2c3ab5a1b97b2\/230438700\/Ha43def8a2df44eac925e2c3ab5a1b97b2.jpg?quality=close\"><\/div>\n<\/div>\n<\/div>\n<\/div>\n<\/div>\n<\/div>\n<\/div>\n<\/div>\n<\/div>\n<\/div>\n","protected":false},"excerpt":{"rendered":"<p>&nbsp;<\/p>\n<div style=\"width: auto;\">\n<div style=\"min-width: 300px; max-width: 300px; word-wrap: break-word; float: left;\">Lieu d&rsquo;origine&nbsp;: Allemagne<\/div>\n<div style=\"min-width: 300px; max-width: 300px; word-wrap: break-word; float: left;\">Nom de marque : Hb301<\/div>\n<\/div>\n<div style=\"width: auto;\">\n<div style=\"min-width: 300px; max-width: 300px; word-wrap: break-word; float: left;\">Num\u00e9ro de mod\u00e8le: Hb301<\/div>\n<div style=\"min-width: 300px; max-width: 300px; word-wrap: break-word; float: left;\">Source d&rsquo;alimentation&nbsp;: \u00e9lectrique<\/div>\n<\/div>\n<div style=\"width: auto;\">\n<div style=\"min-width: 300px; max-width: 300px; word-wrap: break-word; float: left;\">Garantie 1 ann\u00e9e<\/div>\n<div style=\"min-width: 300px; max-width: 300px; word-wrap: break-word; float: left;\">Service apr\u00e8s-vente : AUCUN<\/div>\n<\/div>\n<div style=\"width: auto;\">\n<div style=\"min-width: 300px; max-width: 300px; word-wrap: break-word; float: left;\">Mode d&rsquo;alimentation&nbsp;: batterie amovible<\/div>\n<div style=\"min-width: 300px; max-width: 300px; word-wrap: break-word; float: left;\">Mat\u00e9riel:Plastique<\/div>\n<\/div>\n<div style=\"width: auto;\">\n<div style=\"min-width: 300px; max-width: 300px; word-wrap: break-word; float: left;\">Dur\u00e9e de conservation&nbsp;: 6&nbsp;mois<\/div>\n<div style=\"min-width: 300px; max-width: 300px; word-wrap: break-word; float: left;\">Certificat de qualit\u00e9&nbsp;: ce<\/div>\n<\/div>\n<div style=\"width: auto;\">\n<div style=\"min-width: 300px; max-width: 300px; word-wrap: break-word; float: left;\">Classification des instruments&nbsp;: classe&nbsp;II<\/div>\n<div style=\"min-width: 300px; max-width: 300px; word-wrap: break-word; float: left;\">Norme de s\u00e9curit\u00e9&nbsp;:&nbsp;Aucune<\/div>\n<\/div>\n<div style=\"width: auto;\">\n<div style=\"min-width: 300px; max-width: 300px; word-wrap: break-word; float: left;\">Nom du produit : HemoCue 301<\/div>\n<div style=\"min-width: 300px; max-width: 300px; word-wrap: break-word; float: left;\">\u00c9chantillons applicables&nbsp;: \u00e9chantillons de sang p\u00e9riph\u00e9rique, de sang total veineux ou art\u00e9riel<\/div>\n<\/div>\n<div style=\"width: auto;\">\n<div style=\"min-width: 300px; max-width: 300px; word-wrap: break-word; float: left;\">Volume d&rsquo;\u00e9chantillon&nbsp;: environ 10&nbsp;\u03bcL<\/div>\n<div style=\"min-width: 300px; max-width: 300px; word-wrap: break-word; float: left;\">Taille de l&rsquo;instrument : 160 x 43 x 85 mm (6,30 x 1,69 x 3,35 pouces)<\/div>\n<\/div>\n<div style=\"width: auto;\">\n<div style=\"min-width: 300px; max-width: 300px; word-wrap: break-word; float: left;\">Poids&nbsp;: 350&nbsp;g (0,77&nbsp;lb) avec batterie int\u00e9gr\u00e9e<\/div>\n<div style=\"min-width: 300px; max-width: 300px; word-wrap: break-word; float: left;\">Temp\u00e9rature de stockage : 0&#8211;50C (32-122\u00b0F)<\/div>\n<\/div>\n<div style=\"width: auto;\">\n<div style=\"min-width: 300px; max-width: 300px; word-wrap: break-word; float: left;\">Cellule de r\u00e9action : 15- -30C (59- -86\u00b0F) stockage herm\u00e9tique Ouvert pendant 3 mois<\/div>\n<div style=\"min-width: 300px; max-width: 300px; word-wrap: break-word; float: left;\">Temp\u00e9rature de fonctionnement : 15- -30C (59- -86\u00b0F)<\/div>\n<\/div>\n","protected":false},"featured_media":12645,"comment_status":"closed","ping_status":"closed","template":"","meta":[],"product_cat":[157],"product_tag":[],"class_list":["post-13290","product","type-product","status-publish","has-post-thumbnail","hentry","product_cat-bandelettes-de-test-dhemoglobine"],"_links":{"self":[{"href":"https:\/\/anbanjia.com.cn\/fr\/wp-json\/wp\/v2\/product\/13290","targetHints":{"allow":["GET"]}}],"collection":[{"href":"https:\/\/anbanjia.com.cn\/fr\/wp-json\/wp\/v2\/product"}],"about":[{"href":"https:\/\/anbanjia.com.cn\/fr\/wp-json\/wp\/v2\/types\/product"}],"replies":[{"embeddable":true,"href":"https:\/\/anbanjia.com.cn\/fr\/wp-json\/wp\/v2\/comments?post=13290"}],"wp:featuredmedia":[{"embeddable":true,"href":"https:\/\/anbanjia.com.cn\/fr\/wp-json\/wp\/v2\/media\/12645"}],"wp:attachment":[{"href":"https:\/\/anbanjia.com.cn\/fr\/wp-json\/wp\/v2\/media?parent=13290"}],"wp:term":[{"taxonomy":"product_cat","embeddable":true,"href":"https:\/\/anbanjia.com.cn\/fr\/wp-json\/wp\/v2\/product_cat?post=13290"},{"taxonomy":"product_tag","embeddable":true,"href":"https:\/\/anbanjia.com.cn\/fr\/wp-json\/wp\/v2\/product_tag?post=13290"}],"curies":[{"name":"wp","href":"https:\/\/api.w.org\/{rel}","templated":true}]}}