{"id":13287,"date":"2022-05-02T18:02:44","date_gmt":"2022-05-02T18:02:44","guid":{"rendered":"https:\/\/www.anbanjia.com.cn\/product\/test-danalyse-durine-a-vendre-pour-detecter-les-leucocytes-et-les-nitrites\/"},"modified":"2022-05-02T18:02:44","modified_gmt":"2022-05-02T18:02:44","slug":"hot-sell-test-danalyse-durine-pour-detecter-leucocytes-et-nitrite","status":"publish","type":"product","link":"https:\/\/anbanjia.com.cn\/fr\/produit\/hot-sell-test-danalyse-durine-pour-detecter-leucocytes-et-nitrite\/","title":{"rendered":"Test d&rsquo;analyse d&rsquo;urine \u00e0 vendre pour d\u00e9tecter les leucocytes et les nitrites"},"content":{"rendered":"<div style=\"max-width: 750px; margin: 0 auto;\">\n<div id=\"detail_decorate_root\" data-magic-global=\"%7B%22bizId%22%3A3215165050%2C%22pageId%22%3A20062693075%2C%22siteId%22%3A5005610021%7D\">\n<div class=\"J_module\">\n<div class=\"detail-decorate-json-renderer-container\">\n<div class=\"magic-2\">\n<div class=\"magic-4\"><span class=\"magic-5\"><span class=\"magic-6\" style=\"color: #e87474;\"> tests d&rsquo;infection des voies urinaires<\/span><\/span><\/div>\n<div class=\"magic-7\">\n<div class=\"magic-8\">\n<div class=\"magic-9\">\n<div class=\"magic-4\"><\/div>\n<p><span class=\"magic-11\">Les bandelettes de test d&rsquo;infection des voies urinaires \u00e0 domicile aident \u00e0 la d\u00e9tection pr\u00e9coce des infections urinaires. Leur utilisation vous aidera \u00e0 \u00e9viter les sympt\u00f4mes d\u00e9vastateurs des complications des infections des voies urinaires. Cela facilitera le traitement.<br \/>\nEn plus de vous aider \u00e0 d\u00e9tecter les infections, ces bandelettes de test peuvent aider \u00e0 suivre l&rsquo;efficacit\u00e9 des traitements. Et puisqu&rsquo;ils vous \u00e9viteront de consulter un m\u00e9decin pour le test, vous \u00e9conomiserez de l&rsquo;argent. Vous n&rsquo;aurez pas non plus \u00e0 pers\u00e9v\u00e9rer dans les longues files d&rsquo;attente qui sont courantes dans la plupart des cliniques.<\/span><\/p>\n<div class=\"magic-4\"><img decoding=\"async\" src=\"https:\/\/s.alicdn.com\/@sc04\/kf\/H31e1ab22d76f4cd891a0743d0379e11bh\/230438700\/H31e1ab22d76f4cd891a0743d0379e11bh.png?quality=close\"><\/div>\n<div><img decoding=\"async\" src=\"https:\/\/s.alicdn.com\/@sc04\/kf\/Hb1a94cb61d4b44318eb1ff1e58543795v\/230438700\/Hb1a94cb61d4b44318eb1ff1e58543795v.png?quality=close\"><\/div>\n<div><img decoding=\"async\" class=\"\" src=\"https:\/\/s.alicdn.com\/@sc04\/kf\/H839662a6864f4ecb90fb758732e7eb01P\/230438700\/H839662a6864f4ecb90fb758732e7eb01P.png?quality=close\" width=\"759\" height=\"1260\"><\/div>\n<div><img decoding=\"async\" class=\"\" src=\"https:\/\/s.alicdn.com\/@sc04\/kf\/Ha99f6d0e94384f2eb429f97d5fef6eb3H\/230438700\/Ha99f6d0e94384f2eb429f97d5fef6eb3H.png?quality=close\" width=\"745\" height=\"1020\"><\/div>\n<div><img decoding=\"async\" src=\"https:\/\/s.alicdn.com\/@sc04\/kf\/H05da87f272fb4caeaa01cd219894005eK\/230438700\/H05da87f272fb4caeaa01cd219894005eK.png?quality=close\"><\/div>\n<div><img decoding=\"async\" src=\"https:\/\/s.alicdn.com\/@sc04\/kf\/H3b702e7947d34421a38e388918faa514h\/230438700\/H3b702e7947d34421a38e388918faa514h.png?quality=close\"><\/div>\n<div><img decoding=\"async\" src=\"https:\/\/s.alicdn.com\/@sc04\/kf\/Haf2f1520f1624b7aafa10dd80fbdb634E\/230438700\/Haf2f1520f1624b7aafa10dd80fbdb634E.png?quality=close\"><\/div>\n<div><img decoding=\"async\" src=\"https:\/\/s.alicdn.com\/@sc04\/kf\/Hf24a18da06fd4630a3b486bc469a0163g\/230438700\/Hf24a18da06fd4630a3b486bc469a0163g.jpg?quality=close\"><\/div>\n<div><img decoding=\"async\" src=\"https:\/\/s.alicdn.com\/@sc04\/kf\/Hd9ad532faf9648558cc9b7c1cccb0291Z\/230438700\/Hd9ad532faf9648558cc9b7c1cccb0291Z.jpg?quality=close\"><\/div>\n<div><img decoding=\"async\" src=\"https:\/\/s.alicdn.com\/@sc04\/kf\/H390207e707a34193b8f8a8f561231c3c4\/230438700\/H390207e707a34193b8f8a8f561231c3c4.jpg?quality=close\"><\/div>\n<div><img decoding=\"async\" src=\"https:\/\/s.alicdn.com\/@sc04\/kf\/HTB1Z1olSpXXXXctXXXXq6xXFXXXu\/230438700\/HTB1Z1olSpXXXXctXXXXq6xXFXXXu.jpg?quality=close\"><\/div>\n<div><b data-spm-anchor-id=\"a2700.details.0.i38.6b2726410zFOlH\">Q1&nbsp;:\u00c9l\u00e9ments de paiement<\/b><br \/>\nA : T\/T 30 % comme d\u00e9p\u00f4t, et 70 % avant la livraison si compte plus de<br \/>\n10000,00&nbsp;USD<br \/>\n<b>Q2 : D\u00e9lai de livraison :<\/b><\/p>\n<div>G\u00e9n\u00e9ralement, cela prendra 3-5 jours ouvrables apr\u00e8s r\u00e9ception<br \/>\nvotre acompte. Le d\u00e9lai de livraison sp\u00e9cifique d\u00e9pend de la quantit\u00e9 de votre<br \/>\nCommande.<br \/>\n<b>Q3 : tester les marchandises avant la livraison ?<\/b><br \/>\nA : Oui, nous avons 100 % de test avant la livraison<br \/>\n<b>Q4 : Comment faites-vous notre entreprise \u00e0 long terme,<\/b><br \/>\nR&nbsp;:1. Nous gardons une bonne qualit\u00e9 et le prix le plus comp\u00e9titif<br \/>\nA2 : Nous respectons chaque client comme notre ami<\/div>\n<div><img decoding=\"async\" src=\"https:\/\/s.alicdn.com\/@sc04\/kf\/Ha43def8a2df44eac925e2c3ab5a1b97b2\/230438700\/Ha43def8a2df44eac925e2c3ab5a1b97b2.jpg?quality=close\"><\/div>\n<div><img decoding=\"async\" src=\"https:\/\/s.alicdn.com\/@sc04\/kf\/Hee9408d448ab460f94c285e537e347025\/230438700\/Hee9408d448ab460f94c285e537e347025.png?quality=close\"><\/div>\n<\/div>\n<div><\/div>\n<\/div>\n<\/div>\n<\/div>\n<\/div>\n<\/div>\n<\/div>\n<\/div>\n<\/div>\n","protected":false},"excerpt":{"rendered":"<p>&nbsp;<\/p>\n<div style=\"width: auto;\">\n<div style=\"min-width: 300px; max-width: 300px; word-wrap: break-word; float: left;\">Lieu d&rsquo;origine&nbsp;: Guangdong, Chine<\/div>\n<div style=\"min-width: 300px; max-width: 300px; word-wrap: break-word; float: left;\">Nom de marque: AnBanJia<\/div>\n<\/div>\n<div style=\"width: auto;\">\n<div style=\"min-width: 300px; max-width: 300px; word-wrap: break-word; float: left;\">Num\u00e9ro de mod\u00e8le&nbsp;: URS-3N, URS-3N<\/div>\n<div style=\"min-width: 300px; max-width: 300px; word-wrap: break-word; float: left;\">Source d&rsquo;alimentation : Manuel<\/div>\n<\/div>\n<div style=\"width: auto;\">\n<div style=\"min-width: 300px; max-width: 300px; word-wrap: break-word; float: left;\">Garantie : AUCUNE<\/div>\n<div style=\"min-width: 300px; max-width: 300px; word-wrap: break-word; float: left;\">Service apr\u00e8s-vente : AUCUN<\/div>\n<\/div>\n<div style=\"width: auto;\">\n<div style=\"min-width: 300px; max-width: 300px; word-wrap: break-word; float: left;\">Mode d&rsquo;alimentation&nbsp;: batterie int\u00e9gr\u00e9e<\/div>\n<div style=\"min-width: 300px; max-width: 300px; word-wrap: break-word; float: left;\">Mat\u00e9riel:Plastique<\/div>\n<\/div>\n<div style=\"width: auto;\">\n<div style=\"min-width: 300px; max-width: 300px; word-wrap: break-word; float: left;\">Dur\u00e9e de conservation : 2 ans<\/div>\n<div style=\"min-width: 300px; max-width: 300px; word-wrap: break-word; float: left;\">Certificat de qualit\u00e9&nbsp;:&nbsp;CE<\/div>\n<\/div>\n<div style=\"width: auto;\">\n<div style=\"min-width: 300px; max-width: 300px; word-wrap: break-word; float: left;\">Classification des instruments&nbsp;: classe&nbsp;II<\/div>\n<div style=\"min-width: 300px; max-width: 300px; word-wrap: break-word; float: left;\">Norme de s\u00e9curit\u00e9&nbsp;:&nbsp;Aucune<\/div>\n<\/div>\n<div style=\"width: auto;\">\n<div style=\"min-width: 300px; max-width: 300px; word-wrap: break-word; float: left;\">Nom du produit&nbsp;: nom du produit<\/div>\n<div style=\"min-width: 300px; max-width: 300px; word-wrap: break-word; float: left;\">Application: bandelette de test d&rsquo;urine 3N<\/div>\n<\/div>\n<div style=\"width: auto;\">\n<div style=\"min-width: 300px; max-width: 300px; word-wrap: break-word; float: left;\">\u00c9l\u00e9ment de test&nbsp;: leucocytes nitrite PH<\/div>\n<div style=\"min-width: 300px; max-width: 300px; word-wrap: break-word; float: left;\">Sp\u00e9cimen:Urine<\/div>\n<\/div>\n<div style=\"width: auto;\">\n<div style=\"min-width: 300px; max-width: 300px; word-wrap: break-word; float: left;\">Fonction: utilisation \u00e0 domicile \u00e0 l&rsquo;h\u00f4pital pour le test UTI<\/div>\n<div style=\"min-width: 300px; max-width: 300px; word-wrap: break-word; float: left;\">Sp\u00e9cification : 100 pi\u00e8ces\/bouteille<\/div>\n<\/div>\n<div>Logo personnalis\u00e9(Min. Commande : 200 ensembles)<\/div>\n","protected":false},"featured_media":12631,"comment_status":"closed","ping_status":"closed","template":"","meta":[],"product_cat":[173],"product_tag":[],"class_list":["post-13287","product","type-product","status-publish","has-post-thumbnail","hentry","product_cat-bandelettes-de-test-danalyse-durine"],"_links":{"self":[{"href":"https:\/\/anbanjia.com.cn\/fr\/wp-json\/wp\/v2\/product\/13287","targetHints":{"allow":["GET"]}}],"collection":[{"href":"https:\/\/anbanjia.com.cn\/fr\/wp-json\/wp\/v2\/product"}],"about":[{"href":"https:\/\/anbanjia.com.cn\/fr\/wp-json\/wp\/v2\/types\/product"}],"replies":[{"embeddable":true,"href":"https:\/\/anbanjia.com.cn\/fr\/wp-json\/wp\/v2\/comments?post=13287"}],"wp:featuredmedia":[{"embeddable":true,"href":"https:\/\/anbanjia.com.cn\/fr\/wp-json\/wp\/v2\/media\/12631"}],"wp:attachment":[{"href":"https:\/\/anbanjia.com.cn\/fr\/wp-json\/wp\/v2\/media?parent=13287"}],"wp:term":[{"taxonomy":"product_cat","embeddable":true,"href":"https:\/\/anbanjia.com.cn\/fr\/wp-json\/wp\/v2\/product_cat?post=13287"},{"taxonomy":"product_tag","embeddable":true,"href":"https:\/\/anbanjia.com.cn\/fr\/wp-json\/wp\/v2\/product_tag?post=13287"}],"curies":[{"name":"wp","href":"https:\/\/api.w.org\/{rel}","templated":true}]}}