{"id":13285,"date":"2022-05-02T18:02:40","date_gmt":"2022-05-02T18:02:40","guid":{"rendered":"https:\/\/www.anbanjia.com.cn\/product\/test-sanguin-pas-cher-hemoglobine-glyquee-hba1c-numerique-glyquee-urit-12-test-dhemoglobine-equipement-de-compteur\/"},"modified":"2022-05-02T18:02:40","modified_gmt":"2022-05-02T18:02:40","slug":"test-de-sang-pas-cher-hemoglobine-glyquee-hba1c-digital-glycated-urit-12-hemoglobin-test-meter-equipment","status":"publish","type":"product","link":"https:\/\/anbanjia.com.cn\/fr\/produit\/test-de-sang-pas-cher-hemoglobine-glyquee-hba1c-digital-glycated-urit-12-hemoglobin-test-meter-equipment\/","title":{"rendered":"test sanguin pas cher h\u00e9moglobine glyqu\u00e9e hba1c num\u00e9rique glyqu\u00e9e urit-12 test d&rsquo;h\u00e9moglobine \u00e9quipement de compteur"},"content":{"rendered":"<div style=\"max-width: 750px; margin: 0 auto;\">\n<p style=\"text-align: center;\"><span style=\"font-size: 24px;\">Machine de bandelettes de test d&rsquo;h\u00e9moglobine sanguine \u00e0 v\u00e9rification rapide portable pour \u00e9quipement m\u00e9dical<\/span><\/p>\n<p style=\"text-align: center;\"><span style=\"font-size: 24px;\"><img decoding=\"async\" style=\"max-width: 750;\" src=\"https:\/\/anbanjia.com.cn\/wp-content\/uploads\/2022\/05\/HTB1vgiwUYPpK1RjSZFFq6y5PpXaS.jpg\" data-alt=\"Cheap blood testing glycated hemoglobin hba1c digital glycated urit-12 hemoglobin test meter equipment\" data-height=\"750\" data-src=\"\" data-width=\"750\"><\/span><\/p>\n<p style=\"text-align: center;\">\n<p style=\"text-align: center;\"><span style=\"font-size: 24px;\"><img decoding=\"async\" src=\"https:\/\/anbanjia.com.cn\/wp-content\/uploads\/2022\/05\/HTB1ejKGU7PoK1RjSZKbq6x1IXXa1.jpg\" data-alt=\"Cheap blood testing glycated hemoglobin hba1c digital glycated urit-12 hemoglobin test meter equipment\" data-height=\"753\" data-src=\"\" data-width=\"753\"><\/span><\/p>\n<p style=\"text-align: center;\"><span style=\"font-size: 24px;\"><span style=\"box-sizing: content-box; margin: 0px; padding: 0px; border: 0px; font-style: normal; font-weight: 400; font-size: 16px; line-height: 24px; font-family: Arial,Helvetica; vertical-align: baseline; background-color: #ffffff; color: #ff0000;\"><strong><span style=\"box-sizing: content-box; margin: 0px; padding: 0px; border: 0px; font-style: inherit; font-weight: inherit; font-size: 24px; line-height: 36px; vertical-align: baseline;\"><img decoding=\"async\" src=\"https:\/\/anbanjia.com.cn\/wp-content\/uploads\/2022\/05\/HTB1eoEwS9zqK1RjSZFLq6An2XXas.jpg\" data-alt=\"Cheap blood testing glycated hemoglobin hba1c digital glycated urit-12 hemoglobin test meter equipment\" data-height=\"201\" data-src=\"\" data-width=\"749\"><\/span><\/strong><\/span><\/span><\/p>\n<p style=\"text-align: left;\"><span style=\"font-size: 24px;\"><span style=\"box-sizing: content-box; margin: 0px; padding: 0px; border: 0px; font-style: normal; font-weight: 400; font-size: 16px; line-height: 24px; font-family: Arial,Helvetica; vertical-align: baseline; background-color: #ffffff; color: #ff0000;\"><strong><span style=\"box-sizing: content-box; margin: 0px; padding: 0px; border: 0px; font-style: inherit; font-weight: inherit; font-size: 24px; line-height: 36px; vertical-align: baseline;\">COMPTEUR : H\u00e9moglobine dans le sang frais<\/span><\/strong><\/span><br \/>\n<span style=\"color: #333333; font-family: Arial,Helvetica; font-size: 16px; font-style: normal; font-weight: 400; background-color: #ffffff; display: inline !important; float: none;\">Principe de mesure&nbsp;: R\u00e9flectance optique <\/span><br \/>\n<span style=\"color: #333333; font-family: Arial,Helvetica; font-size: 16px; font-style: normal; font-weight: 400; background-color: #ffffff; display: inline !important; float: none;\">Bande: Bandelettes de test d&rsquo;h\u00e9moglobine H12<\/span><br \/>\n<span style=\"color: #333333; font-family: Arial,Helvetica; font-size: 16px; font-style: normal; font-weight: 400; background-color: #ffffff; display: inline !important; float: none;\">Temps de mesure : Moins de 30 secondes<\/span><br \/>\n<span style=\"color: #333333; font-family: Arial,Helvetica; font-size: 16px; font-style: normal; font-weight: 400; background-color: #ffffff; display: inline !important; float: none;\">Plage de mesure : 4,0 g\/dL ~ 24,0 g\/dL. Les r\u00e9sultats inf\u00e9rieurs \u00e0 4,0&nbsp;g\/dL et sup\u00e9rieurs \u00e0 24,0&nbsp;g\/dL s&rsquo;affichent respectivement sous la forme \u00ab\u00a0Lo\u00a0\u00bb et \u00ab\u00a0Hi\u00a0\u00bb afin d&rsquo;indiquer le r\u00e9sultat qui est hors plage.<\/span><br \/>\n<span style=\"color: #333333; font-family: Arial,Helvetica; font-size: 16px; font-style: normal; font-weight: 400; background-color: #ffffff; display: inline !important; float: none;\">Affichage&nbsp;: LCD, r\u00e9sultat du test affich\u00e9 en SI<\/span><br \/>\n<span style=\"color: #333333; font-family: Arial,Helvetica; font-size: 16px; font-style: normal; font-weight: 400; background-color: #ffffff; display: inline !important; float: none;\">Masse:&lt; 58g (Batterie incluse)<\/span><br \/>\n<span style=\"color: #333333; font-family: Arial,Helvetica; font-size: 16px; font-style: normal; font-weight: 400; background-color: #ffffff; display: inline !important; float: none;\">Dimensions ext\u00e9rieures : 102 mm \u00d7 50 mm \u00d7 19 mm<\/span><br \/>\n<span style=\"color: #333333; font-family: Arial,Helvetica; font-size: 16px; font-style: normal; font-weight: 400; background-color: #ffffff; display: inline !important; float: none;\">Alimentation : DC 6 V (deux piles CR2032)<\/span><br \/>\n<span style=\"color: #333333; font-family: Arial,Helvetica; font-size: 16px; font-style: normal; font-weight: 400; background-color: #ffffff; display: inline !important; float: none;\">Plages de fonctionnement : 15 ~ 30 \u00b0C ; HR \u226480% sans condensation<\/span><br \/>\n<span style=\"color: #333333; font-family: Arial,Helvetica; font-size: 16px; font-style: normal; font-weight: 400; background-color: #ffffff; display: inline !important; float: none;\">Plages ultimes : -20 ~ 55 \u00b0C ; HR&lt; 90% sans condensation<\/span><br \/>\n<span style=\"color: #333333; font-family: Arial,Helvetica; font-size: 16px; font-style: normal; font-weight: 400; background-color: #ffffff; display: inline !important; float: none;\">Autres&nbsp;: v\u00e9rification et affichage des probl\u00e8mes internes<\/span><br \/>\n<span style=\"color: #333333; font-family: Arial,Helvetica; font-size: 16px; font-style: normal; font-weight: 400; background-color: #ffffff; display: inline !important; float: none;\">Dur\u00e9e de vie disponible : 8 ans<\/span><\/span><\/p>\n<p style=\"text-align: left;\"><span style=\"color: #0000ff; font-size: 18px;\"><span style=\"font-family: Arial, Helvetica; font-style: normal; font-weight: 400; background-color: #ffffff; float: none; display: inline !important;\"><strong><span style=\"box-sizing: content-box; margin: 0px; padding: 0px; border: 0px; font-style: normal; font-weight: inherit; line-height: 24px; font-family: Arial, Helvetica; vertical-align: baseline; background-color: #ffffff; display: inline !important;\">Ici, nous avons \u00e9galement de nombreuses autres bandelettes de test de marque, vous pouvez me contacter si vous avez des besoins.<\/span><\/strong><\/span><\/span><\/p>\n<p style=\"text-align: left;\"><img decoding=\"async\" src=\"https:\/\/anbanjia.com.cn\/wp-content\/uploads\/2022\/05\/HTB1QMMmUhnaK1RjSZFBq6AW7VXap.jpg\" data-alt=\"Cheap blood testing glycated hemoglobin hba1c digital glycated urit-12 hemoglobin test meter equipment\" data-height=\"752\" data-src=\"\" data-width=\"750\"><\/p>\n<p style=\"text-align: left;\"><img decoding=\"async\" src=\"https:\/\/anbanjia.com.cn\/wp-content\/uploads\/2022\/05\/HTB1_q81SXXXXXXGXFXXq6xXFXXXF.jpg\" data-alt=\"Cheap blood testing glycated hemoglobin hba1c digital glycated urit-12 hemoglobin test meter equipment\" data-height=\"1029\" data-src=\"\" data-width=\"750\"><\/p>\n<div id=\"ali-anchor-AliPostDhMb-q1mti\" class=\"mceSectionContainer\" style=\"padding-top: 8px;\" data-section=\"AliPostDhMb-q1mti\" data-section-title=\"Company Information\">\n<div id=\"ali-title-AliPostDhMb-q1mti\" style=\"padding: 8px 0; border-bottom: 1px solid #ddd;\"><span style=\"background-color: #ddd; color: #333; font-weight: bold; padding: 8px 10px; line-height: 12px;\">Informations sur la soci\u00e9t\u00e9<\/span><\/div>\n<div style=\"padding: 10px 0;\">\n<p> <img decoding=\"async\" src=\"https:\/\/anbanjia.com.cn\/wp-content\/uploads\/2022\/05\/H3d43ab43a0f24fc7886a50fee5674fd4U.jpg\" data-alt=\"Cheap blood testing glycated hemoglobin hba1c digital glycated urit-12 hemoglobin test meter equipment\" data-src=\"\"><\/p>\n<p>Contacter:<\/p>\n<p><img decoding=\"async\" src=\"https:\/\/anbanjia.com.cn\/wp-content\/uploads\/2022\/05\/Hff98939fdc8e43e2be5c782ddbe4cc5ez.png\" data-src=\"\"><\/p>\n<\/div>\n<\/div>\n<p style=\"text-align: left;\">\n<\/div>\n","protected":false},"excerpt":{"rendered":"<p>&nbsp;<\/p>\n<div style=\"width: auto;\">\n<div style=\"min-width: 300px; max-width: 300px; word-wrap: break-word; float: left;\">Type:Syst\u00e8me d&rsquo;analyse sanguine<\/div>\n<div style=\"min-width: 300px; max-width: 300px; word-wrap: break-word; float: left;\">Nom de marque:OEM<\/div>\n<\/div>\n<div style=\"width: auto;\">\n<div style=\"min-width: 300px; max-width: 300px; word-wrap: break-word; float: left;\">Num\u00e9ro de mod\u00e8le : U12<\/div>\n<div style=\"min-width: 300px; max-width: 300px; word-wrap: break-word; float: left;\">Lieu d&rsquo;origine : Chine<\/div>\n<\/div>\n<div style=\"width: auto;\">\n<div style=\"min-width: 300px; max-width: 300px; word-wrap: break-word; float: left;\">Classification des instruments&nbsp;: classe&nbsp;II<\/div>\n<div style=\"min-width: 300px; max-width: 300px; word-wrap: break-word; float: left;\">Garantie : AUCUNE<\/div>\n<\/div>\n<div style=\"width: auto;\">\n<div style=\"min-width: 300px; max-width: 300px; word-wrap: break-word; float: left;\">Service apr\u00e8s-vente : AUCUN<\/div>\n<div style=\"min-width: 300px; max-width: 300px; word-wrap: break-word; float: left;\">Principe de mesure : R\u00e9flexion optique<\/div>\n<\/div>\n<div style=\"width: auto;\">\n<div style=\"min-width: 300px; max-width: 300px; word-wrap: break-word; float: left;\">Bande: Bandelettes de test d&rsquo;h\u00e9moglobine H12<\/div>\n<div style=\"min-width: 300px; max-width: 300px; word-wrap: break-word; float: left;\">Temps de mesure : moins de 30 secondes<\/div>\n<\/div>\n<div style=\"width: auto;\">\n<div style=\"min-width: 300px; max-width: 300px; word-wrap: break-word; float: left;\">Masse:&lt; 58g (Batterie incluse)<\/div>\n<div style=\"min-width: 300px; max-width: 300px; word-wrap: break-word; float: left;\">Dimensions ext\u00e9rieures : 102 mm x 50 mm x 19 mm<\/div>\n<\/div>\n<div style=\"width: auto;\">\n<div style=\"min-width: 300px; max-width: 300px; word-wrap: break-word; float: left;\">Code&nbsp;: pas de code<\/div>\n<div style=\"min-width: 300px; max-width: 300px; word-wrap: break-word; float: left;\">Plage de test : 20-600 mg\/dL(1,1-33,3 mmol\/L)<\/div>\n<\/div>\n<div style=\"width: auto;\">\n<div style=\"min-width: 300px; max-width: 300px; word-wrap: break-word; float: left;\">Taille de l&rsquo;\u00e9chantillon&nbsp;: 0,6&nbsp;\u03bcL<\/div>\n<div style=\"min-width: 300px; max-width: 300px; word-wrap: break-word; float: left;\">P\u00e9riode de garantie : 18 mois<\/div>\n<\/div>\n","protected":false},"featured_media":12651,"comment_status":"closed","ping_status":"closed","template":"","meta":[],"product_cat":[157],"product_tag":[],"class_list":["post-13285","product","type-product","status-publish","has-post-thumbnail","hentry","product_cat-bandelettes-de-test-dhemoglobine"],"_links":{"self":[{"href":"https:\/\/anbanjia.com.cn\/fr\/wp-json\/wp\/v2\/product\/13285","targetHints":{"allow":["GET"]}}],"collection":[{"href":"https:\/\/anbanjia.com.cn\/fr\/wp-json\/wp\/v2\/product"}],"about":[{"href":"https:\/\/anbanjia.com.cn\/fr\/wp-json\/wp\/v2\/types\/product"}],"replies":[{"embeddable":true,"href":"https:\/\/anbanjia.com.cn\/fr\/wp-json\/wp\/v2\/comments?post=13285"}],"wp:featuredmedia":[{"embeddable":true,"href":"https:\/\/anbanjia.com.cn\/fr\/wp-json\/wp\/v2\/media\/12651"}],"wp:attachment":[{"href":"https:\/\/anbanjia.com.cn\/fr\/wp-json\/wp\/v2\/media?parent=13285"}],"wp:term":[{"taxonomy":"product_cat","embeddable":true,"href":"https:\/\/anbanjia.com.cn\/fr\/wp-json\/wp\/v2\/product_cat?post=13285"},{"taxonomy":"product_tag","embeddable":true,"href":"https:\/\/anbanjia.com.cn\/fr\/wp-json\/wp\/v2\/product_tag?post=13285"}],"curies":[{"name":"wp","href":"https:\/\/api.w.org\/{rel}","templated":true}]}}