{"id":13284,"date":"2022-05-02T18:02:41","date_gmt":"2022-05-02T18:02:41","guid":{"rendered":"https:\/\/www.anbanjia.com.cn\/product\/bandelettes-de-test-dhemoglobine-de-haute-qualite-et-machines-hb-metre-portable-urit-12-metres-dhemoglobine\/"},"modified":"2022-05-02T18:02:41","modified_gmt":"2022-05-02T18:02:41","slug":"bandelettes-et-appareils-de-test-d-hemoglobine-de-haute-qualite-hb-meter-portable-urit-12-meters-hemoglobin","status":"publish","type":"product","link":"https:\/\/anbanjia.com.cn\/fr\/produit\/bandelettes-et-appareils-de-test-d-hemoglobine-de-haute-qualite-hb-meter-portable-urit-12-meters-hemoglobin\/","title":{"rendered":"Bandelettes de test d&rsquo;h\u00e9moglobine de haute qualit\u00e9 et machines hb m\u00e8tre Portable urit-12 m\u00e8tres d&rsquo;h\u00e9moglobine"},"content":{"rendered":"<div style=\"max-width: 750px; margin: 0 auto;\">\n<div id=\"detail_decorate_root\" data-magic-global=\"%7B%22bizId%22%3A3215165050%2C%22pageId%22%3A21049776391%2C%22siteId%22%3A5005610021%7D\">\n<div class=\"J_module\">\n<div class=\"detail-decorate-json-renderer-container\">\n<div class=\"magic-1\">\n<div class=\"magic-2\">\n<div class=\"magic-3\">\n<div class=\"magic-4\">\n<div class=\"magic-5\"><b><span class=\"magic-6\">Bandelettes de test d&rsquo;h\u00e9moglobine et machines hb m\u00e8tre Portable urit-12 m\u00e8tres d&rsquo;h\u00e9moglobine<\/span><\/b><\/div>\n<\/div>\n<\/div>\n<\/div>\n<\/div>\n<\/div>\n<\/div>\n<div class=\"J_module\">\n<div class=\"icbu-pc-detailManyImage magic-7\">\n<div class=\"magic-8\"><img decoding=\"async\" class=\"magic-9\" style=\"max-width: 750;\" src=\"https:\/\/anbanjia.com.cn\/wp-content\/uploads\/2022\/05\/H439c791608e140f4800cfa9d3cf5dc98q.png\" data-src=\"\"><\/div>\n<div class=\"magic-8\"><img decoding=\"async\" class=\"magic-9\" src=\"https:\/\/anbanjia.com.cn\/wp-content\/uploads\/2022\/05\/H7bd18034bbad40bbac78a66d0e861e8dd.jpg\" data-src=\"\"><\/div>\n<div class=\"magic-8\"><img decoding=\"async\" class=\"magic-9\" src=\"https:\/\/anbanjia.com.cn\/wp-content\/uploads\/2022\/05\/H26b606b02ade48b89fa62484cb2016acR.png\" data-src=\"\"><\/div>\n<div class=\"magic-8\"><img decoding=\"async\" class=\"magic-9\" src=\"https:\/\/anbanjia.com.cn\/wp-content\/uploads\/2022\/05\/Hb158e7f0977f4566a9b04e8a2208643b4.png\" data-src=\"\"><\/div>\n<div class=\"magic-8\"><img decoding=\"async\" class=\"magic-9\" src=\"https:\/\/anbanjia.com.cn\/wp-content\/uploads\/2022\/05\/H84a27c17b5464d5e9bb4664118ae5fe1y.png\" data-src=\"\"><\/div>\n<div class=\"magic-8\"><img decoding=\"async\" class=\"magic-9\" src=\"https:\/\/anbanjia.com.cn\/wp-content\/uploads\/2022\/05\/HTB1SM7ES6TpK1RjSZKPq6y3UpXae.jpg\" data-src=\"\"><\/div>\n<div class=\"magic-8\"><img decoding=\"async\" class=\"magic-9\" src=\"https:\/\/anbanjia.com.cn\/wp-content\/uploads\/2022\/05\/HTB1slk8U7zoK1RjSZFlq6yi4VXat.jpg\" data-src=\"\"><\/div>\n<div class=\"magic-8\"><\/div>\n<div class=\"magic-8\"><img decoding=\"async\" class=\"magic-9\" src=\"https:\/\/anbanjia.com.cn\/wp-content\/uploads\/2022\/05\/HTB1ejKGU7PoK1RjSZKbq6x1IXXa1.jpg\" data-src=\"\"><\/div>\n<\/div>\n<\/div>\n<div class=\"J_module\">\n<div class=\"icbu-pc-images magic-10\">\n<div>\n<div class=\"flex-layout-v\">\n<div class=\"flex-layout-h magic-10\">\n<div class=\"magic-11\"><img decoding=\"async\" class=\"magic-12\" src=\"https:\/\/anbanjia.com.cn\/wp-content\/uploads\/2022\/05\/HTB1u8k_U3HqK1RjSZFPq6AwapXat.jpg\" data-src=\"\"><\/div>\n<\/div>\n<\/div>\n<\/div>\n<\/div>\n<\/div>\n<div class=\"J_module\">\n<div class=\"icbu-pc-images magic-10\">\n<div>\n<div class=\"flex-layout-v\">\n<div class=\"flex-layout-h magic-10\">\n<div class=\"magic-13\"><img decoding=\"async\" class=\"magic-14\" src=\"https:\/\/anbanjia.com.cn\/wp-content\/uploads\/2022\/05\/HTB1OWXfVkvoK1RjSZFwq6AiCFXaJ.jpg\" data-src=\"\"><\/div>\n<\/div>\n<\/div>\n<\/div>\n<\/div>\n<\/div>\n<\/div>\n<\/div>\n","protected":false},"excerpt":{"rendered":"<p>&nbsp;<\/p>\n<div style=\"width: auto;\">\n<div style=\"min-width: 300px; max-width: 300px; word-wrap: break-word; float: left;\">Type:Syst\u00e8me d&rsquo;analyse sanguine<\/div>\n<div style=\"min-width: 300px; max-width: 300px; word-wrap: break-word; float: left;\">Nom de marque:OEM<\/div>\n<\/div>\n<div style=\"width: auto;\">\n<div style=\"min-width: 300px; max-width: 300px; word-wrap: break-word; float: left;\">Num\u00e9ro de mod\u00e8le : U12<\/div>\n<div style=\"min-width: 300px; max-width: 300px; word-wrap: break-word; float: left;\">Lieu d&rsquo;origine : Chine<\/div>\n<\/div>\n<div style=\"width: auto;\">\n<div style=\"min-width: 300px; max-width: 300px; word-wrap: break-word; float: left;\">Classification des instruments&nbsp;: classe&nbsp;II<\/div>\n<div style=\"min-width: 300px; max-width: 300px; word-wrap: break-word; float: left;\">Garantie : AUCUNE<\/div>\n<\/div>\n<div style=\"width: auto;\">\n<div style=\"min-width: 300px; max-width: 300px; word-wrap: break-word; float: left;\">Service apr\u00e8s-vente : AUCUN<\/div>\n<div style=\"min-width: 300px; max-width: 300px; word-wrap: break-word; float: left;\">Principe de mesure : R\u00e9flexion optique<\/div>\n<\/div>\n<div style=\"width: auto;\">\n<div style=\"min-width: 300px; max-width: 300px; word-wrap: break-word; float: left;\">Bande: Bandelettes de test d&rsquo;h\u00e9moglobine H12<\/div>\n<div style=\"min-width: 300px; max-width: 300px; word-wrap: break-word; float: left;\">Temps de mesure : moins de 30 secondes<\/div>\n<\/div>\n<div style=\"width: auto;\">\n<div style=\"min-width: 300px; max-width: 300px; word-wrap: break-word; float: left;\">Masse:&lt; 58g (Batterie incluse)<\/div>\n<div style=\"min-width: 300px; max-width: 300px; word-wrap: break-word; float: left;\">Dimensions ext\u00e9rieures : 102 mm x 50 mm x 19 mm<\/div>\n<\/div>\n<div style=\"width: auto;\">\n<div style=\"min-width: 300px; max-width: 300px; word-wrap: break-word; float: left;\">Code&nbsp;: pas de code<\/div>\n<div style=\"min-width: 300px; max-width: 300px; word-wrap: break-word; float: left;\">Plage de test : 20-600 mg\/dL(1,1-33,3 mmol\/L)<\/div>\n<\/div>\n<div style=\"width: auto;\">\n<div style=\"min-width: 300px; max-width: 300px; word-wrap: break-word; float: left;\">Taille de l&rsquo;\u00e9chantillon&nbsp;: 0,6&nbsp;\u03bcL<\/div>\n<div style=\"min-width: 300px; max-width: 300px; word-wrap: break-word; float: left;\">P\u00e9riode de garantie : 18 mois<\/div>\n<\/div>\n","protected":false},"featured_media":12643,"comment_status":"closed","ping_status":"closed","template":"","meta":[],"product_cat":[157],"product_tag":[],"class_list":["post-13284","product","type-product","status-publish","has-post-thumbnail","hentry","product_cat-bandelettes-de-test-dhemoglobine"],"_links":{"self":[{"href":"https:\/\/anbanjia.com.cn\/fr\/wp-json\/wp\/v2\/product\/13284","targetHints":{"allow":["GET"]}}],"collection":[{"href":"https:\/\/anbanjia.com.cn\/fr\/wp-json\/wp\/v2\/product"}],"about":[{"href":"https:\/\/anbanjia.com.cn\/fr\/wp-json\/wp\/v2\/types\/product"}],"replies":[{"embeddable":true,"href":"https:\/\/anbanjia.com.cn\/fr\/wp-json\/wp\/v2\/comments?post=13284"}],"wp:featuredmedia":[{"embeddable":true,"href":"https:\/\/anbanjia.com.cn\/fr\/wp-json\/wp\/v2\/media\/12643"}],"wp:attachment":[{"href":"https:\/\/anbanjia.com.cn\/fr\/wp-json\/wp\/v2\/media?parent=13284"}],"wp:term":[{"taxonomy":"product_cat","embeddable":true,"href":"https:\/\/anbanjia.com.cn\/fr\/wp-json\/wp\/v2\/product_cat?post=13284"},{"taxonomy":"product_tag","embeddable":true,"href":"https:\/\/anbanjia.com.cn\/fr\/wp-json\/wp\/v2\/product_tag?post=13284"}],"curies":[{"name":"wp","href":"https:\/\/api.w.org\/{rel}","templated":true}]}}