{"id":13283,"date":"2022-05-02T18:02:39","date_gmt":"2022-05-02T18:02:39","guid":{"rendered":"https:\/\/www.anbanjia.com.cn\/product\/meilleur-prix-testeur-dhemoglobine-portable-de-lanalyseur-hba1c-glyque-numerique-portable-urit-12-metres-dhemoglobine\/"},"modified":"2022-05-02T18:02:39","modified_gmt":"2022-05-02T18:02:39","slug":"test-hemoglobine-portable-meilleur-prix-analyseur-hba1c-glycate-numerique-portable-urit-12-metre-hemoglobine","status":"publish","type":"product","link":"https:\/\/anbanjia.com.cn\/fr\/produit\/test-hemoglobine-portable-meilleur-prix-analyseur-hba1c-glycate-numerique-portable-urit-12-metre-hemoglobine\/","title":{"rendered":"Meilleur prix testeur d&rsquo;h\u00e9moglobine portable de l&rsquo;analyseur hba1c glyqu\u00e9 num\u00e9rique portable urit-12 m\u00e8tres d&rsquo;h\u00e9moglobine"},"content":{"rendered":"<div style=\"max-width: 750px; margin: 0 auto;\">\n<div id=\"detail_decorate_root\" data-magic-global=\"%7B%22bizId%22%3A3215165050%2C%22pageId%22%3A21032059723%2C%22siteId%22%3A5005610021%7D\">\n<div class=\"J_module\">\n<div class=\"detail-decorate-json-renderer-container\">\n<div class=\"magic-0\">\n<div class=\"magic-1\">\n<div class=\"magic-2\">\n<div class=\"magic-3\">\n<div class=\"magic-4\"><b><span class=\"magic-5\">Machine de bandelettes de test d&rsquo;h\u00e9moglobine sanguine \u00e0 v\u00e9rification rapide portable pour \u00e9quipement m\u00e9dical<\/span><\/b><\/div>\n<\/div>\n<\/div>\n<\/div>\n<\/div>\n<\/div>\n<\/div>\n<div class=\"J_module\">\n<div class=\"icbu-pc-detailManyImage magic-6\">\n<div class=\"magic-7\"><img decoding=\"async\" class=\"magic-8\" style=\"max-width: 750;\" src=\"https:\/\/anbanjia.com.cn\/wp-content\/uploads\/2022\/05\/HTB1vgiwUYPpK1RjSZFFq6y5PpXaS.jpg\" data-src=\"\"><\/div>\n<div class=\"magic-7\"><img decoding=\"async\" class=\"magic-8\" src=\"https:\/\/anbanjia.com.cn\/wp-content\/uploads\/2022\/05\/HTB1SM7ES6TpK1RjSZKPq6y3UpXae.jpg\" data-src=\"\"><\/div>\n<div class=\"magic-7\"><img decoding=\"async\" class=\"magic-8\" src=\"https:\/\/anbanjia.com.cn\/wp-content\/uploads\/2022\/05\/HTB1slk8U7zoK1RjSZFlq6yi4VXat.jpg\" data-src=\"\"><\/div>\n<div class=\"magic-7\"><\/div>\n<div class=\"magic-7\"><img decoding=\"async\" class=\"magic-8\" src=\"https:\/\/anbanjia.com.cn\/wp-content\/uploads\/2022\/05\/Hb158e7f0977f4566a9b04e8a2208643b4.png\" data-src=\"\"><\/div>\n<div class=\"magic-7\"><img decoding=\"async\" class=\"magic-8\" src=\"https:\/\/anbanjia.com.cn\/wp-content\/uploads\/2022\/05\/Hc378410077cb4991bd52130d3a4d8ef4m.jpg\" data-src=\"\"><\/div>\n<div class=\"magic-7\"><img decoding=\"async\" class=\"magic-8\" src=\"https:\/\/anbanjia.com.cn\/wp-content\/uploads\/2022\/05\/H26b606b02ade48b89fa62484cb2016acR.png\" data-src=\"\"><\/div>\n<div class=\"magic-7\"><img decoding=\"async\" class=\"magic-8\" src=\"https:\/\/anbanjia.com.cn\/wp-content\/uploads\/2022\/05\/HTB1eoEwS9zqK1RjSZFLq6An2XXas.jpg\" data-src=\"\"><\/div>\n<\/div>\n<\/div>\n<div class=\"J_module\">\n<div class=\"detail-decorate-json-renderer-container\">\n<div class=\"magic-0\">\n<div class=\"magic-1\">\n<div class=\"magic-2\">\n<div class=\"magic-3\"><span class=\"magic-5\">COMPTEUR : H\u00e9moglobine dans le sang frais<br \/>\nPrincipe de mesure&nbsp;: R\u00e9flectance optique<br \/>\nBande: Bandelettes de test d&rsquo;h\u00e9moglobine H12<br \/>\nTemps de mesure : Moins de 30 secondes<br \/>\nPlage de mesure : 4,0 g\/dL ~ 24,0 g\/dL. Les r\u00e9sultats inf\u00e9rieurs \u00e0 4,0&nbsp;g\/dL et sup\u00e9rieurs \u00e0 24,0&nbsp;g\/dL s&rsquo;affichent respectivement sous la forme \u00ab\u00a0Lo\u00a0\u00bb et \u00ab\u00a0Hi\u00a0\u00bb afin d&rsquo;indiquer le r\u00e9sultat qui est hors plage.<br \/>\nAffichage&nbsp;: LCD, r\u00e9sultat du test affich\u00e9 en SI<br \/>\nMasse:&lt; 58g (Batterie incluse)<br \/>\nDimensions ext\u00e9rieures : 102 mm \u00d7 50 mm \u00d7 19 mm<br \/>\nAlimentation : DC 6 V (deux piles CR2032)<br \/>\nPlages de fonctionnement : 15 ~ 30 \u00b0C ; HR \u226480% sans condensation<br \/>\nPlages ultimes : -20 ~ 55 \u00b0C ; HR&lt; 90% sans condensation<br \/>\nAutres&nbsp;: v\u00e9rification et affichage des probl\u00e8mes internes<br \/>\nDur\u00e9e de vie disponible : 8 ans<\/span><\/p>\n<div class=\"magic-4\"><b><span class=\"magic-9\">Ici, nous avons \u00e9galement de nombreuses autres bandelettes de test de marque, vous pouvez me contacter si vous avez des besoins.<\/span><\/b><\/div>\n<\/div>\n<\/div>\n<\/div>\n<\/div>\n<\/div>\n<\/div>\n<div class=\"J_module\">\n<div class=\"icbu-pc-images magic-10\">\n<div>\n<div class=\"flex-layout-v\">\n<div class=\"flex-layout-h magic-10\">\n<div class=\"magic-11\"><img decoding=\"async\" class=\"magic-12\" src=\"https:\/\/anbanjia.com.cn\/wp-content\/uploads\/2022\/05\/H94a6fa43acb244a691368ee89d0bb0dft.png\" data-src=\"\"><\/div>\n<\/div>\n<\/div>\n<\/div>\n<\/div>\n<\/div>\n<\/div>\n<\/div>\n","protected":false},"excerpt":{"rendered":"<p>&nbsp;<\/p>\n<div style=\"width: auto;\">\n<div style=\"min-width: 300px; max-width: 300px; word-wrap: break-word; float: left;\">Type:Syst\u00e8me d&rsquo;analyse sanguine<\/div>\n<div style=\"min-width: 300px; max-width: 300px; word-wrap: break-word; float: left;\">Nom de marque:OEM<\/div>\n<\/div>\n<div style=\"width: auto;\">\n<div style=\"min-width: 300px; max-width: 300px; word-wrap: break-word; float: left;\">Num\u00e9ro de mod\u00e8le : U12<\/div>\n<div style=\"min-width: 300px; max-width: 300px; word-wrap: break-word; float: left;\">Lieu d&rsquo;origine : Chine<\/div>\n<\/div>\n<div style=\"width: auto;\">\n<div style=\"min-width: 300px; max-width: 300px; word-wrap: break-word; float: left;\">Classification des instruments&nbsp;: classe&nbsp;II<\/div>\n<div style=\"min-width: 300px; max-width: 300px; word-wrap: break-word; float: left;\">Garantie : AUCUNE<\/div>\n<\/div>\n<div style=\"width: auto;\">\n<div style=\"min-width: 300px; max-width: 300px; word-wrap: break-word; float: left;\">Service apr\u00e8s-vente : AUCUN<\/div>\n<div style=\"min-width: 300px; max-width: 300px; word-wrap: break-word; float: left;\">Principe de mesure : R\u00e9flexion optique<\/div>\n<\/div>\n<div style=\"width: auto;\">\n<div style=\"min-width: 300px; max-width: 300px; word-wrap: break-word; float: left;\">Bande&nbsp;: lecteur d&rsquo;h\u00e9moglobine<\/div>\n<div style=\"min-width: 300px; max-width: 300px; word-wrap: break-word; float: left;\">Temps de mesure : moins de 30 secondes<\/div>\n<\/div>\n<div style=\"width: auto;\">\n<div style=\"min-width: 300px; max-width: 300px; word-wrap: break-word; float: left;\">Masse:&lt; 58g (Batterie incluse)<\/div>\n<div style=\"min-width: 300px; max-width: 300px; word-wrap: break-word; float: left;\">Dimensions ext\u00e9rieures : 102 mm x 50 mm x 19 mm<\/div>\n<\/div>\n<div style=\"width: auto;\">\n<div style=\"min-width: 300px; max-width: 300px; word-wrap: break-word; float: left;\">Code&nbsp;: pas de code<\/div>\n<div style=\"min-width: 300px; max-width: 300px; word-wrap: break-word; float: left;\">Plage de test : 20-600 mg\/dL(1,1-33,3 mmol\/L)<\/div>\n<\/div>\n<div style=\"width: auto;\">\n<div style=\"min-width: 300px; max-width: 300px; word-wrap: break-word; float: left;\">Taille de l&rsquo;\u00e9chantillon&nbsp;: 0,6&nbsp;\u03bcL<\/div>\n<div style=\"min-width: 300px; max-width: 300px; word-wrap: break-word; float: left;\">P\u00e9riode de garantie : 18 mois<\/div>\n<\/div>\n","protected":false},"featured_media":12655,"comment_status":"closed","ping_status":"closed","template":"","meta":[],"product_cat":[157],"product_tag":[],"class_list":["post-13283","product","type-product","status-publish","has-post-thumbnail","hentry","product_cat-bandelettes-de-test-dhemoglobine"],"_links":{"self":[{"href":"https:\/\/anbanjia.com.cn\/fr\/wp-json\/wp\/v2\/product\/13283","targetHints":{"allow":["GET"]}}],"collection":[{"href":"https:\/\/anbanjia.com.cn\/fr\/wp-json\/wp\/v2\/product"}],"about":[{"href":"https:\/\/anbanjia.com.cn\/fr\/wp-json\/wp\/v2\/types\/product"}],"replies":[{"embeddable":true,"href":"https:\/\/anbanjia.com.cn\/fr\/wp-json\/wp\/v2\/comments?post=13283"}],"wp:featuredmedia":[{"embeddable":true,"href":"https:\/\/anbanjia.com.cn\/fr\/wp-json\/wp\/v2\/media\/12655"}],"wp:attachment":[{"href":"https:\/\/anbanjia.com.cn\/fr\/wp-json\/wp\/v2\/media?parent=13283"}],"wp:term":[{"taxonomy":"product_cat","embeddable":true,"href":"https:\/\/anbanjia.com.cn\/fr\/wp-json\/wp\/v2\/product_cat?post=13283"},{"taxonomy":"product_tag","embeddable":true,"href":"https:\/\/anbanjia.com.cn\/fr\/wp-json\/wp\/v2\/product_tag?post=13283"}],"curies":[{"name":"wp","href":"https:\/\/api.w.org\/{rel}","templated":true}]}}