{"id":13282,"date":"2022-05-02T18:02:52","date_gmt":"2022-05-02T18:02:52","guid":{"rendered":"https:\/\/www.anbanjia.com.cn\/product\/sonicaid-de-poche-de-haute-qualite-echographie-un-moniteur-doppler-foetal-poreux-a-usage-domestique\/"},"modified":"2022-05-02T18:02:52","modified_gmt":"2022-05-02T18:02:52","slug":"haute-qualitepocket-sonicaid-ultrason-one-fetal-doppler-monitor-home-use-poretable","status":"publish","type":"product","link":"https:\/\/anbanjia.com.cn\/fr\/produit\/haute-qualitepocket-sonicaid-ultrason-one-fetal-doppler-monitor-home-use-poretable\/","title":{"rendered":"Sonicaid de poche de haute qualit\u00e9\/\u00e9chographie un moniteur doppler f\u0153tal poreux \u00e0 usage domestique"},"content":{"rendered":"<div style=\"max-width: 750px; margin: 0 auto;\">\n<div id=\"detail_decorate_root\" data-magic-global=\"%7B%22bizId%22%3A3215165050%2C%22pageId%22%3A20050929251%2C%22siteId%22%3A5005610021%7D\">\n<div class=\"J_module\">\n<div class=\"detail-decorate-json-renderer-container\">\n<div class=\"magic-1\">\n<h3 class=\"magic-2\"><\/h3>\n<h3 class=\"magic-3\"><span style=\"font-family: Verdana, Geneva; font-size: x-large;\">Sonicaid de poche\/\u00e9chographie un moniteur doppler f\u0153tal \u00e0 usage domestique poretable<\/span><\/h3>\n<div class=\"magic-4\">\n<div class=\"magic-5\">\n<div class=\"magic-6\"><\/div>\n<\/div>\n<\/div>\n<\/div>\n<\/div>\n<\/div>\n<div class=\"J_module\">\n<div class=\"icbu-pc-images magic-7\">\n<div>\n<div class=\"flex-layout-v\">\n<div class=\"flex-layout-h magic-7\">\n<div class=\"magic-8\"><img decoding=\"async\" class=\"magic-9\" style=\"max-width: 750;\" src=\"https:\/\/anbanjia.com.cn\/wp-content\/uploads\/2022\/05\/HTB1u2SbRFXXXXa2XVXX760XFXXXd.png\" data-src=\"\"><\/div>\n<\/div>\n<\/div>\n<\/div>\n<\/div>\n<\/div>\n<div class=\"J_module\">\n<div class=\"icbu-pc-images magic-7\">\n<div>\n<div class=\"flex-layout-v\">\n<div class=\"flex-layout-h magic-7\">\n<div class=\"magic-10\"><img decoding=\"async\" class=\"magic-11\" src=\"https:\/\/anbanjia.com.cn\/wp-content\/uploads\/2022\/05\/HTB1zRNVRFXXXXb8apXX760XFXXXd.png\" data-src=\"\"><\/div>\n<div>\n<p><img decoding=\"async\" src=\"https:\/\/s.alicdn.com\/@sc01\/kf\/HTB17hypQFXXXXbMaXXXq6xXFXXXL\/230438700\/HTB17hypQFXXXXbMaXXXq6xXFXXXL.jpg?quality=close\"><img decoding=\"async\" src=\"https:\/\/s.alicdn.com\/@sc02\/kf\/HTB1SUWrQFXXXXbNXVXXq6xXFXXXj\/230438700\/HTB1SUWrQFXXXXbNXVXXq6xXFXXXj.jpg?quality=close\"><img decoding=\"async\" src=\"https:\/\/s.alicdn.com\/@sc01\/kf\/HTB1q99jRFXXXXX8XFXXq6xXFXXX1\/230438700\/HTB1q99jRFXXXXX8XFXXq6xXFXXX1.jpg?quality=close\"><img decoding=\"async\" src=\"https:\/\/s.alicdn.com\/@sc02\/kf\/HTB1E5mHQFXXXXXoXVXXq6xXFXXXX\/230438700\/HTB1E5mHQFXXXXXoXVXXq6xXFXXXX.jpg?quality=close\"><img decoding=\"async\" src=\"https:\/\/s.alicdn.com\/@sc01\/kf\/HTB1Tsq4QFXXXXXzXpXXq6xXFXXXF\/230438700\/HTB1Tsq4QFXXXXXzXpXXq6xXFXXXF.jpg?quality=close\"><img decoding=\"async\" src=\"https:\/\/s.alicdn.com\/@sc01\/kf\/HTB1.Kd8RFXXXXXMaXXXq6xXFXXXL\/230438700\/HTB1.Kd8RFXXXXXMaXXXq6xXFXXXL.jpg?quality=close\"><img decoding=\"async\" src=\"https:\/\/s.alicdn.com\/@sc02\/kf\/HTB1pRKjRFXXXXcWXFXXq6xXFXXXk\/230438700\/HTB1pRKjRFXXXXcWXFXXq6xXFXXXk.jpg?quality=close\"><img decoding=\"async\" src=\"https:\/\/s.alicdn.com\/@sc02\/kf\/HTB13qyBRFXXXXadXpXXq6xXFXXXW\/230438700\/HTB13qyBRFXXXXadXpXXq6xXFXXXW.jpg?quality=close\"><img decoding=\"async\" src=\"https:\/\/s.alicdn.com\/@sc01\/kf\/HTB16jBTQpXXXXXLaXXXq6xXFXXXP\/230438700\/HTB16jBTQpXXXXXLaXXXq6xXFXXXP.jpg?quality=close\"><img decoding=\"async\" src=\"https:\/\/s.alicdn.com\/@sc01\/kf\/HTB1OJ4JQpXXXXXcapXXq6xXFXXXh\/230438700\/HTB1OJ4JQpXXXXXcapXXq6xXFXXXh.jpg?quality=close\"><img decoding=\"async\" src=\"https:\/\/s.alicdn.com\/@sc01\/kf\/HTB1h3vHQXXXXXXWapXXq6xXFXXXC\/230438700\/HTB1h3vHQXXXXXXWapXXq6xXFXXXC.jpg?quality=close\"><\/p>\n<p class=\"magic-30\" data-spm-anchor-id=\"a2700.wholesale.0.i38.53a7165eEenUq4\"><span style=\"color: #ff003f; font-size: large;\">Taille du paquet : 47*43*34cm dans un carton<\/span><\/p>\n<p class=\"magic-30\"><span style=\"color: #ff003f; font-size: large;\">GW&nbsp;: 9,5&nbsp;kg, 20&nbsp;pi\u00e8ces<\/span><\/p>\n<p class=\"magic-30\"><span style=\"color: #ff003f; font-size: large;\">Livraison : 3-15 jours ouvrables apr\u00e8s paiement<\/span><img decoding=\"async\" src=\"https:\/\/s.alicdn.com\/@sc01\/kf\/HTB1Je9WQpXXXXafXpXXq6xXFXXX1\/230438700\/HTB1Je9WQpXXXXafXpXXq6xXFXXX1.jpg?quality=close\"><img decoding=\"async\" src=\"https:\/\/s.alicdn.com\/@sc04\/kf\/H2624fa5d782c4876bf4d35d9dc8a3fa9k\/230438700\/H2624fa5d782c4876bf4d35d9dc8a3fa9k.jpg?quality=close\"><\/p>\n<div class=\"J_module\">\n<div class=\"detail-decorate-json-renderer-container\">\n<div class=\"magic-1\">\n<div class=\"magic-4\">\n<div class=\"magic-5\">\n<div class=\"magic-6\">\n<p class=\"magic-30\"><span style=\"color: #ff7f00; font-family: Tahoma; font-size: large;\" data-spm-anchor-id=\"a2700.wholesale.0.i41.53a7165eEenUq4\">1. Plus de commande, plus de remise, prix comp\u00e9titif&nbsp;!<br \/>\n2. Bienvenue \u00e0 nous contacter pour obtenir un meilleur prix&nbsp;!<br \/>\n3.Bon service, livraison rapide, et nous valons la peine d&rsquo;\u00eatre dignes de confiance.<br \/>\n4. Nous pouvons vous garantir que vous serez satisfait de nos produits.<br \/>\n5. Nous traitons les clients comme des amis et vous offrons un service consid\u00e9rable.<br \/>\n6. nous sommes une \u00e9quipe de vente avec des soins m\u00e9dicaux professionnels et un support technique de l&rsquo;\u00e9quipe d&rsquo;ing\u00e9nieurs.<\/span><\/p>\n<\/div>\n<\/div>\n<\/div>\n<\/div>\n<\/div>\n<\/div>\n<div class=\"J_module\">\n<div class=\"detail-decorate-json-renderer-container\">\n<div class=\"magic-1\">\n<h3 class=\"magic-2\"><\/h3>\n<h3 class=\"magic-35\"><span style=\"color: #df3700; font-family: Verdana, Geneva; font-size: xx-large;\">Choisissez-nous non seulement pour les affaires<\/span><\/h3>\n<div class=\"magic-4\">\n<div class=\"magic-5\">\n<div class=\"magic-6\">\n<p class=\"magic-30\"><span style=\"color: #ff7f00; font-family: Verdana, Geneva; font-size: large;\">Nous prenons au s\u00e9rieux votre commande et appr\u00e9cions chaque demande qui nous est envoy\u00e9e, garantissant un prix comp\u00e9titif rapide.<br \/>\nD\u00e9lai de livraison ponctuel :<br \/>\n&#8211;nous passons votre commande et traitons imm\u00e9diatement, assurons votre d\u00e9lai de livraison ponctuel<\/span><\/p>\n<p>V\u00e9rifier avant exp\u00e9dition :<br \/>\n&#8211;Nos coll\u00e8gues d&rsquo;inspection v\u00e9rifient la qualit\u00e9 avant l&rsquo;exp\u00e9dition, nous faisons un avis d&rsquo;exp\u00e9dition d\u00e8s que votre commande est exp\u00e9di\u00e9e<\/p>\n<p>Service apr\u00e8s-vente :<br \/>\nNous nous f\u00e9licitons de votre demande sur les marchandises et respectons vos commentaires apr\u00e8s r\u00e9ception des marchandises.<\/p>\n<\/div>\n<\/div>\n<\/div>\n<\/div>\n<\/div>\n<\/div>\n<\/div>\n<\/div>\n<\/div>\n<\/div>\n<\/div>\n<\/div>\n<\/div>\n<\/div>\n","protected":false},"excerpt":{"rendered":"<p>&nbsp;<\/p>\n<div style=\"width: auto;\">\n<div style=\"min-width: 300px; max-width: 300px; word-wrap: break-word; float: left;\">Lieu d&rsquo;origine&nbsp;: Guangdong, Chine<\/div>\n<div style=\"min-width: 300px; max-width: 300px; word-wrap: break-word; float: left;\">Nom de marque:Anbanjia<\/div>\n<\/div>\n<div style=\"width: auto;\">\n<div style=\"min-width: 300px; max-width: 300px; word-wrap: break-word; float: left;\">Num\u00e9ro de mod\u00e8le&nbsp;: OEM\/ABJ-703.<\/div>\n<div style=\"min-width: 300px; max-width: 300px; word-wrap: break-word; float: left;\">Source d&rsquo;alimentation&nbsp;: \u00e9lectrique<\/div>\n<\/div>\n<div style=\"width: auto;\">\n<div style=\"min-width: 300px; max-width: 300px; word-wrap: break-word; float: left;\">Garantie : AUCUNE<\/div>\n<div style=\"min-width: 300px; max-width: 300px; word-wrap: break-word; float: left;\">Service apr\u00e8s-vente : AUCUN<\/div>\n<\/div>\n<div style=\"width: auto;\">\n<div style=\"min-width: 300px; max-width: 300px; word-wrap: break-word; float: left;\">Mat\u00e9riel:Plastique<\/div>\n<div style=\"min-width: 300px; max-width: 300px; word-wrap: break-word; float: left;\">Dur\u00e9e de conservation&nbsp;: 6&nbsp;mois<\/div>\n<\/div>\n<div style=\"width: auto;\">\n<div style=\"min-width: 300px; max-width: 300px; word-wrap: break-word; float: left;\">Certificat de qualit\u00e9&nbsp;: ce<\/div>\n<div style=\"min-width: 300px; max-width: 300px; word-wrap: break-word; float: left;\">Classification des instruments&nbsp;: classe&nbsp;I<\/div>\n<\/div>\n<div style=\"width: auto;\">\n<div style=\"min-width: 300px; max-width: 300px; word-wrap: break-word; float: left;\">Norme de s\u00e9curit\u00e9&nbsp;:&nbsp;Aucune<\/div>\n<div style=\"min-width: 300px; max-width: 300px; word-wrap: break-word; float: left;\">Type&nbsp;: \u00e9quipement d&rsquo;\u00e9chographie Doppler<\/div>\n<\/div>\n<div style=\"width: auto;\">\n<div style=\"min-width: 300px; max-width: 300px; word-wrap: break-word; float: left;\">Fr\u00e9quence des ultrasons&nbsp;: 2,5&nbsp;MHz<\/div>\n<div style=\"min-width: 300px; max-width: 300px; word-wrap: break-word; float: left;\">Options de batterie : 4 piles AA\/chargeables<\/div>\n<\/div>\n<div style=\"width: auto;\">\n<div style=\"min-width: 300px; max-width: 300px; word-wrap: break-word; float: left;\">Affichage : TFT<\/div>\n<div style=\"min-width: 300px; max-width: 300px; word-wrap: break-word; float: left;\">Plage de mesure FHR&nbsp;: 50-210\/min<\/div>\n<\/div>\n","protected":false},"featured_media":12607,"comment_status":"closed","ping_status":"closed","template":"","meta":[],"product_cat":[145],"product_tag":[],"class_list":["post-13282","product","type-product","status-publish","has-post-thumbnail","hentry","product_cat-doppler-foetal"],"_links":{"self":[{"href":"https:\/\/anbanjia.com.cn\/fr\/wp-json\/wp\/v2\/product\/13282","targetHints":{"allow":["GET"]}}],"collection":[{"href":"https:\/\/anbanjia.com.cn\/fr\/wp-json\/wp\/v2\/product"}],"about":[{"href":"https:\/\/anbanjia.com.cn\/fr\/wp-json\/wp\/v2\/types\/product"}],"replies":[{"embeddable":true,"href":"https:\/\/anbanjia.com.cn\/fr\/wp-json\/wp\/v2\/comments?post=13282"}],"wp:featuredmedia":[{"embeddable":true,"href":"https:\/\/anbanjia.com.cn\/fr\/wp-json\/wp\/v2\/media\/12607"}],"wp:attachment":[{"href":"https:\/\/anbanjia.com.cn\/fr\/wp-json\/wp\/v2\/media?parent=13282"}],"wp:term":[{"taxonomy":"product_cat","embeddable":true,"href":"https:\/\/anbanjia.com.cn\/fr\/wp-json\/wp\/v2\/product_cat?post=13282"},{"taxonomy":"product_tag","embeddable":true,"href":"https:\/\/anbanjia.com.cn\/fr\/wp-json\/wp\/v2\/product_tag?post=13282"}],"curies":[{"name":"wp","href":"https:\/\/api.w.org\/{rel}","templated":true}]}}