{"id":13279,"date":"2022-05-02T18:02:43","date_gmt":"2022-05-02T18:02:43","guid":{"rendered":"https:\/\/www.anbanjia.com.cn\/product\/reactif-danalyse-durine-bandelette-de-test-durine-10-parametre-urine-ma-bandelette-de-test-14-11-parametre\/"},"modified":"2022-05-02T18:02:43","modified_gmt":"2022-05-02T18:02:43","slug":"analyse-durine-reactif-urine-test-bandelette-10-parametres-urine-ma-test-bandelette-14-11-parametres","status":"publish","type":"product","link":"https:\/\/anbanjia.com.cn\/fr\/produit\/analyse-durine-reactif-urine-test-bandelette-10-parametres-urine-ma-test-bandelette-14-11-parametres\/","title":{"rendered":"r\u00e9actif d&rsquo;analyse d&rsquo;urine bandelette de test d&rsquo;urine 10 param\u00e8tre urine ma bandelette de test 14 11 param\u00e8tre"},"content":{"rendered":"<div style=\"max-width: 750px; margin: 0 auto;\">\n<p><span style=\"font-size: 24px;\">Bandelettes d&rsquo;urine de bouteille Analyse rapide Bandelettes r\u00e9actives d&rsquo;analyse d&rsquo;urine \u00e0 v\u00e9rification rapide avec approbation CE<\/span><\/p>\n<div id=\"ali-anchor-AliPostDhMb-3fauz\" class=\"mceSectionContainer\" style=\"padding-top: 8px;\" data-section=\"AliPostDhMb-3fauz\" data-section-title=\"Product Description\">\n<div id=\"ali-title-AliPostDhMb-3fauz\" style=\"padding: 8px 0; border-bottom: 1px solid #ddd;\"><span style=\"background-color: #ddd; color: #333; font-weight: bold; padding: 8px 10px; line-height: 12px;\">Description du produit<\/span><\/div>\n<div style=\"padding: 10px 0;\"><\/div>\n<\/div>\n<p><span style=\"font-size: 24px;\"><img decoding=\"async\" style=\"max-width: 750;\" src=\"https:\/\/anbanjia.com.cn\/wp-content\/uploads\/2022\/05\/HTB13v6iTkzoK1RjSZFlq6yi4VXaq.jpg\" data-alt=\"urinalysis reagent urine test strip 10 parameter urine ma test strip 14 11 parameter\" data-height=\"750\" data-src=\"\" data-width=\"750\"><\/span><\/p>\n<p><span style=\"font-size: 18px;\">1. avoir un param\u00e8tre diff\u00e9rent pour vous choisir, 1-11 param\u00e8tres<br \/>\n2.Package: bouteille + bo\u00eete de couleur<br \/>\nDur\u00e9e de conservation de 3,2 ans pour les cartouches non ouvertes Dur\u00e9e de conservation de 3 mois pour les bandelettes dans des cartouches ouvertes <\/span><\/p>\n<p><span style=\"color: #ff0000;\"><strong><span style=\"font-size: 24px;\">Mesure 11 composants diff\u00e9rents de l&rsquo;urine&nbsp;:<\/span><\/strong><\/span><\/p>\n<p><span style=\"font-size: 18px;\">Leucocytes : alias globules blancs. Indique \u00e9galement la pr\u00e9sence d&rsquo;une infection.<\/span><br \/>\n<span style=\"font-size: 18px;\">Nitrites : peuvent \u00eatre le signe d&rsquo;une infection des voies urinaires ou d&rsquo;une autre infection.<\/span><br \/>\n<span style=\"font-size: 18px;\">Urobilinog\u00e8ne : v\u00e9rifie les maladies du foie.<\/span><br \/>\n<span style=\"font-size: 18px;\">Prot\u00e9ines : tests de la fonction r\u00e9nale.<\/span><br \/>\n<span style=\"font-size: 18px;\">pH : mesure l&rsquo;acidit\u00e9 de l&rsquo;urine, associ\u00e9e \u00e0 un risque plus \u00e9lev\u00e9 de calculs r\u00e9naux.<\/span><br \/>\n<span style=\"font-size: 18px;\">Sang&nbsp;: peut r\u00e9sulter d&rsquo;une infection, d&rsquo;une blessure, d&rsquo;une inflammation, de calculs r\u00e9naux ou d&rsquo;un cancer.<\/span><br \/>\n<span style=\"font-size: 18px;\">Gravit\u00e9 sp\u00e9cifique : \u00e9value l&rsquo;\u00e9quilibre hydrique du corps et la concentration d&rsquo;urine.<\/span><br \/>\n<span style=\"font-size: 18px;\">Ascorbate : ce test r\u00e9v\u00e8le la concentration d&rsquo;acide ascorbique dans les urines qui varie avec l&rsquo;apport.<\/span><br \/>\n<span style=\"font-size: 18px;\">C\u00e9tones : caus\u00e9es par des troubles du m\u00e9tabolisme accru ; \u00e9galement par des r\u00e9gimes alimentaires d\u00e9s\u00e9quilibr\u00e9s tels que des r\u00e9gimes riches en prot\u00e9ines\/faibles en glucides, l&rsquo;anorexie ou le je\u00fbne.<\/span><br \/>\n<span style=\"font-size: 18px;\">Bilirubine : pourrait indiquer des probl\u00e8mes de foie ou de v\u00e9sicule biliaire tels que des calculs biliaires, une h\u00e9patite, une cirrhose ou des tumeurs.<\/span><br \/>\n<span style=\"font-size: 18px;\">Glucose: le test le plus courant pour le diab\u00e8te. <\/span><\/p>\n<p>&nbsp;<\/p>\n<p><span style=\"color: #ff0000;\"><strong><span style=\"font-size: 24px;\">Comment utiliser<\/span><\/strong><\/span><\/p>\n<p><span style=\"color: #000000;\"><strong><span style=\"font-size: 24px;\"><img decoding=\"async\" src=\"https:\/\/anbanjia.com.cn\/wp-content\/uploads\/2022\/05\/HTB1BkPXTjDpK1RjSZFr76178VXai.png\" data-alt=\"urinalysis reagent urine test strip 10 parameter urine ma test strip 14 11 parameter\" data-src=\"\"><\/span><\/strong><\/span><\/p>\n<p><strong><span style=\"font-size: 24px;\">Proc\u00e9dure de test des bandelettes r\u00e9actives pour analyse d&rsquo;urine&nbsp;:<\/span><\/strong><\/p>\n<p><span style=\"font-size: 18px;\">1. Recueillez de l&rsquo;urine fra\u00eeche dans un r\u00e9cipient propre et testez-la d\u00e8s que possible. Ne pas centrifuger. Si le test ne peut pas \u00eatre effectu\u00e9 dans l&rsquo;heure qui suit la miction, r\u00e9frig\u00e9rez imm\u00e9diatement l&rsquo;\u00e9chantillon. Laisser l&rsquo;\u00e9chantillon r\u00e9frig\u00e9r\u00e9 revenir \u00e0 temp\u00e9rature ambiante avant le test.<\/span><br \/>\n<span style=\"font-size: 18px;\">2. Remarque&nbsp;: Toutes les zones de r\u00e9actif peuvent \u00eatre lues entre 1 et 2&nbsp;minutes pour distinguer l&rsquo;urine positive de l&rsquo;urine n\u00e9gative. Les changements de couleur apr\u00e8s 2 minutes n&rsquo;ont pas de valeur diagnostique. Veuillez lire le r\u00e9sultat d&rsquo;analyse en fonction du temps imparti qui est not\u00e9 sur le nuancier du flacon.<\/span><\/p>\n<p><strong><span style=\"font-size: 24px;\">Bandelettes r\u00e9actives pour analyse d&rsquo;urine DEMANDE DE CONSERVATION&nbsp;:<\/span><\/strong><\/p>\n<p><span style=\"font-size: 18px;\">1) Conserver \u00e0 temp\u00e9rature ambiante entre 2 et 30\u00b0C<\/span><br \/>\n<span style=\"font-size: 18px;\">2) Laisser \u00e0 l&rsquo;abri de la lumi\u00e8re directe du soleil et de l&rsquo;humidit\u00e9.<\/span><br \/>\n<span style=\"font-size: 18px;\">3) Ne pas utiliser apr\u00e8s la date de p\u00e9remption.<\/span><\/p>\n<p><strong><span style=\"font-size: 24px;\">Bandelettes r\u00e9actives pour analyse d&rsquo;urine avec AVIS d&rsquo;approbation CE<\/span><\/strong><\/p>\n<p><span style=\"font-size: 18px;\">1) Ne retirez pas le d\u00e9shydratant du flacon.<\/span><br \/>\n<span style=\"font-size: 18px;\">2) Ne touchez pas les zones de test des Urinalysis ReagentStrips.<\/span><br \/>\n<span style=\"font-size: 18px;\">3) Ne pas ouvrir le contenant avant d&rsquo;\u00eatre pr\u00eat \u00e0 l&#8217;emploi.<\/span><br \/>\n<span style=\"font-size: 18px;\">4) L&rsquo;utilisation de conservateurs d&rsquo;urine peut emp\u00eacher la d\u00e9composition de la c\u00e9tone, de la bilirubine et de l&rsquo;urobilinog\u00e8ne dans l&rsquo;urine.<\/span><br \/>\n<span style=\"font-size: 18px;\">5) Ne stockez pas l&rsquo;\u00e9chantillon longtemps (une heure ou plus) avant le test.<\/span><\/p>\n<div id=\"ali-anchor-AliPostDhMb-0n6fq\" class=\"mceSectionContainer\" style=\"padding-top: 8px;\" data-section=\"AliPostDhMb-0n6fq\" data-section-title=\"Contact Information\">\n<div id=\"ali-title-AliPostDhMb-0n6fq\" style=\"padding: 8px 0; border-bottom: 1px solid #ddd;\"><span style=\"background-color: #ddd; color: #333; font-weight: bold; padding: 8px 10px; line-height: 12px;\">Coordonn\u00e9es<\/span><\/div>\n<div style=\"padding: 10px 0;\"><\/div>\n<\/div>\n<p><img decoding=\"async\" src=\"https:\/\/anbanjia.com.cn\/wp-content\/uploads\/2022\/05\/H462e2ac50b4a471d815b7183b87f21eeJ.png\" data-alt=\"urinalysis reagent urine test strip 10 parameter urine ma test strip 14 11 parameter\" data-src=\"\"><\/p>\n<\/div>\n","protected":false},"excerpt":{"rendered":"<p>&nbsp;<\/p>\n<div style=\"width: auto;\">\n<div style=\"min-width: 300px; max-width: 300px; word-wrap: break-word; float: left;\">Type&nbsp;: syst\u00e8me d&rsquo;analyse biochimique<\/div>\n<div style=\"min-width: 300px; max-width: 300px; word-wrap: break-word; float: left;\">Nom de marque:OEM<\/div>\n<\/div>\n<div style=\"width: auto;\">\n<div style=\"min-width: 300px; max-width: 300px; word-wrap: break-word; float: left;\">Num\u00e9ro de mod\u00e8le : U032<\/div>\n<div style=\"min-width: 300px; max-width: 300px; word-wrap: break-word; float: left;\">Lieu d&rsquo;origine&nbsp;: Guangdong, Chine<\/div>\n<\/div>\n<div style=\"width: auto;\">\n<div style=\"min-width: 300px; max-width: 300px; word-wrap: break-word; float: left;\">Classification des instruments&nbsp;: classe&nbsp;II<\/div>\n<div style=\"min-width: 300px; max-width: 300px; word-wrap: break-word; float: left;\">Garantie : AUCUNE<\/div>\n<\/div>\n<div style=\"width: auto;\">\n<div style=\"min-width: 300px; max-width: 300px; word-wrap: break-word; float: left;\">Service apr\u00e8s-vente : AUCUN<\/div>\n<div style=\"min-width: 300px; max-width: 300px; word-wrap: break-word; float: left;\">Nom:Bande de r\u00e9actif d&rsquo;analyse d&rsquo;urine<\/div>\n<\/div>\n<div style=\"width: auto;\">\n<div style=\"min-width: 300px; max-width: 300px; word-wrap: break-word; float: left;\">Sp\u00e9cimen&nbsp;: urine<\/div>\n<div style=\"min-width: 300px; max-width: 300px; word-wrap: break-word; float: left;\">Dur\u00e9e de conservation : 24 mois \u00e0 temp\u00e9rature ambiante<\/div>\n<\/div>\n<div style=\"width: auto;\">\n<div style=\"min-width: 300px; max-width: 300px; word-wrap: break-word; float: left;\">D\u00e9tail d&#8217;emballage : 100 bandes\/bouteille<\/div>\n<div style=\"min-width: 300px; max-width: 300px; word-wrap: break-word; float: left;\">Port:Guangzhou<\/div>\n<\/div>\n<div style=\"width: auto;\">\n<div style=\"min-width: 300px; max-width: 300px; word-wrap: break-word; float: left;\">D\u00e9lai de livraison&nbsp;: 7-25 jours<\/div>\n<div style=\"min-width: 300px; max-width: 300px; word-wrap: break-word; float: left;\">FEO&nbsp;: disponible<\/div>\n<\/div>\n","protected":false},"featured_media":12641,"comment_status":"closed","ping_status":"closed","template":"","meta":[],"product_cat":[173],"product_tag":[],"class_list":["post-13279","product","type-product","status-publish","has-post-thumbnail","hentry","product_cat-bandelettes-de-test-danalyse-durine"],"_links":{"self":[{"href":"https:\/\/anbanjia.com.cn\/fr\/wp-json\/wp\/v2\/product\/13279","targetHints":{"allow":["GET"]}}],"collection":[{"href":"https:\/\/anbanjia.com.cn\/fr\/wp-json\/wp\/v2\/product"}],"about":[{"href":"https:\/\/anbanjia.com.cn\/fr\/wp-json\/wp\/v2\/types\/product"}],"replies":[{"embeddable":true,"href":"https:\/\/anbanjia.com.cn\/fr\/wp-json\/wp\/v2\/comments?post=13279"}],"wp:featuredmedia":[{"embeddable":true,"href":"https:\/\/anbanjia.com.cn\/fr\/wp-json\/wp\/v2\/media\/12641"}],"wp:attachment":[{"href":"https:\/\/anbanjia.com.cn\/fr\/wp-json\/wp\/v2\/media?parent=13279"}],"wp:term":[{"taxonomy":"product_cat","embeddable":true,"href":"https:\/\/anbanjia.com.cn\/fr\/wp-json\/wp\/v2\/product_cat?post=13279"},{"taxonomy":"product_tag","embeddable":true,"href":"https:\/\/anbanjia.com.cn\/fr\/wp-json\/wp\/v2\/product_tag?post=13279"}],"curies":[{"name":"wp","href":"https:\/\/api.w.org\/{rel}","templated":true}]}}