{"id":13264,"date":"2022-05-02T18:02:44","date_gmt":"2022-05-02T18:02:44","guid":{"rendered":"https:\/\/www.anbanjia.com.cn\/product\/bandelettes-de-test-durine-dinfection-des-voies-urinaires-urs-3n-de-vente-chaude-damazon\/"},"modified":"2022-05-02T18:02:44","modified_gmt":"2022-05-02T18:02:44","slug":"amazon-hot-sell-urs-3n-urinary-tract-infection-urine-test-strips-2","status":"publish","type":"product","link":"https:\/\/anbanjia.com.cn\/fr\/produit\/amazon-hot-sell-urs-3n-urinary-tract-infection-urine-test-strips-2\/","title":{"rendered":"Bandelettes de test d&rsquo;urine d&rsquo;infection des voies urinaires URS-3N de vente chaude d&rsquo;Amazon"},"content":{"rendered":"<div style=\"max-width: 750px; margin: 0 auto;\">\n<div id=\"detail_decorate_root\" data-magic-global=\"%7B%22bizId%22%3A3215165050%2C%22pageId%22%3A20062835293%2C%22siteId%22%3A5005610021%7D\">\n<div class=\"J_module\">\n<div class=\"detail-decorate-json-renderer-container\">\n<div class=\"magic-1\">\n<div class=\"magic-3\"><span class=\"magic-4\"><span class=\"magic-5\" style=\"color: #e87474;\">bandelettes de test de diagnostic urinaire pour tests d&rsquo;infection des voies urinaires<\/span><\/span><\/div>\n<div class=\"magic-6\">\n<div class=\"magic-7\">\n<div class=\"magic-8\">\n<div class=\"magic-3\"><b><span class=\"magic-9\"> <span class=\"magic-10\"><span class=\"magic-11\">Nos kits testent pour :<\/span><\/span><\/span><\/b><\/div>\n<div><span class=\"magic-13\">Leucocytes&nbsp;:<\/span><span class=\"magic-12\"> Aussi connu sous le nom de globules blancs, si vous obtenez une lecture positive, cela signifie que votre syst\u00e8me urinaire pr\u00e9sente une inflammation indiquant une \u00e9ventuelle infection urinaire. Nous vous recommandons de tester le lendemain si vous obtenez une lecture de trace ou si vous pr\u00e9sentez des sympt\u00f4mes d&rsquo;une infection urinaire<\/span><\/div>\n<div><span class=\"magic-11\"> <span class=\"magic-13\">Nitrite :<\/span> <span class=\"magic-12\">Un r\u00e9sultat positif pour les nitrites est le signe d&rsquo;une infection urinaire mais ne signifie pas n\u00e9cessairement que vous en avez une.<\/span><br \/>\n <span class=\"magic-11\"><span class=\"magic-13\">PH&nbsp;:<\/span><\/span> <span class=\"magic-12\">La lecture id\u00e9ale pour l&rsquo;urine est de 6,5 \u00e0 7,5. Moins de 6,0 signifie que votre syst\u00e8me de pH corporel est acide et sujet aux infections telles qu&rsquo;une infection urinaire<\/span><span class=\"magic-12\"><br \/>\n<\/span><\/span><\/div>\n<div><span class=\"magic-11\"><span class=\"magic-12\"> Vous avez une infection des voies urinaires lorsque vous voyez un r\u00e9sultat de test positif pour les leucocytes et les nitrites. Votre pH sera \u00e9galement de 6,0 ou moins lorsque vous avez une infection urinaire.<\/span><\/span><\/div>\n<div>\n<table class=\"has-title hight-light-first-column all magic-14\" style=\"height: 97px;\" width=\"761\">\n<tbody>\n<tr>\n<td colspan=\"1\" rowspan=\"1\">\n<div class=\"magic-15\">\n<div class=\"magic-3\">Nom du produit<\/div>\n<\/div>\n<\/td>\n<td colspan=\"1\" rowspan=\"1\">\n<div class=\"magic-16\">\n<div class=\"magic-3\">Bandelettes de test urinaire UTI<\/div>\n<\/div>\n<\/td>\n<td colspan=\"1\" rowspan=\"1\">\n<div class=\"magic-17\">\n<div class=\"magic-3\">Objet \u00e0 tester<\/div>\n<\/div>\n<\/td>\n<td colspan=\"1\" rowspan=\"1\">\n<div class=\"magic-18\">\n<div class=\"magic-3\">Leucocytes nitrite PH<\/div>\n<\/div>\n<\/td>\n<\/tr>\n<tr>\n<td colspan=\"1\" rowspan=\"1\">\n<div class=\"magic-15\">\n<div class=\"magic-3\">Num\u00e9ro de mod\u00e8le<\/div>\n<\/div>\n<\/td>\n<td colspan=\"1\" rowspan=\"1\">\n<div class=\"magic-16\">\n<div class=\"magic-3\" data-spm-anchor-id=\"a2700.details.0.i23.71676ca4UsZmHB\">URS-3N<\/div>\n<\/div>\n<\/td>\n<td colspan=\"1\" rowspan=\"1\">\n<div class=\"magic-17\">\n<div class=\"magic-3\" data-spm-anchor-id=\"a2700.details.0.i21.71676ca4UsZmHB\">Sp\u00e9cimen<\/div>\n<\/div>\n<\/td>\n<td colspan=\"1\" rowspan=\"1\">\n<div class=\"magic-18\">\n<div class=\"magic-3\"> Urine<\/div>\n<\/div>\n<\/td>\n<\/tr>\n<tr>\n<td colspan=\"1\" rowspan=\"1\">\n<div class=\"magic-15\">\n<div class=\"magic-3\">Application<\/div>\n<\/div>\n<\/td>\n<td colspan=\"1\" rowspan=\"1\">\n<div class=\"magic-16\" data-spm-anchor-id=\"a2700.details.0.i22.71676ca4UsZmHB\">\n<div class=\"magic-3\">Bandelette de test urinaire 3N<\/div>\n<\/div>\n<\/td>\n<td colspan=\"1\" rowspan=\"1\">\n<div class=\"magic-17\">\n<div class=\"magic-3\">Une fonction<\/div>\n<\/div>\n<\/td>\n<td colspan=\"1\" rowspan=\"1\">\n<div class=\"magic-18\">\n<div class=\"magic-3\">Utilisation \u00e0 domicile \u00e0 l&rsquo;h\u00f4pital pour le test UTI<\/div>\n<\/div>\n<\/td>\n<\/tr>\n<\/tbody>\n<\/table>\n<p><img decoding=\"async\" src=\"https:\/\/s.alicdn.com\/@sc04\/kf\/H31e1ab22d76f4cd891a0743d0379e11bh\/230438700\/H31e1ab22d76f4cd891a0743d0379e11bh.png?quality=close\"><img decoding=\"async\" src=\"https:\/\/s.alicdn.com\/@sc04\/kf\/Hb1a94cb61d4b44318eb1ff1e58543795v\/230438700\/Hb1a94cb61d4b44318eb1ff1e58543795v.png?quality=close\"><img decoding=\"async\" src=\"https:\/\/s.alicdn.com\/@sc04\/kf\/H3b702e7947d34421a38e388918faa514h\/230438700\/H3b702e7947d34421a38e388918faa514h.png?quality=close\"><img decoding=\"async\" src=\"https:\/\/s.alicdn.com\/@sc04\/kf\/H287d890e986a4779849f04b1cef02716m\/230438700\/H287d890e986a4779849f04b1cef02716m.png?quality=close\"><img decoding=\"async\" src=\"https:\/\/s.alicdn.com\/@sc04\/kf\/H23dcf93dc19042618ecfdd71e8da80a3W\/230438700\/H23dcf93dc19042618ecfdd71e8da80a3W.png?quality=close\"><img decoding=\"async\" src=\"https:\/\/s.alicdn.com\/@sc04\/kf\/Hd46095d40e6c4bab8e92f7f9896db524X\/230438700\/Hd46095d40e6c4bab8e92f7f9896db524X.png?quality=close\"><img decoding=\"async\" src=\"https:\/\/s.alicdn.com\/@sc04\/kf\/Haf2f1520f1624b7aafa10dd80fbdb634E\/230438700\/Haf2f1520f1624b7aafa10dd80fbdb634E.png?quality=close\"><img decoding=\"async\" src=\"https:\/\/s.alicdn.com\/@sc04\/kf\/Hf24a18da06fd4630a3b486bc469a0163g\/230438700\/Hf24a18da06fd4630a3b486bc469a0163g.jpg?quality=close\"><img decoding=\"async\" src=\"https:\/\/s.alicdn.com\/@sc04\/kf\/Hd9ad532faf9648558cc9b7c1cccb0291Z\/230438700\/Hd9ad532faf9648558cc9b7c1cccb0291Z.jpg?quality=close\"><img decoding=\"async\" src=\"https:\/\/s.alicdn.com\/@sc04\/kf\/H390207e707a34193b8f8a8f561231c3c4\/230438700\/H390207e707a34193b8f8a8f561231c3c4.jpg?quality=close\"><img decoding=\"async\" src=\"https:\/\/s.alicdn.com\/@sc04\/kf\/He2e53163c4a14e14b30a386c98936a70K\/230438700\/He2e53163c4a14e14b30a386c98936a70K.png?quality=close\"><img decoding=\"async\" src=\"https:\/\/s.alicdn.com\/@sc04\/kf\/Hf3621c494d7345e38e2cf6934c7cfae8y\/230438700\/Hf3621c494d7345e38e2cf6934c7cfae8y.png?quality=close\"><img decoding=\"async\" src=\"https:\/\/s.alicdn.com\/@sc04\/kf\/H9dca60882042444a8686e973a019ae0eP\/230438700\/H9dca60882042444a8686e973a019ae0eP.jpg?quality=close\"><img decoding=\"async\" src=\"https:\/\/s.alicdn.com\/@sc04\/kf\/HTB1Z1olSpXXXXctXXXXq6xXFXXXu\/230438700\/HTB1Z1olSpXXXXctXXXXq6xXFXXXu.jpg?quality=close\"><b>Q1&nbsp;:\u00c9l\u00e9ments de paiement<\/b><br \/>\nA : T\/T 30 % comme d\u00e9p\u00f4t, et 70 % avant la livraison si compte plus de<br \/>\n10000,00&nbsp;USD<br \/>\n<b>Q2 : D\u00e9lai de livraison :<\/b><\/p>\n<div data-spm-anchor-id=\"a2700.details.0.i40.71676ca4UsZmHB\">G\u00e9n\u00e9ralement, cela prendra 3-5 jours ouvrables apr\u00e8s r\u00e9ception<br \/>\nvotre acompte. Le d\u00e9lai de livraison sp\u00e9cifique d\u00e9pend de la quantit\u00e9 de votre<br \/>\nCommande.<br \/>\n<b>Q3 : tester les marchandises avant la livraison ?<\/b><br \/>\nA : Oui, nous avons 100 % de test avant la livraison<br \/>\n<b>Q4 : Comment faites-vous notre entreprise \u00e0 long terme,<\/b><br \/>\nR&nbsp;:1. Nous gardons une bonne qualit\u00e9 et le prix le plus comp\u00e9titif<br \/>\nA2 : Nous respectons chaque client comme notre ami<\/div>\n<div data-spm-anchor-id=\"a2700.details.0.i40.71676ca4UsZmHB\"><img decoding=\"async\" src=\"https:\/\/s.alicdn.com\/@sc04\/kf\/Ha43def8a2df44eac925e2c3ab5a1b97b2\/230438700\/Ha43def8a2df44eac925e2c3ab5a1b97b2.jpg?quality=close\"><img decoding=\"async\" src=\"https:\/\/s.alicdn.com\/@sc04\/kf\/Hee9408d448ab460f94c285e537e347025\/230438700\/Hee9408d448ab460f94c285e537e347025.png?quality=close\"><\/div>\n<\/div>\n<\/div>\n<\/div>\n<\/div>\n<\/div>\n<\/div>\n<\/div>\n<\/div>\n<\/div>\n","protected":false},"excerpt":{"rendered":"<p>&nbsp;<\/p>\n<div style=\"width: auto;\">\n<div style=\"min-width: 300px; max-width: 300px; word-wrap: break-word; float: left;\">Type&nbsp;: syst\u00e8me d&rsquo;analyse d&rsquo;urine<\/div>\n<div style=\"min-width: 300px; max-width: 300px; word-wrap: break-word; float: left;\">Nom de marque: AnBanJia<\/div>\n<\/div>\n<div style=\"width: auto;\">\n<div style=\"min-width: 300px; max-width: 300px; word-wrap: break-word; float: left;\">Num\u00e9ro de mod\u00e8le&nbsp;: URS-3N, URS-3N<\/div>\n<div style=\"min-width: 300px; max-width: 300px; word-wrap: break-word; float: left;\">Lieu d&rsquo;origine&nbsp;: Guangdong, Chine<\/div>\n<\/div>\n<div style=\"width: auto;\">\n<div style=\"min-width: 300px; max-width: 300px; word-wrap: break-word; float: left;\">Classification des instruments&nbsp;: classe&nbsp;II<\/div>\n<div style=\"min-width: 300px; max-width: 300px; word-wrap: break-word; float: left;\">Garantie : AUCUNE<\/div>\n<\/div>\n<div style=\"width: auto;\">\n<div style=\"min-width: 300px; max-width: 300px; word-wrap: break-word; float: left;\">Service apr\u00e8s-vente : AUCUN<\/div>\n<div style=\"min-width: 300px; max-width: 300px; word-wrap: break-word; float: left;\">Nom du produit: bandelettes de test d&rsquo;urine UTI<\/div>\n<\/div>\n<div style=\"width: auto;\">\n<div style=\"min-width: 300px; max-width: 300px; word-wrap: break-word; float: left;\">Application: bandelette de test d&rsquo;urine 3N<\/div>\n<div style=\"min-width: 300px; max-width: 300px; word-wrap: break-word; float: left;\">\u00c9l\u00e9ment de test&nbsp;: leucocytes nitrite PH<\/div>\n<\/div>\n<div style=\"width: auto;\">\n<div style=\"min-width: 300px; max-width: 300px; word-wrap: break-word; float: left;\">Sp\u00e9cimen:Urine<\/div>\n<div style=\"min-width: 300px; max-width: 300px; word-wrap: break-word; float: left;\">Fonction: utilisation \u00e0 domicile \u00e0 l&rsquo;h\u00f4pital pour le test UTI<\/div>\n<\/div>\n<div>Logo personnalis\u00e9(Min. Commande : 500 bo\u00eetes)<\/div>\n","protected":false},"featured_media":6137,"comment_status":"closed","ping_status":"closed","template":"","meta":[],"product_cat":[173],"product_tag":[],"class_list":["post-13264","product","type-product","status-publish","has-post-thumbnail","hentry","product_cat-bandelettes-de-test-danalyse-durine"],"_links":{"self":[{"href":"https:\/\/anbanjia.com.cn\/fr\/wp-json\/wp\/v2\/product\/13264","targetHints":{"allow":["GET"]}}],"collection":[{"href":"https:\/\/anbanjia.com.cn\/fr\/wp-json\/wp\/v2\/product"}],"about":[{"href":"https:\/\/anbanjia.com.cn\/fr\/wp-json\/wp\/v2\/types\/product"}],"replies":[{"embeddable":true,"href":"https:\/\/anbanjia.com.cn\/fr\/wp-json\/wp\/v2\/comments?post=13264"}],"wp:featuredmedia":[{"embeddable":true,"href":"https:\/\/anbanjia.com.cn\/fr\/wp-json\/wp\/v2\/media\/6137"}],"wp:attachment":[{"href":"https:\/\/anbanjia.com.cn\/fr\/wp-json\/wp\/v2\/media?parent=13264"}],"wp:term":[{"taxonomy":"product_cat","embeddable":true,"href":"https:\/\/anbanjia.com.cn\/fr\/wp-json\/wp\/v2\/product_cat?post=13264"},{"taxonomy":"product_tag","embeddable":true,"href":"https:\/\/anbanjia.com.cn\/fr\/wp-json\/wp\/v2\/product_tag?post=13264"}],"curies":[{"name":"wp","href":"https:\/\/api.w.org\/{rel}","templated":true}]}}