{"id":13262,"date":"2022-05-02T18:02:45","date_gmt":"2022-05-02T18:02:45","guid":{"rendered":"https:\/\/www.anbanjia.com.cn\/product\/bandelette-de-test-dhemoglobine-hb-201-301\/"},"modified":"2022-05-02T18:02:45","modified_gmt":"2022-05-02T18:02:45","slug":"hb-201-301-bandelette-de-test-hemoglobine","status":"publish","type":"product","link":"https:\/\/anbanjia.com.cn\/fr\/produit\/hb-201-301-bandelette-de-test-hemoglobine\/","title":{"rendered":"Bandelette de test d&rsquo;h\u00e9moglobine HB 201\/301"},"content":{"rendered":"<div style=\"max-width: 750px; margin: 0 auto;\">\n<div id=\"detail_decorate_root\" data-magic-global=\"%7B%22bizId%22%3A3215165050%2C%22pageId%22%3A20064265291%2C%22siteId%22%3A5005610021%7D\">\n<div class=\"J_module\">\n<div class=\"detail-decorate-json-renderer-container\">\n<div class=\"magic-1\">\n<div class=\"magic-2\">\n<div class=\"magic-3\">\n<div class=\"magic-4\">\n<div class=\"magic-5\"><b><span class=\"magic-6\">HB 201<\/span><\/b><\/div>\n<div class=\"magic-5\"><b><span class=\"magic-6\"> <\/span><\/b><\/div>\n<p>1. Principe de d\u00e9tection&nbsp;: r\u00e9action de l&rsquo;azidom\u00e9th\u00e9moglobine&nbsp;: double longueur d&rsquo;onde<br \/>\n(d\u00e9tection de 570 nm et 880 nm pour obtenir une compensation de turbidit\u00e9<br \/>\n2. \u00c9talonnage&nbsp;: en utilisant l&rsquo;\u00e9talonnage d&rsquo;usine (bas\u00e9 sur l&rsquo;\u00e9talon-or international ICSH)<br \/>\nAucun autre \u00e9talonnage requis<br \/>\n3. \u00c9chantillons applicables : \u00e9chantillons de sang p\u00e9riph\u00e9rique, de sang total veineux ou art\u00e9riel<br \/>\n4. Plage de mesure : 0- -25,6 g\/dL (0- -256 g\/L, 0-15,9 mmol\/LJ<br \/>\nRapidit\u00e9 d&rsquo;obtention des r\u00e9sultats de test : dans les 60 secondes<br \/>\n5. Volume d&rsquo;\u00e9chantillon&nbsp;: environ 10&nbsp;\u03bcL<br \/>\n6. Taille de l&rsquo;instrument : 160 x 43 x 85 mm (6,30 x 1,69 x 3,35 pouces)<br \/>\n7.Poids&nbsp;: 350&nbsp;g (0,77&nbsp;lb) avec batterie int\u00e9gr\u00e9e<br \/>\n8.Temp\u00e9rature de stockage : analyseur : 0&#8211;50C (32-122\u00b0F).<br \/>\n9. Cellule de r\u00e9action : 15- -30C (59- -86\u00b0F) stockage herm\u00e9tique, ouvert pendant 3 mois<br \/>\n10.Temp\u00e9rature de travail : 15- -30C (59- -86\u00b0F)<br \/>\n11. Alimentation : adaptateur secteur ou 4 piles AA<br \/>\n12.Interface : Imprimante dans HemoCue@ Basic ConnectTM<br \/>\nEt lecteur de code-barres en option<br \/>\n13.Contr\u00f4le de qualit\u00e9 : auto-test int\u00e9gr\u00e9<br \/>\n14. fonction : le contr\u00f4le de qualit\u00e9 liquide peut \u00eatre employ\u00e9<\/p>\n<\/div>\n<\/div>\n<\/div>\n<\/div>\n<\/div>\n<\/div>\n<div class=\"J_module\">\n<div class=\"detail-decorate-json-renderer-container\">\n<div class=\"magic-1\">\n<div class=\"magic-2\">\n<div class=\"magic-3\">\n<div class=\"magic-4\">\n<p><b><span class=\"magic-6\">HB 301<\/span><\/b><\/p>\n<p>1. Principe : Lorsque l&rsquo;absorbance du sang total est au point d&rsquo;extinction comme HbHbO2 et atteint<br \/>\nLorsqu&rsquo;il atteint un \u00e9tat stable, mesurez sur l&rsquo;analyseur<br \/>\nUtilisation de la d\u00e9tection \u00e0 double longueur d&rsquo;onde (5060 et 80n0m) pour obtenir une compensation de la turbidit\u00e9<br \/>\n2.Sp\u00e9cimen&nbsp;: capillaires, \u00e9chantillons de sang art\u00e9riel et veineux<br \/>\n3. Plage de d\u00e9tection : 0-256g\/L<br \/>\n4. Volume d&rsquo;\u00e9chantillon : 10\u03bcL<br \/>\n5. Taille&nbsp;: 160&nbsp;x&nbsp;140&nbsp;x&nbsp;70&nbsp;mm<br \/>\n6.Poids : 500g<br \/>\n7. Temp\u00e9rature de stockage&nbsp;: la temp\u00e9rature de stockage de l&rsquo;analyseur est de 0 \u00e0 50&nbsp;C et les comprim\u00e9s de r\u00e9actifs sont stock\u00e9s<br \/>\n8. La temp\u00e9rature est 10-40C<br \/>\n9. Temp\u00e9rature de fonctionnement&nbsp;: 10-40&nbsp;C<br \/>\n10. Alimentation : 4 piles AA ou adaptateur secteur<br \/>\n11.Contr\u00f4le de la qualit\u00e9&nbsp;: l&rsquo;analyseur HemoCue Hb301 dispose d&rsquo;un autocontr\u00f4le interne<br \/>\nFonction, \u00e0 chaque d\u00e9marrage, l&rsquo;analyseur d\u00e9tecte automatiquement la mesurabilit\u00e9<br \/>\npouvez. HemoCue Hb301 est \u00e9galement \u00e9quip\u00e9 de trois niveaux de produits de contr\u00f4le qualit\u00e9 pour le contr\u00f4le qualit\u00e9<\/p>\n<p><img decoding=\"async\" src=\"https:\/\/s.alicdn.com\/@sc04\/kf\/H142b88f75b884008ae7fc52b461bf325V\/230438700\/H142b88f75b884008ae7fc52b461bf325V.jpg?quality=close\"><img decoding=\"async\" src=\"https:\/\/s.alicdn.com\/@sc04\/kf\/H8a33feb974dd45aa9573cea2afc46b6cd\/230438700\/H8a33feb974dd45aa9573cea2afc46b6cd.jpg?quality=close\"><img decoding=\"async\" src=\"https:\/\/s.alicdn.com\/@sc04\/kf\/H497368349dfe45f2958a18636e434720S\/230438700\/H497368349dfe45f2958a18636e434720S.jpg?quality=close\"><img decoding=\"async\" src=\"https:\/\/s.alicdn.com\/@sc04\/kf\/Ha8b0bac279f84d129b7e0052d3eb33a7M\/230438700\/Ha8b0bac279f84d129b7e0052d3eb33a7M.jpg?quality=close\"><img decoding=\"async\" src=\"https:\/\/s.alicdn.com\/@sc04\/kf\/H5c69bd459db4494b8233557f6a4838d4k\/230438700\/H5c69bd459db4494b8233557f6a4838d4k.jpg?quality=close\"><img decoding=\"async\" src=\"https:\/\/s.alicdn.com\/@sc04\/kf\/Hdf5e8251e21e4b2dbe584bf6d46b28655\/230438700\/Hdf5e8251e21e4b2dbe584bf6d46b28655.jpg?quality=close\"><img decoding=\"async\" src=\"https:\/\/s.alicdn.com\/@sc04\/kf\/H8c4a63d0b9364aee9a9d8742eec98b68l\/230438700\/H8c4a63d0b9364aee9a9d8742eec98b68l.png?quality=close\"><img decoding=\"async\" src=\"https:\/\/s.alicdn.com\/@sc04\/kf\/Hc3f5e8f7c9ee4078af3758fb2219c76fu\/230438700\/Hc3f5e8f7c9ee4078af3758fb2219c76fu.jpg?quality=close\"><img decoding=\"async\" src=\"https:\/\/s.alicdn.com\/@sc04\/kf\/H41b2fec3f92c41debf08cfa8078f38a9q\/230438700\/H41b2fec3f92c41debf08cfa8078f38a9q.jpg?quality=close\"><img decoding=\"async\" src=\"https:\/\/s.alicdn.com\/@sc04\/kf\/Hc9d0ced91507422d8b237216e5100fc7y\/230438700\/Hc9d0ced91507422d8b237216e5100fc7y.png?quality=close\"><img decoding=\"async\" src=\"https:\/\/s.alicdn.com\/@sc04\/kf\/Ha8b0bac279f84d129b7e0052d3eb33a7M\/230438700\/Ha8b0bac279f84d129b7e0052d3eb33a7M.jpg?quality=close\"><img decoding=\"async\" src=\"https:\/\/s.alicdn.com\/@sc04\/kf\/H497368349dfe45f2958a18636e434720S\/230438700\/H497368349dfe45f2958a18636e434720S.jpg?quality=close\"><img decoding=\"async\" src=\"https:\/\/s.alicdn.com\/@sc04\/kf\/H42378d4c080a410cbde3602dc78d02a9G\/230438700\/H42378d4c080a410cbde3602dc78d02a9G.jpg?quality=close\"><img decoding=\"async\" src=\"https:\/\/s.alicdn.com\/@sc04\/kf\/Hee9408d448ab460f94c285e537e347025\/230438700\/Hee9408d448ab460f94c285e537e347025.png?quality=close\"><img decoding=\"async\" src=\"https:\/\/s.alicdn.com\/@sc04\/kf\/HTB1Z1olSpXXXXctXXXXq6xXFXXXu\/230438700\/HTB1Z1olSpXXXXctXXXXq6xXFXXXu.jpg?quality=close\"><b>Q1&nbsp;:\u00c9l\u00e9ments de paiement<\/b><br \/>\nA : T\/T 30 % comme d\u00e9p\u00f4t, et 70 % avant la livraison si compte plus de<br \/>\n10000,00&nbsp;USD<br \/>\n<b>Q2 : D\u00e9lai de livraison :<\/b><\/p>\n<div>G\u00e9n\u00e9ralement, cela prendra 3-5 jours ouvrables apr\u00e8s r\u00e9ception<br \/>\nvotre acompte. Le d\u00e9lai de livraison sp\u00e9cifique d\u00e9pend de la quantit\u00e9 de votre<br \/>\nCommande.<br \/>\n<b>Q3 : tester les marchandises avant la livraison ?<\/b><br \/>\nA : Oui, nous avons 100 % de test avant la livraison<br \/>\n<b>Q4 : Comment faites-vous notre entreprise \u00e0 long terme,<\/b><br \/>\nR&nbsp;:1. Nous gardons une bonne qualit\u00e9 et le prix le plus comp\u00e9titif<br \/>\nA2 : Nous respectons chaque client comme notre ami<img decoding=\"async\" src=\"https:\/\/s.alicdn.com\/@sc04\/kf\/Ha43def8a2df44eac925e2c3ab5a1b97b2\/230438700\/Ha43def8a2df44eac925e2c3ab5a1b97b2.jpg?quality=close\"><\/div>\n<\/div>\n<\/div>\n<\/div>\n<\/div>\n<\/div>\n<\/div>\n<\/div>\n<\/div>\n","protected":false},"excerpt":{"rendered":"<p>&nbsp;<\/p>\n<div style=\"width: auto;\">\n<div style=\"min-width: 300px; max-width: 300px; word-wrap: break-word; float: left;\">Type&nbsp;: syst\u00e8me d&rsquo;analyse d&rsquo;urine<\/div>\n<div style=\"min-width: 300px; max-width: 300px; word-wrap: break-word; float: left;\">Lieu d&rsquo;origine&nbsp;: Guangdong, Chine<\/div>\n<\/div>\n<div style=\"width: auto;\">\n<div style=\"min-width: 300px; max-width: 300px; word-wrap: break-word; float: left;\">Classification des instruments&nbsp;: classe&nbsp;II<\/div>\n<div style=\"min-width: 300px; max-width: 300px; word-wrap: break-word; float: left;\">Garantie : AUCUNE<\/div>\n<\/div>\n<div style=\"width: auto;\">\n<div style=\"min-width: 300px; max-width: 300px; word-wrap: break-word; float: left;\">Service apr\u00e8s-vente : AUCUN<\/div>\n<div style=\"min-width: 300px; max-width: 300px; word-wrap: break-word; float: left;\">Nom du produit&nbsp;: bandelette de test d&rsquo;h\u00e9moglobine.<\/div>\n<\/div>\n<div style=\"width: auto;\">\n<div style=\"min-width: 300px; max-width: 300px; word-wrap: break-word; float: left;\">Quantit\u00e9 : 200 pi\u00e8ces<\/div>\n<div style=\"min-width: 300px; max-width: 300px; word-wrap: break-word; float: left;\">Sp\u00e9cification : 50*4 barils<\/div>\n<\/div>\n","protected":false},"featured_media":12627,"comment_status":"closed","ping_status":"closed","template":"","meta":[],"product_cat":[157],"product_tag":[],"class_list":["post-13262","product","type-product","status-publish","has-post-thumbnail","hentry","product_cat-bandelettes-de-test-dhemoglobine"],"_links":{"self":[{"href":"https:\/\/anbanjia.com.cn\/fr\/wp-json\/wp\/v2\/product\/13262","targetHints":{"allow":["GET"]}}],"collection":[{"href":"https:\/\/anbanjia.com.cn\/fr\/wp-json\/wp\/v2\/product"}],"about":[{"href":"https:\/\/anbanjia.com.cn\/fr\/wp-json\/wp\/v2\/types\/product"}],"replies":[{"embeddable":true,"href":"https:\/\/anbanjia.com.cn\/fr\/wp-json\/wp\/v2\/comments?post=13262"}],"wp:featuredmedia":[{"embeddable":true,"href":"https:\/\/anbanjia.com.cn\/fr\/wp-json\/wp\/v2\/media\/12627"}],"wp:attachment":[{"href":"https:\/\/anbanjia.com.cn\/fr\/wp-json\/wp\/v2\/media?parent=13262"}],"wp:term":[{"taxonomy":"product_cat","embeddable":true,"href":"https:\/\/anbanjia.com.cn\/fr\/wp-json\/wp\/v2\/product_cat?post=13262"},{"taxonomy":"product_tag","embeddable":true,"href":"https:\/\/anbanjia.com.cn\/fr\/wp-json\/wp\/v2\/product_tag?post=13262"}],"curies":[{"name":"wp","href":"https:\/\/api.w.org\/{rel}","templated":true}]}}