{"id":13257,"date":"2022-05-02T18:02:20","date_gmt":"2022-05-02T18:02:20","guid":{"rendered":"https:\/\/www.anbanjia.com.cn\/product\/dispositifs-de-confort-pour-patients-medicaux-orthopediques-3-fonctions-lit-de-soins-infirmiers-manuel-a-4-manivelles-pour-un-usage-domestique\/"},"modified":"2022-05-02T18:02:20","modified_gmt":"2022-05-02T18:02:20","slug":"appareils-de-confort-orthopediques-medicaux-pour-patients-3-fonctions-4crank-manuel-hopital-lit-soigne-pour-usage-domicile","status":"publish","type":"product","link":"https:\/\/anbanjia.com.cn\/fr\/produit\/appareils-de-confort-orthopediques-medicaux-pour-patients-3-fonctions-4crank-manuel-hopital-lit-soigne-pour-usage-domicile\/","title":{"rendered":"Dispositifs de confort pour patients m\u00e9dicaux orthop\u00e9diques 3 fonctions lit de soins infirmiers manuel \u00e0 4 manivelles pour un usage domestique"},"content":{"rendered":"<div style=\"max-width: 750px; margin: 0 auto;\">\n<p><span style=\"font-size: 24px;\">Dispositifs de confort pour patients m\u00e9dicaux orthop\u00e9diques 3 fonctions lit de soins infirmiers manuel \u00e0 4 manivelles pour un usage domestique<\/span><\/p>\n<p><span style=\"font-size: 24px;\"><img decoding=\"async\" style=\"max-width: 750;\" src=\"https:\/\/anbanjia.com.cn\/wp-content\/uploads\/2022\/05\/HTB1kCdjNmzqK1RjSZPc762TepXaj.png\" data-alt=\"Orthopedic medical patients comfort devices 3 functions 4crank manual hospital nursing bed for home use\" data-src=\"\"><\/span><\/p>\n<p><img decoding=\"async\" class=\"alignnone size-full wp-image-12717\" src=\"https:\/\/anbanjia.com.cn\/wp-content\/uploads\/2022\/05\/76.jpg\" alt=\"\" width=\"750\" height=\"1000\" srcset=\"https:\/\/anbanjia.com.cn\/wp-content\/uploads\/2022\/05\/76.jpg 750w, https:\/\/anbanjia.com.cn\/wp-content\/uploads\/2022\/05\/76-600x800.jpg 600w\" sizes=\"(max-width: 750px) 100vw, 750px\" \/> <img decoding=\"async\" class=\"alignnone size-medium wp-image-12719\" src=\"https:\/\/anbanjia.com.cn\/wp-content\/uploads\/2022\/05\/73.png\" alt=\"\" width=\"800\" height=\"719\" srcset=\"https:\/\/anbanjia.com.cn\/wp-content\/uploads\/2022\/05\/73.png 800w, https:\/\/anbanjia.com.cn\/wp-content\/uploads\/2022\/05\/73-768x690.png 768w, https:\/\/anbanjia.com.cn\/wp-content\/uploads\/2022\/05\/73-600x539.png 600w\" sizes=\"(max-width: 800px) 100vw, 800px\" \/> <img decoding=\"async\" class=\"alignnone size-medium wp-image-12721\" src=\"https:\/\/anbanjia.com.cn\/wp-content\/uploads\/2022\/05\/74.png\" alt=\"\" width=\"820\" height=\"737\" srcset=\"https:\/\/anbanjia.com.cn\/wp-content\/uploads\/2022\/05\/74.png 820w, https:\/\/anbanjia.com.cn\/wp-content\/uploads\/2022\/05\/74-768x690.png 768w, https:\/\/anbanjia.com.cn\/wp-content\/uploads\/2022\/05\/74-600x539.png 600w\" sizes=\"(max-width: 820px) 100vw, 820px\" \/> <img decoding=\"async\" class=\"alignnone size-medium wp-image-12723\" src=\"https:\/\/anbanjia.com.cn\/wp-content\/uploads\/2022\/05\/75.jpg\" alt=\"\" width=\"1000\" height=\"750\" srcset=\"https:\/\/anbanjia.com.cn\/wp-content\/uploads\/2022\/05\/75.jpg 1000w, https:\/\/anbanjia.com.cn\/wp-content\/uploads\/2022\/05\/75-768x576.jpg 768w, https:\/\/anbanjia.com.cn\/wp-content\/uploads\/2022\/05\/75-600x450.jpg 600w\" sizes=\"(max-width: 1000px) 100vw, 1000px\" \/><\/p>\n<p><span style=\"font-size: 24px;\"><span style=\"font-family: 'arial black', 'avant garde';\"><strong>Les fonctions:<\/strong><\/span><br \/>\nDossier 0\u00b0~ 75\u00b0<br \/>\nRepose-pieds 0\u00b0~ 35\u00b0<br \/>\nTrendelenbourg 0\u00b0~ 12\u00b0<br \/>\nTrendelenburg invers\u00e9 0\u00b0~ -12\u00b0<\/span><\/p>\n<p><strong><span style=\"font-family: 'arial black', 'avant garde';\">Accessoire optionnel<\/span> :<\/strong><br \/>\n1. Moteur puissant : Moteck, Timotion, Linak, Linkan, etc.<br \/>\n2. Matelas \u00e9tanche (60, 80, 100, 120 mm d&rsquo;\u00e9paisseur).<br \/>\n3. Perche IV t\u00e9lescopique en acier inoxydable.<br \/>\nRoulettes silencieuses de 4,3, 4, 5, 6 pouces.<br \/>\n5.Fine armoire de chevet.<\/p>\n<p><span style=\"font-size: 24px;\"><img decoding=\"async\" src=\"https:\/\/anbanjia.com.cn\/wp-content\/uploads\/2022\/05\/HTB1W2BYNcbpK1RjSZFy760_qFXaE.png\" data-alt=\"Orthopedic medical patients comfort devices 3 functions 4crank manual hospital nursing bed for home use\" data-src=\"\"><img decoding=\"async\" src=\"https:\/\/anbanjia.com.cn\/wp-content\/uploads\/2022\/05\/HTB1vm0WR3HqK1RjSZFEq6AGMXXa6.jpg\" data-alt=\"Orthopedic medical patients comfort devices 3 functions 4crank manual hospital nursing bed for home use\" data-src=\"\"><\/span><\/p>\n<\/div>\n","protected":false},"excerpt":{"rendered":"<p>&nbsp;<\/p>\n<div style=\"width: auto;\">\n<div style=\"min-width: 300px; max-width: 300px; word-wrap: break-word; float: left;\">Type&nbsp;: Civi\u00e8re<\/div>\n<div style=\"min-width: 300px; max-width: 300px; word-wrap: break-word; float: left;\">Nom de marque: Abj<\/div>\n<\/div>\n<div style=\"width: auto;\">\n<div style=\"min-width: 300px; max-width: 300px; word-wrap: break-word; float: left;\">Num\u00e9ro de mod\u00e8le : A021<\/div>\n<div style=\"min-width: 300px; max-width: 300px; word-wrap: break-word; float: left;\">Lieu d&rsquo;origine&nbsp;: Guangdong, Chine<\/div>\n<\/div>\n<div style=\"width: auto;\">\n<div style=\"min-width: 300px; max-width: 300px; word-wrap: break-word; float: left;\">Classification des instruments&nbsp;: classe&nbsp;I<\/div>\n<div style=\"min-width: 300px; max-width: 300px; word-wrap: break-word; float: left;\">Garantie : AUCUNE<\/div>\n<\/div>\n<div style=\"width: auto;\">\n<div style=\"min-width: 300px; max-width: 300px; word-wrap: break-word; float: left;\">Service apr\u00e8s-vente : AUCUN<\/div>\n<div style=\"min-width: 300px; max-width: 300px; word-wrap: break-word; float: left;\">Dossier : 0\u00b0~75\u00b0<\/div>\n<\/div>\n<div style=\"width: auto;\">\n<div style=\"min-width: 300px; max-width: 300px; word-wrap: break-word; float: left;\">Repose-pieds : 0\u00b0~35\u00b0<\/div>\n<div style=\"min-width: 300px; max-width: 300px; word-wrap: break-word; float: left;\">Trendelenburg : 0\u00b0~12\u00b0<\/div>\n<\/div>\n<div style=\"width: auto;\">\n<div style=\"min-width: 300px; max-width: 300px; word-wrap: break-word; float: left;\">Trendelenburg inverse : 0\u00b0~12\u00b0<\/div>\n<div style=\"min-width: 300px; max-width: 300px; word-wrap: break-word; float: left;\">Taille du produit (mm):2120*980*580<\/div>\n<\/div>\n","protected":false},"featured_media":5067,"comment_status":"closed","ping_status":"closed","template":"","meta":[],"product_cat":[172],"product_tag":[],"class_list":["post-13257","product","type-product","status-publish","has-post-thumbnail","hentry","product_cat-lit-medicalise"],"_links":{"self":[{"href":"https:\/\/anbanjia.com.cn\/fr\/wp-json\/wp\/v2\/product\/13257","targetHints":{"allow":["GET"]}}],"collection":[{"href":"https:\/\/anbanjia.com.cn\/fr\/wp-json\/wp\/v2\/product"}],"about":[{"href":"https:\/\/anbanjia.com.cn\/fr\/wp-json\/wp\/v2\/types\/product"}],"replies":[{"embeddable":true,"href":"https:\/\/anbanjia.com.cn\/fr\/wp-json\/wp\/v2\/comments?post=13257"}],"wp:featuredmedia":[{"embeddable":true,"href":"https:\/\/anbanjia.com.cn\/fr\/wp-json\/wp\/v2\/media\/5067"}],"wp:attachment":[{"href":"https:\/\/anbanjia.com.cn\/fr\/wp-json\/wp\/v2\/media?parent=13257"}],"wp:term":[{"taxonomy":"product_cat","embeddable":true,"href":"https:\/\/anbanjia.com.cn\/fr\/wp-json\/wp\/v2\/product_cat?post=13257"},{"taxonomy":"product_tag","embeddable":true,"href":"https:\/\/anbanjia.com.cn\/fr\/wp-json\/wp\/v2\/product_tag?post=13257"}],"curies":[{"name":"wp","href":"https:\/\/api.w.org\/{rel}","templated":true}]}}