{"id":13248,"date":"2022-05-02T18:02:20","date_gmt":"2022-05-02T18:02:20","guid":{"rendered":"https:\/\/www.anbanjia.com.cn\/product\/epaissir-le-dossier-de-dossier-medical-du-tableau-denregistrement-des-soins-infirmiers-abs-pour-lhopital\/"},"modified":"2022-05-02T18:02:20","modified_gmt":"2022-05-02T18:02:20","slug":"epaissir-abs-soins-dossier-tableau-dossier-medical-pour-hopital","status":"publish","type":"product","link":"https:\/\/anbanjia.com.cn\/fr\/produit\/epaissir-abs-soins-dossier-tableau-dossier-medical-pour-hopital\/","title":{"rendered":"\u00c9paissir le dossier de dossier m\u00e9dical du tableau d&rsquo;enregistrement des soins infirmiers ABS pour l&rsquo;h\u00f4pital"},"content":{"rendered":"<div style=\"max-width: 750px;margin: 0 auto;\">\n<div data-magic-global=\"%7B%22bizId%22%3A3215165050%2C%22pageId%22%3A21019001349%2C%22siteId%22%3A5005610021%7D\" id=\"detail_decorate_root\">\n<div class=\"J_module\" module-id=\"27534127099\" module-title=\"detailTextWithTitle\" render=\"true\">\n<div class=\"detail-decorate-json-renderer-container\">\n<div class=\"magic-1\">\n<h3 class=\"magic-2\">\n<div class=\"magic-3\"><\/div>\n<\/h3>\n<div class=\"magic-4\">\n<div class=\"magic-5\">\n<div class=\"magic-6\">\n<div class=\"magic-3\"><span class=\"magic-7\"><b>Dossier m\u00e9dical<\/b><\/span><\/div>\n<\/div>\n<\/div>\n<\/div>\n<\/div>\n<\/div>\n<\/div>\n<div class=\"J_module\" module-id=\"27539443791\" module-title=\"detailSingleImage\" render=\"true\">\n<div class=\"icbu-pc-images magic-8\">\n<div>\n<div class=\"flex-layout-v\">\n<div class=\"flex-layout-h magic-8\">\n<div class=\"magic-9\"><img decoding=\"async\" class=\"magic-10\" data-src=\"\" src=\"https:\/\/anbanjia.com.cn\/wp-content\/uploads\/2022\/05\/Hca3db313abe24efda0b9e9d58d4cc29bB.jpg\" style=\"max-width: 750;\"><\/div>\n<\/div>\n<\/div>\n<\/div>\n<\/div>\n<\/div>\n<div class=\"J_module\" module-id=\"27539443792\" module-title=\"detailSingleImage\" render=\"true\">\n<div class=\"icbu-pc-images magic-8\">\n<div>\n<div class=\"flex-layout-v\">\n<div class=\"flex-layout-h magic-8\">\n<div class=\"magic-11\"><img decoding=\"async\" class=\"magic-12\" data-src=\"\" src=\"https:\/\/anbanjia.com.cn\/wp-content\/uploads\/2022\/05\/Ha35df900c8f34aa3a5ad28bade3c07a00.jpg\"><\/div>\n<\/div>\n<\/div>\n<\/div>\n<\/div>\n<\/div>\n<div class=\"J_module\" module-id=\"27539443793\" module-title=\"detailSingleImage\" render=\"true\">\n<div class=\"icbu-pc-images magic-8\">\n<div>\n<div class=\"flex-layout-v\">\n<div class=\"flex-layout-h magic-8\">\n<div class=\"magic-9\"><img decoding=\"async\" class=\"magic-10\" data-src=\"\" src=\"https:\/\/anbanjia.com.cn\/wp-content\/uploads\/2022\/05\/H722306bfe11546e5800ee4939787b44fI.jpg\"><\/div>\n<\/div>\n<\/div>\n<\/div>\n<\/div>\n<\/div>\n<div class=\"J_module\" module-id=\"27539443794\" module-title=\"detailTextWithTitle\" render=\"true\">\n<div class=\"detail-decorate-json-renderer-container\">\n<div class=\"magic-1\">\n<h3 class=\"magic-2\"><span><font class=\"magic-13\">Divers produits hospitaliers sont export\u00e9s vers divers pays<\/font><\/span><\/h3>\n<div class=\"magic-4\">\n<div class=\"magic-5\">\n<div class=\"magic-6\"><\/div>\n<\/div>\n<\/div>\n<\/div>\n<\/div>\n<\/div>\n<div class=\"J_module\" module-id=\"27539443797\" module-title=\"detailManyImage\" render=\"true\">\n<div class=\"icbu-pc-detailManyImage magic-14\">\n<div class=\"magic-15\"><img decoding=\"async\" class=\"magic-16\" data-src=\"\" src=\"https:\/\/anbanjia.com.cn\/wp-content\/uploads\/2022\/05\/Hbcaa8012658c4501972182cc94dc4e03v.png\"><\/div>\n<div class=\"magic-15\"><img decoding=\"async\" class=\"magic-16\" data-src=\"\" src=\"https:\/\/anbanjia.com.cn\/wp-content\/uploads\/2022\/05\/Hbeaa19e2d806409e9cb0738320b50235u.png\"><\/div>\n<div class=\"magic-15\"><img decoding=\"async\" class=\"magic-16\" data-src=\"\" src=\"https:\/\/anbanjia.com.cn\/wp-content\/uploads\/2022\/05\/H5441138e027c4c309ecf932b79e1c925O.png\"><\/div>\n<div class=\"magic-15\"><img decoding=\"async\" class=\"magic-16\" data-src=\"\" src=\"https:\/\/anbanjia.com.cn\/wp-content\/uploads\/2022\/05\/H181ef0a4869d4aa19eac56baa56f9ecfd.png\"><\/div>\n<div class=\"magic-15\"><img decoding=\"async\" class=\"magic-16\" data-src=\"\" src=\"https:\/\/anbanjia.com.cn\/wp-content\/uploads\/2022\/05\/Headd797e1e814f6dba34077a47cef1a1A.png\"><\/div>\n<div class=\"magic-15\"><img decoding=\"async\" class=\"magic-16\" data-src=\"\" src=\"https:\/\/anbanjia.com.cn\/wp-content\/uploads\/2022\/05\/H0d62a0740ca84f4c81e8b8ea2c0c32f8M.png\"><\/div>\n<div class=\"magic-15\"><img decoding=\"async\" class=\"magic-16\" data-src=\"\" src=\"https:\/\/anbanjia.com.cn\/wp-content\/uploads\/2022\/05\/H821823f7d2404d3c97709504d3281b5el.png\"><\/div>\n<div class=\"magic-15\"><img decoding=\"async\" class=\"magic-16\" data-src=\"\" src=\"https:\/\/anbanjia.com.cn\/wp-content\/uploads\/2022\/05\/Hab1cdfcc48314b4c8beafb3c034d56c0V.png\"><\/div>\n<div class=\"magic-15\"><img decoding=\"async\" class=\"magic-16\" data-src=\"\" src=\"https:\/\/anbanjia.com.cn\/wp-content\/uploads\/2022\/05\/H16b2e1dfedf543da8297b80e1575bdebX.png\"><\/div>\n<div class=\"magic-15\"><img decoding=\"async\" class=\"magic-16\" data-src=\"\" src=\"https:\/\/anbanjia.com.cn\/wp-content\/uploads\/2022\/05\/H533064a15cbb47c79aa526bfbc823057j.png\"><\/div>\n<\/div>\n<\/div>\n<div class=\"J_module\" module-id=\"27539443799\" module-title=\"detailSingleImage\" render=\"true\">\n<div class=\"icbu-pc-images magic-8\">\n<div>\n<div class=\"flex-layout-v\">\n<div class=\"flex-layout-h magic-8\">\n<div class=\"magic-17\"><img decoding=\"async\" class=\"magic-18\" data-src=\"\" src=\"https:\/\/anbanjia.com.cn\/wp-content\/uploads\/2022\/05\/H4194920bc20740949bc9c94006eabc747.png\"><\/div>\n<\/div>\n<\/div>\n<\/div>\n<\/div>\n<\/div>\n<div class=\"J_module\" module-id=\"27539443801\" module-title=\"detailSingleImage\" render=\"true\">\n<div class=\"icbu-pc-images magic-8\">\n<div>\n<div class=\"flex-layout-v\">\n<div class=\"flex-layout-h magic-8\">\n<div class=\"magic-19\"><img decoding=\"async\" class=\"magic-20\" data-src=\"\" src=\"https:\/\/anbanjia.com.cn\/wp-content\/uploads\/2022\/05\/Ha4bb815c0de245fe86af2e8b24f81af3w.png\"><\/div>\n<\/div>\n<\/div>\n<\/div>\n<\/div>\n<\/div>\n<div class=\"J_module\" module-id=\"27539443804\" module-title=\"detailSingleImage\" render=\"true\">\n<div class=\"icbu-pc-images magic-8\">\n<div>\n<div class=\"flex-layout-v\">\n<div class=\"flex-layout-h magic-8\">\n<div class=\"magic-21\"><img decoding=\"async\" class=\"magic-22\" data-src=\"\" src=\"https:\/\/anbanjia.com.cn\/wp-content\/uploads\/2022\/05\/H2a2cce2da2c54095a01db6dd275a6c98y.png\"><\/div>\n<\/div>\n<\/div>\n<\/div>\n<\/div>\n<\/div>\n<div class=\"J_module\" module-id=\"27539443805\" module-title=\"detailSingleImage\" render=\"true\">\n<div class=\"icbu-pc-images magic-8\">\n<div>\n<div class=\"flex-layout-v\">\n<div class=\"flex-layout-h magic-8\">\n<div class=\"magic-23\"><img decoding=\"async\" class=\"magic-24\" data-src=\"\" src=\"https:\/\/anbanjia.com.cn\/wp-content\/uploads\/2022\/05\/H97fe931ea3ea4a9b9520e03979bb463e9.png\"><\/div>\n<\/div>\n<\/div>\n<\/div>\n<\/div>\n<\/div>\n<div class=\"J_module\" module-id=\"27539443807\" module-title=\"detailSingleImage\" render=\"true\">\n<div class=\"icbu-pc-images magic-8\">\n<div>\n<div class=\"flex-layout-v\">\n<div class=\"flex-layout-h magic-8\">\n<div class=\"magic-25\"><img decoding=\"async\" class=\"magic-26\" data-src=\"\" src=\"https:\/\/anbanjia.com.cn\/wp-content\/uploads\/2022\/05\/H844a426b948846a287c83dbda1d734f26.png\"><\/div>\n<\/div>\n<\/div>\n<\/div>\n<\/div>\n<\/div><\/div>\n<\/div>\n","protected":false},"excerpt":{"rendered":"<div style=\"width:auto\">\n<div style=\"min-width: 300px;max-width: 300px;word-wrap: break-word;float: left\">Lieu d&rsquo;origine : Chine <\/div>\n<div style=\"min-width: 300px;max-width: 300px;word-wrap: break-word;float: left\">taille: 23*32.5\/28 cm<\/div>\n<\/p><\/div>\n<div style=\"width:auto\">\n<div style=\"min-width: 300px;max-width: 300px;word-wrap: break-word;float: left\">mat\u00e9riau : ABS renforc\u00e9 <\/div>\n<div style=\"min-width: 300px;max-width: 300px;word-wrap: break-word;float: left\">couleur: plusieurs couleurs<\/div>\n<\/p><\/div>\n<div>Logo personnalis\u00e9(Min. Commande : 500 pi\u00e8ces)<\/div>\n<div>Emballage personnalis\u00e9(Min. Commande : 500 Pi\u00e8ces)<\/div>\n","protected":false},"featured_media":5105,"comment_status":"closed","ping_status":"closed","template":"","meta":[],"product_cat":[166],"product_tag":[],"class_list":["post-13248","product","type-product","status-publish","has-post-thumbnail","hentry","product_cat-dossier-medical"],"_links":{"self":[{"href":"https:\/\/anbanjia.com.cn\/fr\/wp-json\/wp\/v2\/product\/13248","targetHints":{"allow":["GET"]}}],"collection":[{"href":"https:\/\/anbanjia.com.cn\/fr\/wp-json\/wp\/v2\/product"}],"about":[{"href":"https:\/\/anbanjia.com.cn\/fr\/wp-json\/wp\/v2\/types\/product"}],"replies":[{"embeddable":true,"href":"https:\/\/anbanjia.com.cn\/fr\/wp-json\/wp\/v2\/comments?post=13248"}],"wp:featuredmedia":[{"embeddable":true,"href":"https:\/\/anbanjia.com.cn\/fr\/wp-json\/wp\/v2\/media\/5105"}],"wp:attachment":[{"href":"https:\/\/anbanjia.com.cn\/fr\/wp-json\/wp\/v2\/media?parent=13248"}],"wp:term":[{"taxonomy":"product_cat","embeddable":true,"href":"https:\/\/anbanjia.com.cn\/fr\/wp-json\/wp\/v2\/product_cat?post=13248"},{"taxonomy":"product_tag","embeddable":true,"href":"https:\/\/anbanjia.com.cn\/fr\/wp-json\/wp\/v2\/product_tag?post=13248"}],"curies":[{"name":"wp","href":"https:\/\/api.w.org\/{rel}","templated":true}]}}