{"id":13244,"date":"2022-05-02T18:02:21","date_gmt":"2022-05-02T18:02:21","guid":{"rendered":"https:\/\/www.anbanjia.com.cn\/product\/lit-bebe-medical-pediatrique-a-hauteur-reglable-pour-nouveau-ne-a-lhopital\/"},"modified":"2022-05-02T18:02:21","modified_gmt":"2022-05-02T18:02:21","slug":"hopital-nouveau-ne-hauteur-reglable-lit-bebe-pediatrique-medical-lit-bebe","status":"publish","type":"product","link":"https:\/\/anbanjia.com.cn\/fr\/produit\/hopital-nouveau-ne-hauteur-reglable-lit-bebe-pediatrique-medical-lit-bebe\/","title":{"rendered":"Lit b\u00e9b\u00e9 m\u00e9dical p\u00e9diatrique \u00e0 hauteur r\u00e9glable pour nouveau-n\u00e9 \u00e0 l&rsquo;h\u00f4pital"},"content":{"rendered":"<div style=\"max-width: 750px;margin: 0 auto;\">\n<div data-magic-global=\"%7B%22bizId%22%3A3215165050%2C%22pageId%22%3A21012347817%2C%22siteId%22%3A5005610021%7D\" id=\"detail_decorate_root\">\n<div class=\"J_module\" module-id=\"27370596765\" module-title=\"detailTextWithTitle\" render=\"true\">\n<div class=\"detail-decorate-json-renderer-container\">\n<div class=\"magic-0\">\n<h3 class=\"magic-1\">\n<div class=\"magic-2\"><span><font class=\"magic-3\">Lit de b\u00e9b\u00e9 en acier inoxydable centre de confinement club lit b\u00e9b\u00e9 poussette b\u00e9b\u00e9<\/font><\/span><\/div>\n<\/h3>\n<div class=\"magic-4\">\n<div class=\"magic-5\">\n<div class=\"magic-6\"><\/div>\n<\/div>\n<\/div>\n<\/div>\n<\/div>\n<\/div>\n<div class=\"J_module\" module-id=\"27370596767\" module-title=\"detailTableHorizontal\" render=\"true\">\n<div class=\"ife-detail-decorate-table\">\n<table class=\"has-title all magic-8\">\n<tbody>\n<tr>\n<td colspan=\"1\" rowspan=\"1\">\n<div class=\"magic-9\">\n<div data-spm-anchor-id=\"a2700.pc-decorate.0.i38.3c093333FD2tbp\">Berceau assembl\u00e9<\/div>\n<\/div>\n<\/td>\n<td colspan=\"1\" rowspan=\"1\">\n<div class=\"magic-10\">75*45*90 cm<\/div>\n<\/td>\n<\/tr>\n<tr>\n<td colspan=\"1\" rowspan=\"1\">\n<div class=\"magic-9\">Berceau sans assemblage<\/div>\n<\/td>\n<td colspan=\"1\" rowspan=\"1\">\n<div class=\"magic-10\">75*45*90 cm<\/div>\n<\/td>\n<\/tr>\n<tr>\n<td colspan=\"1\" rowspan=\"1\">\n<div class=\"magic-9\">Berceau \u00e9paissi en acier inoxydable 304<\/div>\n<\/td>\n<td colspan=\"1\" rowspan=\"1\">\n<div class=\"magic-10\">82*45*100 cm<\/div>\n<\/td>\n<\/tr>\n<\/tbody>\n<\/table>\n<\/div>\n<\/div>\n<div class=\"J_module\" module-id=\"27370596768\" module-title=\"detailManyImage\" render=\"true\">\n<div class=\"icbu-pc-detailManyImage magic-11\">\n<div class=\"magic-12\"><img decoding=\"async\" class=\"magic-13\" data-src=\"\" src=\"https:\/\/anbanjia.com.cn\/wp-content\/uploads\/2022\/05\/Hacb8b377f3884ad4b3e1dcfeb06bfc32R.jpg\" style=\"max-width: 750;\"><\/div>\n<div class=\"magic-12\"><img decoding=\"async\" class=\"magic-13\" data-src=\"\" src=\"https:\/\/anbanjia.com.cn\/wp-content\/uploads\/2022\/05\/H7f4a78f73a104a4ea3313913220c0f42A.jpg\"><\/div>\n<div class=\"magic-12\"><img decoding=\"async\" class=\"magic-13\" data-src=\"\" src=\"https:\/\/anbanjia.com.cn\/wp-content\/uploads\/2022\/05\/H2d70363b808542cdb5cadfe193986aa3f.jpg\"><\/div>\n<div class=\"magic-12\"><img decoding=\"async\" class=\"magic-13\" data-src=\"\" src=\"https:\/\/anbanjia.com.cn\/wp-content\/uploads\/2022\/05\/Hd5571bc944874d4bb994921302cd1795b.jpg\"><\/div>\n<div class=\"magic-12\"><img decoding=\"async\" class=\"magic-13\" data-src=\"\" src=\"https:\/\/anbanjia.com.cn\/wp-content\/uploads\/2022\/05\/Hdbd8592a67804574bccd8a7c78fd2c38H.jpg\"><\/div>\n<div class=\"magic-12\"><img decoding=\"async\" class=\"magic-13\" data-src=\"\" src=\"https:\/\/anbanjia.com.cn\/wp-content\/uploads\/2022\/05\/H7e45c5d6fb3347e3a1187a4a63e1928av.jpg\"><\/div>\n<div class=\"magic-12\"><img decoding=\"async\" class=\"magic-13\" data-src=\"\" src=\"https:\/\/anbanjia.com.cn\/wp-content\/uploads\/2022\/05\/H5792161a37ef43eba97b43cd9bc7d0act.jpg\"><\/div>\n<div class=\"magic-12\"><img decoding=\"async\" class=\"magic-13\" data-src=\"\" src=\"https:\/\/anbanjia.com.cn\/wp-content\/uploads\/2022\/05\/H33b389ee55a84ec8b721f82ee31f8846L.jpg\"><\/div>\n<div class=\"magic-12\"><img decoding=\"async\" class=\"magic-13\" data-src=\"\" src=\"https:\/\/anbanjia.com.cn\/wp-content\/uploads\/2022\/05\/Hd569f62c475541399b488d5f0649cace5.jpg\"><\/div>\n<div class=\"magic-12\"><img decoding=\"async\" class=\"magic-13\" data-src=\"\" src=\"https:\/\/anbanjia.com.cn\/wp-content\/uploads\/2022\/05\/He226d1d068b64fd59f3337da3acd0842G.jpg\"><\/div>\n<\/div>\n<\/div>\n<div class=\"J_module\" module-id=\"27977401188\" module-title=\"detailTwoImages\" render=\"true\">\n<div class=\"icbu-pc-images magic-14\">\n<div>\n<div class=\"flex-layout-v\">\n<div class=\"flex-layout-h magic-14\">\n<div class=\"magic-15\"><img decoding=\"async\" class=\"magic-16\" data-src=\"\" src=\"https:\/\/anbanjia.com.cn\/wp-content\/uploads\/2022\/05\/Hf1e31635d8f245acb025985529006057J.jpg\"><\/div>\n<div class=\"magic-17\"><img decoding=\"async\" class=\"magic-18\" data-src=\"\" src=\"https:\/\/anbanjia.com.cn\/wp-content\/uploads\/2022\/05\/Ha7a689a4596c48dd9042723912b881bdE.jpg\"><\/div>\n<\/div>\n<\/div>\n<\/div>\n<\/div>\n<\/div>\n<div class=\"J_module\" module-id=\"27370596769\" module-title=\"detailTwoImages\" render=\"true\">\n<div class=\"icbu-pc-images magic-14\">\n<div>\n<div class=\"flex-layout-v\">\n<div class=\"flex-layout-h magic-14\">\n<div class=\"magic-19\"><img decoding=\"async\" class=\"magic-20\" data-src=\"\" src=\"https:\/\/anbanjia.com.cn\/wp-content\/uploads\/2022\/05\/He089f7551ee340c98f6ba55c0ab6466cd.jpg\"><\/div>\n<div class=\"magic-21\"><img decoding=\"async\" class=\"magic-22\" data-src=\"\" src=\"https:\/\/anbanjia.com.cn\/wp-content\/uploads\/2022\/05\/Hc38dcb8a39374e2a8533a470cac27c1eY.jpg\"><\/div>\n<\/div>\n<\/div>\n<\/div>\n<\/div>\n<\/div><\/div>\n<\/div>\n","protected":false},"excerpt":{"rendered":"<div style=\"width:auto\">\n<div style=\"min-width: 300px;max-width: 300px;word-wrap: break-word;float: left\">Garantie : 2 ans <\/div>\n<div style=\"min-width: 300px;max-width: 300px;word-wrap: break-word;float: left\">Service apr\u00e8s-vente&nbsp;: formation sur site<\/div>\n<\/p><\/div>\n<div style=\"width:auto\">\n<div style=\"min-width: 300px;max-width: 300px;word-wrap: break-word;float: left\">Mat\u00e9riel: acier inoxydable <\/div>\n<div style=\"min-width: 300px;max-width: 300px;word-wrap: break-word;float: left\">poids net : 52 kg<\/div>\n<\/p><\/div>\n<div style=\"width:auto\">\n<div style=\"min-width: 300px;max-width: 300px;word-wrap: break-word;float: left\">fonction : chariot d&rsquo;instrument pour l&rsquo;h\u00f4pital <\/div>\n<div style=\"min-width: 300px;max-width: 300px;word-wrap: break-word;float: left\">mod\u00e8le:plusieurs mod\u00e8les<\/div>\n<\/p><\/div>\n","protected":false},"featured_media":5167,"comment_status":"closed","ping_status":"closed","template":"","meta":[],"product_cat":[165],"product_tag":[],"class_list":["post-13244","product","type-product","status-publish","has-post-thumbnail","hentry","product_cat-lit-dhopital"],"_links":{"self":[{"href":"https:\/\/anbanjia.com.cn\/fr\/wp-json\/wp\/v2\/product\/13244","targetHints":{"allow":["GET"]}}],"collection":[{"href":"https:\/\/anbanjia.com.cn\/fr\/wp-json\/wp\/v2\/product"}],"about":[{"href":"https:\/\/anbanjia.com.cn\/fr\/wp-json\/wp\/v2\/types\/product"}],"replies":[{"embeddable":true,"href":"https:\/\/anbanjia.com.cn\/fr\/wp-json\/wp\/v2\/comments?post=13244"}],"wp:featuredmedia":[{"embeddable":true,"href":"https:\/\/anbanjia.com.cn\/fr\/wp-json\/wp\/v2\/media\/5167"}],"wp:attachment":[{"href":"https:\/\/anbanjia.com.cn\/fr\/wp-json\/wp\/v2\/media?parent=13244"}],"wp:term":[{"taxonomy":"product_cat","embeddable":true,"href":"https:\/\/anbanjia.com.cn\/fr\/wp-json\/wp\/v2\/product_cat?post=13244"},{"taxonomy":"product_tag","embeddable":true,"href":"https:\/\/anbanjia.com.cn\/fr\/wp-json\/wp\/v2\/product_tag?post=13244"}],"curies":[{"name":"wp","href":"https:\/\/api.w.org\/{rel}","templated":true}]}}