{"id":13239,"date":"2022-05-02T18:02:18","date_gmt":"2022-05-02T18:02:18","guid":{"rendered":"https:\/\/www.anbanjia.com.cn\/product\/montres-de-goupille-de-montre-dinfirmiere-modelees-par-mode-chaude-dagrafe-pour-lhopital\/"},"modified":"2022-05-02T18:02:18","modified_gmt":"2022-05-02T18:02:18","slug":"hot-clip-fashion-patterned-infirmiere-montre-pin-montres-pour-hopital","status":"publish","type":"product","link":"https:\/\/anbanjia.com.cn\/fr\/produit\/hot-clip-fashion-patterned-infirmiere-montre-pin-montres-pour-hopital\/","title":{"rendered":"Montres de goupille de montre d&rsquo;infirmi\u00e8re model\u00e9es par mode chaude d&rsquo;agrafe pour l&rsquo;h\u00f4pital"},"content":{"rendered":"<div style=\"max-width: 750px; margin: 0 auto;\">\n<div id=\"detail_decorate_root\" data-magic-global=\"%7B%22bizId%22%3A3215165050%2C%22pageId%22%3A21028846297%2C%22siteId%22%3A5005610021%7D\">\n<div class=\"J_module\">\n<div class=\"detail-decorate-json-renderer-container\">\n<div class=\"magic-2\">\n<div class=\"magic-3\">\n<div class=\"magic-4\">\n<div class=\"magic-5\">\n<div class=\"magic-6\"><b><span class=\"magic-7\">Montres de goupille de montre d&rsquo;infirmi\u00e8re model\u00e9es par mode chaude d&rsquo;agrafe pour l&rsquo;h\u00f4pital <\/span><\/b><\/div>\n<\/div>\n<\/div>\n<\/div>\n<\/div>\n<\/div>\n<\/div>\n<div class=\"J_module\">\n<div class=\"icbu-pc-images magic-8\">\n<div>\n<div class=\"flex-layout-h\">\n<div class=\"flex-layout-v magic-9\">\n<div class=\"magic-10\"><img decoding=\"async\" class=\"magic-11\" style=\"max-width: 750;\" src=\"https:\/\/anbanjia.com.cn\/wp-content\/uploads\/2022\/05\/Hd8caa6eb2c964899b7f257c13d0813d7a.jpg\" data-src=\"\"><\/div>\n<\/div>\n<div class=\"text-wrapper magic-12\">\n<div class=\"text-wrapper-right text-theme-light text-align-left\">\n<div class=\"text-title\">Couleur :<\/div>\n<div class=\"text-content\">\n<div>Plusieurs couleurs peuvent \u00eatre s\u00e9lectionn\u00e9es.<\/div>\n<div><\/div>\n<div><\/div>\n<div><b>Personnaliser LOGO<\/b><\/div>\n<div>Si vous avez besoin de personnalisation, vous pouvez contacter le vendeur pour plus de d\u00e9tails \u00e0 ce sujet.<\/div>\n<div><\/div>\n<div><\/div>\n<div><b>Contacter :<\/b><\/div>\n<div>Si vous avez des questions, vous pouvez contacter le vendeur par WhatsApp. afin qu&rsquo;elle puisse vous r\u00e9pondre rapidement, WhatsApp&nbsp;: +86 13246918260, merci.<\/div>\n<div><img decoding=\"async\" src=\"https:\/\/s.alicdn.com\/@sc04\/kf\/Hd8caa6eb2c964899b7f257c13d0813d7a\/230438700\/Hd8caa6eb2c964899b7f257c13d0813d7a.jpg?quality=close\"><\/div>\n<div><img decoding=\"async\" src=\"https:\/\/s.alicdn.com\/@sc04\/kf\/H61322f83b8534484a2f8851bf56c34bcP\/230438700\/H61322f83b8534484a2f8851bf56c34bcP.jpg?quality=close\"><\/div>\n<div><img decoding=\"async\" src=\"https:\/\/s.alicdn.com\/@sc04\/kf\/H83e52e89711d4cc88e95d7b1f3bad0ad0\/230438700\/H83e52e89711d4cc88e95d7b1f3bad0ad0.jpg?quality=close\"><\/div>\n<div><img decoding=\"async\" src=\"https:\/\/s.alicdn.com\/@sc04\/kf\/Hfcdec9941cc8458180dd792d09fee119J\/230438700\/Hfcdec9941cc8458180dd792d09fee119J.jpg?quality=close\"><\/div>\n<div><img decoding=\"async\" src=\"https:\/\/s.alicdn.com\/@sc04\/kf\/H50a3d1ff120244428c5390775b08c9a5P\/230438700\/H50a3d1ff120244428c5390775b08c9a5P.jpg?quality=close\"><\/div>\n<div><img decoding=\"async\" src=\"https:\/\/s.alicdn.com\/@sc04\/kf\/Hd2459cd402c4444c8e9b9f79ac49094dW\/230438700\/Hd2459cd402c4444c8e9b9f79ac49094dW.jpg?quality=close\"><\/div>\n<div><img decoding=\"async\" src=\"https:\/\/s.alicdn.com\/@sc04\/kf\/H8a194dc2a323445f932be33cbb42bf98F\/230438700\/H8a194dc2a323445f932be33cbb42bf98F.jpg?quality=close\"><\/div>\n<div><img decoding=\"async\" src=\"https:\/\/s.alicdn.com\/@sc04\/kf\/Hb072b56c905f4a548f97fc40fc59cfd6j\/230438700\/Hb072b56c905f4a548f97fc40fc59cfd6j.jpg?quality=close\"><\/div>\n<div><img decoding=\"async\" src=\"https:\/\/s.alicdn.com\/@sc04\/kf\/H78a17a6a50714cfd9791a5a52660988b4\/230438700\/H78a17a6a50714cfd9791a5a52660988b4.jpg?quality=close\"><\/div>\n<div><img decoding=\"async\" src=\"https:\/\/s.alicdn.com\/@sc04\/kf\/H35a04a78341e4759bf9dc045a4200968E\/230438700\/H35a04a78341e4759bf9dc045a4200968E.jpg?quality=close\"><\/div>\n<div><img decoding=\"async\" src=\"https:\/\/s.alicdn.com\/@sc04\/kf\/Hae9bd924fa3a4ea4882990cbb025aa6c9\/230438700\/Hae9bd924fa3a4ea4882990cbb025aa6c9.jpg?quality=close\"><\/div>\n<div><img decoding=\"async\" src=\"https:\/\/s.alicdn.com\/@sc04\/kf\/H6090ba2fbf7b44a3a7e1afda12a45c82e\/230438700\/H6090ba2fbf7b44a3a7e1afda12a45c82e.jpg?quality=close\"><\/div>\n<div><img decoding=\"async\" src=\"https:\/\/s.alicdn.com\/@sc04\/kf\/H1dab3e0f1cd542de8f9add241a6caca1v\/230438700\/H1dab3e0f1cd542de8f9add241a6caca1v.jpg?quality=close\"><\/div>\n<div><img decoding=\"async\" src=\"https:\/\/s.alicdn.com\/@sc04\/kf\/Hc7a970a1911244d7960b2c116adbcc59j\/230438700\/Hc7a970a1911244d7960b2c116adbcc59j.jpg?quality=close\"><\/div>\n<div><img decoding=\"async\" src=\"https:\/\/s.alicdn.com\/@sc04\/kf\/H87f5e4bb72a8491b8632ecd6032caefe7\/230438700\/H87f5e4bb72a8491b8632ecd6032caefe7.jpg?quality=close\"><\/div>\n<div><img decoding=\"async\" src=\"https:\/\/s.alicdn.com\/@sc04\/kf\/Hd35759bf301c46a793c053db47541f147\/230438700\/Hd35759bf301c46a793c053db47541f147.jpg?quality=close\"><\/div>\n<div><img decoding=\"async\" src=\"https:\/\/s.alicdn.com\/@sc04\/kf\/H601180551baa454995eb9ad4159d42813\/230438700\/H601180551baa454995eb9ad4159d42813.jpg?quality=close\"><\/div>\n<div><img decoding=\"async\" src=\"https:\/\/s.alicdn.com\/@sc04\/kf\/H3f1b2e5a49564c10af868fc1dd6c6b72R\/230438700\/H3f1b2e5a49564c10af868fc1dd6c6b72R.png?quality=close\"><\/div>\n<div><\/div>\n<\/div>\n<\/div>\n<\/div>\n<\/div>\n<\/div>\n<\/div>\n<\/div>\n<\/div>\n<\/div>\n","protected":false},"excerpt":{"rendered":"<p>&nbsp;<\/p>\n<div style=\"width: auto;\">\n<div style=\"min-width: 300px; max-width: 300px; word-wrap: break-word; float: left;\">Profondeur de r\u00e9sistance \u00e0 l&rsquo;eau : non \u00e9tanche.<\/div>\n<div style=\"min-width: 300px; max-width: 300px; word-wrap: break-word; float: left;\">Lieu d&rsquo;origine : Chine<\/div>\n<\/div>\n<div style=\"width: auto;\">\n<div style=\"min-width: 300px; max-width: 300px; word-wrap: break-word; float: left;\">Mat\u00e9riau : alliage de zinc<\/div>\n<div style=\"min-width: 300px; max-width: 300px; word-wrap: break-word; float: left;\">mod\u00e8le&nbsp;: HS21-1-1<\/div>\n<\/div>\n<div style=\"width: auto;\">\n<div style=\"min-width: 300px; max-width: 300px; word-wrap: break-word; float: left;\">Caract\u00e9ristiques : pince<\/div>\n<div style=\"min-width: 300px; max-width: 300px; word-wrap: break-word; float: left;\">Poids brut&nbsp;: 30&nbsp;g<\/div>\n<\/div>\n<div>Emballage personnalis\u00e9(Min. Commande : 500 Pi\u00e8ces)<\/div>\n","protected":false},"featured_media":4949,"comment_status":"closed","ping_status":"closed","template":"","meta":[],"product_cat":[161],"product_tag":[],"class_list":["post-13239","product","type-product","status-publish","has-post-thumbnail","hentry","product_cat-montre-infirmiere"],"_links":{"self":[{"href":"https:\/\/anbanjia.com.cn\/fr\/wp-json\/wp\/v2\/product\/13239","targetHints":{"allow":["GET"]}}],"collection":[{"href":"https:\/\/anbanjia.com.cn\/fr\/wp-json\/wp\/v2\/product"}],"about":[{"href":"https:\/\/anbanjia.com.cn\/fr\/wp-json\/wp\/v2\/types\/product"}],"replies":[{"embeddable":true,"href":"https:\/\/anbanjia.com.cn\/fr\/wp-json\/wp\/v2\/comments?post=13239"}],"wp:featuredmedia":[{"embeddable":true,"href":"https:\/\/anbanjia.com.cn\/fr\/wp-json\/wp\/v2\/media\/4949"}],"wp:attachment":[{"href":"https:\/\/anbanjia.com.cn\/fr\/wp-json\/wp\/v2\/media?parent=13239"}],"wp:term":[{"taxonomy":"product_cat","embeddable":true,"href":"https:\/\/anbanjia.com.cn\/fr\/wp-json\/wp\/v2\/product_cat?post=13239"},{"taxonomy":"product_tag","embeddable":true,"href":"https:\/\/anbanjia.com.cn\/fr\/wp-json\/wp\/v2\/product_tag?post=13239"}],"curies":[{"name":"wp","href":"https:\/\/api.w.org\/{rel}","templated":true}]}}