{"id":13237,"date":"2022-05-02T18:02:21","date_gmt":"2022-05-02T18:02:21","guid":{"rendered":"https:\/\/www.anbanjia.com.cn\/product\/lit-de-bebe-de-lit-dhopital-utilise-par-bebe-dhopital-de-bonne-qualite-pour-lhopital\/"},"modified":"2022-05-02T18:02:21","modified_gmt":"2022-05-02T18:02:21","slug":"bonne-qualite-hopital-nourrisson-lit-utilise-berceau-bebe-pour-hopital","status":"publish","type":"product","link":"https:\/\/anbanjia.com.cn\/fr\/produit\/bonne-qualite-hopital-nourrisson-lit-utilise-berceau-bebe-pour-hopital\/","title":{"rendered":"Lit de b\u00e9b\u00e9 de lit d&rsquo;h\u00f4pital utilis\u00e9 par b\u00e9b\u00e9 d&rsquo;h\u00f4pital de bonne qualit\u00e9 pour l&rsquo;h\u00f4pital"},"content":{"rendered":"<div style=\"max-width: 750px; margin: 0 auto;\">\n<div id=\"detail_decorate_root\" data-magic-global=\"%7B%22bizId%22%3A3215165050%2C%22pageId%22%3A21012661609%2C%22siteId%22%3A5005610021%7D\">\n<div class=\"J_module\">\n<div class=\"detail-decorate-json-renderer-container\">\n<div class=\"magic-0\">\n<div class=\"magic-2\"><span class=\"magic-3\">Lit de b\u00e9b\u00e9 en acier inoxydable centre de confinement club lit b\u00e9b\u00e9 poussette b\u00e9b\u00e9<\/span><\/div>\n<div class=\"magic-4\">\n<div class=\"magic-5\">\n<div class=\"magic-6\"><\/div>\n<\/div>\n<\/div>\n<\/div>\n<\/div>\n<\/div>\n<div class=\"J_module\">\n<div class=\"ife-detail-decorate-table\">\n<table class=\"has-title all magic-8\">\n<tbody>\n<tr>\n<td colspan=\"1\" rowspan=\"1\">\n<div class=\"magic-9\">\n<div data-spm-anchor-id=\"a2700.pc-decorate.0.i38.3c093333FD2tbp\">Berceau assembl\u00e9<\/div>\n<\/div>\n<\/td>\n<td colspan=\"1\" rowspan=\"1\">\n<div class=\"magic-10\">75*45*90 cm<\/div>\n<\/td>\n<\/tr>\n<tr>\n<td colspan=\"1\" rowspan=\"1\">\n<div class=\"magic-9\">Berceau sans assemblage<\/div>\n<\/td>\n<td colspan=\"1\" rowspan=\"1\">\n<div class=\"magic-10\">75*45*90cm<\/div>\n<\/td>\n<\/tr>\n<tr>\n<td colspan=\"1\" rowspan=\"1\">\n<div class=\"magic-9\">Berceau \u00e9paissi en acier inoxydable 304<\/div>\n<\/td>\n<td colspan=\"1\" rowspan=\"1\">\n<div class=\"magic-10\">82*45*100 cm<\/div>\n<\/td>\n<\/tr>\n<\/tbody>\n<\/table>\n<\/div>\n<\/div>\n<div class=\"J_module\">\n<div class=\"icbu-pc-detailManyImage magic-11\">\n<div class=\"magic-12\"><img decoding=\"async\" class=\"magic-13\" style=\"max-width: 750;\" src=\"https:\/\/anbanjia.com.cn\/wp-content\/uploads\/2022\/05\/Hacb8b377f3884ad4b3e1dcfeb06bfc32R.jpg\" data-src=\"\"><\/div>\n<div class=\"magic-12\"><img decoding=\"async\" class=\"magic-13\" src=\"https:\/\/anbanjia.com.cn\/wp-content\/uploads\/2022\/05\/H7f4a78f73a104a4ea3313913220c0f42A.jpg\" data-src=\"\"><\/div>\n<div class=\"magic-12\"><img decoding=\"async\" class=\"magic-13\" src=\"https:\/\/anbanjia.com.cn\/wp-content\/uploads\/2022\/05\/H2d70363b808542cdb5cadfe193986aa3f.jpg\" data-src=\"\"><\/div>\n<div class=\"magic-12\"><img decoding=\"async\" class=\"magic-13\" src=\"https:\/\/anbanjia.com.cn\/wp-content\/uploads\/2022\/05\/Hd5571bc944874d4bb994921302cd1795b.jpg\" data-src=\"\"><\/div>\n<div class=\"magic-12\"><img decoding=\"async\" class=\"magic-13\" src=\"https:\/\/anbanjia.com.cn\/wp-content\/uploads\/2022\/05\/Hdbd8592a67804574bccd8a7c78fd2c38H.jpg\" data-src=\"\"><\/div>\n<div class=\"magic-12\"><img decoding=\"async\" class=\"magic-13\" src=\"https:\/\/anbanjia.com.cn\/wp-content\/uploads\/2022\/05\/H7e45c5d6fb3347e3a1187a4a63e1928av.jpg\" data-src=\"\"><\/div>\n<div class=\"magic-12\"><img decoding=\"async\" class=\"magic-13\" src=\"https:\/\/anbanjia.com.cn\/wp-content\/uploads\/2022\/05\/H5792161a37ef43eba97b43cd9bc7d0act.jpg\" data-src=\"\"><\/div>\n<div class=\"magic-12\"><img decoding=\"async\" class=\"magic-13\" src=\"https:\/\/anbanjia.com.cn\/wp-content\/uploads\/2022\/05\/H33b389ee55a84ec8b721f82ee31f8846L.jpg\" data-src=\"\"><\/div>\n<div class=\"magic-12\"><img decoding=\"async\" class=\"magic-13\" src=\"https:\/\/anbanjia.com.cn\/wp-content\/uploads\/2022\/05\/Hd569f62c475541399b488d5f0649cace5.jpg\" data-src=\"\"><\/div>\n<div class=\"magic-12\"><img decoding=\"async\" class=\"magic-13\" src=\"https:\/\/anbanjia.com.cn\/wp-content\/uploads\/2022\/05\/He226d1d068b64fd59f3337da3acd0842G.jpg\" data-src=\"\"><\/div>\n<\/div>\n<\/div>\n<div class=\"J_module\">\n<div class=\"icbu-pc-images magic-14\">\n<div>\n<div class=\"flex-layout-v\">\n<div class=\"flex-layout-h magic-14\">\n<div class=\"magic-15\"><img decoding=\"async\" class=\"magic-16\" src=\"https:\/\/anbanjia.com.cn\/wp-content\/uploads\/2022\/05\/He089f7551ee340c98f6ba55c0ab6466cd.jpg\" data-src=\"\"><\/div>\n<div class=\"magic-17\"><img decoding=\"async\" class=\"magic-18\" src=\"https:\/\/anbanjia.com.cn\/wp-content\/uploads\/2022\/05\/Hc38dcb8a39374e2a8533a470cac27c1eY.jpg\" data-src=\"\"><\/div>\n<div><img decoding=\"async\" src=\"https:\/\/s.alicdn.com\/@sc04\/kf\/H26558f3cde80402cabc541d74e083116x\/230438700\/H26558f3cde80402cabc541d74e083116x.jpg?quality=close\"><\/div>\n<div><img decoding=\"async\" src=\"https:\/\/s.alicdn.com\/@sc04\/kf\/Hdc100444836e482cb6fcbd42a9454cfd0\/230438700\/Hdc100444836e482cb6fcbd42a9454cfd0.jpg?quality=close\"><\/div>\n<div><img decoding=\"async\" src=\"https:\/\/s.alicdn.com\/@sc04\/kf\/H09c14fcee1f044a59090f9339b800306M\/230438700\/H09c14fcee1f044a59090f9339b800306M.jpg?quality=close\"><\/div>\n<div><img decoding=\"async\" src=\"https:\/\/s.alicdn.com\/@sc04\/kf\/Ha6ee3cea734a45c391a0e876d44cca3d9\/230438700\/Ha6ee3cea734a45c391a0e876d44cca3d9.jpg?quality=close\"><\/div>\n<div><img decoding=\"async\" src=\"https:\/\/s.alicdn.com\/@sc04\/kf\/Hff76950a23eb49b79c17c38d7aae5322c\/230438700\/Hff76950a23eb49b79c17c38d7aae5322c.jpg?quality=close\"><\/div>\n<div><img decoding=\"async\" src=\"https:\/\/s.alicdn.com\/@sc04\/kf\/Hfeac9a1980db44c99859a556d97cda44d\/230438700\/Hfeac9a1980db44c99859a556d97cda44d.jpg?quality=close\"><\/div>\n<div><img decoding=\"async\" src=\"https:\/\/s.alicdn.com\/@sc04\/kf\/H1460b2f46ade4ad4b994d8f98d7f0b16F\/230438700\/H1460b2f46ade4ad4b994d8f98d7f0b16F.jpg?quality=close\"><\/div>\n<div>\n<p><img decoding=\"async\" src=\"https:\/\/s.alicdn.com\/@sc04\/kf\/Hda5f066782e0446681ae76fa22d94ce5n\/230438700\/Hda5f066782e0446681ae76fa22d94ce5n.jpg?quality=close\"><\/p>\n<div class=\"J_module\">\n<div class=\"detail-decorate-json-renderer-container\">\n<div class=\"magic-0\">\n<div class=\"magic-4\">\n<div class=\"magic-5\">\n<div class=\"magic-6\"><b><span class=\"magic-32\">&#8212;&#8212;-Une s\u00e9rie de produits et services m\u00e9dicaux<\/span><\/b><\/div>\n<\/div>\n<\/div>\n<\/div>\n<\/div>\n<\/div>\n<div class=\"J_module\">\n<div class=\"detail-decorate-json-renderer-container\">\n<div class=\"magic-0\">\n<div class=\"magic-4\">\n<div class=\"magic-5\">\n<div class=\"magic-6\"><span class=\"magic-33\" style=\"color: #66829f;\" data-spm-anchor-id=\"a2700.details.0.i31.5d734151qVAT3h\">Notre compagnie<\/span><\/div>\n<div><img decoding=\"async\" src=\"https:\/\/s.alicdn.com\/@sc04\/kf\/Ha43def8a2df44eac925e2c3ab5a1b97b2\/230438700\/Ha43def8a2df44eac925e2c3ab5a1b97b2.jpg?quality=close\"><\/div>\n<div><img decoding=\"async\" src=\"https:\/\/s.alicdn.com\/@sc04\/kf\/H4a476ca2a62642c5955586ce8e509aa6M\/230438700\/H4a476ca2a62642c5955586ce8e509aa6M.png?quality=close\"><\/div>\n<\/div>\n<\/div>\n<\/div>\n<\/div>\n<\/div>\n<\/div>\n<\/div>\n<\/div>\n<\/div>\n<\/div>\n<\/div>\n<\/div>\n<\/div>\n","protected":false},"excerpt":{"rendered":"<p>&nbsp;<\/p>\n<div style=\"width: auto;\">\n<div style=\"min-width: 300px; max-width: 300px; word-wrap: break-word; float: left;\">Garantie : 2 ans<\/div>\n<div style=\"min-width: 300px; max-width: 300px; word-wrap: break-word; float: left;\">Service apr\u00e8s-vente&nbsp;: formation sur site<\/div>\n<\/div>\n<div style=\"width: auto;\">\n<div style=\"min-width: 300px; max-width: 300px; word-wrap: break-word; float: left;\">Mat\u00e9riel: acier inoxydable<\/div>\n<div style=\"min-width: 300px; max-width: 300px; word-wrap: break-word; float: left;\">poids net : 52 kg<\/div>\n<\/div>\n<div style=\"width: auto;\">\n<div style=\"min-width: 300px; max-width: 300px; word-wrap: break-word; float: left;\">fonction : chariot d&rsquo;instrument pour l&rsquo;h\u00f4pital<\/div>\n<div style=\"min-width: 300px; max-width: 300px; word-wrap: break-word; float: left;\">mod\u00e8le:plusieurs mod\u00e8les<\/div>\n<\/div>\n","protected":false},"featured_media":12713,"comment_status":"closed","ping_status":"closed","template":"","meta":[],"product_cat":[165],"product_tag":[],"class_list":["post-13237","product","type-product","status-publish","has-post-thumbnail","hentry","product_cat-lit-dhopital"],"_links":{"self":[{"href":"https:\/\/anbanjia.com.cn\/fr\/wp-json\/wp\/v2\/product\/13237","targetHints":{"allow":["GET"]}}],"collection":[{"href":"https:\/\/anbanjia.com.cn\/fr\/wp-json\/wp\/v2\/product"}],"about":[{"href":"https:\/\/anbanjia.com.cn\/fr\/wp-json\/wp\/v2\/types\/product"}],"replies":[{"embeddable":true,"href":"https:\/\/anbanjia.com.cn\/fr\/wp-json\/wp\/v2\/comments?post=13237"}],"wp:featuredmedia":[{"embeddable":true,"href":"https:\/\/anbanjia.com.cn\/fr\/wp-json\/wp\/v2\/media\/12713"}],"wp:attachment":[{"href":"https:\/\/anbanjia.com.cn\/fr\/wp-json\/wp\/v2\/media?parent=13237"}],"wp:term":[{"taxonomy":"product_cat","embeddable":true,"href":"https:\/\/anbanjia.com.cn\/fr\/wp-json\/wp\/v2\/product_cat?post=13237"},{"taxonomy":"product_tag","embeddable":true,"href":"https:\/\/anbanjia.com.cn\/fr\/wp-json\/wp\/v2\/product_tag?post=13237"}],"curies":[{"name":"wp","href":"https:\/\/api.w.org\/{rel}","templated":true}]}}