{"id":13225,"date":"2022-05-02T18:02:23","date_gmt":"2022-05-02T18:02:23","guid":{"rendered":"https:\/\/www.anbanjia.com.cn\/product\/therapie-dequipement-de-readaptation-marche-chaise-course-hemiplegie-marcheur-des-membres-inferieurs-pour-les-personnes\/"},"modified":"2022-05-02T18:02:23","modified_gmt":"2022-05-02T18:02:23","slug":"equipement-de-readaptation-therapie-fauteuil-de-marche-avc-hemiplegie-marcheur-des-membres-inferieurs-pour-les-personnes","status":"publish","type":"product","link":"https:\/\/anbanjia.com.cn\/fr\/produit\/equipement-de-readaptation-therapie-fauteuil-de-marche-avc-hemiplegie-marcheur-des-membres-inferieurs-pour-les-personnes\/","title":{"rendered":"Th\u00e9rapie d&rsquo;\u00e9quipement de r\u00e9adaptation marche chaise course h\u00e9mipl\u00e9gie marcheur des membres inf\u00e9rieurs pour les personnes"},"content":{"rendered":"<div style=\"max-width: 750px; margin: 0 auto;\">\n<div id=\"detail_decorate_root\" data-magic-global=\"%7B%22bizId%22%3A3215165050%2C%22pageId%22%3A21002234021%2C%22siteId%22%3A5005610021%7D\">\n<div class=\"J_module\">\n<div class=\"detail-decorate-json-renderer-container\">\n<div class=\"magic-0\">\n<h3 class=\"magic-1\"><\/h3>\n<div class=\"magic-2\">\n<div class=\"magic-3\">\n<div class=\"magic-4\">\n<div class=\"magic-5\"><b><span class=\"magic-6\">\u00c9quipement de formation de r\u00e9adaptation pour personnes \u00e2g\u00e9es Chaise de marche AVC H\u00e9mipl\u00e9gie Marcheur des membres inf\u00e9rieurs<\/span><\/b><\/div>\n<\/div>\n<\/div>\n<\/div>\n<\/div>\n<\/div>\n<\/div>\n<div class=\"J_module\">\n<div class=\"icbu-pc-images magic-7\">\n<div>\n<div class=\"flex-layout-h\">\n<div class=\"flex-layout-v magic-8\">\n<div class=\"magic-9\"><img decoding=\"async\" class=\"magic-10\" style=\"max-width: 750;\" src=\"https:\/\/anbanjia.com.cn\/wp-content\/uploads\/2022\/05\/H3ca1f7698ca44715ae1fac1b3a6b8e2dl.jpg\" data-src=\"\"><\/div>\n<\/div>\n<div class=\"text-wrapper magic-11\">\n<div class=\"text-wrapper-right text-theme-light text-align-left\">\n<div class=\"text-title\">\n<div><span class=\"magic-6\"> <\/span><\/div>\n<p><span class=\"magic-6\">Des d\u00e9tails<\/span><\/p>\n<\/div>\n<div class=\"text-content\">Poids du produit : 18 kg<br \/>\nPoids portant : 100 kg<br \/>\nHauteur applicable : 150-180 cm<br \/>\nFonctionnalit\u00e9&nbsp;1&nbsp;: Emp\u00eacher le basculement<br \/>\nCaract\u00e9ristique 2&nbsp;: Emp\u00eacher le retournement<br \/>\nNombre de roues : 8<br \/>\nType de roue : roue universelle<br \/>\nAccessoires : frein \u00e0 main, planche debout, planche assise,<br \/>\nLargeur r\u00e9glable : 30-40cm<br \/>\nHauteur r\u00e9glable : 150-180 cm<\/div>\n<div>\n<div class=\"magic-5\"><b><span class=\"magic-13\" data-spm-anchor-id=\"a2700.details.0.i27.6223497bTRyJD0\">Total ont 4 mod\u00e8les, ont le style hommes\/femmes, le style femmes + frein \u00e0 main, le style hommes + frein \u00e0 main peuvent choisir.<\/span><\/b><\/div>\n<div class=\"magic-5\"><b><span class=\"magic-13\">C&rsquo;est le d\u00e9tail \u00e0 ce sujet, vous pouvez le v\u00e9rifier.<\/span><\/b><\/div>\n<div>\n<div class=\"magic-5\"><b><span class=\"magic-13\">Si vous avez des questions, n&rsquo;h\u00e9sitez pas \u00e0 contacter le vendeur ou WhatsApp : +86 13246918260.<\/span><\/b><img decoding=\"async\" src=\"https:\/\/s.alicdn.com\/@sc04\/kf\/H314ef3daec6048f28dc0cfa676eaef89v\/230438700\/H314ef3daec6048f28dc0cfa676eaef89v.jpg?quality=close\"><img decoding=\"async\" src=\"https:\/\/s.alicdn.com\/@sc04\/kf\/H7197e95cfa4a4adc9f3b7786f8614695Q\/230438700\/H7197e95cfa4a4adc9f3b7786f8614695Q.jpg?quality=close\"><img decoding=\"async\" src=\"https:\/\/s.alicdn.com\/@sc04\/kf\/Hf9eed67ef2a04a728da1cf85abc92833r\/230438700\/Hf9eed67ef2a04a728da1cf85abc92833r.jpg?quality=close\"><img decoding=\"async\" src=\"https:\/\/s.alicdn.com\/@sc04\/kf\/H3ca1f7698ca44715ae1fac1b3a6b8e2dl\/230438700\/H3ca1f7698ca44715ae1fac1b3a6b8e2dl.jpg?quality=close\"><img decoding=\"async\" src=\"https:\/\/s.alicdn.com\/@sc04\/kf\/Hff7f890b61da43219f5f7ab2b0309580v\/230438700\/Hff7f890b61da43219f5f7ab2b0309580v.png?quality=close\"><img decoding=\"async\" src=\"https:\/\/s.alicdn.com\/@sc04\/kf\/Hd99c2698d0d74ec5a1559f95669fb2ccC\/230438700\/Hd99c2698d0d74ec5a1559f95669fb2ccC.png?quality=close\"><img decoding=\"async\" src=\"https:\/\/s.alicdn.com\/@sc04\/kf\/H03d43b754dac4995ad2a52918e589260Q\/230438700\/H03d43b754dac4995ad2a52918e589260Q.png?quality=close\"><img decoding=\"async\" src=\"https:\/\/s.alicdn.com\/@sc04\/kf\/H37a6730423294d1990de467eef8eabe7s\/230438700\/H37a6730423294d1990de467eef8eabe7s.png?quality=close\"><img decoding=\"async\" src=\"https:\/\/s.alicdn.com\/@sc04\/kf\/H2689996226fe45b38b313208ea757c08p\/230438700\/H2689996226fe45b38b313208ea757c08p.png?quality=close\"><img decoding=\"async\" src=\"https:\/\/s.alicdn.com\/@sc04\/kf\/He6074c54f8f74a0bbca8b779a732bdedp\/230438700\/He6074c54f8f74a0bbca8b779a732bdedp.png?quality=close\"><img decoding=\"async\" src=\"https:\/\/s.alicdn.com\/@sc04\/kf\/Hd3af12db2e6043329521b561a6ecdfca9\/230438700\/Hd3af12db2e6043329521b561a6ecdfca9.png?quality=close\"><img decoding=\"async\" src=\"https:\/\/s.alicdn.com\/@sc04\/kf\/Hea94d9de825045f5a7ac81e7821004fai\/230438700\/Hea94d9de825045f5a7ac81e7821004fai.png?quality=close\"><img decoding=\"async\" src=\"https:\/\/s.alicdn.com\/@sc04\/kf\/Hbe6b7c412c2f4521aeee6b7df7d0b199y\/230438700\/Hbe6b7c412c2f4521aeee6b7df7d0b199y.png?quality=close\"><\/p>\n<p class=\"magic-25\"><span style=\"font-family: Arial, Helvetica; font-size: large;\">En tant que fournisseur professionnel et leader d&rsquo;\u00e9quipements m\u00e9dicaux, ABJ fournit de nombreux produits de fauteuils roulants de haute qualit\u00e9 \u00e0 la majorit\u00e9 des clients, ce qui r\u00e9pond \u00e0 leurs exigences.<br \/>\n<\/span><\/p>\n<p class=\"magic-25\" data-spm-anchor-id=\"a2700.details.0.i42.6223497bTRyJD0\"><span style=\"font-family: Arial, Helvetica; font-size: large;\">Tous les produits doivent \u00eatre inspect\u00e9s tr\u00e8s soigneusement par nous-m\u00eames avant l&rsquo;exp\u00e9dition.<br \/>\nNous fournissons aux clients une livraison rapide, un prix raisonnable, des services de haute qualit\u00e9 et \u00e0 long terme.<\/span><img decoding=\"async\" src=\"https:\/\/s.alicdn.com\/@sc01\/kf\/H3d43ab43a0f24fc7886a50fee5674fd4U\/230438700\/H3d43ab43a0f24fc7886a50fee5674fd4U.jpg?quality=close\"><img decoding=\"async\" src=\"https:\/\/s.alicdn.com\/@sc01\/kf\/HTB1xs6Ud.D.BuNjt_h7q6yNDVXat\/230438700\/HTB1xs6Ud.D.BuNjt_h7q6yNDVXat.jpg?quality=close\"><img decoding=\"async\" src=\"https:\/\/s.alicdn.com\/@sc01\/kf\/HTB1aUsdKqmWBuNjy1Xaq6xCbXXag\/230438700\/HTB1aUsdKqmWBuNjy1Xaq6xCbXXag.jpg?quality=close\">\u00c0 propos de nous:<br \/>\n1. Plus de commande, plus de remise, prix comp\u00e9titif&nbsp;!<br \/>\n2. Bienvenue \u00e0 nous contacter pour obtenir un meilleur prix&nbsp;!<br \/>\n3.Bon service, livraison rapide, et nous valons la peine d&rsquo;\u00eatre dignes de confiance.<br \/>\n4. Nous pouvons vous garantir que vous serez satisfait de nos produits.<br \/>\n5. Nous traitons les clients comme des amis et vous offrons un service consid\u00e9rable.<img decoding=\"async\" src=\"https:\/\/s.alicdn.com\/@sc04\/kf\/H93885e11d689481f816b6141abacda0fx\/230438700\/H93885e11d689481f816b6141abacda0fx.png?quality=close\"><\/p>\n<\/div>\n<\/div>\n<\/div>\n<\/div>\n<\/div>\n<\/div>\n<\/div>\n<\/div>\n<\/div>\n<\/div>\n<\/div>\n","protected":false},"excerpt":{"rendered":"<p>&nbsp;<\/p>\n<div style=\"width: auto;\">\n<div style=\"min-width: 300px; max-width: 300px; word-wrap: break-word; float: left;\">Propri\u00e9t\u00e9s : fournitures de th\u00e9rapie de r\u00e9adaptation.<\/div>\n<div style=\"min-width: 300px; max-width: 300px; word-wrap: break-word; float: left;\">Lieu d&rsquo;origine&nbsp;: Guangdong, Chine<\/div>\n<\/div>\n<div style=\"width: auto;\">\n<div style=\"min-width: 300px; max-width: 300px; word-wrap: break-word; float: left;\">Nom de marque:Anbanjia<\/div>\n<div style=\"min-width: 300px; max-width: 300px; word-wrap: break-word; float: left;\">Num\u00e9ro de mod\u00e8le : N31<\/div>\n<\/div>\n<div style=\"width: auto;\">\n<div style=\"min-width: 300px; max-width: 300px; word-wrap: break-word; float: left;\">Type : \u00e9quipements de s\u00e9curit\u00e9 pour salle de bain.<\/div>\n<div style=\"min-width: 300px; max-width: 300px; word-wrap: break-word; float: left;\">Poids du produit&nbsp;: 18&nbsp;kg<\/div>\n<\/div>\n<div style=\"width: auto;\">\n<div style=\"min-width: 300px; max-width: 300px; word-wrap: break-word; float: left;\">Poids de roulement&nbsp;: 100&nbsp;kg<\/div>\n<div style=\"min-width: 300px; max-width: 300px; word-wrap: break-word; float: left;\">Hauteur applicable&nbsp;: 150-180&nbsp;cm<\/div>\n<\/div>\n<div style=\"width: auto;\">\n<div style=\"min-width: 300px; max-width: 300px; word-wrap: break-word; float: left;\">Nombre de roues : 8 pouces<\/div>\n<div style=\"min-width: 300px; max-width: 300px; word-wrap: break-word; float: left;\">Type de roue : roue universelle<\/div>\n<\/div>\n<div style=\"width: auto;\">\n<div style=\"min-width: 300px; max-width: 300px; word-wrap: break-word; float: left;\">Accessoires : frein \u00e0 main, planche debout, planche assise<\/div>\n<div style=\"min-width: 300px; max-width: 300px; word-wrap: break-word; float: left;\">Largeur r\u00e9glable : 30-40 cm<\/div>\n<\/div>\n<div style=\"width: auto;\">\n<div style=\"min-width: 300px; max-width: 300px; word-wrap: break-word; float: left;\">R\u00e9glable en hauteur&nbsp;: 150-180&nbsp;cm<\/div>\n<div style=\"min-width: 300px; max-width: 300px; word-wrap: break-word; float: left;\">Caract\u00e9ristique 1&nbsp;: emp\u00eacher le retournement<\/div>\n<\/div>\n","protected":false},"featured_media":12709,"comment_status":"closed","ping_status":"closed","template":"","meta":[],"product_cat":[159],"product_tag":[],"class_list":["post-13225","product","type-product","status-publish","has-post-thumbnail","hentry","product_cat-machine-debout-de-reeducation"],"_links":{"self":[{"href":"https:\/\/anbanjia.com.cn\/fr\/wp-json\/wp\/v2\/product\/13225","targetHints":{"allow":["GET"]}}],"collection":[{"href":"https:\/\/anbanjia.com.cn\/fr\/wp-json\/wp\/v2\/product"}],"about":[{"href":"https:\/\/anbanjia.com.cn\/fr\/wp-json\/wp\/v2\/types\/product"}],"replies":[{"embeddable":true,"href":"https:\/\/anbanjia.com.cn\/fr\/wp-json\/wp\/v2\/comments?post=13225"}],"wp:featuredmedia":[{"embeddable":true,"href":"https:\/\/anbanjia.com.cn\/fr\/wp-json\/wp\/v2\/media\/12709"}],"wp:attachment":[{"href":"https:\/\/anbanjia.com.cn\/fr\/wp-json\/wp\/v2\/media?parent=13225"}],"wp:term":[{"taxonomy":"product_cat","embeddable":true,"href":"https:\/\/anbanjia.com.cn\/fr\/wp-json\/wp\/v2\/product_cat?post=13225"},{"taxonomy":"product_tag","embeddable":true,"href":"https:\/\/anbanjia.com.cn\/fr\/wp-json\/wp\/v2\/product_tag?post=13225"}],"curies":[{"name":"wp","href":"https:\/\/api.w.org\/{rel}","templated":true}]}}