{"id":13224,"date":"2022-05-02T18:02:18","date_gmt":"2022-05-02T18:02:18","guid":{"rendered":"https:\/\/www.anbanjia.com.cn\/product\/nouvelle-montre-dinfirmiere-portative-de-montre-dhopital-damour-dange-pour-lhopital\/"},"modified":"2022-05-02T18:02:18","modified_gmt":"2022-05-02T18:02:18","slug":"new-angel-love-hospital-watch-portable-nurse-watch-for-hospital-2","status":"publish","type":"product","link":"https:\/\/anbanjia.com.cn\/fr\/produit\/new-angel-love-hospital-watch-portable-nurse-watch-for-hospital-2\/","title":{"rendered":"Nouvelle montre d&rsquo;infirmi\u00e8re portative de montre d&rsquo;h\u00f4pital d&rsquo;amour d&rsquo;ange pour l&rsquo;h\u00f4pital"},"content":{"rendered":"<div style=\"max-width: 750px; margin: 0 auto;\">\n<div id=\"detail_decorate_root\" data-magic-global=\"%7B%22bizId%22%3A3215165050%2C%22pageId%22%3A21028196245%2C%22siteId%22%3A5005610021%7D\">\n<div class=\"J_module\">\n<div class=\"detail-decorate-json-renderer-container\">\n<div class=\"magic-2\">\n<div class=\"magic-3\">\n<div class=\"magic-4\">\n<div class=\"magic-5\">\n<div class=\"magic-6\"><b><span class=\"magic-7\">Nouvelle montre d&rsquo;infirmi\u00e8re portative de montre d&rsquo;h\u00f4pital d&rsquo;amour d&rsquo;ange pour l&rsquo;h\u00f4pital <\/span><\/b><\/div>\n<\/div>\n<\/div>\n<\/div>\n<\/div>\n<\/div>\n<\/div>\n<div class=\"J_module\">\n<div class=\"icbu-pc-images magic-8\">\n<div class=\"flex-layout-h\">\n<div class=\"flex-layout-v magic-9\">\n<div class=\"magic-10\"><img decoding=\"async\" class=\"magic-11\" style=\"max-width: 750;\" src=\"https:\/\/anbanjia.com.cn\/wp-content\/uploads\/2022\/05\/Hae9bd924fa3a4ea4882990cbb025aa6c9.jpg\" data-src=\"\"><\/div>\n<\/div>\n<div class=\"text-wrapper magic-12\">\n<div class=\"text-wrapper-right text-theme-light text-align-left\">\n<div class=\"text-title\">Couleur :<\/div>\n<div class=\"text-content\">\n<div>Plusieurs couleurs peuvent \u00eatre s\u00e9lectionn\u00e9es.<\/div>\n<div><\/div>\n<div><\/div>\n<div><b>Personnaliser LOGO<\/b><\/div>\n<div>Si vous avez besoin de personnalisation, vous pouvez contacter le vendeur pour plus de d\u00e9tails \u00e0 ce sujet.<\/div>\n<div><\/div>\n<div><\/div>\n<div><b>Contacter :<\/b><\/div>\n<div>Si vous avez des questions, vous pouvez contacter le vendeur par WhatsApp. afin qu&rsquo;elle puisse vous r\u00e9pondre rapidement, WhatsApp&nbsp;: +86 13246918260, merci.<\/div>\n<div><img decoding=\"async\" src=\"https:\/\/s.alicdn.com\/@sc04\/kf\/H3e6cc2f357a64f0d8785cb8b2dee11f36\/230438700\/H3e6cc2f357a64f0d8785cb8b2dee11f36.jpg?quality=close\"><\/div>\n<div><img decoding=\"async\" src=\"https:\/\/s.alicdn.com\/@sc04\/kf\/Hf0456fbd95ff4fbbb1f5751c98af122dq\/230438700\/Hf0456fbd95ff4fbbb1f5751c98af122dq.jpg?quality=close\"><\/div>\n<div><img decoding=\"async\" src=\"https:\/\/s.alicdn.com\/@sc04\/kf\/H6090ba2fbf7b44a3a7e1afda12a45c82e\/230438700\/H6090ba2fbf7b44a3a7e1afda12a45c82e.jpg?quality=close\"><\/div>\n<div><img decoding=\"async\" src=\"https:\/\/s.alicdn.com\/@sc04\/kf\/H9750af0cb99e4c84802afb3687f8fa9dc\/230438700\/H9750af0cb99e4c84802afb3687f8fa9dc.jpg?quality=close\"><\/div>\n<div><img decoding=\"async\" src=\"https:\/\/s.alicdn.com\/@sc04\/kf\/H10f8023813d349f29c0f6e28f4a9df16K\/230438700\/H10f8023813d349f29c0f6e28f4a9df16K.jpg?quality=close\"><\/div>\n<div><img decoding=\"async\" src=\"https:\/\/s.alicdn.com\/@sc04\/kf\/H7b123d42a2524167a13609c667dc0cec8\/230438700\/H7b123d42a2524167a13609c667dc0cec8.jpg?quality=close\"><\/div>\n<div><img decoding=\"async\" src=\"https:\/\/s.alicdn.com\/@sc04\/kf\/H9bb74ef1bae54bdab040e3cdf30ede67r\/230438700\/H9bb74ef1bae54bdab040e3cdf30ede67r.jpg?quality=close\"><\/div>\n<div><img decoding=\"async\" src=\"https:\/\/s.alicdn.com\/@sc04\/kf\/H601180551baa454995eb9ad4159d42813\/230438700\/H601180551baa454995eb9ad4159d42813.jpg?quality=close\"><\/div>\n<div><img decoding=\"async\" src=\"https:\/\/s.alicdn.com\/@sc04\/kf\/H3f1b2e5a49564c10af868fc1dd6c6b72R\/230438700\/H3f1b2e5a49564c10af868fc1dd6c6b72R.png?quality=close\"><\/div>\n<\/div>\n<\/div>\n<\/div>\n<\/div>\n<\/div>\n<\/div>\n<\/div>\n<\/div>\n","protected":false},"excerpt":{"rendered":"<p>&nbsp;<\/p>\n<div style=\"width: auto;\">\n<div style=\"min-width: 300px; max-width: 300px; word-wrap: break-word; float: left;\">Profondeur de r\u00e9sistance \u00e0 l&rsquo;eau : non \u00e9tanche.<\/div>\n<div style=\"min-width: 300px; max-width: 300px; word-wrap: break-word; float: left;\">Lieu d&rsquo;origine : Chine<\/div>\n<\/div>\n<div style=\"width: auto;\">\n<div style=\"min-width: 300px; max-width: 300px; word-wrap: break-word; float: left;\">Mat\u00e9riau : alliage de zinc<\/div>\n<div style=\"min-width: 300px; max-width: 300px; word-wrap: break-word; float: left;\">mod\u00e8le: m820<\/div>\n<\/div>\n<div style=\"width: auto;\">\n<div style=\"min-width: 300px; max-width: 300px; word-wrap: break-word; float: left;\">Poids net&nbsp;: 23&nbsp;g<\/div>\n<div style=\"min-width: 300px; max-width: 300px; word-wrap: break-word; float: left;\">Poids brut&nbsp;: 30&nbsp;g<\/div>\n<\/div>\n<div style=\"width: auto;\">\n<div style=\"min-width: 300px; max-width: 300px; word-wrap: break-word; float: left;\">Caract\u00e9ristiques : pince<\/div>\n<div style=\"min-width: 300px; max-width: 300px; word-wrap: break-word; float: left;\">taille:92*40*7.5mm<\/div>\n<\/div>\n<div style=\"width: auto;\">\n<div style=\"min-width: 300px; max-width: 300px; word-wrap: break-word; float: left;\">largeur de la montre : 26 mm<\/div>\n<div style=\"min-width: 300px; max-width: 300px; word-wrap: break-word; float: left;\">Paquet:10.5*4.0*2cm<\/div>\n<\/div>\n<div>Emballage personnalis\u00e9(Min. Commande : 500 Pi\u00e8ces)<\/div>\n","protected":false},"featured_media":4915,"comment_status":"closed","ping_status":"closed","template":"","meta":[],"product_cat":[161],"product_tag":[],"class_list":["post-13224","product","type-product","status-publish","has-post-thumbnail","hentry","product_cat-montre-infirmiere"],"_links":{"self":[{"href":"https:\/\/anbanjia.com.cn\/fr\/wp-json\/wp\/v2\/product\/13224","targetHints":{"allow":["GET"]}}],"collection":[{"href":"https:\/\/anbanjia.com.cn\/fr\/wp-json\/wp\/v2\/product"}],"about":[{"href":"https:\/\/anbanjia.com.cn\/fr\/wp-json\/wp\/v2\/types\/product"}],"replies":[{"embeddable":true,"href":"https:\/\/anbanjia.com.cn\/fr\/wp-json\/wp\/v2\/comments?post=13224"}],"wp:featuredmedia":[{"embeddable":true,"href":"https:\/\/anbanjia.com.cn\/fr\/wp-json\/wp\/v2\/media\/4915"}],"wp:attachment":[{"href":"https:\/\/anbanjia.com.cn\/fr\/wp-json\/wp\/v2\/media?parent=13224"}],"wp:term":[{"taxonomy":"product_cat","embeddable":true,"href":"https:\/\/anbanjia.com.cn\/fr\/wp-json\/wp\/v2\/product_cat?post=13224"},{"taxonomy":"product_tag","embeddable":true,"href":"https:\/\/anbanjia.com.cn\/fr\/wp-json\/wp\/v2\/product_tag?post=13224"}],"curies":[{"name":"wp","href":"https:\/\/api.w.org\/{rel}","templated":true}]}}