{"id":13219,"date":"2022-05-02T18:02:21","date_gmt":"2022-05-02T18:02:21","guid":{"rendered":"https:\/\/www.anbanjia.com.cn\/product\/berceau-medical-pour-lit-de-bebe-multifonctionnel-a-hauteur-ajustee\/"},"modified":"2022-05-02T18:02:21","modified_gmt":"2022-05-02T18:02:21","slug":"petit-lit-de-berceau-multifonctionnel-a-hauteur-reglable-en-hauteur-berceau-medical","status":"publish","type":"product","link":"https:\/\/anbanjia.com.cn\/fr\/produit\/petit-lit-de-berceau-multifonctionnel-a-hauteur-reglable-en-hauteur-berceau-medical\/","title":{"rendered":"Berceau m\u00e9dical pour lit de b\u00e9b\u00e9 multifonctionnel \u00e0 hauteur ajust\u00e9e"},"content":{"rendered":"<div style=\"max-width: 750px; margin: 0 auto;\">\n<div id=\"detail_decorate_root\" data-magic-global=\"%7B%22bizId%22%3A3215165050%2C%22pageId%22%3A21013530975%2C%22siteId%22%3A5005610021%7D\">\n<div class=\"J_module\">\n<div class=\"detail-decorate-json-renderer-container\">\n<div class=\"magic-0\">\n<div class=\"magic-2\"><span class=\"magic-3\">Lit de b\u00e9b\u00e9 en acier inoxydable centre de confinement club lit b\u00e9b\u00e9 poussette b\u00e9b\u00e9<\/span><\/div>\n<div class=\"magic-4\">\n<div class=\"magic-5\">\n<div class=\"magic-6\"><\/div>\n<\/div>\n<\/div>\n<\/div>\n<\/div>\n<\/div>\n<div class=\"J_module\">\n<div class=\"ife-detail-decorate-table\">\n<table class=\"has-title all magic-8\">\n<tbody>\n<tr>\n<td colspan=\"1\" rowspan=\"1\">\n<div class=\"magic-9\">\n<div data-spm-anchor-id=\"a2700.pc-decorate.0.i38.3c093333FD2tbp\">Berceau assembl\u00e9<\/div>\n<\/div>\n<\/td>\n<td colspan=\"1\" rowspan=\"1\">\n<div class=\"magic-10\">75*45*90 cm<\/div>\n<\/td>\n<\/tr>\n<tr>\n<td colspan=\"1\" rowspan=\"1\">\n<div class=\"magic-9\">Berceau sans assemblage<\/div>\n<\/td>\n<td colspan=\"1\" rowspan=\"1\">\n<div class=\"magic-10\">75*45*90 cm<\/div>\n<\/td>\n<\/tr>\n<tr>\n<td colspan=\"1\" rowspan=\"1\">\n<div class=\"magic-9\">Berceau \u00e9paissi en acier inoxydable 304<\/div>\n<\/td>\n<td colspan=\"1\" rowspan=\"1\">\n<div class=\"magic-10\">82*45*100 cm<\/div>\n<\/td>\n<\/tr>\n<\/tbody>\n<\/table>\n<\/div>\n<\/div>\n<div class=\"J_module\">\n<div class=\"icbu-pc-detailManyImage magic-11\">\n<div class=\"magic-12\"><img decoding=\"async\" class=\"magic-13\" style=\"max-width: 750;\" src=\"https:\/\/anbanjia.com.cn\/wp-content\/uploads\/2022\/05\/Hacb8b377f3884ad4b3e1dcfeb06bfc32R.jpg\" data-src=\"\"><\/div>\n<div class=\"magic-12\"><img decoding=\"async\" class=\"magic-13\" src=\"https:\/\/anbanjia.com.cn\/wp-content\/uploads\/2022\/05\/H7f4a78f73a104a4ea3313913220c0f42A.jpg\" data-src=\"\"><\/div>\n<div class=\"magic-12\"><img decoding=\"async\" class=\"magic-13\" src=\"https:\/\/anbanjia.com.cn\/wp-content\/uploads\/2022\/05\/H2d70363b808542cdb5cadfe193986aa3f.jpg\" data-src=\"\"><\/div>\n<div class=\"magic-12\"><img decoding=\"async\" class=\"magic-13\" src=\"https:\/\/anbanjia.com.cn\/wp-content\/uploads\/2022\/05\/Hd5571bc944874d4bb994921302cd1795b.jpg\" data-src=\"\"><\/div>\n<div class=\"magic-12\"><img decoding=\"async\" class=\"magic-13\" src=\"https:\/\/anbanjia.com.cn\/wp-content\/uploads\/2022\/05\/Hdbd8592a67804574bccd8a7c78fd2c38H.jpg\" data-src=\"\"><\/div>\n<div class=\"magic-12\"><img decoding=\"async\" class=\"magic-13\" src=\"https:\/\/anbanjia.com.cn\/wp-content\/uploads\/2022\/05\/H7e45c5d6fb3347e3a1187a4a63e1928av.jpg\" data-src=\"\"><\/div>\n<div class=\"magic-12\"><img decoding=\"async\" class=\"magic-13\" src=\"https:\/\/anbanjia.com.cn\/wp-content\/uploads\/2022\/05\/H5792161a37ef43eba97b43cd9bc7d0act.jpg\" data-src=\"\"><\/div>\n<div class=\"magic-12\"><img decoding=\"async\" class=\"magic-13\" src=\"https:\/\/anbanjia.com.cn\/wp-content\/uploads\/2022\/05\/H33b389ee55a84ec8b721f82ee31f8846L.jpg\" data-src=\"\"><\/div>\n<div class=\"magic-12\"><img decoding=\"async\" class=\"magic-13\" src=\"https:\/\/anbanjia.com.cn\/wp-content\/uploads\/2022\/05\/Hd569f62c475541399b488d5f0649cace5.jpg\" data-src=\"\"><\/div>\n<div class=\"magic-12\"><img decoding=\"async\" class=\"magic-13\" src=\"https:\/\/anbanjia.com.cn\/wp-content\/uploads\/2022\/05\/He226d1d068b64fd59f3337da3acd0842G.jpg\" data-src=\"\"><\/div>\n<\/div>\n<\/div>\n<div class=\"J_module\">\n<div class=\"detail-decorate-json-renderer-container\">\n<div class=\"magic-0\">\n<div class=\"magic-4\">\n<div class=\"magic-5\">\n<div class=\"magic-6\"><b><span class=\"magic-14\">Nous avons de nombreux mod\u00e8les de lit b\u00e9b\u00e9, si vous avez besoin, vous pouvez me le dire.<\/span><\/b><\/div>\n<\/div>\n<\/div>\n<\/div>\n<\/div>\n<\/div>\n<div class=\"J_module\">\n<div class=\"icbu-pc-images magic-15\">\n<div>\n<div class=\"flex-layout-v\">\n<div class=\"flex-layout-h magic-15\">\n<div class=\"magic-16\"><img decoding=\"async\" class=\"magic-17\" src=\"https:\/\/anbanjia.com.cn\/wp-content\/uploads\/2022\/05\/He089f7551ee340c98f6ba55c0ab6466cd.jpg\" data-src=\"\"><\/div>\n<div class=\"magic-18\"><img decoding=\"async\" class=\"magic-19\" src=\"https:\/\/anbanjia.com.cn\/wp-content\/uploads\/2022\/05\/Hc38dcb8a39374e2a8533a470cac27c1eY.jpg\" data-src=\"\"><\/div>\n<\/div>\n<\/div>\n<\/div>\n<\/div>\n<\/div>\n<div class=\"J_module\">\n<div class=\"icbu-pc-images magic-15\">\n<div>\n<div class=\"flex-layout-v\">\n<div class=\"flex-layout-h magic-15\">\n<div class=\"magic-20\"><img decoding=\"async\" class=\"magic-21\" src=\"https:\/\/anbanjia.com.cn\/wp-content\/uploads\/2022\/05\/Hf1e31635d8f245acb025985529006057J.jpg\" data-src=\"\"><\/div>\n<\/div>\n<\/div>\n<\/div>\n<\/div>\n<\/div>\n<div class=\"J_module\">\n<div class=\"icbu-pc-images magic-15\">\n<div>\n<div class=\"flex-layout-v\">\n<div class=\"flex-layout-h magic-15\">\n<div class=\"magic-22\"><img decoding=\"async\" class=\"magic-23\" src=\"https:\/\/anbanjia.com.cn\/wp-content\/uploads\/2022\/05\/He997140f933644ecb4ac4eadad12fc0eu.jpg\" data-src=\"\"><\/div>\n<\/div>\n<\/div>\n<\/div>\n<\/div>\n<\/div>\n<div class=\"J_module\">\n<div class=\"icbu-pc-images magic-15\">\n<div>\n<div class=\"flex-layout-v\">\n<div class=\"flex-layout-h magic-15\">\n<div class=\"magic-24\"><img decoding=\"async\" class=\"magic-25\" src=\"https:\/\/anbanjia.com.cn\/wp-content\/uploads\/2022\/05\/Ha7a689a4596c48dd9042723912b881bdE.jpg\" data-src=\"\"><\/div>\n<\/div>\n<\/div>\n<\/div>\n<\/div>\n<\/div>\n<\/div>\n<\/div>\n","protected":false},"excerpt":{"rendered":"<p>&nbsp;<\/p>\n<div style=\"width: auto;\">\n<div style=\"min-width: 300px; max-width: 300px; word-wrap: break-word; float: left;\">Type: Berceau<\/div>\n<div style=\"min-width: 300px; max-width: 300px; word-wrap: break-word; float: left;\">Emballage du courrier&nbsp;:&nbsp;N<\/div>\n<\/div>\n<div style=\"width: auto;\">\n<div style=\"min-width: 300px; max-width: 300px; word-wrap: break-word; float: left;\">Application : h\u00f4pital<\/div>\n<div style=\"min-width: 300px; max-width: 300px; word-wrap: break-word; float: left;\">Style de conception:Traditionnel<\/div>\n<\/div>\n<div style=\"width: auto;\">\n<div style=\"min-width: 300px; max-width: 300px; word-wrap: break-word; float: left;\">Lieu d&rsquo;origine : Chine<\/div>\n<div style=\"min-width: 300px; max-width: 300px; word-wrap: break-word; float: left;\">Mat\u00e9riel: acier inoxydable<\/div>\n<\/div>\n<div style=\"width: auto;\">\n<div style=\"min-width: 300px; max-width: 300px; word-wrap: break-word; float: left;\">poids net : 52 kg<\/div>\n<div style=\"min-width: 300px; max-width: 300px; word-wrap: break-word; float: left;\">fonction : chariot d&rsquo;instrument pour l&rsquo;h\u00f4pital<\/div>\n<\/div>\n","protected":false},"featured_media":12715,"comment_status":"closed","ping_status":"closed","template":"","meta":[],"product_cat":[165],"product_tag":[],"class_list":["post-13219","product","type-product","status-publish","has-post-thumbnail","hentry","product_cat-lit-dhopital"],"_links":{"self":[{"href":"https:\/\/anbanjia.com.cn\/fr\/wp-json\/wp\/v2\/product\/13219","targetHints":{"allow":["GET"]}}],"collection":[{"href":"https:\/\/anbanjia.com.cn\/fr\/wp-json\/wp\/v2\/product"}],"about":[{"href":"https:\/\/anbanjia.com.cn\/fr\/wp-json\/wp\/v2\/types\/product"}],"replies":[{"embeddable":true,"href":"https:\/\/anbanjia.com.cn\/fr\/wp-json\/wp\/v2\/comments?post=13219"}],"wp:featuredmedia":[{"embeddable":true,"href":"https:\/\/anbanjia.com.cn\/fr\/wp-json\/wp\/v2\/media\/12715"}],"wp:attachment":[{"href":"https:\/\/anbanjia.com.cn\/fr\/wp-json\/wp\/v2\/media?parent=13219"}],"wp:term":[{"taxonomy":"product_cat","embeddable":true,"href":"https:\/\/anbanjia.com.cn\/fr\/wp-json\/wp\/v2\/product_cat?post=13219"},{"taxonomy":"product_tag","embeddable":true,"href":"https:\/\/anbanjia.com.cn\/fr\/wp-json\/wp\/v2\/product_tag?post=13219"}],"curies":[{"name":"wp","href":"https:\/\/api.w.org\/{rel}","templated":true}]}}