{"id":13215,"date":"2022-05-02T18:02:17","date_gmt":"2022-05-02T18:02:17","guid":{"rendered":"https:\/\/www.anbanjia.com.cn\/product\/montre-dinfirmiere-en-silicone-de-qualite-usine-peut-modele-de-logo-personnalise\/"},"modified":"2022-05-02T18:02:17","modified_gmt":"2022-05-02T18:02:17","slug":"montre-infirmiere-en-silicone-de-qualite-usine-peut-logo-personnalise-modele","status":"publish","type":"product","link":"https:\/\/anbanjia.com.cn\/fr\/produit\/montre-infirmiere-en-silicone-de-qualite-usine-peut-logo-personnalise-modele\/","title":{"rendered":"Montre d&rsquo;infirmi\u00e8re en silicone de qualit\u00e9 usine peut mod\u00e8le de logo personnalis\u00e9"},"content":{"rendered":"<div style=\"max-width: 750px; margin: 0 auto;\">\n<div id=\"detail_decorate_root\" data-magic-global=\"%7B%22bizId%22%3A3215165050%2C%22pageId%22%3A21001894991%2C%22siteId%22%3A5005610021%7D\">\n<div class=\"J_module\">\n<div class=\"detail-decorate-json-renderer-container\">\n<div class=\"magic-2\">\n<div class=\"magic-3\">\n<div class=\"magic-4\">\n<div class=\"magic-5\">\n<div class=\"magic-6\"><b><span class=\"magic-7\">Montre portable simple de montre d&rsquo;infirmi\u00e8re de silicone mignonne de mode populaire<\/span><\/b><\/div>\n<\/div>\n<\/div>\n<\/div>\n<\/div>\n<\/div>\n<\/div>\n<div class=\"J_module\">\n<div class=\"icbu-pc-images magic-8\">\n<div>\n<div class=\"flex-layout-h\">\n<div class=\"flex-layout-v magic-9\">\n<div class=\"magic-10\"><img decoding=\"async\" class=\"magic-11\" style=\"max-width: 750;\" src=\"https:\/\/anbanjia.com.cn\/wp-content\/uploads\/2022\/05\/H25526bc4167d448fad8cf3398ca6eb86v.jpg\" data-src=\"\"><\/div>\n<\/div>\n<div class=\"text-wrapper magic-12\">\n<div class=\"text-wrapper-right text-theme-light text-align-left\">\n<div class=\"text-title\">Couleur :<\/div>\n<div class=\"text-content\">\n<div>Plusieurs couleurs peuvent \u00eatre s\u00e9lectionn\u00e9es.<\/div>\n<div><\/div>\n<div><\/div>\n<div><b>Personnaliser LOGO<\/b><\/div>\n<div>Si vous avez besoin de personnalisation, vous pouvez contacter le vendeur pour plus de d\u00e9tails \u00e0 ce sujet.<\/div>\n<div><\/div>\n<div><\/div>\n<div><b>Contacter :<\/b><\/div>\n<div>Si vous avez des questions, vous pouvez contacter le vendeur par WhatsApp. afin qu&rsquo;elle puisse vous r\u00e9pondre rapidement, WhatsApp&nbsp;: +86 13246918260, merci.<\/div>\n<div><img decoding=\"async\" src=\"https:\/\/s.alicdn.com\/@sc04\/kf\/H6773b49165c64d59bc9311448cdf44de2\/230438700\/H6773b49165c64d59bc9311448cdf44de2.jpg?quality=close\"><\/div>\n<div><img decoding=\"async\" src=\"https:\/\/s.alicdn.com\/@sc04\/kf\/H97d67cc3534f4329baffa8db494e1859n\/230438700\/H97d67cc3534f4329baffa8db494e1859n.jpg?quality=close\"><\/div>\n<div><img decoding=\"async\" src=\"https:\/\/s.alicdn.com\/@sc04\/kf\/H02b91febf89545569ac42febaaff7a20X\/230438700\/H02b91febf89545569ac42febaaff7a20X.jpg?quality=close\"><\/div>\n<div><img decoding=\"async\" src=\"https:\/\/s.alicdn.com\/@sc04\/kf\/Hea130b83798044d1adaa5cd8e422ecdak\/230438700\/Hea130b83798044d1adaa5cd8e422ecdak.jpg?quality=close\"><\/div>\n<div><img decoding=\"async\" src=\"https:\/\/s.alicdn.com\/@sc04\/kf\/H87f5e4bb72a8491b8632ecd6032caefe7\/230438700\/H87f5e4bb72a8491b8632ecd6032caefe7.jpg?quality=close\"><\/div>\n<div><img decoding=\"async\" src=\"https:\/\/s.alicdn.com\/@sc04\/kf\/H96b397bab86c4f249001045608fc881bQ\/230438700\/H96b397bab86c4f249001045608fc881bQ.jpg?quality=close\"><\/div>\n<div><img decoding=\"async\" src=\"https:\/\/s.alicdn.com\/@sc04\/kf\/Hc670d57afea54422b94f02f5faa0c1a1u\/230438700\/Hc670d57afea54422b94f02f5faa0c1a1u.jpg?quality=close\"><\/div>\n<div><img decoding=\"async\" src=\"https:\/\/s.alicdn.com\/@sc04\/kf\/Hd35759bf301c46a793c053db47541f147\/230438700\/Hd35759bf301c46a793c053db47541f147.jpg?quality=close\"><\/div>\n<div><img decoding=\"async\" src=\"https:\/\/s.alicdn.com\/@sc04\/kf\/Hbee7d279ba284a0396e02140eb1ebf20C\/230438700\/Hbee7d279ba284a0396e02140eb1ebf20C.jpg?quality=close\"><\/div>\n<div><img decoding=\"async\" src=\"https:\/\/s.alicdn.com\/@sc04\/kf\/Hf209b786de3d41ed8440266b9649f2f9U\/230438700\/Hf209b786de3d41ed8440266b9649f2f9U.jpg?quality=close\"><\/div>\n<div><img decoding=\"async\" src=\"https:\/\/s.alicdn.com\/@sc04\/kf\/Hfb73c59da68d428ba7095a5d0b2d25f5T\/230438700\/Hfb73c59da68d428ba7095a5d0b2d25f5T.jpg?quality=close\"><\/div>\n<div><img decoding=\"async\" src=\"https:\/\/s.alicdn.com\/@sc04\/kf\/H61d6e17a2a694dbc91d500d3e9d3328ee\/230438700\/H61d6e17a2a694dbc91d500d3e9d3328ee.jpg?quality=close\"><\/div>\n<div><img decoding=\"async\" src=\"https:\/\/s.alicdn.com\/@sc04\/kf\/Hee5479d049634b498994bbd3c9ce4ac5o\/230438700\/Hee5479d049634b498994bbd3c9ce4ac5o.jpg?quality=close\"><\/div>\n<div><img decoding=\"async\" src=\"https:\/\/s.alicdn.com\/@sc04\/kf\/Ha5823e17078d476b830545bd19522305A\/230438700\/Ha5823e17078d476b830545bd19522305A.jpg?quality=close\"><\/div>\n<div><img decoding=\"async\" src=\"https:\/\/s.alicdn.com\/@sc04\/kf\/Hc7a970a1911244d7960b2c116adbcc59j\/230438700\/Hc7a970a1911244d7960b2c116adbcc59j.jpg?quality=close\"><\/div>\n<div><img decoding=\"async\" src=\"https:\/\/s.alicdn.com\/@sc04\/kf\/Hfd25570b9c4647dabe7aef048a70e02dC\/230438700\/Hfd25570b9c4647dabe7aef048a70e02dC.jpg?quality=close\"><\/div>\n<div><img decoding=\"async\" src=\"https:\/\/s.alicdn.com\/@sc04\/kf\/H61322f83b8534484a2f8851bf56c34bcP\/230438700\/H61322f83b8534484a2f8851bf56c34bcP.jpg?quality=close\"><\/div>\n<div><img decoding=\"async\" src=\"https:\/\/s.alicdn.com\/@sc04\/kf\/H80033d76707f442a8d13138718b4c518X\/230438700\/H80033d76707f442a8d13138718b4c518X.jpg?quality=close\"><\/div>\n<div><img decoding=\"async\" src=\"https:\/\/s.alicdn.com\/@sc04\/kf\/H5fc939e220db47d98e6c520146614f2eM\/230438700\/H5fc939e220db47d98e6c520146614f2eM.jpg?quality=close\"><\/div>\n<div><img decoding=\"async\" src=\"https:\/\/s.alicdn.com\/@sc04\/kf\/H3f1b2e5a49564c10af868fc1dd6c6b72R\/230438700\/H3f1b2e5a49564c10af868fc1dd6c6b72R.png?quality=close\"><\/div>\n<\/div>\n<\/div>\n<\/div>\n<\/div>\n<\/div>\n<\/div>\n<\/div>\n<\/div>\n<\/div>\n","protected":false},"excerpt":{"rendered":"<p>&nbsp;<\/p>\n<div style=\"width: auto;\">\n<div style=\"min-width: 300px; max-width: 300px; word-wrap: break-word; float: left;\">Profondeur de r\u00e9sistance \u00e0 l&rsquo;eau : non \u00e9tanche, non \u00e9tanche.<\/div>\n<div style=\"min-width: 300px; max-width: 300px; word-wrap: break-word; float: left;\">Lieu d&rsquo;origine : Chine<\/div>\n<\/div>\n<div style=\"width: auto;\">\n<div style=\"min-width: 300px; max-width: 300px; word-wrap: break-word; float: left;\">Mat\u00e9riel:Silicone<\/div>\n<div style=\"min-width: 300px; max-width: 300px; word-wrap: break-word; float: left;\">Diam\u00e8tre&nbsp;: 28&nbsp;mm<\/div>\n<\/div>\n<div style=\"width: auto;\">\n<div style=\"min-width: 300px; max-width: 300px; word-wrap: break-word; float: left;\">\u00c9paisseur&nbsp;: 10,5&nbsp;mm<\/div>\n<div style=\"min-width: 300px; max-width: 300px; word-wrap: break-word; float: left;\">taille:4*4*8.5cm<\/div>\n<\/div>\n<div style=\"width: auto;\">\n<div style=\"min-width: 300px; max-width: 300px; word-wrap: break-word; float: left;\">poids:20g<\/div>\n<div style=\"min-width: 300px; max-width: 300px; word-wrap: break-word; float: left;\">Carton:40*30*23cm<\/div>\n<\/div>\n<div style=\"width: auto;\">\n<div style=\"min-width: 300px; max-width: 300px; word-wrap: break-word; float: left;\">Quantit\u00e9 : 600 pi\u00e8ces\/carton<\/div>\n<div style=\"min-width: 300px; max-width: 300px; word-wrap: break-word; float: left;\">Quantit\u00e9 minimale de commande&nbsp;: 100&nbsp;pi\u00e8ces<\/div>\n<\/div>\n<div>Logo personnalis\u00e9(Min. Commande : 1000 pi\u00e8ces)<\/div>\n<div>Emballage personnalis\u00e9 (Min. Commande : 1000 Pi\u00e8ces)<\/div>\n","protected":false},"featured_media":12731,"comment_status":"closed","ping_status":"closed","template":"","meta":[],"product_cat":[161],"product_tag":[],"class_list":["post-13215","product","type-product","status-publish","has-post-thumbnail","hentry","product_cat-montre-infirmiere"],"_links":{"self":[{"href":"https:\/\/anbanjia.com.cn\/fr\/wp-json\/wp\/v2\/product\/13215","targetHints":{"allow":["GET"]}}],"collection":[{"href":"https:\/\/anbanjia.com.cn\/fr\/wp-json\/wp\/v2\/product"}],"about":[{"href":"https:\/\/anbanjia.com.cn\/fr\/wp-json\/wp\/v2\/types\/product"}],"replies":[{"embeddable":true,"href":"https:\/\/anbanjia.com.cn\/fr\/wp-json\/wp\/v2\/comments?post=13215"}],"wp:featuredmedia":[{"embeddable":true,"href":"https:\/\/anbanjia.com.cn\/fr\/wp-json\/wp\/v2\/media\/12731"}],"wp:attachment":[{"href":"https:\/\/anbanjia.com.cn\/fr\/wp-json\/wp\/v2\/media?parent=13215"}],"wp:term":[{"taxonomy":"product_cat","embeddable":true,"href":"https:\/\/anbanjia.com.cn\/fr\/wp-json\/wp\/v2\/product_cat?post=13215"},{"taxonomy":"product_tag","embeddable":true,"href":"https:\/\/anbanjia.com.cn\/fr\/wp-json\/wp\/v2\/product_tag?post=13215"}],"curies":[{"name":"wp","href":"https:\/\/api.w.org\/{rel}","templated":true}]}}