{"id":13210,"date":"2022-05-02T18:02:24","date_gmt":"2022-05-02T18:02:24","guid":{"rendered":"https:\/\/www.anbanjia.com.cn\/product\/deambulateur-pediatrique-reglable-en-acier-inoxydable-pour-enfants-aide-a-la-marche-anti-renversement-entrainement-des-membres-inferieurs\/"},"modified":"2022-05-02T18:02:24","modified_gmt":"2022-05-02T18:02:24","slug":"deambulateur-pediatrique-en-acier-inoxydable-reglable-aide-a-la-marche-anti-renversement-entrainement-des-membres-inferieurs","status":"publish","type":"product","link":"https:\/\/anbanjia.com.cn\/fr\/produit\/deambulateur-pediatrique-en-acier-inoxydable-reglable-aide-a-la-marche-anti-renversement-entrainement-des-membres-inferieurs\/","title":{"rendered":"D\u00e9ambulateur p\u00e9diatrique r\u00e9glable en acier inoxydable pour enfants, aide \u00e0 la marche anti-renversement, entra\u00eenement des membres inf\u00e9rieurs"},"content":{"rendered":"<div style=\"max-width: 750px; margin: 0 auto;\">\n<div id=\"ali-anchor-AliPostDhMb-jaad0\" class=\"mceSectionContainer\" style=\"padding-top: 8px;\" data-section=\"AliPostDhMb-jaad0\" data-section-title=\"Product Details\">\n<div id=\"ali-title-AliPostDhMb-jaad0\" style=\"padding: 8px 0; border-bottom: 1px solid #ddd;\"><span style=\"background-color: #ddd; color: #333; font-weight: bold; padding: 8px 10px; line-height: 12px;\">d\u00e9tails du produit<\/span><\/div>\n<div style=\"padding: 10px 0;\">\n<table style=\"border-collapse: collapse; border-style: solid; background-color: #ffffff; width: 675px; height: 305px;\" border=\"1\">\n<tbody>\n<tr>\n<td style=\"width: 246px; text-align: center;\"><strong><span style=\"font-size: 16px;\">Mat\u00e9riel<\/span><\/strong><\/td>\n<td style=\"width: 422px; text-align: center;\"><strong><span style=\"font-size: 16px;\">Acier + \u00c9ponge<\/span><\/strong><\/td>\n<\/tr>\n<tr>\n<td style=\"width: 246px; text-align: center;\"><strong><span style=\"font-size: 16px;\">Hauteur convenable<\/span><\/strong><\/td>\n<td style=\"width: 422px; text-align: center;\"><strong><span style=\"font-size: 16px;\">85-120cm<\/span><\/strong><\/td>\n<\/tr>\n<tr>\n<td style=\"width: 246px; text-align: center;\"><strong><span style=\"font-size: 16px;\">Poids du produit<\/span><\/strong><\/td>\n<td style=\"width: 422px; text-align: center;\"><strong><span style=\"font-size: 16px;\">13 kg<\/span><\/strong><\/td>\n<\/tr>\n<tr>\n<td style=\"width: 246px; text-align: center;\"><strong><span style=\"font-size: 16px;\">Poids portant<\/span><\/strong><\/td>\n<td style=\"width: 422px; text-align: center;\"><strong><span style=\"font-size: 16px;\">70 kg<\/span><\/strong><\/td>\n<\/tr>\n<tr>\n<td style=\"width: 246px; text-align: center;\"><strong><span style=\"font-size: 16px;\">Hauteur du produit<\/span><\/strong><\/td>\n<td style=\"width: 422px; text-align: center;\"><strong><span style=\"font-size: 16px;\">75-90cm<\/span><\/strong><\/td>\n<\/tr>\n<tr>\n<td style=\"width: 246px; text-align: center;\"><strong><span style=\"font-size: 16px;\">Largeur du produit<\/span><\/strong><\/td>\n<td style=\"width: 422px; text-align: center;\"><strong><span style=\"font-size: 16px;\">70cm<\/span><\/strong><\/td>\n<\/tr>\n<tr>\n<td style=\"width: 246px; text-align: center;\"><strong><span style=\"font-size: 16px;\">Distance entre les roues gauche et droite<\/span><\/strong><\/td>\n<td style=\"width: 422px; text-align: center;\"><strong><span style=\"font-size: 16px;\">40cm<\/span><\/strong><\/td>\n<\/tr>\n<tr>\n<td style=\"width: 246px; text-align: center;\"><strong><span style=\"font-size: 16px;\">Distance entre les roues avant et arri\u00e8re<\/span><\/strong><\/td>\n<td style=\"width: 422px; text-align: center;\"><strong><span style=\"font-size: 16px;\">75cm<\/span><\/strong><\/td>\n<\/tr>\n<tr>\n<td style=\"width: 246px; text-align: center;\"><strong><span style=\"font-size: 16px;\">Caract\u00e9ristiques<\/span><\/strong><\/td>\n<td style=\"width: 422px; text-align: center;\"><strong><span style=\"font-size: 16px;\">la hauteur et la largeur peuvent \u00eatre ajust\u00e9es, les roues tournantes lat\u00e9rales peuvent \u00eatre pli\u00e9es<\/span><\/strong><\/td>\n<\/tr>\n<\/tbody>\n<\/table>\n<\/div>\n<\/div>\n<div id=\"ali-anchor-AliPostDhMb-mt50f\" class=\"mceSectionContainer\" style=\"padding-top: 8px;\" data-section=\"AliPostDhMb-mt50f\" data-section-title=\"Product Description\">\n<div id=\"ali-title-AliPostDhMb-mt50f\" style=\"padding: 8px 0; border-bottom: 1px solid #ddd;\"><span style=\"background-color: #ddd; color: #333; font-weight: bold; padding: 8px 10px; line-height: 12px;\">Description du produit<\/span><\/div>\n<div style=\"padding: 10px 0;\">\n<p> <img decoding=\"async\" style=\"max-width: 750;\" src=\"https:\/\/anbanjia.com.cn\/wp-content\/uploads\/2022\/05\/Hac0fef636a144427aaefeb6b6760ecb5e.jpg\" data-alt=\"Stainless steel adjustable children pediatric walker anti-rollover walking aid lower limb training\" data-src=\"\"><img decoding=\"async\" src=\"https:\/\/anbanjia.com.cn\/wp-content\/uploads\/2022\/05\/H61915f6d55b74e058db7073a576b2313G.jpg\" data-alt=\"Stainless steel adjustable children pediatric walker anti-rollover walking aid lower limb training\" data-src=\"\"><img decoding=\"async\" src=\"https:\/\/anbanjia.com.cn\/wp-content\/uploads\/2022\/05\/H6e2b7f14905949d88df0b904ec0ed1b4c.jpg\" data-alt=\"Stainless steel adjustable children pediatric walker anti-rollover walking aid lower limb training\" data-src=\"\"><img decoding=\"async\" src=\"https:\/\/anbanjia.com.cn\/wp-content\/uploads\/2022\/05\/H671f08d8e8ad46dbba17c92fe4440726b.jpg\" data-alt=\"Stainless steel adjustable children pediatric walker anti-rollover walking aid lower limb training\" data-src=\"\"><img decoding=\"async\" src=\"https:\/\/anbanjia.com.cn\/wp-content\/uploads\/2022\/05\/H0a1246ad0ce14f3cb092791980196383Q.jpg\" data-alt=\"Stainless steel adjustable children pediatric walker anti-rollover walking aid lower limb training\" data-src=\"\"><img decoding=\"async\" src=\"https:\/\/anbanjia.com.cn\/wp-content\/uploads\/2022\/05\/H286e9927151d471792be427d9f701b70n.jpg\" data-alt=\"Stainless steel adjustable children pediatric walker anti-rollover walking aid lower limb training\" data-src=\"\"><img decoding=\"async\" src=\"https:\/\/anbanjia.com.cn\/wp-content\/uploads\/2022\/05\/Ha3586edcb1da40ddb9717f34aec2f20fF.jpg\" data-alt=\"Stainless steel adjustable children pediatric walker anti-rollover walking aid lower limb training\" data-src=\"\"><img decoding=\"async\" src=\"https:\/\/anbanjia.com.cn\/wp-content\/uploads\/2022\/05\/H6b63c2683cd84dd9a3d7825fc3cdb23c6.jpg\" data-alt=\"Stainless steel adjustable children pediatric walker anti-rollover walking aid lower limb training\" data-src=\"\"><img decoding=\"async\" src=\"https:\/\/anbanjia.com.cn\/wp-content\/uploads\/2022\/05\/H3f72d642e9e547139548c765ebefa8b4N.jpg\" data-alt=\"Stainless steel adjustable children pediatric walker anti-rollover walking aid lower limb training\" data-src=\"\"><\/p>\n<\/div>\n<\/div>\n<div id=\"ali-anchor-AliPostDhMb-kql3d\" class=\"mceSectionContainer\" style=\"padding-top: 8px;\" data-section=\"AliPostDhMb-kql3d\" data-section-title=\"Product Categories\">\n<div id=\"ali-title-AliPostDhMb-kql3d\" style=\"padding: 8px 0; border-bottom: 1px solid #ddd;\"><span style=\"background-color: #ddd; color: #333; font-weight: bold; padding: 8px 10px; line-height: 12px;\">cat\u00e9gories de produits<\/span><\/div>\n<div style=\"padding: 10px 0;\">\n<p><a href=\"https:\/\/abj-medical.en.alibaba.com\/productlist.html?spm=a2700.8304367.topnav.2.\" target=\"_blank\" rel=\"noopener\"><img decoding=\"async\" src=\"https:\/\/anbanjia.com.cn\/wp-content\/uploads\/2022\/05\/HTB1TH4ZSFXXXXazXFXXq6xXFXXXm.jpg\" data-alt=\"Stainless steel adjustable children pediatric walker anti-rollover walking aid lower limb training\" data-src=\"\"><\/a><\/p>\n<\/div>\n<\/div>\n<div id=\"ali-anchor-AliPostDhMb-l9422\" class=\"mceSectionContainer\" style=\"padding-top: 8px;\" data-section=\"AliPostDhMb-l9422\" data-section-title=\"company information\">\n<div id=\"ali-title-AliPostDhMb-l9422\" style=\"padding: 8px 0; border-bottom: 1px solid #ddd;\"><span style=\"background-color: #ddd; color: #333; font-weight: bold; padding: 8px 10px; line-height: 12px;\">Informations sur la soci\u00e9t\u00e9<\/span><\/div>\n<div style=\"padding: 10px 0;\">\n<p><img decoding=\"async\" src=\"https:\/\/anbanjia.com.cn\/wp-content\/uploads\/2022\/05\/Ha43def8a2df44eac925e2c3ab5a1b97b2.jpg\" data-alt=\"Stainless steel adjustable children pediatric walker anti-rollover walking aid lower limb training\" data-src=\"\"><\/p>\n<\/div>\n<\/div>\n<div id=\"ali-anchor-AliPostDhMb-wn279\" class=\"mceSectionContainer\" style=\"padding-top: 8px;\" data-section=\"AliPostDhMb-wn279\" data-section-title=\"certificate\">\n<div id=\"ali-title-AliPostDhMb-wn279\" style=\"padding: 8px 0; border-bottom: 1px solid #ddd;\"><span style=\"background-color: #ddd; color: #333; font-weight: bold; padding: 8px 10px; line-height: 12px;\">certificat<\/span><\/div>\n<div style=\"padding: 10px 0;\">\n<p><img decoding=\"async\" src=\"https:\/\/anbanjia.com.cn\/wp-content\/uploads\/2022\/05\/HTB1Z1olSpXXXXctXXXXq6xXFXXXu-1.jpg\" data-alt=\"Stainless steel adjustable children pediatric walker anti-rollover walking aid lower limb training\" data-src=\"\"><\/p>\n<\/div>\n<\/div>\n<div id=\"ali-anchor-AliPostDhMb-t1zml\" class=\"mceSectionContainer\" style=\"padding-top: 8px;\" data-section=\"AliPostDhMb-t1zml\" data-section-title=\"produce &amp; payment\">\n<div id=\"ali-title-AliPostDhMb-t1zml\" style=\"padding: 8px 0; border-bottom: 1px solid #ddd;\"><span style=\"background-color: #ddd; color: #333; font-weight: bold; padding: 8px 10px; line-height: 12px;\">produire et payer<\/span><\/div>\n<div style=\"padding: 10px 0;\">\n<p><img decoding=\"async\" src=\"https:\/\/anbanjia.com.cn\/wp-content\/uploads\/2022\/05\/HTB1LlvUSpXXXXbJXVXXq6xXFXXXf-1.jpg\" data-alt=\"Stainless steel adjustable children pediatric walker anti-rollover walking aid lower limb training\" data-src=\"\"><img decoding=\"async\" src=\"https:\/\/anbanjia.com.cn\/wp-content\/uploads\/2022\/05\/HTB1O0UfSpXXXXaRXpXXq6xXFXXXA.jpg\" data-alt=\"Stainless steel adjustable children pediatric walker anti-rollover walking aid lower limb training\" data-src=\"\"><\/p>\n<\/div>\n<\/div>\n<div id=\"ali-anchor-AliPostDhMb-o39ov\" class=\"mceSectionContainer\" style=\"padding-top: 8px;\" data-section=\"AliPostDhMb-o39ov\" data-section-title=\"contact us\">\n<div id=\"ali-title-AliPostDhMb-o39ov\" style=\"padding: 8px 0; border-bottom: 1px solid #ddd;\"><span style=\"background-color: #ddd; color: #333; font-weight: bold; padding: 8px 10px; line-height: 12px;\">Nous contacter<\/span><\/div>\n<div style=\"padding: 10px 0;\">\n<p><img decoding=\"async\" src=\"https:\/\/anbanjia.com.cn\/wp-content\/uploads\/2022\/05\/HTB1vm0WR3HqK1RjSZFEq6AGMXXa6.jpg\" data-alt=\"Stainless steel adjustable children pediatric walker anti-rollover walking aid lower limb training\" data-src=\"\"><\/p>\n<\/div>\n<\/div>\n<div id=\"ali-anchor-AliPostDhMb-0rjmt\" class=\"mceSectionContainer\" style=\"padding-top: 8px;\" data-section=\"AliPostDhMb-0rjmt\" data-section-title=\"Home\">\n<div style=\"padding: 10px 0;\">\n<p>&nbsp;<\/p>\n<\/div>\n<\/div>\n<\/div>\n","protected":false},"excerpt":{"rendered":"<p>&nbsp;<\/p>\n<div style=\"width: auto;\">\n<div style=\"min-width: 300px; max-width: 300px; word-wrap: break-word; float: left;\">Propri\u00e9t\u00e9s : fournitures de th\u00e9rapie de r\u00e9adaptation.<\/div>\n<div style=\"min-width: 300px; max-width: 300px; word-wrap: break-word; float: left;\">Lieu d&rsquo;origine&nbsp;: Guangdong, Chine<\/div>\n<\/div>\n<div style=\"width: auto;\">\n<div style=\"min-width: 300px; max-width: 300px; word-wrap: break-word; float: left;\">Nom de marque: anbanjia\/OEM<\/div>\n<div style=\"min-width: 300px; max-width: 300px; word-wrap: break-word; float: left;\">Num\u00e9ro de mod\u00e8le : XFL01<\/div>\n<\/div>\n<div style=\"width: auto;\">\n<div style=\"min-width: 300px; max-width: 300px; word-wrap: break-word; float: left;\">Type:Fauteuil roulant<\/div>\n<div style=\"min-width: 300px; max-width: 300px; word-wrap: break-word; float: left;\">Mat\u00e9riel:Acier + \u00c9ponge<\/div>\n<\/div>\n<div style=\"width: auto;\">\n<div style=\"min-width: 300px; max-width: 300px; word-wrap: break-word; float: left;\">Hauteur appropri\u00e9e: 85-120 cm<\/div>\n<div style=\"min-width: 300px; max-width: 300px; word-wrap: break-word; float: left;\">Poids du produit&nbsp;: 13&nbsp;kg<\/div>\n<\/div>\n<div style=\"width: auto;\">\n<div style=\"min-width: 300px; max-width: 300px; word-wrap: break-word; float: left;\">Poids de roulement&nbsp;: 70&nbsp;kg<\/div>\n<div style=\"min-width: 300px; max-width: 300px; word-wrap: break-word; float: left;\">Hauteur du produit : 75-90 cm<\/div>\n<\/div>\n<div style=\"width: auto;\">\n<div style=\"min-width: 300px; max-width: 300px; word-wrap: break-word; float: left;\">Largeur du produit&nbsp;: 70&nbsp;cm<\/div>\n<div style=\"min-width: 300px; max-width: 300px; word-wrap: break-word; float: left;\">Distance entre les roues gauche et droite : 40 cm<\/div>\n<\/div>\n","protected":false},"featured_media":12707,"comment_status":"closed","ping_status":"closed","template":"","meta":[],"product_cat":[159],"product_tag":[],"class_list":["post-13210","product","type-product","status-publish","has-post-thumbnail","hentry","product_cat-machine-debout-de-reeducation"],"_links":{"self":[{"href":"https:\/\/anbanjia.com.cn\/fr\/wp-json\/wp\/v2\/product\/13210","targetHints":{"allow":["GET"]}}],"collection":[{"href":"https:\/\/anbanjia.com.cn\/fr\/wp-json\/wp\/v2\/product"}],"about":[{"href":"https:\/\/anbanjia.com.cn\/fr\/wp-json\/wp\/v2\/types\/product"}],"replies":[{"embeddable":true,"href":"https:\/\/anbanjia.com.cn\/fr\/wp-json\/wp\/v2\/comments?post=13210"}],"wp:featuredmedia":[{"embeddable":true,"href":"https:\/\/anbanjia.com.cn\/fr\/wp-json\/wp\/v2\/media\/12707"}],"wp:attachment":[{"href":"https:\/\/anbanjia.com.cn\/fr\/wp-json\/wp\/v2\/media?parent=13210"}],"wp:term":[{"taxonomy":"product_cat","embeddable":true,"href":"https:\/\/anbanjia.com.cn\/fr\/wp-json\/wp\/v2\/product_cat?post=13210"},{"taxonomy":"product_tag","embeddable":true,"href":"https:\/\/anbanjia.com.cn\/fr\/wp-json\/wp\/v2\/product_tag?post=13210"}],"curies":[{"name":"wp","href":"https:\/\/api.w.org\/{rel}","templated":true}]}}