{"id":13203,"date":"2022-05-02T18:02:27","date_gmt":"2022-05-02T18:02:27","guid":{"rendered":"https:\/\/www.anbanjia.com.cn\/product\/chassis-vertical-pour-enfants-paralyses-cerebraux-handicapes-machine-dentrainement-des-membres-inferieurs-hemiplegiques\/"},"modified":"2022-05-02T18:02:27","modified_gmt":"2022-05-02T18:02:27","slug":"cadre-debout-pour-enfants-paralyses-cerebraux-handicapes-hemiplegiques-machine-dentrainement-des-membres-inferieurs","status":"publish","type":"product","link":"https:\/\/anbanjia.com.cn\/fr\/produit\/cadre-debout-pour-enfants-paralyses-cerebraux-handicapes-hemiplegiques-machine-dentrainement-des-membres-inferieurs\/","title":{"rendered":"Ch\u00e2ssis vertical pour enfants paralys\u00e9s c\u00e9r\u00e9braux, handicap\u00e9s, machine d&rsquo;entra\u00eenement des membres inf\u00e9rieurs h\u00e9mipl\u00e9giques"},"content":{"rendered":"<div style=\"max-width: 750px; margin: 0 auto;\">\n<div id=\"ali-anchor-AliPostDhMb-birkh\" class=\"mceSectionContainer\" style=\"padding-top: 8px;\" data-section=\"AliPostDhMb-birkh\" data-section-title=\"Product Description\">\n<div id=\"ali-title-AliPostDhMb-birkh\" style=\"padding: 8px 0; border-bottom: 1px solid #ddd;\"><span style=\"background-color: #ddd; color: #333; font-weight: bold; padding: 8px 10px; line-height: 12px;\">Description du produit<\/span><\/div>\n<div style=\"padding: 10px 0;\">\n<table style=\"border-collapse: collapse; background-color: #ffffff; width: 97.9914%;\" border=\"1\">\n<tbody>\n<tr>\n<td style=\"width: 33%;\"><span style=\"font-size: 24px;\">Nom du produit<\/span><\/td>\n<td style=\"width: 87.8417%;\"><span style=\"font-size: 24px;\">Cadre debout pour enfants handicap\u00e9s<\/span><\/td>\n<\/tr>\n<tr>\n<td style=\"width: 33%;\"><span style=\"font-size: 24px;\">Taille du produit<\/span><\/td>\n<td style=\"width: 87.8417%;\"><span style=\"font-size: 24px;\">100~130*98*68cm<\/span><\/td>\n<\/tr>\n<tr>\n<td style=\"width: 33%;\"><span style=\"font-size: 24px;\">Poids du produit<\/span><\/td>\n<td style=\"width: 87.8417%;\"><span style=\"font-size: 24px;\">35 kg<\/span><\/td>\n<\/tr>\n<tr>\n<td style=\"width: 33%;\"><span style=\"font-size: 24px;\">Capacit\u00e9 Poids<\/span><\/td>\n<td style=\"width: 87.8417%;\"><span style=\"font-size: 24px;\">100 kg<\/span><\/td>\n<\/tr>\n<tr>\n<td style=\"width: 33%;\"><span style=\"font-size: 24px;\">Une fonction<\/span><\/td>\n<td style=\"width: 87.8417%;\"><span style=\"font-size: 24px;\">formation des membres inf\u00e9rieurs h\u00e9mipl\u00e9giques<\/span><\/td>\n<\/tr>\n<tr>\n<td style=\"width: 33%;\"><span style=\"font-size: 24px;\">MOQ<\/span><\/td>\n<td style=\"width: 87.8417%;\"><span style=\"font-size: 24px;\">1 unit\u00e9<\/span><\/td>\n<\/tr>\n<\/tbody>\n<\/table>\n<\/div>\n<\/div>\n<p><img decoding=\"async\" class=\"alignnone size-full wp-image-12819\" src=\"https:\/\/anbanjia.com.cn\/wp-content\/uploads\/2022\/05\/5.webp\" alt=\"\" width=\"750\" height=\"776\" srcset=\"https:\/\/anbanjia.com.cn\/wp-content\/uploads\/2022\/05\/5.webp 750w, https:\/\/anbanjia.com.cn\/wp-content\/uploads\/2022\/05\/5-600x621.webp 600w\" sizes=\"(max-width: 750px) 100vw, 750px\" \/> <img decoding=\"async\" class=\"alignnone size-full wp-image-12817\" src=\"https:\/\/anbanjia.com.cn\/wp-content\/uploads\/2022\/05\/4.webp\" alt=\"\" width=\"750\" height=\"937\" srcset=\"https:\/\/anbanjia.com.cn\/wp-content\/uploads\/2022\/05\/4.webp 750w, https:\/\/anbanjia.com.cn\/wp-content\/uploads\/2022\/05\/4-600x750.webp 600w\" sizes=\"(max-width: 750px) 100vw, 750px\" \/> <img decoding=\"async\" class=\"alignnone size-full wp-image-12815\" src=\"https:\/\/anbanjia.com.cn\/wp-content\/uploads\/2022\/05\/3.webp\" alt=\"\" width=\"750\" height=\"958\" srcset=\"https:\/\/anbanjia.com.cn\/wp-content\/uploads\/2022\/05\/3.webp 750w, https:\/\/anbanjia.com.cn\/wp-content\/uploads\/2022\/05\/3-600x766.webp 600w\" sizes=\"(max-width: 750px) 100vw, 750px\" \/> <img decoding=\"async\" class=\"alignnone size-full wp-image-12813\" src=\"https:\/\/anbanjia.com.cn\/wp-content\/uploads\/2022\/05\/2.webp\" alt=\"\" width=\"750\" height=\"803\" srcset=\"https:\/\/anbanjia.com.cn\/wp-content\/uploads\/2022\/05\/2.webp 750w, https:\/\/anbanjia.com.cn\/wp-content\/uploads\/2022\/05\/2-600x642.webp 600w\" sizes=\"(max-width: 750px) 100vw, 750px\" \/> <img decoding=\"async\" class=\"alignnone size-full wp-image-12811\" src=\"https:\/\/anbanjia.com.cn\/wp-content\/uploads\/2022\/05\/1.webp\" alt=\"\" width=\"750\" height=\"782\" srcset=\"https:\/\/anbanjia.com.cn\/wp-content\/uploads\/2022\/05\/1.webp 750w, https:\/\/anbanjia.com.cn\/wp-content\/uploads\/2022\/05\/1-600x626.webp 600w\" sizes=\"(max-width: 750px) 100vw, 750px\" \/><\/p>\n<p>&nbsp;<\/p>\n<div id=\"ali-anchor-AliPostDhMb-gnym1\" class=\"mceSectionContainer\" style=\"padding-top: 8px;\" data-section=\"AliPostDhMb-gnym1\" data-section-title=\"Shipping and payment\">\n<div id=\"ali-title-AliPostDhMb-gnym1\" style=\"padding: 8px 0; border-bottom: 1px solid #ddd;\"><span style=\"background-color: #ddd; color: #333; font-weight: bold; padding: 8px 10px; line-height: 12px;\">Exp\u00e9dition et paiement<\/span><\/div>\n<div style=\"padding: 10px 0;\">\n<p><img decoding=\"async\" src=\"https:\/\/anbanjia.com.cn\/wp-content\/uploads\/2022\/05\/HTB1dO4eSFXXXXX8XVXXq6xXFXXXe.jpg\" data-alt=\"Standing frame for cerebral palsy children, disabled, hemiplegic lower limb training machine\" data-src=\"\"><\/p>\n<\/div>\n<\/div>\n<div id=\"ali-anchor-AliPostDhMb-77pqt\" class=\"mceSectionContainer\" style=\"padding-top: 8px;\" data-section=\"AliPostDhMb-77pqt\" data-section-title=\"Contact information\">\n<div id=\"ali-title-AliPostDhMb-77pqt\" style=\"padding: 8px 0; border-bottom: 1px solid #ddd;\"><span style=\"background-color: #ddd; color: #333; font-weight: bold; padding: 8px 10px; line-height: 12px;\">Informations de contact<\/span><\/div>\n<div style=\"padding: 10px 0;\">\n<p><img decoding=\"async\" src=\"https:\/\/anbanjia.com.cn\/wp-content\/uploads\/2022\/05\/H4a476ca2a62642c5955586ce8e509aa6M.png\" data-alt=\"Standing frame for cerebral palsy children, disabled, hemiplegic lower limb training machine\" data-src=\"\"><\/p>\n<\/div>\n<\/div>\n<div id=\"ali-anchor-AliPostDhMb-11o9w\" class=\"mceSectionContainer\" style=\"padding-top: 8px;\" data-section=\"AliPostDhMb-11o9w\" data-section-title=\"Company Information\">\n<div id=\"ali-title-AliPostDhMb-11o9w\" style=\"padding: 8px 0; border-bottom: 1px solid #ddd;\"><span style=\"background-color: #ddd; color: #333; font-weight: bold; padding: 8px 10px; line-height: 12px;\">Informations sur la soci\u00e9t\u00e9<\/span><\/div>\n<div style=\"padding: 10px 0;\">\n<p><img decoding=\"async\" src=\"https:\/\/anbanjia.com.cn\/wp-content\/uploads\/2022\/05\/Ha43def8a2df44eac925e2c3ab5a1b97b2.jpg\" data-alt=\"Standing frame for cerebral palsy children, disabled, hemiplegic lower limb training machine\" data-src=\"\"><\/p>\n<\/div>\n<\/div>\n<\/div>\n","protected":false},"excerpt":{"rendered":"<p>&nbsp;<\/p>\n<div style=\"width: auto;\">\n<div style=\"min-width: 300px; max-width: 300px; word-wrap: break-word; float: left;\">Propri\u00e9t\u00e9s : fournitures de th\u00e9rapie de r\u00e9adaptation.<\/div>\n<div style=\"min-width: 300px; max-width: 300px; word-wrap: break-word; float: left;\">Lieu d&rsquo;origine&nbsp;: Guangdong, Chine<\/div>\n<\/div>\n<div style=\"width: auto;\">\n<div style=\"min-width: 300px; max-width: 300px; word-wrap: break-word; float: left;\">Nom de marque:Anbanjia<\/div>\n<div style=\"min-width: 300px; max-width: 300px; word-wrap: break-word; float: left;\">Num\u00e9ro de mod\u00e8le : J01<\/div>\n<\/div>\n<div style=\"width: auto;\">\n<div style=\"min-width: 300px; max-width: 300px; word-wrap: break-word; float: left;\">Type : d\u00e9ambulateur et d\u00e9ambulateur<\/div>\n<div style=\"min-width: 300px; max-width: 300px; word-wrap: break-word; float: left;\">Mat\u00e9riel: acier inoxydable<\/div>\n<\/div>\n<div style=\"width: auto;\">\n<div style=\"min-width: 300px; max-width: 300px; word-wrap: break-word; float: left;\">Taille:98*68*100~130cm<\/div>\n<div style=\"min-width: 300px; max-width: 300px; word-wrap: break-word; float: left;\">Poids&nbsp;: 38&nbsp;kg<\/div>\n<\/div>\n<div>Logo personnalis\u00e9(Min. Commande : 20 unit\u00e9s)<\/div>\n<div>Emballage personnalis\u00e9 (Commande minimale&nbsp;: 20 unit\u00e9s)<\/div>\n","protected":false},"featured_media":5405,"comment_status":"closed","ping_status":"closed","template":"","meta":[],"product_cat":[159],"product_tag":[],"class_list":["post-13203","product","type-product","status-publish","has-post-thumbnail","hentry","product_cat-machine-debout-de-reeducation"],"_links":{"self":[{"href":"https:\/\/anbanjia.com.cn\/fr\/wp-json\/wp\/v2\/product\/13203","targetHints":{"allow":["GET"]}}],"collection":[{"href":"https:\/\/anbanjia.com.cn\/fr\/wp-json\/wp\/v2\/product"}],"about":[{"href":"https:\/\/anbanjia.com.cn\/fr\/wp-json\/wp\/v2\/types\/product"}],"replies":[{"embeddable":true,"href":"https:\/\/anbanjia.com.cn\/fr\/wp-json\/wp\/v2\/comments?post=13203"}],"wp:featuredmedia":[{"embeddable":true,"href":"https:\/\/anbanjia.com.cn\/fr\/wp-json\/wp\/v2\/media\/5405"}],"wp:attachment":[{"href":"https:\/\/anbanjia.com.cn\/fr\/wp-json\/wp\/v2\/media?parent=13203"}],"wp:term":[{"taxonomy":"product_cat","embeddable":true,"href":"https:\/\/anbanjia.com.cn\/fr\/wp-json\/wp\/v2\/product_cat?post=13203"},{"taxonomy":"product_tag","embeddable":true,"href":"https:\/\/anbanjia.com.cn\/fr\/wp-json\/wp\/v2\/product_tag?post=13203"}],"curies":[{"name":"wp","href":"https:\/\/api.w.org\/{rel}","templated":true}]}}