{"id":13201,"date":"2022-05-02T18:02:23","date_gmt":"2022-05-02T18:02:23","guid":{"rendered":"https:\/\/www.anbanjia.com.cn\/product\/equipement-dentrainement-de-reeducation-adulte-marcheur-personnes-agees-hemiplegie-marcheur-assiste-membres-inferieurs-marche-cadre-debout\/"},"modified":"2022-05-02T18:02:23","modified_gmt":"2022-05-02T18:02:23","slug":"equipement-de-formation-de-readaptation-marcheur-adulte-personnes-agees-avc-hemiplegie-aide-a-la-marche-membres-inferieurs-marche-debout-cadre","status":"publish","type":"product","link":"https:\/\/anbanjia.com.cn\/fr\/produit\/equipement-de-formation-de-readaptation-marcheur-adulte-personnes-agees-avc-hemiplegie-aide-a-la-marche-membres-inferieurs-marche-debout-cadre\/","title":{"rendered":"\u00c9quipement d&rsquo;entra\u00eenement de r\u00e9\u00e9ducation adulte marcheur personnes \u00e2g\u00e9es h\u00e9mipl\u00e9gie marcheur assist\u00e9 membres inf\u00e9rieurs marche cadre debout"},"content":{"rendered":"<div style=\"max-width: 750px;margin: 0 auto;\">\n<div class=\"mceSectionContainer\" data-section=\"AliPostDhMb-jaad0\" data-section-title=\"Product Details\" id=\"ali-anchor-AliPostDhMb-jaad0\" style=\"padding-top: 8px;\">\n<div id=\"ali-title-AliPostDhMb-jaad0\" style=\"padding: 8px 0; border-bottom: 1px solid #ddd;\"><span style=\"background-color: #ddd; color: #333; font-weight: bold; padding: 8px 10px; line-height: 12px;\">d\u00e9tails du produit<\/span><\/div>\n<div style=\"padding: 10px 0;\">\n<table border=\"1\" style=\"border-collapse: collapse; border-style: solid; background-color: #ffffff; width: 675px; height: 305px;\">\n<tbody>\n<tr>\n<td style=\"width: 246px; text-align: center;\"><strong><span style=\"font-size: 16px;\">Mat\u00e9riau<\/span><\/strong><\/td>\n<td style=\"width: 422px; text-align: center;\"><strong><span style=\"font-size: 16px;\">Acier + \u00c9ponge<\/span><\/strong><\/td>\n<\/tr>\n<tr>\n<td style=\"width: 246px; text-align: center;\"><strong><span style=\"font-size: 16px;\">Hauteur appropri\u00e9e<\/span><\/strong><\/td>\n<td style=\"width: 422px; text-align: center;\"><strong><span style=\"font-size: 16px;\">85-120cm<\/span><\/strong><\/td>\n<\/tr>\n<tr>\n<td style=\"width: 246px; text-align: center;\"><strong><span style=\"font-size: 16px;\">Poids du produit<\/span><\/strong><\/td>\n<td style=\"width: 422px; text-align: center;\"><strong><span style=\"font-size: 16px;\">13<\/span><\/strong><\/td>\n<p> kg <\/tr>\n<tr>\n<td style=\"width: 246px; text-align: center;\"><strong><span style=\"font-size: 16px;\">Poids portant<\/span><\/strong><\/td>\n<td style=\"width: 422px; text-align: center;\"><strong><span style=\"font-size: 16px;\">70 kg<\/span><\/strong><\/td>\n<\/tr>\n<tr>\n<td style=\"width: 246px; text-align: center;\"><strong><span style=\"font-size: 16px;\">Hauteur du produit<\/span><\/strong><\/td>\n<td style=\"width: 422px; text-align: center;\"><strong><span style=\"font-size: 16px;\">75-90cm<\/span><\/strong><\/td>\n<\/tr>\n<tr>\n<td style=\"width: 246px; text-align: center;\"><strong><span style=\"font-size: 16px;\">Largeur du produit<\/span><\/strong><\/td>\n<td style=\"width: 422px; text-align: center;\"><strong><span style=\"font-size: 16px;\">70cm<\/span><\/strong><\/td>\n<\/tr>\n<tr>\n<td style=\"width: 246px; text-align: center;\"><strong><span style=\"font-size: 16px;\">Distance entre les roues gauche et droite<\/span><\/strong><\/td>\n<td style=\"width: 422px; text-align: center;\"><strong><span style=\"font-size: 16px;\">40cm<\/span><\/strong><\/td>\n<\/tr>\n<tr>\n<td style=\"width: 246px; text-align: center;\"><strong><span style=\"font-size: 16px;\">Distance entre les roues avant et arri\u00e8re<\/span><\/strong><\/td>\n<td style=\"width: 422px; text-align: center;\"><strong><span style=\"font-size: 16px;\">75cm<\/span><\/strong><\/td>\n<\/tr>\n<tr>\n<td style=\"width: 246px; text-align: center;\"><strong><span style=\"font-size: 16px;\">La<\/span><\/strong><\/td>\n<td style=\"width: 422px; text-align: center;\"><strong><span style=\"font-size: 16px;\">hauteur et la largeur peuvent \u00eatre ajust\u00e9es, les roues tournantes lat\u00e9rales peuvent \u00eatre pli\u00e9es<\/span><\/strong><\/td>\n<\/tr>\n<\/tbody>\n<\/table>\n<p><span style=\"color: #0000ff; font-size: 24px;\"><strong> Nous avons des mod\u00e8les enfants et adultes<\/strong><\/span><\/p>\n<\/p><\/div>\n<\/p><\/div>\n<div class=\"mceSectionContainer\" data-section=\"AliPostDhMb-mt50f\" data-section-title=\"Product Description\" id=\"ali-anchor-AliPostDhMb-mt50f\" style=\"padding-top: 8px;\">\n<div id=\"ali-title-AliPostDhMb-mt50f\" style=\"padding: 8px 0; border-bottom: 1px solid #ddd;\"><span style=\"background-color: #ddd; color: #333; font-weight: bold; padding: 8px 10px; line-height: 12px;\">Description du produit<\/span><\/div>\n<div style=\"padding: 10px 0;\">\n<p><span style=\"color: #0000ff;\"><strong><span style=\"font-size: 24px;\"> Mod\u00e8le enfant :<\/span><\/strong><\/span><\/p>\n<\/p>\n<p><img decoding=\"async\" data-alt=\"Rehabilitation training equipment adult walker elderly stroke hemiplegia walker assisted lower limbs walking standing frame\" data-src=\"\" ori-height=\"800\" ori-width=\"800\" src=\"https:\/\/anbanjia.com.cn\/wp-content\/uploads\/2022\/05\/Hac0fef636a144427aaefeb6b6760ecb5e.jpg\" style=\"max-width: 750;\"><img decoding=\"async\" data-alt=\"Rehabilitation training equipment adult walker elderly stroke hemiplegia walker assisted lower limbs walking standing frame\" data-src=\"\" ori-height=\"800\" ori-width=\"800\" src=\"https:\/\/anbanjia.com.cn\/wp-content\/uploads\/2022\/05\/H61915f6d55b74e058db7073a576b2313G.jpg\"><img decoding=\"async\" data-alt=\"Rehabilitation training equipment adult walker elderly stroke hemiplegia walker assisted lower limbs walking standing frame\" data-src=\"\" ori-height=\"800\" ori-width=\"800\" src=\"https:\/\/anbanjia.com.cn\/wp-content\/uploads\/2022\/05\/H6e2b7f14905949d88df0b904ec0ed1b4c.jpg\"><img decoding=\"async\" data-alt=\"Rehabilitation training equipment adult walker elderly stroke hemiplegia walker assisted lower limbs walking standing frame\" data-src=\"\" ori-height=\"800\" ori-width=\"800\" src=\"https:\/\/anbanjia.com.cn\/wp-content\/uploads\/2022\/05\/H671f08d8e8ad46dbba17c92fe4440726b.jpg\"><img decoding=\"async\" data-alt=\"Rehabilitation training equipment adult walker elderly stroke hemiplegia walker assisted lower limbs walking standing frame\" data-src=\"\" ori-height=\"800\" ori-width=\"800\" src=\"https:\/\/anbanjia.com.cn\/wp-content\/uploads\/2022\/05\/H0a1246ad0ce14f3cb092791980196383Q.jpg\"><img decoding=\"async\" data-alt=\"Rehabilitation training equipment adult walker elderly stroke hemiplegia walker assisted lower limbs walking standing frame\" data-src=\"\" ori-height=\"659\" ori-width=\"750\" src=\"https:\/\/anbanjia.com.cn\/wp-content\/uploads\/2022\/05\/H286e9927151d471792be427d9f701b70n.jpg\"><img decoding=\"async\" data-alt=\"Rehabilitation training equipment adult walker elderly stroke hemiplegia walker assisted lower limbs walking standing frame\" data-src=\"\" ori-height=\"852\" ori-width=\"750\" src=\"https:\/\/anbanjia.com.cn\/wp-content\/uploads\/2022\/05\/Ha3586edcb1da40ddb9717f34aec2f20fF.jpg\"><img decoding=\"async\" data-alt=\"Rehabilitation training equipment adult walker elderly stroke hemiplegia walker assisted lower limbs walking standing frame\" data-src=\"\" ori-height=\"784\" ori-width=\"750\" src=\"https:\/\/anbanjia.com.cn\/wp-content\/uploads\/2022\/05\/H6b63c2683cd84dd9a3d7825fc3cdb23c6.jpg\"><img decoding=\"async\" data-alt=\"Rehabilitation training equipment adult walker elderly stroke hemiplegia walker assisted lower limbs walking standing frame\" data-src=\"\" ori-height=\"668\" ori-width=\"750\" src=\"https:\/\/anbanjia.com.cn\/wp-content\/uploads\/2022\/05\/H3f72d642e9e547139548c765ebefa8b4N.jpg\"><\/p>\n<\/p>\n<p><span style=\"color: #0000ff;\"><strong><span style=\"line-height: 36px; font-size: 24px;\"> Mod\u00e8le adulte :<\/span><\/strong><\/span><\/p>\n<p><img decoding=\"async\" data-alt=\"Rehabilitation training equipment adult walker elderly stroke hemiplegia walker assisted lower limbs walking standing frame\" data-src=\"\" ori-height=\"800\" ori-width=\"800\" src=\"https:\/\/anbanjia.com.cn\/wp-content\/uploads\/2022\/05\/H30c846591a5c41e089df87ed26db864br.jpg\"><img decoding=\"async\" data-alt=\"Rehabilitation training equipment adult walker elderly stroke hemiplegia walker assisted lower limbs walking standing frame\" data-src=\"\" ori-height=\"800\" ori-width=\"800\" src=\"https:\/\/anbanjia.com.cn\/wp-content\/uploads\/2022\/05\/H00f16568b6f94e569fbfb47ed6367f6ap.jpg\"><img decoding=\"async\" data-alt=\"Rehabilitation training equipment adult walker elderly stroke hemiplegia walker assisted lower limbs walking standing frame\" data-src=\"\" ori-height=\"682\" ori-width=\"750\" src=\"https:\/\/anbanjia.com.cn\/wp-content\/uploads\/2022\/05\/Ha58c7014f2b447b6aa8a960ee3e7f563k.jpg\"><img decoding=\"async\" data-alt=\"Rehabilitation training equipment adult walker elderly stroke hemiplegia walker assisted lower limbs walking standing frame\" data-src=\"\" ori-height=\"985\" ori-width=\"800\" src=\"https:\/\/anbanjia.com.cn\/wp-content\/uploads\/2022\/05\/Hff9c8ed25e8f412c9b9f5de763135eefR.jpg\"><img decoding=\"async\" data-alt=\"Rehabilitation training equipment adult walker elderly stroke hemiplegia walker assisted lower limbs walking standing frame\" data-src=\"\" ori-height=\"652\" ori-width=\"800\" src=\"https:\/\/anbanjia.com.cn\/wp-content\/uploads\/2022\/05\/H5497a010c8234c79aaf5f8bcd3ae1291E.jpg\"><img decoding=\"async\" data-alt=\"Rehabilitation training equipment adult walker elderly stroke hemiplegia walker assisted lower limbs walking standing frame\" data-src=\"\" ori-height=\"690\" ori-width=\"800\" src=\"https:\/\/anbanjia.com.cn\/wp-content\/uploads\/2022\/05\/Hc804448721844ed683fed5391883c575t.jpg\"><img decoding=\"async\" data-alt=\"Rehabilitation training equipment adult walker elderly stroke hemiplegia walker assisted lower limbs walking standing frame\" data-src=\"\" ori-height=\"800\" ori-width=\"790\" src=\"https:\/\/anbanjia.com.cn\/wp-content\/uploads\/2022\/05\/Hfb155729c94549c9ba373416f93030fc3.jpg\"><img decoding=\"async\" data-alt=\"Rehabilitation training equipment adult walker elderly stroke hemiplegia walker assisted lower limbs walking standing frame\" data-src=\"\" ori-height=\"844\" ori-width=\"800\" src=\"https:\/\/anbanjia.com.cn\/wp-content\/uploads\/2022\/05\/H29eea01b73064d7ea81d7d044ecff89fZ.jpg\"><\/p>\n<\/p><\/div>\n<\/p><\/div>\n<div class=\"mceSectionContainer\" data-section=\"AliPostDhMb-kql3d\" data-section-title=\"Product Categories\" id=\"ali-anchor-AliPostDhMb-kql3d\" style=\"padding-top: 8px;\">\n<div id=\"ali-title-AliPostDhMb-kql3d\" style=\"padding: 8px 0; border-bottom: 1px solid #ddd;\"><span style=\"background-color: #ddd; color: #333; font-weight: bold; padding: 8px 10px; line-height: 12px;\">cat\u00e9gories de produits<\/span><\/div>\n<div style=\"padding: 10px 0;\">\n<p><a href=\"https:\/\/abj-medical.en.alibaba.com\/productlist.html?spm=a2700.8304367.topnav.2.\" target=\"_blank\" rel=\"noopener\"><img decoding=\"async\" data-alt=\"Rehabilitation training equipment adult walker elderly stroke hemiplegia walker assisted lower limbs walking standing frame\" data-src=\"\" ori-height=\"241\" ori-width=\"750\" src=\"https:\/\/anbanjia.com.cn\/wp-content\/uploads\/2022\/05\/HTB1TH4ZSFXXXXazXFXXq6xXFXXXm.jpg\"><\/a> <\/p>\n<\/p><\/div>\n<\/p><\/div>\n<div class=\"mceSectionContainer\" data-section=\"AliPostDhMb-l9422\" data-section-title=\"company information\" id=\"ali-anchor-AliPostDhMb-l9422\" style=\"padding-top: 8px;\">\n<div id=\"ali-title-AliPostDhMb-l9422\" style=\"padding: 8px 0; border-bottom: 1px solid #ddd;\"><span style=\"background-color: #ddd; color: #333; font-weight: bold; padding: 8px 10px; line-height: 12px;\">Informations sur la soci\u00e9t\u00e9<\/span><\/div>\n<div style=\"padding: 10px 0;\">\n<p><img decoding=\"async\" data-alt=\"Rehabilitation training equipment adult walker elderly stroke hemiplegia walker assisted lower limbs walking standing frame\" data-src=\"\" ori-height=\"1929\" ori-width=\"769\" src=\"https:\/\/anbanjia.com.cn\/wp-content\/uploads\/2022\/05\/Ha43def8a2df44eac925e2c3ab5a1b97b2.jpg\"> <\/p>\n<\/p><\/div>\n<\/p><\/div>\n<div class=\"mceSectionContainer\" data-section=\"AliPostDhMb-wn279\" data-section-title=\"certificate\" id=\"ali-anchor-AliPostDhMb-wn279\" style=\"padding-top: 8px;\">\n<div id=\"ali-title-AliPostDhMb-wn279\" style=\"padding: 8px 0; border-bottom: 1px solid #ddd;\"><span style=\"background-color: #ddd; color: #333; font-weight: bold; padding: 8px 10px; line-height: 12px;\">certificat<\/span><\/div>\n<div style=\"padding: 10px 0;\">\n<p><img decoding=\"async\" data-alt=\"Rehabilitation training equipment adult walker elderly stroke hemiplegia walker assisted lower limbs walking standing frame\" data-src=\"\" ori-height=\"365\" ori-width=\"750\" src=\"https:\/\/anbanjia.com.cn\/wp-content\/uploads\/2022\/05\/HTB1Z1olSpXXXXctXXXXq6xXFXXXu-1.jpg\"> <\/p>\n<\/p><\/div>\n<\/p><\/div>\n<div class=\"mceSectionContainer\" data-section=\"AliPostDhMb-t1zml\" data-section-title=\"produce &amp; payment\" id=\"ali-anchor-AliPostDhMb-t1zml\" style=\"padding-top: 8px;\">\n<div id=\"ali-title-AliPostDhMb-t1zml\" style=\"padding: 8px 0; border-bottom: 1px solid #ddd;\"><span style=\"background-color: #ddd; color: #333; font-weight: bold; padding: 8px 10px; line-height: 12px;\">produire et payer<\/span><\/div>\n<div style=\"padding: 10px 0;\">\n<p><img decoding=\"async\" data-alt=\"Rehabilitation training equipment adult walker elderly stroke hemiplegia walker assisted lower limbs walking standing frame\" data-src=\"\" ori-height=\"454\" ori-width=\"750\" src=\"https:\/\/anbanjia.com.cn\/wp-content\/uploads\/2022\/05\/HTB1LlvUSpXXXXbJXVXXq6xXFXXXf-1.jpg\"><img decoding=\"async\" data-alt=\"Rehabilitation training equipment adult walker elderly stroke hemiplegia walker assisted lower limbs walking standing frame\" data-src=\"\" ori-height=\"58\" ori-width=\"750\" src=\"https:\/\/anbanjia.com.cn\/wp-content\/uploads\/2022\/05\/HTB1O0UfSpXXXXaRXpXXq6xXFXXXA.jpg\"> <\/p>\n<\/p><\/div>\n<\/p><\/div>\n<div class=\"mceSectionContainer\" data-section=\"AliPostDhMb-o39ov\" data-section-title=\"contact us\" id=\"ali-anchor-AliPostDhMb-o39ov\" style=\"padding-top: 8px;\">\n<div id=\"ali-title-AliPostDhMb-o39ov\" style=\"padding: 8px 0; border-bottom: 1px solid #ddd;\"><span style=\"background-color: #ddd; color: #333; font-weight: bold; padding: 8px 10px; line-height: 12px;\">Nous contacter<\/span><\/div>\n<div style=\"padding: 10px 0;\">\n<p><img decoding=\"async\" data-alt=\"Rehabilitation training equipment adult walker elderly stroke hemiplegia walker assisted lower limbs walking standing frame\" data-src=\"\" ori-height=\"271\" ori-width=\"760\" src=\"https:\/\/anbanjia.com.cn\/wp-content\/uploads\/2022\/05\/HTB1vm0WR3HqK1RjSZFEq6AGMXXa6.jpg\"><\/p>\n<\/p><\/div>\n<\/p><\/div>\n<div class=\"mceSectionContainer\" data-section=\"AliPostDhMb-0rjmt\" data-section-title=\"Home\" id=\"ali-anchor-AliPostDhMb-0rjmt\" style=\"padding-top: 8px;\">\n<div id=\"ali-title-AliPostDhMb-0rjmt\" style=\"padding: 8px 0; border-bottom: 1px solid #ddd;\"><span style=\"background-color: #ddd; color: #333; font-weight: bold; padding: 8px 10px; line-height: 12px;\">Accueil<\/span><\/div>\n<div style=\"padding: 10px 0;\">\n<p><img decoding=\"async\" data-alt=\"Rehabilitation training equipment adult walker elderly stroke hemiplegia walker assisted lower limbs walking standing frame\" data-src=\"\" ori-height=\"172\" ori-width=\"750\" src=\"https:\/\/anbanjia.com.cn\/wp-content\/uploads\/2022\/05\/unnamed-file-3.jpg\"><\/p>\n<p><a href=\"https:\/\/abj-medical.en.alibaba.com\/?spm=a2700.8304367.topnav.1.7fb94f0d6W4Kaf\" target=\"_blank\" rel=\"noopener\"><img decoding=\"async\" data-alt=\"Rehabilitation training equipment adult walker elderly stroke hemiplegia walker assisted lower limbs walking standing frame\" data-src=\"\" ori-height=\"124\" ori-width=\"750\" src=\"https:\/\/anbanjia.com.cn\/wp-content\/uploads\/2022\/05\/HTB10aT7SpXXXXa7XFXXq6xXFXXXO-1.jpg\"><\/a> <\/p>\n<\/p><\/div>\n<\/p><\/div>\n<\/div>\n","protected":false},"excerpt":{"rendered":"<div style=\"width:auto\">\n<div style=\"min-width: 300px;max-width: 300px;word-wrap: break-word;float: left\">Propri\u00e9t\u00e9s : fournitures de th\u00e9rapie de r\u00e9adaptation. <\/div>\n<div style=\"min-width: 300px;max-width: 300px;word-wrap: break-word;float: left\">Lieu d&rsquo;origine&nbsp;: Guangdong, Chine<\/div>\n<\/p><\/div>\n<div style=\"width:auto\">\n<div style=\"min-width: 300px;max-width: 300px;word-wrap: break-word;float: left\">Nom de marque: anbanjia\/OEM <\/div>\n<div style=\"min-width: 300px;max-width: 300px;word-wrap: break-word;float: left\">Num\u00e9ro de mod\u00e8le : XFL01<\/div>\n<\/p><\/div>\n<div style=\"width:auto\">\n<div style=\"min-width: 300px;max-width: 300px;word-wrap: break-word;float: left\">Type:Fauteuil roulant <\/div>\n<div style=\"min-width: 300px;max-width: 300px;word-wrap: break-word;float: left\">Mat\u00e9riel:Acier + \u00c9ponge<\/div>\n<\/p><\/div>\n<div style=\"width:auto\">\n<div style=\"min-width: 300px;max-width: 300px;word-wrap: break-word;float: left\">Hauteur appropri\u00e9e: 85-120 cm <\/div>\n<div style=\"min-width: 300px;max-width: 300px;word-wrap: break-word;float: left\">Poids du produit&nbsp;: 13&nbsp;kg<\/div>\n<\/p><\/div>\n<div style=\"width:auto\">\n<div style=\"min-width: 300px;max-width: 300px;word-wrap: break-word;float: left\">Poids de roulement&nbsp;: 70&nbsp;kg <\/div>\n<div style=\"min-width: 300px;max-width: 300px;word-wrap: break-word;float: left\">Hauteur du produit : 75-90 cm<\/div>\n<\/p><\/div>\n<div style=\"width:auto\">\n<div style=\"min-width: 300px;max-width: 300px;word-wrap: break-word;float: left\">Largeur du produit&nbsp;: 70&nbsp;cm <\/div>\n<div style=\"min-width: 300px;max-width: 300px;word-wrap: break-word;float: left\">Distance entre les roues gauche et droite : 40 cm<\/div>\n<\/p><\/div>\n","protected":false},"featured_media":11600,"comment_status":"closed","ping_status":"closed","template":"","meta":[],"product_cat":[159],"product_tag":[],"class_list":["post-13201","product","type-product","status-publish","has-post-thumbnail","hentry","product_cat-machine-debout-de-reeducation"],"_links":{"self":[{"href":"https:\/\/anbanjia.com.cn\/fr\/wp-json\/wp\/v2\/product\/13201","targetHints":{"allow":["GET"]}}],"collection":[{"href":"https:\/\/anbanjia.com.cn\/fr\/wp-json\/wp\/v2\/product"}],"about":[{"href":"https:\/\/anbanjia.com.cn\/fr\/wp-json\/wp\/v2\/types\/product"}],"replies":[{"embeddable":true,"href":"https:\/\/anbanjia.com.cn\/fr\/wp-json\/wp\/v2\/comments?post=13201"}],"wp:featuredmedia":[{"embeddable":true,"href":"https:\/\/anbanjia.com.cn\/fr\/wp-json\/wp\/v2\/media\/11600"}],"wp:attachment":[{"href":"https:\/\/anbanjia.com.cn\/fr\/wp-json\/wp\/v2\/media?parent=13201"}],"wp:term":[{"taxonomy":"product_cat","embeddable":true,"href":"https:\/\/anbanjia.com.cn\/fr\/wp-json\/wp\/v2\/product_cat?post=13201"},{"taxonomy":"product_tag","embeddable":true,"href":"https:\/\/anbanjia.com.cn\/fr\/wp-json\/wp\/v2\/product_tag?post=13201"}],"curies":[{"name":"wp","href":"https:\/\/api.w.org\/{rel}","templated":true}]}}