{"id":13194,"date":"2022-05-02T18:02:26","date_gmt":"2022-05-02T18:02:26","guid":{"rendered":"https:\/\/www.anbanjia.com.cn\/product\/cadre-multifonctionnel-debout-dequipement-de-formation-de-readaptation-de-paralysie-cerebrale-pour-des-enfants\/"},"modified":"2022-05-02T18:02:26","modified_gmt":"2022-05-02T18:02:26","slug":"paralysie-cerebrale-readaptation-formation-equipement-debout-cadre-multifonctionnel-pour-enfants","status":"publish","type":"product","link":"https:\/\/anbanjia.com.cn\/fr\/produit\/paralysie-cerebrale-readaptation-formation-equipement-debout-cadre-multifonctionnel-pour-enfants\/","title":{"rendered":"Cadre multifonctionnel debout d&rsquo;\u00e9quipement de formation de r\u00e9adaptation de paralysie c\u00e9r\u00e9brale pour des enfants"},"content":{"rendered":"<div style=\"max-width: 750px;margin: 0 auto;\">\n<div data-section=\"AliPostDhMb-jaad0\" data-section-title=\"Product Details\" id=\"ali-anchor-AliPostDhMb-jaad0\" style=\"padding-top: 8px;\">\n<div id=\"ali-title-AliPostDhMb-jaad0\" style=\"padding: 8px 0; border-bottom: 1px solid #ddd;\"><span style=\"background-color: #ddd; color: #333; font-weight: bold; padding: 8px 10px; line-height: 12px;\">d\u00e9tails du produit<\/span><\/div>\n<div style=\"padding: 10px 0px; text-align: center;\">\n<\/p>\n<p> <strong><span style=\"font-size: 24px;\"> Fauteuil roulant de r\u00e9\u00e9ducation debout pour enfants <\/span><\/strong> <\/p>\n<table border=\"1\" style=\"border-collapse: collapse; background-color: #ffffff; width: 80%;\">\n<tbody>\n<tr>\n<td style=\"text-align: center;\"><span style=\"font-size: 18px;\"><strong>Mat\u00e9riau<\/strong><\/span><\/td>\n<td style=\"text-align: center;\"><span style=\"font-size: 18px;\"><strong>acier inoxydable<\/strong><\/span><\/td>\n<\/tr>\n<tr>\n<td style=\"text-align: center;\"><span style=\"font-size: 16px;\"><strong>Combinaison<\/strong><\/span><\/td>\n<td style=\"text-align: center;\"><span style=\"font-size: 18px;\"><strong>utilisateur<\/strong><\/span><\/td>\n<p> pour une hauteur de 70 \u00e0 130 cm <\/tr>\n<\/tbody>\n<\/table>\n<p style=\"text-align: left;\">\n<p style=\"text-align: left;\"><span style=\"font-size: 24px;\"><span style=\"background-color: #ffff00;\"><strong>*<\/strong><\/span> <span style=\"color: #000000; background-color: #ffff00;\">La machine peut aider les enfants \u00e0 se tenir debout et \u00e0 renforcer l&rsquo;exercice des jambes. Elle peut aider les enfants \u00e0 faire de la r\u00e9\u00e9ducation.<\/span> <\/span><\/p>\n<\/p><\/div>\n<\/p><\/div>\n<div data-section=\"AliPostDhMb-mt50f\" data-section-title=\"Product Description\" id=\"ali-anchor-AliPostDhMb-mt50f\" style=\"padding-top: 8px;\">\n<div id=\"ali-title-AliPostDhMb-mt50f\" style=\"padding: 8px 0; border-bottom: 1px solid #ddd;\"><span style=\"background-color: #ddd; color: #333; font-weight: bold; padding: 8px 10px; line-height: 12px;\">Description du produit<\/span><\/div>\n<div style=\"padding: 10px 0;\">\n<p> <img decoding=\"async\" data-alt=\"Cerebral palsy rehabilitation training equipment standing multifunctional frame for children\" data-src=\"\" ori-height=\"800\" ori-width=\"800\" src=\"https:\/\/anbanjia.com.cn\/wp-content\/uploads\/2022\/05\/H0d5975c62ce94d68a9bacc2feed027e8t.jpg\" style=\"max-width: 750;\"><img decoding=\"async\" data-alt=\"Cerebral palsy rehabilitation training equipment standing multifunctional frame for children\" data-src=\"\" ori-height=\"800\" ori-width=\"800\" src=\"https:\/\/anbanjia.com.cn\/wp-content\/uploads\/2022\/05\/H5ce719b46f9f43c99c1fc46671dcfb2e5.jpg\"><img decoding=\"async\" data-alt=\"Cerebral palsy rehabilitation training equipment standing multifunctional frame for children\" data-src=\"\" ori-height=\"800\" ori-width=\"800\" src=\"https:\/\/anbanjia.com.cn\/wp-content\/uploads\/2022\/05\/H717afed00ea248a5bb0b7d5ef5a5365dd.jpg\"><img decoding=\"async\" data-alt=\"Cerebral palsy rehabilitation training equipment standing multifunctional frame for children\" data-src=\"\" ori-height=\"800\" ori-width=\"800\" src=\"https:\/\/anbanjia.com.cn\/wp-content\/uploads\/2022\/05\/Hf8ca35832cd7449298b169abdd014ad7I.jpg\"><img decoding=\"async\" data-alt=\"Cerebral palsy rehabilitation training equipment standing multifunctional frame for children\" data-src=\"\" ori-height=\"800\" ori-width=\"800\" src=\"https:\/\/anbanjia.com.cn\/wp-content\/uploads\/2022\/05\/Hcac25ed2d22f45debbf819c9872ce2dfG.jpg\"><img decoding=\"async\" data-alt=\"Cerebral palsy rehabilitation training equipment standing multifunctional frame for children\" data-src=\"\" ori-height=\"610\" ori-width=\"750\" src=\"https:\/\/anbanjia.com.cn\/wp-content\/uploads\/2022\/05\/H49bb95658cba4352b5836f0b975579f3k.jpg\"><img decoding=\"async\" data-alt=\"Cerebral palsy rehabilitation training equipment standing multifunctional frame for children\" data-src=\"\" ori-height=\"613\" ori-width=\"750\" src=\"https:\/\/anbanjia.com.cn\/wp-content\/uploads\/2022\/05\/H2b593c91e5a249aa89bc021ef8b3dbebu.jpg\"><\/p>\n<\/p><\/div>\n<\/p><\/div>\n<div data-section=\"AliPostDhMb-kql3d\" data-section-title=\"Product Categories\" id=\"ali-anchor-AliPostDhMb-kql3d\" style=\"padding-top: 8px;\">\n<div id=\"ali-title-AliPostDhMb-kql3d\" style=\"padding: 8px 0; border-bottom: 1px solid #ddd;\"><span style=\"background-color: #ddd; color: #333; font-weight: bold; padding: 8px 10px; line-height: 12px;\">cat\u00e9gories de produits<\/span><\/div>\n<div style=\"padding: 10px 0;\">\n<p><a href=\"https:\/\/abj-medical.en.alibaba.com\/productlist.html?spm=a2700.8304367.topnav.2.\" target=\"_blank\" rel=\"noopener\"><img decoding=\"async\" data-alt=\"Cerebral palsy rehabilitation training equipment standing multifunctional frame for children\" data-src=\"\" ori-height=\"241\" ori-width=\"750\" src=\"https:\/\/anbanjia.com.cn\/wp-content\/uploads\/2022\/05\/HTB1TH4ZSFXXXXazXFXXq6xXFXXXm.jpg\"><\/a> <\/p>\n<\/p><\/div>\n<\/p><\/div>\n<div data-section=\"AliPostDhMb-l9422\" data-section-title=\"company information\" id=\"ali-anchor-AliPostDhMb-l9422\" style=\"padding-top: 8px;\">\n<div id=\"ali-title-AliPostDhMb-l9422\" style=\"padding: 8px 0; border-bottom: 1px solid #ddd;\"><span style=\"background-color: #ddd; color: #333; font-weight: bold; padding: 8px 10px; line-height: 12px;\">Informations sur la soci\u00e9t\u00e9<\/span><\/div>\n<div style=\"padding: 10px 0;\">\n<p><img decoding=\"async\" data-alt=\"Cerebral palsy rehabilitation training equipment standing multifunctional frame for children\" data-src=\"\" ori-height=\"1857\" ori-width=\"750\" src=\"https:\/\/anbanjia.com.cn\/wp-content\/uploads\/2022\/05\/HTB1MME3SpXXXXbJaXXXq6xXFXXXA-1.jpg\"> <\/p>\n<\/p><\/div>\n<\/p><\/div>\n<div data-section=\"AliPostDhMb-wn279\" data-section-title=\"certificate\" id=\"ali-anchor-AliPostDhMb-wn279\" style=\"padding-top: 8px;\">\n<div id=\"ali-title-AliPostDhMb-wn279\" style=\"padding: 8px 0; border-bottom: 1px solid #ddd;\"><span style=\"background-color: #ddd; color: #333; font-weight: bold; padding: 8px 10px; line-height: 12px;\">certificat<\/span><\/div>\n<div style=\"padding: 10px 0;\">\n<p><img decoding=\"async\" data-alt=\"Cerebral palsy rehabilitation training equipment standing multifunctional frame for children\" data-src=\"\" ori-height=\"365\" ori-width=\"750\" src=\"https:\/\/anbanjia.com.cn\/wp-content\/uploads\/2022\/05\/HTB1Z1olSpXXXXctXXXXq6xXFXXXu-1.jpg\"> <\/p>\n<\/p><\/div>\n<\/p><\/div>\n<div data-section=\"AliPostDhMb-t1zml\" data-section-title=\"produce &amp; payment\" id=\"ali-anchor-AliPostDhMb-t1zml\" style=\"padding-top: 8px;\">\n<div id=\"ali-title-AliPostDhMb-t1zml\" style=\"padding: 8px 0; border-bottom: 1px solid #ddd;\"><span style=\"background-color: #ddd; color: #333; font-weight: bold; padding: 8px 10px; line-height: 12px;\">produire et payer<\/span><\/div>\n<div style=\"padding: 10px 0;\">\n<p><img decoding=\"async\" data-alt=\"Cerebral palsy rehabilitation training equipment standing multifunctional frame for children\" data-src=\"\" ori-height=\"454\" ori-width=\"750\" src=\"https:\/\/anbanjia.com.cn\/wp-content\/uploads\/2022\/05\/HTB1LlvUSpXXXXbJXVXXq6xXFXXXf-1.jpg\"><img decoding=\"async\" data-alt=\"Cerebral palsy rehabilitation training equipment standing multifunctional frame for children\" data-src=\"\" ori-height=\"58\" ori-width=\"750\" src=\"https:\/\/anbanjia.com.cn\/wp-content\/uploads\/2022\/05\/HTB1O0UfSpXXXXaRXpXXq6xXFXXXA.jpg\"> <\/p>\n<\/p><\/div>\n<\/p><\/div>\n<div data-section=\"AliPostDhMb-o39ov\" data-section-title=\"contact us\" id=\"ali-anchor-AliPostDhMb-o39ov\" style=\"padding-top: 8px;\">\n<div id=\"ali-title-AliPostDhMb-o39ov\" style=\"padding: 8px 0; border-bottom: 1px solid #ddd;\"><span style=\"background-color: #ddd; color: #333; font-weight: bold; padding: 8px 10px; line-height: 12px;\">Nous contacter<\/span><\/div>\n<div style=\"padding: 10px 0;\">\n<p><img decoding=\"async\" data-alt=\"Cerebral palsy rehabilitation training equipment standing multifunctional frame for children\" data-src=\"\" ori-height=\"271\" ori-width=\"760\" src=\"https:\/\/anbanjia.com.cn\/wp-content\/uploads\/2022\/05\/HTB1vm0WR3HqK1RjSZFEq6AGMXXa6.jpg\"><\/p>\n<\/p><\/div>\n<\/p><\/div>\n<div data-section=\"AliPostDhMb-0rjmt\" data-section-title=\"Home\" id=\"ali-anchor-AliPostDhMb-0rjmt\" style=\"padding-top: 8px;\">\n<div id=\"ali-title-AliPostDhMb-0rjmt\" style=\"padding: 8px 0; border-bottom: 1px solid #ddd;\"><span style=\"background-color: #ddd; color: #333; font-weight: bold; padding: 8px 10px; line-height: 12px;\">Accueil<\/span><\/div>\n<div style=\"padding: 10px 0;\">\n<p><img decoding=\"async\" data-alt=\"Cerebral palsy rehabilitation training equipment standing multifunctional frame for children\" data-src=\"\" ori-height=\"172\" ori-width=\"750\" src=\"https:\/\/anbanjia.com.cn\/wp-content\/uploads\/2022\/05\/unnamed-file-3.jpg\"><\/p>\n<p><a href=\"https:\/\/abj-medical.en.alibaba.com\/?spm=a2700.8304367.topnav.1.7fb94f0d6W4Kaf\" target=\"_blank\" rel=\"noopener\"><img decoding=\"async\" data-alt=\"Cerebral palsy rehabilitation training equipment standing multifunctional frame for children\" data-src=\"\" ori-height=\"124\" ori-width=\"750\" src=\"https:\/\/anbanjia.com.cn\/wp-content\/uploads\/2022\/05\/HTB10aT7SpXXXXa7XFXXq6xXFXXXO-1.jpg\"><\/a> <\/p>\n<\/p><\/div>\n<\/p><\/div>\n<\/div>\n","protected":false},"excerpt":{"rendered":"<div style=\"width:auto\">\n<div style=\"min-width: 300px;max-width: 300px;word-wrap: break-word;float: left\">Propri\u00e9t\u00e9s : fournitures de th\u00e9rapie de r\u00e9adaptation. <\/div>\n<div style=\"min-width: 300px;max-width: 300px;word-wrap: break-word;float: left\">Lieu d&rsquo;origine&nbsp;: Guangdong, Chine<\/div>\n<\/p><\/div>\n<div style=\"width:auto\">\n<div style=\"min-width: 300px;max-width: 300px;word-wrap: break-word;float: left\">Nom de marque: anbanjia\/OEM <\/div>\n<div style=\"min-width: 300px;max-width: 300px;word-wrap: break-word;float: left\">Num\u00e9ro de mod\u00e8le&nbsp;: ABJ-J01<\/div>\n<\/p><\/div>\n<div style=\"width:auto\">\n<div style=\"min-width: 300px;max-width: 300px;word-wrap: break-word;float: left\">Type:Fauteuil roulant <\/div>\n<div style=\"min-width: 300px;max-width: 300px;word-wrap: break-word;float: left\">Fonction : machine d&rsquo;entra\u00eenement de r\u00e9\u00e9ducation pour enfants.<\/div>\n<\/p><\/div>\n<div style=\"width:auto\">\n<div style=\"min-width: 300px;max-width: 300px;word-wrap: break-word;float: left\">utilisateur: 70-130 cm de hauteur <\/div>\n<div style=\"min-width: 300px;max-width: 300px;word-wrap: break-word;float: left\">Mat\u00e9riel: acier inoxydable<\/div>\n<\/p><\/div>\n","protected":false},"featured_media":5365,"comment_status":"closed","ping_status":"closed","template":"","meta":[],"product_cat":[159],"product_tag":[],"class_list":["post-13194","product","type-product","status-publish","has-post-thumbnail","hentry","product_cat-machine-debout-de-reeducation"],"_links":{"self":[{"href":"https:\/\/anbanjia.com.cn\/fr\/wp-json\/wp\/v2\/product\/13194","targetHints":{"allow":["GET"]}}],"collection":[{"href":"https:\/\/anbanjia.com.cn\/fr\/wp-json\/wp\/v2\/product"}],"about":[{"href":"https:\/\/anbanjia.com.cn\/fr\/wp-json\/wp\/v2\/types\/product"}],"replies":[{"embeddable":true,"href":"https:\/\/anbanjia.com.cn\/fr\/wp-json\/wp\/v2\/comments?post=13194"}],"wp:featuredmedia":[{"embeddable":true,"href":"https:\/\/anbanjia.com.cn\/fr\/wp-json\/wp\/v2\/media\/5365"}],"wp:attachment":[{"href":"https:\/\/anbanjia.com.cn\/fr\/wp-json\/wp\/v2\/media?parent=13194"}],"wp:term":[{"taxonomy":"product_cat","embeddable":true,"href":"https:\/\/anbanjia.com.cn\/fr\/wp-json\/wp\/v2\/product_cat?post=13194"},{"taxonomy":"product_tag","embeddable":true,"href":"https:\/\/anbanjia.com.cn\/fr\/wp-json\/wp\/v2\/product_tag?post=13194"}],"curies":[{"name":"wp","href":"https:\/\/api.w.org\/{rel}","templated":true}]}}