{"id":13192,"date":"2022-05-02T18:02:30","date_gmt":"2022-05-02T18:02:30","guid":{"rendered":"https:\/\/www.anbanjia.com.cn\/product\/velo-dexercice-de-pedale-motorise-de-therapie-de-bras-et-de-jambe-de-readaptation-de-dispositif-medical-en-gros\/"},"modified":"2022-05-02T18:02:30","modified_gmt":"2022-05-02T18:02:30","slug":"vente-en-gros-dispositif-medical-rehabilitation-therapie-des-bras-et-des-jambes-pedale-motorisee-velo-dexercice","status":"publish","type":"product","link":"https:\/\/anbanjia.com.cn\/fr\/produit\/vente-en-gros-dispositif-medical-rehabilitation-therapie-des-bras-et-des-jambes-pedale-motorisee-velo-dexercice\/","title":{"rendered":"V\u00e9lo d&rsquo;exercice de p\u00e9dale motoris\u00e9 de th\u00e9rapie de bras et de jambe de r\u00e9adaptation de dispositif m\u00e9dical en gros"},"content":{"rendered":"<div style=\"max-width: 750px; margin: 0 auto;\">\n<div id=\"detail_decorate_root\" data-magic-global=\"%7B%22bizId%22%3A3215165050%2C%22pageId%22%3A5052323960%2C%22siteId%22%3A5005610021%7D\">\n<div class=\"J_module\">\n<div class=\"icbu-pc-images magic-1\">\n<div>\n<div class=\"flex-layout-v\">\n<div class=\"flex-layout-h magic-1\">\n<div class=\"magic-2\"><img decoding=\"async\" class=\"magic-3\" style=\"max-width: 750;\" src=\"https:\/\/anbanjia.com.cn\/wp-content\/uploads\/2022\/05\/H234f9e37378b4f7699336abaabf33ef09.png\" data-src=\"\"><\/div>\n<div class=\"magic-4\"><img decoding=\"async\" class=\"magic-5\" src=\"https:\/\/anbanjia.com.cn\/wp-content\/uploads\/2022\/05\/Hef8f6618e87d481593de6cfda44cb1f6e.png\" data-src=\"\"><\/div>\n<div class=\"magic-4\"><a href=\"https:\/\/abj-medical.en.alibaba.com\/product\/60804888205-911602023\/Arm_leg_training_rehabilitation_active_passive_electric_lightweight_mini_pedal_exercise_bike_for_disability.html\" target=\"_blank\" rel=\"noopener\"><img decoding=\"async\" class=\"magic-6\" src=\"https:\/\/anbanjia.com.cn\/wp-content\/uploads\/2022\/05\/H0fa7d39661ab4f1cb4b135780fceb7f6V.jpg\" data-src=\"\"><\/a><\/div>\n<div><img decoding=\"async\" src=\"https:\/\/s.alicdn.com\/@sc01\/kf\/HTB1uF8Kd7voK1RjSZFNq6AxMVXa5\/230438700\/HTB1uF8Kd7voK1RjSZFNq6AxMVXa5.jpg?quality=close\"><\/div>\n<div><img decoding=\"async\" src=\"https:\/\/s.alicdn.com\/@sc01\/kf\/HTB1uF8Kd7voK1RjSZFNq6AxMVXa5\/230438700\/HTB1uF8Kd7voK1RjSZFNq6AxMVXa5.jpg?quality=close\"><img decoding=\"async\" src=\"https:\/\/s.alicdn.com\/@sc01\/kf\/HTB1o8YzXcvrK1Rjy0Feq6ATmVXaY\/230438700\/HTB1o8YzXcvrK1Rjy0Feq6ATmVXaY.jpg?quality=close\"><img decoding=\"async\" src=\"https:\/\/s.alicdn.com\/@sc01\/kf\/HTB1mQPzXdfvK1RjSspfq6zzXFXaS\/230438700\/HTB1mQPzXdfvK1RjSspfq6zzXFXaS.jpg?quality=close\"><img decoding=\"async\" src=\"https:\/\/s.alicdn.com\/@sc02\/kf\/HTB14bzzXjzuK1RjSspe762iHVXa3\/230438700\/HTB14bzzXjzuK1RjSspe762iHVXa3.png?quality=close\"><img decoding=\"async\" src=\"https:\/\/s.alicdn.com\/@sc02\/kf\/HTB1T9LyXcfrK1RjSszcq6xGGFXaU\/230438700\/HTB1T9LyXcfrK1RjSszcq6xGGFXaU.jpg?quality=close\"><img decoding=\"async\" src=\"https:\/\/s.alicdn.com\/@sc02\/kf\/HTB1DJHzXffsK1RjSszgq6yXzpXa2\/230438700\/HTB1DJHzXffsK1RjSszgq6yXzpXa2.jpg?quality=close\"><img decoding=\"async\" src=\"https:\/\/s.alicdn.com\/@sc01\/kf\/HTB1zq6yXiDxK1RjSsphq6zHrpXaf\/230438700\/HTB1zq6yXiDxK1RjSsphq6zHrpXaf.jpg?quality=close\"><img decoding=\"async\" src=\"https:\/\/s.alicdn.com\/@sc02\/kf\/HTB12_LzXcTxK1Rjy0Fgq6yovpXaL\/230438700\/HTB12_LzXcTxK1Rjy0Fgq6yovpXaL.jpg?quality=close\"><img decoding=\"async\" src=\"https:\/\/s.alicdn.com\/@sc04\/kf\/H0b1cb6f33d7f4b06a8ad4736dff06ceaG\/230438700\/H0b1cb6f33d7f4b06a8ad4736dff06ceaG.jpg?quality=close\"><img decoding=\"async\" src=\"https:\/\/s.alicdn.com\/@sc04\/kf\/H94a6fa43acb244a691368ee89d0bb0dft\/230438700\/H94a6fa43acb244a691368ee89d0bb0dft.png?quality=close\"><\/p>\n<p class=\"magic-24\"><span style=\"font-family: Arial, Helvetica; font-size: large;\">En tant que fournisseur professionnel et leader d&rsquo;\u00e9quipements m\u00e9dicaux, ABJ fournit de nombreux produits de fauteuils roulants de haute qualit\u00e9 \u00e0 la majorit\u00e9 des clients, ce qui r\u00e9pond \u00e0 leurs exigences.<br \/>\n<\/span><\/p>\n<p class=\"magic-24\" data-spm-anchor-id=\"a2700.wholesale.0.i34.525e56b1Q1hyil\"><span style=\"font-family: Arial, Helvetica; font-size: large;\">Tous les produits doivent \u00eatre inspect\u00e9s tr\u00e8s soigneusement par nous-m\u00eames avant l&rsquo;exp\u00e9dition.<br \/>\nNous fournissons aux clients une livraison rapide, un prix raisonnable, des services de haute qualit\u00e9 et \u00e0 long terme.<\/span><\/p>\n<p class=\"magic-24\" data-spm-anchor-id=\"a2700.wholesale.0.i34.525e56b1Q1hyil\"><img decoding=\"async\" src=\"https:\/\/s.alicdn.com\/@sc01\/kf\/H3d43ab43a0f24fc7886a50fee5674fd4U\/230438700\/H3d43ab43a0f24fc7886a50fee5674fd4U.jpg?quality=close\">\u00c0 propos de nous:<br \/>\n1. Plus de commande, plus de remise, prix comp\u00e9titif&nbsp;!<br \/>\n2. Bienvenue \u00e0 nous contacter pour obtenir un meilleur prix&nbsp;!<br \/>\n3.Bon service, livraison rapide, et nous valons la peine d&rsquo;\u00eatre dignes de confiance.<br \/>\n4. Nous pouvons vous garantir que vous serez satisfait de nos produits.<br \/>\n5. Nous traitons les clients comme des amis et vous offrons un service consid\u00e9rable.<\/p>\n<\/div>\n<\/div>\n<\/div>\n<\/div>\n<\/div>\n<\/div>\n<\/div>\n<\/div>\n","protected":false},"excerpt":{"rendered":"<p>&nbsp;<\/p>\n<div style=\"width: auto;\">\n<div style=\"min-width: 300px; max-width: 300px; word-wrap: break-word; float: left;\">Propri\u00e9t\u00e9s : fournitures de th\u00e9rapie de r\u00e9adaptation.<\/div>\n<div style=\"min-width: 300px; max-width: 300px; word-wrap: break-word; float: left;\">Lieu d&rsquo;origine&nbsp;: Guangdong, Chine<\/div>\n<\/div>\n<div style=\"width: auto;\">\n<div style=\"min-width: 300px; max-width: 300px; word-wrap: break-word; float: left;\">Nom de marque:Anbanjia<\/div>\n<div style=\"min-width: 300px; max-width: 300px; word-wrap: break-word; float: left;\">Num\u00e9ro de mod\u00e8le&nbsp;: ABJ-107-2<\/div>\n<\/div>\n<div style=\"width: auto;\">\n<div style=\"min-width: 300px; max-width: 300px; word-wrap: break-word; float: left;\">Type : \u00e9quipements de s\u00e9curit\u00e9 pour salle de bain.<\/div>\n<div style=\"min-width: 300px; max-width: 300px; word-wrap: break-word; float: left;\">Mat\u00e9riel:ABS + PP + FER<\/div>\n<\/div>\n<div style=\"width: auto;\">\n<div style=\"min-width: 300px; max-width: 300px; word-wrap: break-word; float: left;\">La couleur verte<\/div>\n<div style=\"min-width: 300px; max-width: 300px; word-wrap: break-word; float: left;\">Partie \u00e0 main&nbsp;: manuelle\/\u00e9lectrique, rotation et contre-rotation, 10&nbsp;niveaux<\/div>\n<\/div>\n<div style=\"width: auto;\">\n<div style=\"min-width: 300px; max-width: 300px; word-wrap: break-word; float: left;\">Partie pied&nbsp;: manuelle\/\u00e9lectrique, rotation et contre-rotation, 10&nbsp;niveaux<\/div>\n<div style=\"min-width: 300px; max-width: 300px; word-wrap: break-word; float: left;\">Tension&nbsp;: 220&nbsp;V\/50&nbsp;Hz<\/div>\n<\/div>\n<div style=\"width: auto;\">\n<div style=\"min-width: 300px; max-width: 300px; word-wrap: break-word; float: left;\">Moteur&nbsp;: 75&nbsp;W*2<\/div>\n<div style=\"min-width: 300px; max-width: 300px; word-wrap: break-word; float: left;\">Dimensions du produit : 48 x 33 x 87 cm.<\/div>\n<\/div>\n<div style=\"width: auto;\">\n<div style=\"min-width: 300px; max-width: 300px; word-wrap: break-word; float: left;\">Poids net&nbsp;: 12,0&nbsp;KG<\/div>\n<div style=\"min-width: 300px; max-width: 300px; word-wrap: break-word; float: left;\">Poids de charge maximal&nbsp;: 120&nbsp;KG<\/div>\n<\/div>\n<div>Emballage personnalis\u00e9(Min. Commande : 200 pi\u00e8ces)<\/div>\n","protected":false},"featured_media":12687,"comment_status":"closed","ping_status":"closed","template":"","meta":[],"product_cat":[153],"product_tag":[],"class_list":["post-13192","product","type-product","status-publish","has-post-thumbnail","hentry","product_cat-machine-dentrainement-de-reeducation"],"_links":{"self":[{"href":"https:\/\/anbanjia.com.cn\/fr\/wp-json\/wp\/v2\/product\/13192","targetHints":{"allow":["GET"]}}],"collection":[{"href":"https:\/\/anbanjia.com.cn\/fr\/wp-json\/wp\/v2\/product"}],"about":[{"href":"https:\/\/anbanjia.com.cn\/fr\/wp-json\/wp\/v2\/types\/product"}],"replies":[{"embeddable":true,"href":"https:\/\/anbanjia.com.cn\/fr\/wp-json\/wp\/v2\/comments?post=13192"}],"wp:featuredmedia":[{"embeddable":true,"href":"https:\/\/anbanjia.com.cn\/fr\/wp-json\/wp\/v2\/media\/12687"}],"wp:attachment":[{"href":"https:\/\/anbanjia.com.cn\/fr\/wp-json\/wp\/v2\/media?parent=13192"}],"wp:term":[{"taxonomy":"product_cat","embeddable":true,"href":"https:\/\/anbanjia.com.cn\/fr\/wp-json\/wp\/v2\/product_cat?post=13192"},{"taxonomy":"product_tag","embeddable":true,"href":"https:\/\/anbanjia.com.cn\/fr\/wp-json\/wp\/v2\/product_tag?post=13192"}],"curies":[{"name":"wp","href":"https:\/\/api.w.org\/{rel}","templated":true}]}}