{"id":13186,"date":"2022-05-02T18:02:27","date_gmt":"2022-05-02T18:02:27","guid":{"rendered":"https:\/\/www.anbanjia.com.cn\/product\/fauteuil-roulant-multifonctionnel-de-reeducation-debout-de-formation-de-soutien-de-paralysie-cerebrale-pour-des-enfants\/"},"modified":"2022-05-02T18:02:27","modified_gmt":"2022-05-02T18:02:27","slug":"formation-support-multi-fonctionnel-paralysie-cerebrale-rehabilitation-debout-fauteuil-roulant-pour-enfants","status":"publish","type":"product","link":"https:\/\/anbanjia.com.cn\/fr\/produit\/formation-support-multi-fonctionnel-paralysie-cerebrale-rehabilitation-debout-fauteuil-roulant-pour-enfants\/","title":{"rendered":"Fauteuil roulant multifonctionnel de r\u00e9\u00e9ducation debout de formation de soutien de paralysie c\u00e9r\u00e9brale pour des enfants"},"content":{"rendered":"<div style=\"max-width: 750px; margin: 0 auto;\">\n<div id=\"ali-anchor-AliPostDhMb-jaad0\" style=\"padding-top: 8px;\" data-section=\"AliPostDhMb-jaad0\" data-section-title=\"Product Details\">\n<div id=\"ali-title-AliPostDhMb-jaad0\" style=\"padding: 8px 0; border-bottom: 1px solid #ddd;\"><span style=\"background-color: #ddd; color: #333; font-weight: bold; padding: 8px 10px; line-height: 12px;\">d\u00e9tails du produit<\/span><\/div>\n<div style=\"padding: 10px 0px; text-align: center;\">\n<p><strong><span style=\"font-size: 24px;\"> Fauteuil roulant de r\u00e9\u00e9ducation debout pour enfants <\/span><\/strong><\/p>\n<table style=\"border-collapse: collapse; background-color: #ffffff; width: 80%;\" border=\"1\">\n<tbody>\n<tr>\n<td style=\"text-align: center;\"><span style=\"font-size: 18px;\"><strong>Mat\u00e9riel<\/strong><\/span><\/td>\n<td style=\"text-align: center;\"><span style=\"font-size: 18px;\"><strong>acier inoxydable<\/strong><\/span><\/td>\n<\/tr>\n<tr>\n<td style=\"text-align: center;\"><span style=\"font-size: 18px;\"><strong>Taille<\/strong><\/span><\/td>\n<td style=\"text-align: center;\"><span style=\"font-size: 18px;\"><strong>100~130*98*68cm<\/strong><\/span><\/td>\n<\/tr>\n<tr>\n<td style=\"text-align: center;\"><span style=\"font-size: 18px;\"><strong>masse<\/strong><\/span><\/td>\n<td style=\"text-align: center;\"><span style=\"font-size: 18px;\"><strong>38kg<\/strong><\/span><\/td>\n<\/tr>\n<tr>\n<td style=\"text-align: center;\"><span style=\"font-size: 18px;\"><strong>taille d&#8217;emballage<\/strong><\/span><\/td>\n<td style=\"text-align: center;\"><span style=\"font-size: 18px;\"><strong>820*630*640mm<\/strong><\/span><\/td>\n<\/tr>\n<tr>\n<td style=\"text-align: center;\"><span style=\"font-size: 18px;\"><strong>couleurs<\/strong><\/span><\/td>\n<td style=\"text-align: center;\"><span style=\"font-size: 18px;\"><strong>Comme le montre l&rsquo;image<\/strong><\/span><\/td>\n<\/tr>\n<\/tbody>\n<\/table>\n<\/div>\n<\/div>\n<div id=\"ali-anchor-AliPostDhMb-mt50f\" style=\"padding-top: 8px;\" data-section=\"AliPostDhMb-mt50f\" data-section-title=\"Product Description\">\n<div id=\"ali-title-AliPostDhMb-mt50f\" style=\"padding: 8px 0; border-bottom: 1px solid #ddd;\"><span style=\"background-color: #ddd; color: #333; font-weight: bold; padding: 8px 10px; line-height: 12px;\">Description du produit<\/span><\/div>\n<div style=\"padding: 10px 0;\">\n<p> <img decoding=\"async\" style=\"max-width: 750;\" src=\"https:\/\/anbanjia.com.cn\/wp-content\/uploads\/2022\/05\/H0149c1c5508a48c28502ba45a7bb654eu.jpg\" data-alt=\"Multi-functional cerebral palsy support training standing rehabilitation wheelchair for children\" data-src=\"\"> <img decoding=\"async\" src=\"https:\/\/anbanjia.com.cn\/wp-content\/uploads\/2022\/05\/H415f06e6be0746e5a07cd1daf54604d44.jpg\" data-alt=\"Multi-functional cerebral palsy support training standing rehabilitation wheelchair for children\" data-src=\"\"> <img decoding=\"async\" class=\"alignnone size-full wp-image-12811\" src=\"https:\/\/anbanjia.com.cn\/wp-content\/uploads\/2022\/05\/1.webp\" alt=\"\" width=\"750\" height=\"782\" srcset=\"https:\/\/anbanjia.com.cn\/wp-content\/uploads\/2022\/05\/1.webp 750w, https:\/\/anbanjia.com.cn\/wp-content\/uploads\/2022\/05\/1-600x626.webp 600w\" sizes=\"(max-width: 750px) 100vw, 750px\" \/><\/p>\n<p><img decoding=\"async\" class=\"alignnone size-full wp-image-12815\" src=\"https:\/\/anbanjia.com.cn\/wp-content\/uploads\/2022\/05\/3.webp\" alt=\"\" width=\"750\" height=\"958\" srcset=\"https:\/\/anbanjia.com.cn\/wp-content\/uploads\/2022\/05\/3.webp 750w, https:\/\/anbanjia.com.cn\/wp-content\/uploads\/2022\/05\/3-600x766.webp 600w\" sizes=\"(max-width: 750px) 100vw, 750px\" \/><img decoding=\"async\" class=\"alignnone size-full wp-image-12817\" src=\"https:\/\/anbanjia.com.cn\/wp-content\/uploads\/2022\/05\/4.webp\" alt=\"\" width=\"750\" height=\"937\" srcset=\"https:\/\/anbanjia.com.cn\/wp-content\/uploads\/2022\/05\/4.webp 750w, https:\/\/anbanjia.com.cn\/wp-content\/uploads\/2022\/05\/4-600x750.webp 600w\" sizes=\"(max-width: 750px) 100vw, 750px\" \/><img decoding=\"async\" class=\"alignnone size-full wp-image-12819\" src=\"https:\/\/anbanjia.com.cn\/wp-content\/uploads\/2022\/05\/5.webp\" alt=\"\" width=\"750\" height=\"776\" srcset=\"https:\/\/anbanjia.com.cn\/wp-content\/uploads\/2022\/05\/5.webp 750w, https:\/\/anbanjia.com.cn\/wp-content\/uploads\/2022\/05\/5-600x621.webp 600w\" sizes=\"(max-width: 750px) 100vw, 750px\" \/><img decoding=\"async\" class=\"alignnone size-full wp-image-12813\" src=\"https:\/\/anbanjia.com.cn\/wp-content\/uploads\/2022\/05\/2.webp\" alt=\"\" width=\"750\" height=\"803\" srcset=\"https:\/\/anbanjia.com.cn\/wp-content\/uploads\/2022\/05\/2.webp 750w, https:\/\/anbanjia.com.cn\/wp-content\/uploads\/2022\/05\/2-600x642.webp 600w\" sizes=\"(max-width: 750px) 100vw, 750px\" \/><\/p>\n<\/div>\n<\/div>\n<div id=\"ali-anchor-AliPostDhMb-kql3d\" style=\"padding-top: 8px;\" data-section=\"AliPostDhMb-kql3d\" data-section-title=\"Product Categories\">\n<div id=\"ali-title-AliPostDhMb-kql3d\" style=\"padding: 8px 0; border-bottom: 1px solid #ddd;\"><span style=\"background-color: #ddd; color: #333; font-weight: bold; padding: 8px 10px; line-height: 12px;\">cat\u00e9gories de produits<\/span><\/div>\n<div style=\"padding: 10px 0;\">\n<p><a href=\"https:\/\/abj-medical.en.alibaba.com\/productlist.html?spm=a2700.8304367.topnav.2.\" target=\"_blank\" rel=\"noopener\"><img decoding=\"async\" src=\"https:\/\/anbanjia.com.cn\/wp-content\/uploads\/2022\/05\/HTB1TH4ZSFXXXXazXFXXq6xXFXXXm.jpg\" data-alt=\"Multi-functional cerebral palsy support training standing rehabilitation wheelchair for children\" data-src=\"\"><\/a><\/p>\n<\/div>\n<\/div>\n<div id=\"ali-anchor-AliPostDhMb-l9422\" style=\"padding-top: 8px;\" data-section=\"AliPostDhMb-l9422\" data-section-title=\"company information\">\n<div id=\"ali-title-AliPostDhMb-l9422\" style=\"padding: 8px 0; border-bottom: 1px solid #ddd;\"><span style=\"background-color: #ddd; color: #333; font-weight: bold; padding: 8px 10px; line-height: 12px;\">Informations sur la soci\u00e9t\u00e9<\/span><\/div>\n<div style=\"padding: 10px 0;\">\n<p><img decoding=\"async\" src=\"https:\/\/anbanjia.com.cn\/wp-content\/uploads\/2022\/05\/HTB1MME3SpXXXXbJaXXXq6xXFXXXA-1.jpg\" data-alt=\"Multi-functional cerebral palsy support training standing rehabilitation wheelchair for children\" data-src=\"\"><\/p>\n<\/div>\n<\/div>\n<div id=\"ali-anchor-AliPostDhMb-wn279\" style=\"padding-top: 8px;\" data-section=\"AliPostDhMb-wn279\" data-section-title=\"certificate\">\n<div id=\"ali-title-AliPostDhMb-wn279\" style=\"padding: 8px 0; border-bottom: 1px solid #ddd;\"><span style=\"background-color: #ddd; color: #333; font-weight: bold; padding: 8px 10px; line-height: 12px;\">certificat<\/span><\/div>\n<div style=\"padding: 10px 0;\">\n<p><img decoding=\"async\" src=\"https:\/\/anbanjia.com.cn\/wp-content\/uploads\/2022\/05\/HTB1Z1olSpXXXXctXXXXq6xXFXXXu-1.jpg\" data-alt=\"Multi-functional cerebral palsy support training standing rehabilitation wheelchair for children\" data-src=\"\"><\/p>\n<\/div>\n<\/div>\n<div id=\"ali-anchor-AliPostDhMb-t1zml\" style=\"padding-top: 8px;\" data-section=\"AliPostDhMb-t1zml\" data-section-title=\"produce &amp; payment\">\n<div id=\"ali-title-AliPostDhMb-t1zml\" style=\"padding: 8px 0; border-bottom: 1px solid #ddd;\"><span style=\"background-color: #ddd; color: #333; font-weight: bold; padding: 8px 10px; line-height: 12px;\">produire et payer<\/span><\/div>\n<div style=\"padding: 10px 0;\">\n<p><img decoding=\"async\" src=\"https:\/\/anbanjia.com.cn\/wp-content\/uploads\/2022\/05\/HTB1LlvUSpXXXXbJXVXXq6xXFXXXf-1.jpg\" data-alt=\"Multi-functional cerebral palsy support training standing rehabilitation wheelchair for children\" data-src=\"\"><img decoding=\"async\" src=\"https:\/\/anbanjia.com.cn\/wp-content\/uploads\/2022\/05\/HTB1O0UfSpXXXXaRXpXXq6xXFXXXA.jpg\" data-alt=\"Multi-functional cerebral palsy support training standing rehabilitation wheelchair for children\" data-src=\"\"><\/p>\n<\/div>\n<\/div>\n<div id=\"ali-anchor-AliPostDhMb-o39ov\" style=\"padding-top: 8px;\" data-section=\"AliPostDhMb-o39ov\" data-section-title=\"contact us\">\n<div id=\"ali-title-AliPostDhMb-o39ov\" style=\"padding: 8px 0; border-bottom: 1px solid #ddd;\"><span style=\"background-color: #ddd; color: #333; font-weight: bold; padding: 8px 10px; line-height: 12px;\">Nous contacter<\/span><\/div>\n<div style=\"padding: 10px 0;\">\n<p><img decoding=\"async\" src=\"https:\/\/anbanjia.com.cn\/wp-content\/uploads\/2022\/05\/HTB1vm0WR3HqK1RjSZFEq6AGMXXa6.jpg\" data-alt=\"Multi-functional cerebral palsy support training standing rehabilitation wheelchair for children\" data-src=\"\"><\/p>\n<\/div>\n<\/div>\n<div id=\"ali-anchor-AliPostDhMb-0rjmt\" style=\"padding-top: 8px;\" data-section=\"AliPostDhMb-0rjmt\" data-section-title=\"Home\">\n<div style=\"padding: 10px 0;\">\n<p>&nbsp;<\/p>\n<\/div>\n<\/div>\n<\/div>\n","protected":false},"excerpt":{"rendered":"<p>&nbsp;<\/p>\n<div style=\"width: auto;\">\n<div style=\"min-width: 300px; max-width: 300px; word-wrap: break-word; float: left;\">Propri\u00e9t\u00e9s : fournitures de th\u00e9rapie de r\u00e9adaptation.<\/div>\n<div style=\"min-width: 300px; max-width: 300px; word-wrap: break-word; float: left;\">Lieu d&rsquo;origine&nbsp;: Guangdong, Chine<\/div>\n<\/div>\n<div style=\"width: auto;\">\n<div style=\"min-width: 300px; max-width: 300px; word-wrap: break-word; float: left;\">Nom de marque: anbanjia\/OEM<\/div>\n<div style=\"min-width: 300px; max-width: 300px; word-wrap: break-word; float: left;\">Num\u00e9ro de mod\u00e8le&nbsp;: ABJ-J01<\/div>\n<\/div>\n<div style=\"width: auto;\">\n<div style=\"min-width: 300px; max-width: 300px; word-wrap: break-word; float: left;\">Type:Fauteuil roulant<\/div>\n<div style=\"min-width: 300px; max-width: 300px; word-wrap: break-word; float: left;\">Taille du produit: 98*68*100 ~ 130 cm<\/div>\n<\/div>\n<div style=\"width: auto;\">\n<div style=\"min-width: 300px; max-width: 300px; word-wrap: break-word; float: left;\">Paquet:82*63*64cm<\/div>\n<div style=\"min-width: 300px; max-width: 300px; word-wrap: break-word; float: left;\">Mat\u00e9riel: acier inoxydable<\/div>\n<\/div>\n","protected":false},"featured_media":12701,"comment_status":"closed","ping_status":"closed","template":"","meta":[],"product_cat":[159],"product_tag":[],"class_list":["post-13186","product","type-product","status-publish","has-post-thumbnail","hentry","product_cat-machine-debout-de-reeducation"],"_links":{"self":[{"href":"https:\/\/anbanjia.com.cn\/fr\/wp-json\/wp\/v2\/product\/13186","targetHints":{"allow":["GET"]}}],"collection":[{"href":"https:\/\/anbanjia.com.cn\/fr\/wp-json\/wp\/v2\/product"}],"about":[{"href":"https:\/\/anbanjia.com.cn\/fr\/wp-json\/wp\/v2\/types\/product"}],"replies":[{"embeddable":true,"href":"https:\/\/anbanjia.com.cn\/fr\/wp-json\/wp\/v2\/comments?post=13186"}],"wp:featuredmedia":[{"embeddable":true,"href":"https:\/\/anbanjia.com.cn\/fr\/wp-json\/wp\/v2\/media\/12701"}],"wp:attachment":[{"href":"https:\/\/anbanjia.com.cn\/fr\/wp-json\/wp\/v2\/media?parent=13186"}],"wp:term":[{"taxonomy":"product_cat","embeddable":true,"href":"https:\/\/anbanjia.com.cn\/fr\/wp-json\/wp\/v2\/product_cat?post=13186"},{"taxonomy":"product_tag","embeddable":true,"href":"https:\/\/anbanjia.com.cn\/fr\/wp-json\/wp\/v2\/product_tag?post=13186"}],"curies":[{"name":"wp","href":"https:\/\/api.w.org\/{rel}","templated":true}]}}