{"id":13182,"date":"2022-05-02T18:02:27","date_gmt":"2022-05-02T18:02:27","guid":{"rendered":"https:\/\/www.anbanjia.com.cn\/product\/centre-de-readaptation-enfants-equipement-dentrainement-de-capacite-de-cadre-debout-pour-les-enfants-atteints-de-paralysie-cerebrale\/"},"modified":"2022-05-02T18:02:27","modified_gmt":"2022-05-02T18:02:27","slug":"centre-de-readaptation-enfants-cadre-debout-capacite-equipement-de-formation-pour-enfants-paralyses-cerebraux","status":"publish","type":"product","link":"https:\/\/anbanjia.com.cn\/fr\/produit\/centre-de-readaptation-enfants-cadre-debout-capacite-equipement-de-formation-pour-enfants-paralyses-cerebraux\/","title":{"rendered":"Centre de r\u00e9adaptation enfants \u00e9quipement d&rsquo;entra\u00eenement de capacit\u00e9 de cadre debout pour les enfants atteints de paralysie c\u00e9r\u00e9brale"},"content":{"rendered":"<div style=\"max-width: 750px; margin: 0 auto;\">\n<p><span style=\"font-size: 32px;\">R\u00e9habilitation des enfants paralys\u00e9s c\u00e9r\u00e9braux cadre debout \u00e9quipement de r\u00e9\u00e9ducation de l&rsquo;h\u00e9mipl\u00e9gie<\/span><\/p>\n<table style=\"border-collapse: collapse; background-color: #ffffff; width: 80%;\" border=\"1\">\n<tbody>\n<tr>\n<td style=\"width: 30.7554%;\">Mod\u00e8le<\/td>\n<td style=\"width: 68.1655%;\">J01<\/td>\n<\/tr>\n<tr>\n<td style=\"width: 30.7554%;\">Taille du produit<\/td>\n<td style=\"width: 68.1655%;\">100-130cm*68cm*98cm<\/td>\n<\/tr>\n<tr>\n<td style=\"width: 30.7554%;\">Poids du produit<\/td>\n<td style=\"width: 68.1655%;\">39 kg<\/td>\n<\/tr>\n<tr>\n<td style=\"width: 30.7554%;\">usage<\/td>\n<td style=\"width: 68.1655%;\">Utilis\u00e9 pour l&rsquo;entra\u00eenement debout des enfants de moins de 10 ans<\/td>\n<\/tr>\n<tr>\n<td style=\"width: 30.7554%;\">D\u00e9lai de livraison<\/td>\n<td style=\"width: 68.1655%;\">3-10 jours<\/td>\n<\/tr>\n<tr>\n<td style=\"width: 30.7554%;\">Emballer<\/td>\n<td style=\"width: 68.1655%;\">emballage en carton<\/td>\n<\/tr>\n<\/tbody>\n<\/table>\n<p><span style=\"font-size: 32px;\"><img decoding=\"async\" style=\"max-width: 750;\" src=\"https:\/\/anbanjia.com.cn\/wp-content\/uploads\/2022\/05\/H04bd7d8248e44cd299e09d25b10bd567z.jpg\" data-alt=\"Rehabilitation center children standing frame ability training equipment for cerebral palsy children\" data-src=\"\"><img decoding=\"async\" src=\"https:\/\/anbanjia.com.cn\/wp-content\/uploads\/2022\/05\/H5c00c577f6f7450ea786819b39ab91e30.jpg\" data-alt=\"Rehabilitation center children standing frame ability training equipment for cerebral palsy children\" data-src=\"\"><img decoding=\"async\" src=\"https:\/\/anbanjia.com.cn\/wp-content\/uploads\/2022\/05\/H77fb9502604b452e9a8692da4552acc2B.jpg\" data-alt=\"Rehabilitation center children standing frame ability training equipment for cerebral palsy children\" data-src=\"\"><img decoding=\"async\" src=\"https:\/\/anbanjia.com.cn\/wp-content\/uploads\/2022\/05\/H486e6c88d4794d6a9da1fb9f6640d231L.jpg\" data-alt=\"Rehabilitation center children standing frame ability training equipment for cerebral palsy children\" data-src=\"\"><img decoding=\"async\" src=\"https:\/\/anbanjia.com.cn\/wp-content\/uploads\/2022\/05\/Hf50fd092fb7a43eda6a85ed130e6a97fm.jpg\" data-alt=\"Rehabilitation center children standing frame ability training equipment for cerebral palsy children\" data-src=\"\"><img decoding=\"async\" src=\"https:\/\/anbanjia.com.cn\/wp-content\/uploads\/2022\/05\/H7b942e91f42c401eac2ac19c1b3c21bdd.jpg\" data-alt=\"Rehabilitation center children standing frame ability training equipment for cerebral palsy children\" data-src=\"\"><\/span><\/p>\n<p><span style=\"font-size: 32px;\">Nous avons aussi d&rsquo;autres mod\u00e8les.<\/span><\/p>\n<p><span style=\"font-size: 32px;\">Si vous souhaitez obtenir les d\u00e9tails d&rsquo;eux, vous pouvez contacter le vendeur.<\/span><\/p>\n<p><span style=\"font-size: 32px;\"> <img decoding=\"async\" src=\"https:\/\/anbanjia.com.cn\/wp-content\/uploads\/2022\/05\/Hf9bd3648757041bc902e9edbc078469fK.jpg\" data-alt=\"Rehabilitation center children standing frame ability training equipment for cerebral palsy children\" data-src=\"\"><img decoding=\"async\" src=\"https:\/\/anbanjia.com.cn\/wp-content\/uploads\/2022\/05\/H379cbf8d98eb4c7cbeb2f636c669c80eO.jpg\" data-alt=\"Rehabilitation center children standing frame ability training equipment for cerebral palsy children\" data-src=\"\"><img decoding=\"async\" src=\"https:\/\/anbanjia.com.cn\/wp-content\/uploads\/2022\/05\/Hcac25ed2d22f45debbf819c9872ce2dfG.jpg\" data-alt=\"Rehabilitation center children standing frame ability training equipment for cerebral palsy children\" data-src=\"\"><img decoding=\"async\" src=\"https:\/\/anbanjia.com.cn\/wp-content\/uploads\/2022\/05\/H49bb95658cba4352b5836f0b975579f3k.jpg\" data-alt=\"Rehabilitation center children standing frame ability training equipment for cerebral palsy children\" data-src=\"\"><\/span><\/p>\n<p><span style=\"font-size: 24px;\">Nous avons plusieurs mod\u00e8les de fauteuil roulant pour paralysie c\u00e9r\u00e9brale, vous pouvez v\u00e9rifier.<\/span><\/p>\n<p><span style=\"font-size: 24px;\"><img decoding=\"async\" src=\"https:\/\/anbanjia.com.cn\/wp-content\/uploads\/2022\/05\/Hf014d62ce4b74927a48c59fe0ef30291x.jpg\" data-alt=\"Rehabilitation center children standing frame ability training equipment for cerebral palsy children\" data-src=\"\"><img decoding=\"async\" src=\"https:\/\/anbanjia.com.cn\/wp-content\/uploads\/2022\/05\/Hb31710cc29bd4dd88b1edc34746d1cdf9.png\" data-alt=\"Rehabilitation center children standing frame ability training equipment for cerebral palsy children\" data-src=\"\"><\/span><\/p>\n<div id=\"ali-anchor-AliPostDhMb-e0y42\" class=\"mceSectionContainer\" style=\"padding-top: 8px;\" data-section=\"AliPostDhMb-e0y42\" data-section-title=\"Shipping and payment\">\n<div id=\"ali-title-AliPostDhMb-e0y42\" style=\"padding: 8px 0; border-bottom: 1px solid #ddd;\"><span style=\"background-color: #ddd; color: #333; font-weight: bold; padding: 8px 10px; line-height: 12px;\">Exp\u00e9dition et paiement<\/span><\/div>\n<div style=\"padding: 10px 0;\">\n<p><img decoding=\"async\" src=\"https:\/\/anbanjia.com.cn\/wp-content\/uploads\/2022\/05\/HTB1dO4eSFXXXXX8XVXXq6xXFXXXe.jpg\" data-alt=\"Rehabilitation center children standing frame ability training equipment for cerebral palsy children\" data-src=\"\"><img decoding=\"async\" src=\"https:\/\/anbanjia.com.cn\/wp-content\/uploads\/2022\/05\/HTB1vm0WR3HqK1RjSZFEq6AGMXXa6.jpg\" data-alt=\"Rehabilitation center children standing frame ability training equipment for cerebral palsy children\" data-src=\"\"><\/p>\n<\/div>\n<\/div>\n<\/div>\n","protected":false},"excerpt":{"rendered":"<p>&nbsp;<\/p>\n<div style=\"width: auto;\">\n<div style=\"min-width: 300px; max-width: 300px; word-wrap: break-word; float: left;\">Lieu d&rsquo;origine&nbsp;: Guangdong, Chine<\/div>\n<div style=\"min-width: 300px; max-width: 300px; word-wrap: break-word; float: left;\">Nom de marque:Anbnajia<\/div>\n<\/div>\n<div style=\"width: auto;\">\n<div style=\"min-width: 300px; max-width: 300px; word-wrap: break-word; float: left;\">Num\u00e9ro de mod\u00e8le : J01<\/div>\n<div style=\"min-width: 300px; max-width: 300px; word-wrap: break-word; float: left;\">Classification des instruments&nbsp;: classe&nbsp;I<\/div>\n<\/div>\n<div style=\"width: auto;\">\n<div style=\"min-width: 300px; max-width: 300px; word-wrap: break-word; float: left;\">Garantie : AUCUNE<\/div>\n<div style=\"min-width: 300px; max-width: 300px; word-wrap: break-word; float: left;\">Service apr\u00e8s-vente&nbsp;: formation sur site<\/div>\n<\/div>\n<div style=\"width: auto;\">\n<div style=\"min-width: 300px; max-width: 300px; word-wrap: break-word; float: left;\">Mat\u00e9riel:Acier<\/div>\n<div style=\"min-width: 300px; max-width: 300px; word-wrap: break-word; float: left;\">Utilisation : \u00e9quipement d&rsquo;entra\u00eenement pour enfants.<\/div>\n<\/div>\n<div style=\"width: auto;\">\n<div style=\"min-width: 300px; max-width: 300px; word-wrap: break-word; float: left;\">Couleur bleue<\/div>\n<div style=\"min-width: 300px; max-width: 300px; word-wrap: break-word; float: left;\">Taille:130*98*68cm<\/div>\n<\/div>\n","protected":false},"featured_media":12697,"comment_status":"closed","ping_status":"closed","template":"","meta":[],"product_cat":[159],"product_tag":[],"class_list":["post-13182","product","type-product","status-publish","has-post-thumbnail","hentry","product_cat-machine-debout-de-reeducation"],"_links":{"self":[{"href":"https:\/\/anbanjia.com.cn\/fr\/wp-json\/wp\/v2\/product\/13182","targetHints":{"allow":["GET"]}}],"collection":[{"href":"https:\/\/anbanjia.com.cn\/fr\/wp-json\/wp\/v2\/product"}],"about":[{"href":"https:\/\/anbanjia.com.cn\/fr\/wp-json\/wp\/v2\/types\/product"}],"replies":[{"embeddable":true,"href":"https:\/\/anbanjia.com.cn\/fr\/wp-json\/wp\/v2\/comments?post=13182"}],"wp:featuredmedia":[{"embeddable":true,"href":"https:\/\/anbanjia.com.cn\/fr\/wp-json\/wp\/v2\/media\/12697"}],"wp:attachment":[{"href":"https:\/\/anbanjia.com.cn\/fr\/wp-json\/wp\/v2\/media?parent=13182"}],"wp:term":[{"taxonomy":"product_cat","embeddable":true,"href":"https:\/\/anbanjia.com.cn\/fr\/wp-json\/wp\/v2\/product_cat?post=13182"},{"taxonomy":"product_tag","embeddable":true,"href":"https:\/\/anbanjia.com.cn\/fr\/wp-json\/wp\/v2\/product_tag?post=13182"}],"curies":[{"name":"wp","href":"https:\/\/api.w.org\/{rel}","templated":true}]}}