{"id":13181,"date":"2022-05-02T18:02:28","date_gmt":"2022-05-02T18:02:28","guid":{"rendered":"https:\/\/www.anbanjia.com.cn\/product\/equipements-de-physiotherapie-dispositif-de-reeducation-de-la-main-pour-lhemiplegie-de-lavc-recuperation-de-la-fonction-de-la-main-entraineur-de-doigt-de-la-main\/"},"modified":"2022-05-02T18:02:28","modified_gmt":"2022-05-02T18:02:28","slug":"equipements-de-kinesitherapie-dispositif-de-readaptation-de-la-main-pour-l-hemiplegie-fonction-de-la-main-recuperation-entrainement-des-doigts-de-la-main","status":"publish","type":"product","link":"https:\/\/anbanjia.com.cn\/fr\/produit\/equipements-de-kinesitherapie-dispositif-de-readaptation-de-la-main-pour-l-hemiplegie-fonction-de-la-main-recuperation-entrainement-des-doigts-de-la-main\/","title":{"rendered":"\u00c9quipements de physioth\u00e9rapie Dispositif de r\u00e9\u00e9ducation de la main pour l&rsquo;h\u00e9mipl\u00e9gie de l&rsquo;AVC R\u00e9cup\u00e9ration de la fonction de la main Entra\u00eeneur de doigt de la main"},"content":{"rendered":"<div style=\"max-width: 750px;margin: 0 auto;\">\n<div data-magic-global=\"%7B%22bizId%22%3A3215165050%2C%22pageId%22%3A21037208403%2C%22siteId%22%3A5005610021%7D\" id=\"detail_decorate_root\">\n<div class=\"J_module\" module-id=\"28139372500\" module-title=\"detailVerticalImageText\" render=\"true\">\n<div class=\"icbu-pc-images magic-1\">\n<div>\n<div class=\"flex-layout-v\">\n<div class=\"flex-layout-h magic-1\">\n<div class=\"magic-2\"><img decoding=\"async\" class=\"magic-3\" data-src=\"\" src=\"https:\/\/anbanjia.com.cn\/wp-content\/uploads\/2022\/05\/Hde5440cdfd8444df9bef926467036ab4e.jpg\" style=\"max-width: 750;\"><\/div>\n<\/div>\n<\/div>\n<\/div>\n<div class=\"text-wrapper-below text-theme-light text-align-left\">\n<div class=\"text-title\">D\u00e9tail:<\/div>\n<div class=\"text-content\"><span><span>Combin\u00e9 \u00e0 la technologie robotique flexible et aux neurosciences, il peut aider les patients \u00e0 ma\u00eetriser la flexion et l&rsquo;extension des doigts, \u00e0 r\u00e9duire la tension musculaire de la main, \u00e0 soulager l&rsquo;\u0153d\u00e8me et la raideur, \u00e0 favoriser la r\u00e9\u00e9ducation des l\u00e9sions nerveuses c\u00e9r\u00e9brales par l&rsquo;exercice, \u00e0 am\u00e9liorer l&rsquo;activit\u00e9 de la main et \u00e0 acc\u00e9l\u00e9rer la r\u00e9\u00e9ducation de la fonction de la main.<\/p>\n<p>Le gant de robot de r\u00e9\u00e9ducation a un effet significatif sur le dysfonctionnement de la main caus\u00e9 par les sympt\u00f4mes suivants&nbsp;:<br \/>\n1. accident vasculaire c\u00e9r\u00e9bral\/h\u00e9morragie c\u00e9r\u00e9brale\/infarctus c\u00e9r\u00e9bral<br \/>\n2. l\u00e9sion incompl\u00e8te de la moelle \u00e9pini\u00e8re<br \/>\n3. l\u00e9sion c\u00e9r\u00e9brale, h\u00e9mipl\u00e9gie<br \/>\n4. scl\u00e9rose en plaques<br \/>\n5. retard de croissance de l&rsquo;enfant<\/span><\/span><\/div>\n<\/div>\n<\/div>\n<\/div>\n<div class=\"J_module\" module-id=\"28128036391\" module-title=\"detailManyImage\" render=\"true\">\n<div class=\"icbu-pc-detailManyImage magic-4\">\n<div class=\"magic-5\"><img decoding=\"async\" class=\"magic-6\" data-src=\"\" src=\"https:\/\/anbanjia.com.cn\/wp-content\/uploads\/2022\/05\/H0fe5818cccbe49109c8d53cdea9340d0W.jpg\"><\/div>\n<div class=\"magic-5\"><img decoding=\"async\" class=\"magic-6\" data-src=\"\" src=\"https:\/\/anbanjia.com.cn\/wp-content\/uploads\/2022\/05\/H7709a76d4cf54a05a98b87c7ddf3f0228.jpg\"><\/div>\n<div class=\"magic-5\"><img decoding=\"async\" class=\"magic-6\" data-src=\"\" src=\"https:\/\/anbanjia.com.cn\/wp-content\/uploads\/2022\/05\/H773edf2fc0ef4a0ca68b9c6b104c79b6X.jpg\"><\/div>\n<div class=\"magic-5\"><img decoding=\"async\" class=\"magic-6\" data-src=\"\" src=\"https:\/\/anbanjia.com.cn\/wp-content\/uploads\/2022\/05\/H322cb4b5878743bf957b8652f5986d8ad.jpg\"><\/div>\n<div class=\"magic-5\"><img decoding=\"async\" class=\"magic-6\" data-src=\"\" src=\"https:\/\/anbanjia.com.cn\/wp-content\/uploads\/2022\/05\/Ha1c1847b05a84b1ab502f407fdabf57b9.jpg\"><\/div>\n<div class=\"magic-5\"><img decoding=\"async\" class=\"magic-6\" data-src=\"\" src=\"https:\/\/anbanjia.com.cn\/wp-content\/uploads\/2022\/05\/H06c14a38e33347a3a8a7b803d42c958az.jpg\"><\/div>\n<div class=\"magic-5\"><img decoding=\"async\" class=\"magic-6\" data-src=\"\" src=\"https:\/\/anbanjia.com.cn\/wp-content\/uploads\/2022\/05\/Hce611d42308349d19173588ea7c5c03f2.jpg\"><\/div>\n<div class=\"magic-5\"><img decoding=\"async\" class=\"magic-6\" data-src=\"\" src=\"https:\/\/anbanjia.com.cn\/wp-content\/uploads\/2022\/05\/Hd92de5057cf9410ab86f3fb5b312cec4C.png\"><\/div>\n<div class=\"magic-5\"><img decoding=\"async\" class=\"magic-6\" data-src=\"\" src=\"https:\/\/anbanjia.com.cn\/wp-content\/uploads\/2022\/05\/Hd77fd019b6664853a801f92edf116b2dA.png\"><\/div>\n<div class=\"magic-5\"><img decoding=\"async\" class=\"magic-6\" data-src=\"\" src=\"https:\/\/anbanjia.com.cn\/wp-content\/uploads\/2022\/05\/Hc2f5d0c08d28468e89228719f6e4a2d7Q.png\"><\/div>\n<\/div>\n<\/div><\/div>\n<\/div>\n","protected":false},"excerpt":{"rendered":"<div style=\"width:auto\">\n<div style=\"min-width: 300px;max-width: 300px;word-wrap: break-word;float: left\">Propri\u00e9t\u00e9s : fournitures de th\u00e9rapie de r\u00e9adaptation. <\/div>\n<div style=\"min-width: 300px;max-width: 300px;word-wrap: break-word;float: left\">Lieu d&rsquo;origine&nbsp;: Guangdong, Chine<\/div>\n<\/p><\/div>\n<div style=\"width:auto\">\n<div style=\"min-width: 300px;max-width: 300px;word-wrap: break-word;float: left\">Fonction : r\u00e9cup\u00e9ration de la fonction du doigt de la main. <\/div>\n<div style=\"min-width: 300px;max-width: 300px;word-wrap: break-word;float: left\">Num\u00e9ro de mod\u00e8le : C11<\/div>\n<\/p><\/div>\n<div style=\"width:auto\">\n<div style=\"min-width: 300px;max-width: 300px;word-wrap: break-word;float: left\">Application : main, doigt, poignet <\/div>\n<div style=\"min-width: 300px;max-width: 300px;word-wrap: break-word;float: left\">Puissance&nbsp;: 15&nbsp;W<\/div>\n<\/p><\/div>\n<div style=\"width:auto\">\n<div style=\"min-width: 300px;max-width: 300px;word-wrap: break-word;float: left\">Tension&nbsp;: 100 ~ 240&nbsp;V <\/div>\n<div style=\"min-width: 300px;max-width: 300px;word-wrap: break-word;float: left\">Tension de charge nominale : 5v2A<\/div>\n<\/p><\/div>\n<div style=\"width:auto\">\n<div style=\"min-width: 300px;max-width: 300px;word-wrap: break-word;float: left\">R\u00e9glage de l&rsquo;heure&nbsp;: 0-20&nbsp;min <\/div>\n<div style=\"min-width: 300px;max-width: 300px;word-wrap: break-word;float: left\">Taille : S-XL<\/div>\n<\/p><\/div>\n<div>Emballage personnalis\u00e9 (Min. Commande : 1000 Pi\u00e8ces)<\/div>\n","protected":false},"featured_media":5531,"comment_status":"closed","ping_status":"closed","template":"","meta":[],"product_cat":[153],"product_tag":[],"class_list":["post-13181","product","type-product","status-publish","has-post-thumbnail","hentry","product_cat-machine-dentrainement-de-reeducation"],"_links":{"self":[{"href":"https:\/\/anbanjia.com.cn\/fr\/wp-json\/wp\/v2\/product\/13181","targetHints":{"allow":["GET"]}}],"collection":[{"href":"https:\/\/anbanjia.com.cn\/fr\/wp-json\/wp\/v2\/product"}],"about":[{"href":"https:\/\/anbanjia.com.cn\/fr\/wp-json\/wp\/v2\/types\/product"}],"replies":[{"embeddable":true,"href":"https:\/\/anbanjia.com.cn\/fr\/wp-json\/wp\/v2\/comments?post=13181"}],"wp:featuredmedia":[{"embeddable":true,"href":"https:\/\/anbanjia.com.cn\/fr\/wp-json\/wp\/v2\/media\/5531"}],"wp:attachment":[{"href":"https:\/\/anbanjia.com.cn\/fr\/wp-json\/wp\/v2\/media?parent=13181"}],"wp:term":[{"taxonomy":"product_cat","embeddable":true,"href":"https:\/\/anbanjia.com.cn\/fr\/wp-json\/wp\/v2\/product_cat?post=13181"},{"taxonomy":"product_tag","embeddable":true,"href":"https:\/\/anbanjia.com.cn\/fr\/wp-json\/wp\/v2\/product_tag?post=13181"}],"curies":[{"name":"wp","href":"https:\/\/api.w.org\/{rel}","templated":true}]}}