{"id":13177,"date":"2022-05-02T18:02:30","date_gmt":"2022-05-02T18:02:30","guid":{"rendered":"https:\/\/www.anbanjia.com.cn\/product\/machine-dexercice-a-la-maison-multi-muscle-automatique-de-jambe-de-doigt-de-pedale-utilisee-au-pakistan\/"},"modified":"2022-05-02T18:02:30","modified_gmt":"2022-05-02T18:02:30","slug":"pedale-automatique-doigt-jambe-multi-muscle-machine-dexercice-a-domicile-utilise-au-pakistan","status":"publish","type":"product","link":"https:\/\/anbanjia.com.cn\/fr\/produit\/pedale-automatique-doigt-jambe-multi-muscle-machine-dexercice-a-domicile-utilise-au-pakistan\/","title":{"rendered":"Machine d&rsquo;exercice \u00e0 la maison multi-muscle automatique de jambe de doigt de p\u00e9dale utilis\u00e9e au Pakistan"},"content":{"rendered":"<div style=\"max-width: 750px; margin: 0 auto;\">\n<div id=\"detail_decorate_root\" data-magic-global=\"%7B%22bizId%22%3A3215165050%2C%22pageId%22%3A20115955513%2C%22siteId%22%3A5005610021%7D\">\n<div class=\"J_module\">\n<div class=\"detail-decorate-json-renderer-container\">\n<div class=\"magic-0\">\n<div class=\"magic-1\">\n<div class=\"magic-2\">\n<div class=\"magic-3\">\n<div class=\"magic-4\"><b><span class=\"magic-5\">Appareil de r\u00e9\u00e9ducation<\/span><\/b><\/div>\n<div class=\"magic-4\"><b><span class=\"magic-6\"> <\/span><\/b><\/div>\n<div class=\"magic-4\"><b><span class=\"magic-6\"> Peut aider les patients \u00e0 suivre ensemble une formation de r\u00e9adaptation<\/span><\/b><\/div>\n<\/div>\n<\/div>\n<\/div>\n<\/div>\n<\/div>\n<\/div>\n<div class=\"J_module\">\n<div class=\"ife-detail-decorate-table\">\n<table class=\"has-title hight-light-first-column all magic-7\">\n<tbody>\n<tr>\n<td colspan=\"1\" rowspan=\"1\">\n<div class=\"magic-8\">\n<div class=\"magic-4\" data-spm-anchor-id=\"a2700.pc-decorate.0.i52.2de03333C1ANe9\">Nom<\/div>\n<\/div>\n<\/td>\n<td colspan=\"1\" rowspan=\"1\">\n<div class=\"magic-9\">\n<div class=\"magic-4\" data-spm-anchor-id=\"a2700.pc-decorate.0.i53.2de03333C1ANe9\">Appareil de r\u00e9\u00e9ducation<\/div>\n<\/div>\n<\/td>\n<td colspan=\"1\" rowspan=\"1\">\n<div class=\"magic-10\">\n<div class=\"magic-4\" data-spm-anchor-id=\"a2700.pc-decorate.0.i50.2de03333C1ANe9\">Tension<\/div>\n<\/div>\n<\/td>\n<td colspan=\"1\" rowspan=\"1\">\n<div class=\"magic-11\">\n<div class=\"magic-4\" data-spm-anchor-id=\"a2700.pc-decorate.0.i51.2de03333C1ANe9\">220V\/50Hz<\/div>\n<\/div>\n<\/td>\n<\/tr>\n<tr>\n<td colspan=\"1\" rowspan=\"1\">\n<div class=\"magic-8\">\n<div class=\"magic-4\">Moteur<\/div>\n<\/div>\n<\/td>\n<td colspan=\"1\" rowspan=\"1\">\n<div class=\"magic-9\">\n<div class=\"magic-4\">75W<\/div>\n<\/div>\n<\/td>\n<td colspan=\"1\" rowspan=\"1\">\n<div class=\"magic-10\">\n<div class=\"magic-4\">Mat\u00e9riel<\/div>\n<\/div>\n<\/td>\n<td colspan=\"1\" rowspan=\"1\">\n<div class=\"magic-11\">\n<div class=\"magic-4\">ABS + PP + FER<\/div>\n<\/div>\n<\/td>\n<\/tr>\n<tr>\n<td colspan=\"1\" rowspan=\"1\">\n<div class=\"magic-8\">\n<div class=\"magic-4\">Poids brut<\/div>\n<\/div>\n<\/td>\n<td colspan=\"1\" rowspan=\"1\">\n<div class=\"magic-9\">\n<div class=\"magic-4\">9.5KG<\/div>\n<\/div>\n<\/td>\n<td colspan=\"1\" rowspan=\"1\">\n<div class=\"magic-10\">\n<div class=\"magic-4\">Poids de charge maximal<\/div>\n<\/div>\n<\/td>\n<td colspan=\"1\" rowspan=\"1\">\n<div class=\"magic-11\">\n<div class=\"magic-4\">120KG<\/div>\n<\/div>\n<\/td>\n<\/tr>\n<tr>\n<td colspan=\"1\" rowspan=\"1\">\n<div class=\"magic-8\">\n<div class=\"magic-4\">Poids net<\/div>\n<\/div>\n<\/td>\n<td colspan=\"1\" rowspan=\"1\">\n<div class=\"magic-9\">\n<div class=\"magic-4\">8,0&nbsp;KG<\/div>\n<\/div>\n<\/td>\n<td colspan=\"1\" rowspan=\"1\">\n<div class=\"magic-10\">\n<div class=\"magic-4\">Gradations du produit<\/div>\n<\/div>\n<\/td>\n<td colspan=\"1\" rowspan=\"1\">\n<div class=\"magic-11\">\n<div class=\"magic-4\">45x32x32CM<\/div>\n<\/div>\n<\/td>\n<\/tr>\n<\/tbody>\n<\/table>\n<\/div>\n<\/div>\n<div class=\"J_module\">\n<div class=\"icbu-pc-detailVideoShow magic-12\" data-magic=\"{\"mds\":{\"assetsVersion\":\"0.0.6\",\"assetsPackageName\":\"icbumod\",\"moduleNameAlias\":\"icbu-pc-detailVideoShow\",\"moduleData\":{\"videoInfo\":{\"coverUrl\":\"https:\/\/sc04.alicdn.com\/kf\/He6ca38f1e51848118fecf77cedb9bc71K.jpg\",\"duration\":64,\"fileSize\":\"7627078\",\"videoName\":\"\u89c6\u9891.mp4\",\"videoId\":295611696262},\"hideBottom\":false}},\"version\":1}\"><\/div>\n<\/div>\n<div class=\"J_module\">\n<div class=\"icbu-pc-detailManyImage magic-13\">\n<div class=\"magic-14\"><img decoding=\"async\" class=\"magic-15\" style=\"max-width: 750;\" src=\"https:\/\/anbanjia.com.cn\/wp-content\/uploads\/2022\/05\/HTB1bvYsXcfrK1Rjy0Fmq6xhEXXaS.jpg\" data-src=\"\"><\/div>\n<div class=\"magic-14\"><img decoding=\"async\" class=\"magic-15\" src=\"https:\/\/anbanjia.com.cn\/wp-content\/uploads\/2022\/05\/HTB1c0SEdQvoK1RjSZPfq6xPKFXaC.jpg\" data-src=\"\"><\/div>\n<div class=\"magic-14\"><img decoding=\"async\" class=\"magic-15\" src=\"https:\/\/anbanjia.com.cn\/wp-content\/uploads\/2022\/05\/HTB1_avsXiDxK1Rjy1zcq6yGeXXaa.jpg\" data-src=\"\"><\/div>\n<div class=\"magic-14\"><img decoding=\"async\" class=\"magic-15\" src=\"https:\/\/anbanjia.com.cn\/wp-content\/uploads\/2022\/05\/HTB1o6ywdPDpK1RjSZFrq6y78VXag.jpg\" data-src=\"\"><\/div>\n<div class=\"magic-14\"><img decoding=\"async\" class=\"magic-15\" src=\"https:\/\/anbanjia.com.cn\/wp-content\/uploads\/2022\/05\/HTB1M5vsXojrK1RkHFNR761SvpXal.jpg\" data-src=\"\"><\/div>\n<div><img decoding=\"async\" src=\"https:\/\/s.alicdn.com\/@sc04\/kf\/He20b7e63d9904f56affa89608cc70c79A\/230438700\/He20b7e63d9904f56affa89608cc70c79A.jpg?quality=close\"><img decoding=\"async\" src=\"https:\/\/s.alicdn.com\/@sc04\/kf\/H0d98a1c526ad49f4ba43398cbcb5b09bB\/230438700\/H0d98a1c526ad49f4ba43398cbcb5b09bB.png?quality=close\"><\/div>\n<\/div>\n<\/div>\n<\/div>\n<\/div>\n","protected":false},"excerpt":{"rendered":"<p>&nbsp;<\/p>\n<div style=\"width: auto;\">\n<div style=\"min-width: 300px; max-width: 300px; word-wrap: break-word; float: left;\">Propri\u00e9t\u00e9s : fournitures de th\u00e9rapie de r\u00e9adaptation.<\/div>\n<div style=\"min-width: 300px; max-width: 300px; word-wrap: break-word; float: left;\">Lieu d&rsquo;origine&nbsp;: Guangdong, Chine<\/div>\n<\/div>\n<div style=\"width: auto;\">\n<div style=\"min-width: 300px; max-width: 300px; word-wrap: break-word; float: left;\">Nom de marque: Anabnjia<\/div>\n<div style=\"min-width: 300px; max-width: 300px; word-wrap: break-word; float: left;\">Num\u00e9ro de mod\u00e8le : ABJ-105<\/div>\n<\/div>\n<div style=\"width: auto;\">\n<div style=\"min-width: 300px; max-width: 300px; word-wrap: break-word; float: left;\">Type : \u00e9quipements de s\u00e9curit\u00e9 pour salle de bain.<\/div>\n<div style=\"min-width: 300px; max-width: 300px; word-wrap: break-word; float: left;\">Mat\u00e9riel:ABS + PP + FER<\/div>\n<\/div>\n<div style=\"width: auto;\">\n<div style=\"min-width: 300px; max-width: 300px; word-wrap: break-word; float: left;\">Couleur bleue<\/div>\n<div style=\"min-width: 300px; max-width: 300px; word-wrap: break-word; float: left;\">Partie main: manuel, r\u00e9glage de l&rsquo;angle<\/div>\n<\/div>\n<div style=\"width: auto;\">\n<div style=\"min-width: 300px; max-width: 300px; word-wrap: break-word; float: left;\">Partie pied : manuel\/\u00e9lectrique, une voie de rotation<\/div>\n<div style=\"min-width: 300px; max-width: 300px; word-wrap: break-word; float: left;\">Tension&nbsp;: 220&nbsp;V\/50&nbsp;Hz<\/div>\n<\/div>\n<div style=\"width: auto;\">\n<div style=\"min-width: 300px; max-width: 300px; word-wrap: break-word; float: left;\">Moteur&nbsp;: 75&nbsp;W<\/div>\n<div style=\"min-width: 300px; max-width: 300px; word-wrap: break-word; float: left;\">Dimensions du produit : 52 x 34 x 87 cm.<\/div>\n<\/div>\n<div style=\"width: auto;\">\n<div style=\"min-width: 300px; max-width: 300px; word-wrap: break-word; float: left;\">Poids net&nbsp;: 8,5&nbsp;KG<\/div>\n<div style=\"min-width: 300px; max-width: 300px; word-wrap: break-word; float: left;\">Poids de charge maximal&nbsp;: 120&nbsp;KGS<\/div>\n<\/div>\n<div>Logo personnalis\u00e9(Min. Commande : 200 pi\u00e8ces)<\/div>\n<div>Emballage personnalis\u00e9(Min. Commande : 200 pi\u00e8ces)<\/div>\n","protected":false},"featured_media":5589,"comment_status":"closed","ping_status":"closed","template":"","meta":[],"product_cat":[153],"product_tag":[],"class_list":["post-13177","product","type-product","status-publish","has-post-thumbnail","hentry","product_cat-machine-dentrainement-de-reeducation"],"_links":{"self":[{"href":"https:\/\/anbanjia.com.cn\/fr\/wp-json\/wp\/v2\/product\/13177","targetHints":{"allow":["GET"]}}],"collection":[{"href":"https:\/\/anbanjia.com.cn\/fr\/wp-json\/wp\/v2\/product"}],"about":[{"href":"https:\/\/anbanjia.com.cn\/fr\/wp-json\/wp\/v2\/types\/product"}],"replies":[{"embeddable":true,"href":"https:\/\/anbanjia.com.cn\/fr\/wp-json\/wp\/v2\/comments?post=13177"}],"wp:featuredmedia":[{"embeddable":true,"href":"https:\/\/anbanjia.com.cn\/fr\/wp-json\/wp\/v2\/media\/5589"}],"wp:attachment":[{"href":"https:\/\/anbanjia.com.cn\/fr\/wp-json\/wp\/v2\/media?parent=13177"}],"wp:term":[{"taxonomy":"product_cat","embeddable":true,"href":"https:\/\/anbanjia.com.cn\/fr\/wp-json\/wp\/v2\/product_cat?post=13177"},{"taxonomy":"product_tag","embeddable":true,"href":"https:\/\/anbanjia.com.cn\/fr\/wp-json\/wp\/v2\/product_tag?post=13177"}],"curies":[{"name":"wp","href":"https:\/\/api.w.org\/{rel}","templated":true}]}}