{"id":13173,"date":"2022-05-02T18:02:31","date_gmt":"2022-05-02T18:02:31","guid":{"rendered":"https:\/\/www.anbanjia.com.cn\/product\/machine-et-equipement-dexercice-de-bras-et-de-jambe-de-cycle-automatique-de-muscle-multi-au-pakistan-pour-des-personnes-agees\/"},"modified":"2022-05-02T18:02:31","modified_gmt":"2022-05-02T18:02:31","slug":"machine-et-equipement-dexercice-et-dexercice-multi-muscle-automatique-pour-les-bras-et-les-jambes-au-pakistan-pour-les-personnes-agees","status":"publish","type":"product","link":"https:\/\/anbanjia.com.cn\/fr\/produit\/machine-et-equipement-dexercice-et-dexercice-multi-muscle-automatique-pour-les-bras-et-les-jambes-au-pakistan-pour-les-personnes-agees\/","title":{"rendered":"Machine et \u00e9quipement d&rsquo;exercice de bras et de jambe de cycle automatique de muscle multi au Pakistan pour des personnes \u00e2g\u00e9es"},"content":{"rendered":"<div style=\"max-width: 750px;margin: 0 auto;\">\n<div data-magic-global=\"%7B%22bizId%22%3A3215165050%2C%22pageId%22%3A20107361225%2C%22siteId%22%3A5005610021%7D\" id=\"detail_decorate_root\">\n<div class=\"J_module\" module-id=\"23448574253\" module-title=\"detailTextContent\" render=\"true\">\n<div class=\"detail-decorate-json-renderer-container\">\n<div class=\"magic-0\">\n<div class=\"magic-1\">\n<div class=\"magic-2\">\n<div class=\"magic-3\">\n<div class=\"magic-4\"><font class=\"magic-5\"><b class=\"magic-6\">Machine et \u00e9quipement d&rsquo;exercice de bras et de jambe de cycle automatique de muscle multi au Pakistan pour des personnes \u00e2g\u00e9es<\/b><\/font><\/div>\n<\/div>\n<\/div>\n<\/div>\n<\/div>\n<\/div>\n<\/div>\n<div class=\"J_module\" module-id=\"23602901602\" module-title=\"detailTableTitleHightLight\" render=\"true\">\n<div class=\"ife-detail-decorate-table\">\n<table class=\"has-title hight-light-first-column all magic-7\">\n<tbody>\n<tr>\n<td colspan=\"1\" rowspan=\"1\">\n<div class=\"magic-8\">\n<div class=\"magic-4\">Mat\u00e9riel<\/div>\n<\/div>\n<\/td>\n<td colspan=\"1\" rowspan=\"1\">\n<div class=\"magic-9\">\n<div class=\"magic-4\">ABS + PP + FER<\/div>\n<\/div>\n<\/td>\n<td colspan=\"1\" rowspan=\"1\">\n<div class=\"magic-10\">\n<div class=\"magic-4\">Tension<\/div>\n<\/div>\n<\/td>\n<td colspan=\"1\" rowspan=\"1\">\n<div class=\"magic-9\">\n<div class=\"magic-4\">220V\/50Hz<\/div>\n<\/div>\n<\/td>\n<\/tr>\n<tr>\n<td colspan=\"1\" rowspan=\"1\">\n<div class=\"magic-8\">\n<div class=\"magic-4\">Poids de charge maximal<\/div>\n<\/div>\n<\/td>\n<td colspan=\"1\" rowspan=\"1\">\n<div class=\"magic-9\">\n<div class=\"magic-4\">120KG<\/div>\n<\/div>\n<\/td>\n<td colspan=\"1\" rowspan=\"1\">\n<div class=\"magic-10\">\n<div class=\"magic-4\">Moteur<\/div>\n<\/div>\n<\/td>\n<td colspan=\"1\" rowspan=\"1\">\n<div class=\"magic-9\">\n<div class=\"magic-4\">75W<\/div>\n<\/div>\n<\/td>\n<\/tr>\n<tr>\n<td colspan=\"1\" rowspan=\"1\">\n<div class=\"magic-8\">\n<div class=\"magic-4\">Poids brut<\/div>\n<\/div>\n<\/td>\n<td colspan=\"1\" rowspan=\"1\">\n<div class=\"magic-9\">\n<div class=\"magic-4\">13,2 kg<\/div>\n<\/div>\n<\/td>\n<td colspan=\"1\" rowspan=\"1\">\n<div class=\"magic-10\">\n<div class=\"magic-4\">Gradations du produit<\/div>\n<\/div>\n<\/td>\n<td colspan=\"1\" rowspan=\"1\">\n<div class=\"magic-9\">\n<div class=\"magic-4\">48x33x87CM<\/div>\n<\/div>\n<\/td>\n<\/tr>\n<tr>\n<td colspan=\"1\" rowspan=\"1\">\n<div class=\"magic-8\">\n<div class=\"magic-4\">Poids net<\/div>\n<\/div>\n<\/td>\n<td colspan=\"1\" rowspan=\"1\">\n<div class=\"magic-9\">\n<div class=\"magic-4\">12,0&nbsp;KG<\/div>\n<\/div>\n<\/td>\n<td colspan=\"1\" rowspan=\"1\">\n<div class=\"magic-10\">\n<div class=\"magic-4\">Dimensions d&#8217;emballage<\/div>\n<\/div>\n<\/td>\n<td colspan=\"1\" rowspan=\"1\">\n<div class=\"magic-9\">\n<div class=\"magic-4\">52x35x85CM<\/div>\n<\/div>\n<\/td>\n<\/tr>\n<\/tbody>\n<\/table>\n<\/div>\n<\/div>\n<div class=\"J_module\" module-id=\"23448574254\" module-title=\"detailManyImage\" render=\"true\">\n<div class=\"icbu-pc-detailManyImage magic-11\">\n<div class=\"magic-12\"><img decoding=\"async\" class=\"magic-13\" data-src=\"\" src=\"https:\/\/anbanjia.com.cn\/wp-content\/uploads\/2022\/05\/Hbe52ab388a3945439628ab53a7388fc81.jpg\" style=\"max-width: 750;\"><\/div>\n<div class=\"magic-12\"><img decoding=\"async\" class=\"magic-13\" data-src=\"\" src=\"https:\/\/anbanjia.com.cn\/wp-content\/uploads\/2022\/05\/He645f0516f83430988bc42f8595bce64i.jpg\"><\/div>\n<div class=\"magic-12\"><img decoding=\"async\" class=\"magic-13\" data-src=\"\" src=\"https:\/\/anbanjia.com.cn\/wp-content\/uploads\/2022\/05\/H66fcba774efe4404883aa6924b0152996.png\"><\/div>\n<div class=\"magic-12\"><img decoding=\"async\" class=\"magic-13\" data-src=\"\" src=\"https:\/\/anbanjia.com.cn\/wp-content\/uploads\/2022\/05\/H95d54eaa1d3649eab73f3804f79a27cbD.jpg\"><\/div>\n<div class=\"magic-12\"><img decoding=\"async\" class=\"magic-13\" data-src=\"\" src=\"https:\/\/anbanjia.com.cn\/wp-content\/uploads\/2022\/05\/H713b5658e8d348ffbd0076f9faec407di.jpg\"><\/div>\n<div class=\"magic-12\"><img decoding=\"async\" class=\"magic-13\" data-src=\"\" src=\"https:\/\/anbanjia.com.cn\/wp-content\/uploads\/2022\/05\/HTB1DJHzXffsK1RjSszgq6yXzpXa2.jpg\"><\/div>\n<div class=\"magic-12\"><img decoding=\"async\" class=\"magic-13\" data-src=\"\" src=\"https:\/\/anbanjia.com.cn\/wp-content\/uploads\/2022\/05\/HTB1T9LyXcfrK1RjSszcq6xGGFXaU.jpg\"><\/div>\n<\/div>\n<\/div>\n<div class=\"J_module\" module-id=\"23602901603\" module-title=\"detailSingleImage\" render=\"true\">\n<div class=\"icbu-pc-images magic-14\">\n<div>\n<div class=\"flex-layout-v\">\n<div class=\"flex-layout-h magic-14\">\n<div class=\"magic-15\"><img decoding=\"async\" class=\"magic-16\" data-src=\"\" src=\"https:\/\/anbanjia.com.cn\/wp-content\/uploads\/2022\/05\/H0d98a1c526ad49f4ba43398cbcb5b09bB.png\"><\/div>\n<\/div>\n<\/div>\n<\/div>\n<\/div>\n<\/div><\/div>\n<\/div>\n","protected":false},"excerpt":{"rendered":"<div style=\"width:auto\">\n<div style=\"min-width: 300px;max-width: 300px;word-wrap: break-word;float: left\">Propri\u00e9t\u00e9s : fournitures de th\u00e9rapie de r\u00e9adaptation. <\/div>\n<div style=\"min-width: 300px;max-width: 300px;word-wrap: break-word;float: left\">Lieu d&rsquo;origine&nbsp;: Guangdong, Chine<\/div>\n<\/p><\/div>\n<div style=\"width:auto\">\n<div style=\"min-width: 300px;max-width: 300px;word-wrap: break-word;float: left\">Nom de marque:Anbanjia <\/div>\n<div style=\"min-width: 300px;max-width: 300px;word-wrap: break-word;float: left\">Num\u00e9ro de mod\u00e8le&nbsp;: ABJ-107-2<\/div>\n<\/p><\/div>\n<div style=\"width:auto\">\n<div style=\"min-width: 300px;max-width: 300px;word-wrap: break-word;float: left\">Type : \u00e9quipements de s\u00e9curit\u00e9 pour salle de bain. <\/div>\n<div style=\"min-width: 300px;max-width: 300px;word-wrap: break-word;float: left\">Mat\u00e9riel:ABS + PP + FER<\/div>\n<\/p><\/div>\n<div style=\"width:auto\">\n<div style=\"min-width: 300px;max-width: 300px;word-wrap: break-word;float: left\">La couleur verte <\/div>\n<div style=\"min-width: 300px;max-width: 300px;word-wrap: break-word;float: left\">Partie \u00e0 main&nbsp;: manuelle\/\u00e9lectrique, rotation et contre-rotation, 10&nbsp;niveaux<\/div>\n<\/p><\/div>\n<div style=\"width:auto\">\n<div style=\"min-width: 300px;max-width: 300px;word-wrap: break-word;float: left\">Partie pied&nbsp;: manuelle\/\u00e9lectrique, rotation et contre-rotation, 10&nbsp;niveaux <\/div>\n<div style=\"min-width: 300px;max-width: 300px;word-wrap: break-word;float: left\">Tension&nbsp;: 220&nbsp;V\/50&nbsp;Hz<\/div>\n<\/p><\/div>\n<div style=\"width:auto\">\n<div style=\"min-width: 300px;max-width: 300px;word-wrap: break-word;float: left\">Moteur&nbsp;: 75&nbsp;W <\/div>\n<div style=\"min-width: 300px;max-width: 300px;word-wrap: break-word;float: left\">Dimensions du produit : 48 x 33 x 87 cm.<\/div>\n<\/p><\/div>\n<div style=\"width:auto\">\n<div style=\"min-width: 300px;max-width: 300px;word-wrap: break-word;float: left\">Poids net&nbsp;: 12,0&nbsp;KG <\/div>\n<div style=\"min-width: 300px;max-width: 300px;word-wrap: break-word;float: left\">Poids de charge maximal&nbsp;: 120&nbsp;KGS<\/div>\n<\/p><\/div>\n<div>Logo personnalis\u00e9(Min. Commande : 200 pi\u00e8ces)<\/div>\n<div>Emballage personnalis\u00e9(Min. Commande : 200 pi\u00e8ces)<\/div>\n","protected":false},"featured_media":5611,"comment_status":"closed","ping_status":"closed","template":"","meta":[],"product_cat":[153],"product_tag":[],"class_list":["post-13173","product","type-product","status-publish","has-post-thumbnail","hentry","product_cat-machine-dentrainement-de-reeducation"],"_links":{"self":[{"href":"https:\/\/anbanjia.com.cn\/fr\/wp-json\/wp\/v2\/product\/13173","targetHints":{"allow":["GET"]}}],"collection":[{"href":"https:\/\/anbanjia.com.cn\/fr\/wp-json\/wp\/v2\/product"}],"about":[{"href":"https:\/\/anbanjia.com.cn\/fr\/wp-json\/wp\/v2\/types\/product"}],"replies":[{"embeddable":true,"href":"https:\/\/anbanjia.com.cn\/fr\/wp-json\/wp\/v2\/comments?post=13173"}],"wp:featuredmedia":[{"embeddable":true,"href":"https:\/\/anbanjia.com.cn\/fr\/wp-json\/wp\/v2\/media\/5611"}],"wp:attachment":[{"href":"https:\/\/anbanjia.com.cn\/fr\/wp-json\/wp\/v2\/media?parent=13173"}],"wp:term":[{"taxonomy":"product_cat","embeddable":true,"href":"https:\/\/anbanjia.com.cn\/fr\/wp-json\/wp\/v2\/product_cat?post=13173"},{"taxonomy":"product_tag","embeddable":true,"href":"https:\/\/anbanjia.com.cn\/fr\/wp-json\/wp\/v2\/product_tag?post=13173"}],"curies":[{"name":"wp","href":"https:\/\/api.w.org\/{rel}","templated":true}]}}