{"id":13168,"date":"2022-05-02T18:02:26","date_gmt":"2022-05-02T18:02:26","guid":{"rendered":"https:\/\/www.anbanjia.com.cn\/product\/lhopital-de-readaptation-a-utilise-un-fauteuil-roulant-assis-debout-pour-les-adultes-atteints-de-paralysie-cerebrale\/"},"modified":"2022-05-02T18:02:26","modified_gmt":"2022-05-02T18:02:26","slug":"hopital-de-readaptation-utilise-assis-debout-fauteuil-roulant-pour-adultes-paralyses-cerebraux","status":"publish","type":"product","link":"https:\/\/anbanjia.com.cn\/fr\/produit\/hopital-de-readaptation-utilise-assis-debout-fauteuil-roulant-pour-adultes-paralyses-cerebraux\/","title":{"rendered":"L&rsquo;h\u00f4pital de r\u00e9adaptation a utilis\u00e9 un fauteuil roulant assis debout pour les adultes atteints de paralysie c\u00e9r\u00e9brale"},"content":{"rendered":"<div style=\"max-width: 750px;margin: 0 auto;\">\n<div class=\"mceSectionContainer\" data-section=\"AliPostDhMb-jaad0\" data-section-title=\"Product Details\" id=\"ali-anchor-AliPostDhMb-jaad0\" style=\"padding-top: 8px;\">\n<div id=\"ali-title-AliPostDhMb-jaad0\" style=\"padding: 8px 0; border-bottom: 1px solid #ddd;\"><span style=\"background-color: #ddd; color: #333; font-weight: bold; padding: 8px 10px; line-height: 12px;\">d\u00e9tails du produit<\/span><\/div>\n<div style=\"padding: 10px 0px; text-align: center;\">\n<p> <strong><span style=\"font-size: 24px;\"><span style=\"color: #0000ff;\">Fauteuil roulant de r\u00e9\u00e9ducation debout pour enfants<\/span> <\/span><\/strong><\/p>\n<table border=\"1\" style=\"border-collapse: collapse; background-color: #ffffff; width: 80%;\">\n<tbody>\n<tr>\n<td style=\"text-align: center;\"><span style=\"font-size: 18px;\"><strong>Mat\u00e9riau<\/strong><\/span><\/td>\n<td style=\"text-align: center;\"><span style=\"font-size: 18px;\"><strong>acier inoxydable<\/strong><\/span><\/td>\n<\/tr>\n<tr>\n<td style=\"text-align: center;\"><span style=\"font-size: 18px;\"><strong>Taille<\/strong><\/span><\/td>\n<td style=\"text-align: center;\">\n<p><span style=\"font-size: 18px;\"><strong>100~130*98*68cm<\/strong><\/span><\/p>\n<\/td>\n<\/tr>\n<tr>\n<td style=\"text-align: center;\"><span style=\"font-size: 18px;\"><strong>poids<\/strong><\/span><\/td>\n<td style=\"text-align: center;\"><span style=\"font-size: 18px;\"><strong>38kg<\/strong><\/span><\/td>\n<\/tr>\n<tr>\n<td style=\"text-align: center;\"><span style=\"font-size: 18px;\"><strong>taille d&#8217;emballage<\/strong><\/span><\/td>\n<td style=\"text-align: center;\"><span style=\"font-size: 18px;\"><strong>820*630*640mm<\/strong><\/span><\/td>\n<\/tr>\n<tr>\n<td style=\"text-align: center;\"><span style=\"font-size: 18px;\"><strong>couleurs<\/strong><\/span><\/td>\n<td style=\"text-align: center;\"><span style=\"font-size: 18px;\"><strong>comme le montrent l&rsquo;image<\/strong><\/span><\/td>\n<\/tr>\n<\/tbody>\n<\/table>\n<\/p><\/div>\n<\/p><\/div>\n<div class=\"mceSectionContainer\" data-section=\"AliPostDhMb-mt50f\" data-section-title=\"Product Description\" id=\"ali-anchor-AliPostDhMb-mt50f\" style=\"padding-top: 8px;\">\n<div id=\"ali-title-AliPostDhMb-mt50f\" style=\"padding: 8px 0; border-bottom: 1px solid #ddd;\"><span style=\"background-color: #ddd; color: #333; font-weight: bold; padding: 8px 10px; line-height: 12px;\">Description du produit<\/span><\/div>\n<div style=\"padding: 10px 0;\">\n<p> <img decoding=\"async\" data-alt=\"Rehabilitation hospital used staning sitting wheelchair for cerebral palsy adults\" data-src=\"\" ori-height=\"899\" ori-width=\"750\" src=\"https:\/\/anbanjia.com.cn\/wp-content\/uploads\/2022\/05\/H0149c1c5508a48c28502ba45a7bb654eu.jpg\" style=\"max-width: 750;\"><img decoding=\"async\" data-alt=\"Rehabilitation hospital used staning sitting wheelchair for cerebral palsy adults\" data-src=\"\" ori-height=\"800\" ori-width=\"800\" src=\"https:\/\/anbanjia.com.cn\/wp-content\/uploads\/2022\/05\/H415f06e6be0746e5a07cd1daf54604d44.jpg\"><\/p>\n<\/p>\n<p><strong><span style=\"font-size: 24px;\">Conception de coussin de jambe r\u00e9glable<\/span><\/strong><img decoding=\"async\" data-alt=\"Rehabilitation hospital used staning sitting wheelchair for cerebral palsy adults\" data-src=\"\" ori-height=\"606\" ori-width=\"750\" src=\"https:\/\/anbanjia.com.cn\/wp-content\/uploads\/2022\/05\/Hfdea84adb35f42eea0e590b1f0d571bdZ.jpg\"><\/p>\n<p><strong><span style=\"font-size: 24px;\">Support de cadre en acier \u00e9paissi<\/span><\/strong><\/p>\n<p><img decoding=\"async\" data-alt=\"Rehabilitation hospital used staning sitting wheelchair for cerebral palsy adults\" data-src=\"\" ori-height=\"601\" ori-width=\"750\" src=\"https:\/\/anbanjia.com.cn\/wp-content\/uploads\/2022\/05\/H125214f7ba1c45b3b42012774cfdc6caM.jpg\"><\/p>\n<\/p>\n<p><span style=\"font-size: 24px;\"><strong>Volant : 2 freins, 2 sans frein<\/strong><\/span><\/p>\n<p><img decoding=\"async\" data-alt=\"Rehabilitation hospital used staning sitting wheelchair for cerebral palsy adults\" data-src=\"\" ori-height=\"597\" ori-width=\"750\" src=\"https:\/\/anbanjia.com.cn\/wp-content\/uploads\/2022\/05\/H3a80d6ed464c4ea881a10f39375b9533C.jpg\"><\/p>\n<\/p>\n<p><strong><span style=\"font-size: 24px;\">La table peut \u00eatre ajust\u00e9e et r\u00e9tract\u00e9e<\/span><\/strong><\/p>\n<p><img decoding=\"async\" data-alt=\"Rehabilitation hospital used staning sitting wheelchair for cerebral palsy adults\" data-src=\"\" ori-height=\"591\" ori-width=\"749\" src=\"https:\/\/anbanjia.com.cn\/wp-content\/uploads\/2022\/05\/H52c6ad8ac5c74e7ea2d2f54ea9a95b96C.jpg\"><\/p>\n<\/p><\/div>\n<\/p><\/div>\n<div class=\"mceSectionContainer\" data-section=\"AliPostDhMb-kql3d\" data-section-title=\"Product Categories\" id=\"ali-anchor-AliPostDhMb-kql3d\" style=\"padding-top: 8px;\">\n<div id=\"ali-title-AliPostDhMb-kql3d\" style=\"padding: 8px 0; border-bottom: 1px solid #ddd;\"><span style=\"background-color: #ddd; color: #333; font-weight: bold; padding: 8px 10px; line-height: 12px;\">cat\u00e9gories de produits<\/span><\/div>\n<div style=\"padding: 10px 0;\">\n<p><a href=\"https:\/\/abj-medical.en.alibaba.com\/productlist.html?spm=a2700.8304367.topnav.2.\" target=\"_blank\" rel=\"noopener\"><img decoding=\"async\" data-alt=\"Rehabilitation hospital used staning sitting wheelchair for cerebral palsy adults\" data-src=\"\" ori-height=\"241\" ori-width=\"750\" src=\"https:\/\/anbanjia.com.cn\/wp-content\/uploads\/2022\/05\/HTB1TH4ZSFXXXXazXFXXq6xXFXXXm.jpg\"><\/a> <\/p>\n<\/p><\/div>\n<\/p><\/div>\n<div class=\"mceSectionContainer\" data-section=\"AliPostDhMb-l9422\" data-section-title=\"company information\" id=\"ali-anchor-AliPostDhMb-l9422\" style=\"padding-top: 8px;\">\n<div id=\"ali-title-AliPostDhMb-l9422\" style=\"padding: 8px 0; border-bottom: 1px solid #ddd;\"><span style=\"background-color: #ddd; color: #333; font-weight: bold; padding: 8px 10px; line-height: 12px;\">Informations sur la soci\u00e9t\u00e9<\/span><\/div>\n<div style=\"padding: 10px 0;\">\n<p><img decoding=\"async\" data-alt=\"Rehabilitation hospital used staning sitting wheelchair for cerebral palsy adults\" data-src=\"\" ori-height=\"944\" ori-width=\"750\" src=\"https:\/\/anbanjia.com.cn\/wp-content\/uploads\/2022\/05\/H2624fa5d782c4876bf4d35d9dc8a3fa9k.jpg\"> <\/p>\n<\/p><\/div>\n<\/p><\/div>\n<div class=\"mceSectionContainer\" data-section=\"AliPostDhMb-wn279\" data-section-title=\"certificate\" id=\"ali-anchor-AliPostDhMb-wn279\" style=\"padding-top: 8px;\">\n<div id=\"ali-title-AliPostDhMb-wn279\" style=\"padding: 8px 0; border-bottom: 1px solid #ddd;\"><span style=\"background-color: #ddd; color: #333; font-weight: bold; padding: 8px 10px; line-height: 12px;\">certificat<\/span><\/div>\n<div style=\"padding: 10px 0;\">\n<p><img decoding=\"async\" data-alt=\"Rehabilitation hospital used staning sitting wheelchair for cerebral palsy adults\" data-src=\"\" ori-height=\"365\" ori-width=\"750\" src=\"https:\/\/anbanjia.com.cn\/wp-content\/uploads\/2022\/05\/HTB1Z1olSpXXXXctXXXXq6xXFXXXu-1.jpg\"> <\/p>\n<\/p><\/div>\n<\/p><\/div>\n<div class=\"mceSectionContainer\" data-section=\"AliPostDhMb-t1zml\" data-section-title=\"produce &amp; payment\" id=\"ali-anchor-AliPostDhMb-t1zml\" style=\"padding-top: 8px;\">\n<div id=\"ali-title-AliPostDhMb-t1zml\" style=\"padding: 8px 0; border-bottom: 1px solid #ddd;\"><span style=\"background-color: #ddd; color: #333; font-weight: bold; padding: 8px 10px; line-height: 12px;\">produire et payer<\/span><\/div>\n<div style=\"padding: 10px 0;\">\n<p><img decoding=\"async\" data-alt=\"Rehabilitation hospital used staning sitting wheelchair for cerebral palsy adults\" data-src=\"\" ori-height=\"454\" ori-width=\"750\" src=\"https:\/\/anbanjia.com.cn\/wp-content\/uploads\/2022\/05\/HTB1LlvUSpXXXXbJXVXXq6xXFXXXf-1.jpg\"><img decoding=\"async\" data-alt=\"Rehabilitation hospital used staning sitting wheelchair for cerebral palsy adults\" data-src=\"\" ori-height=\"58\" ori-width=\"750\" src=\"https:\/\/anbanjia.com.cn\/wp-content\/uploads\/2022\/05\/HTB1O0UfSpXXXXaRXpXXq6xXFXXXA.jpg\"> <\/p>\n<\/p><\/div>\n<\/p><\/div>\n<div class=\"mceSectionContainer\" data-section=\"AliPostDhMb-o39ov\" data-section-title=\"contact us\" id=\"ali-anchor-AliPostDhMb-o39ov\" style=\"padding-top: 8px;\">\n<div id=\"ali-title-AliPostDhMb-o39ov\" style=\"padding: 8px 0; border-bottom: 1px solid #ddd;\"><span style=\"background-color: #ddd; color: #333; font-weight: bold; padding: 8px 10px; line-height: 12px;\">Nous contacter<\/span><\/div>\n<div style=\"padding: 10px 0;\">\n<p><img decoding=\"async\" data-alt=\"Rehabilitation hospital used staning sitting wheelchair for cerebral palsy adults\" data-src=\"\" ori-height=\"271\" ori-width=\"760\" src=\"https:\/\/anbanjia.com.cn\/wp-content\/uploads\/2022\/05\/HTB1vm0WR3HqK1RjSZFEq6AGMXXa6.jpg\"><\/p>\n<\/p><\/div>\n<\/p><\/div>\n<div class=\"mceSectionContainer\" data-section=\"AliPostDhMb-0rjmt\" data-section-title=\"Home\" id=\"ali-anchor-AliPostDhMb-0rjmt\" style=\"padding-top: 8px;\">\n<div id=\"ali-title-AliPostDhMb-0rjmt\" style=\"padding: 8px 0; border-bottom: 1px solid #ddd;\"><span style=\"background-color: #ddd; color: #333; font-weight: bold; padding: 8px 10px; line-height: 12px;\">Accueil<\/span><\/div>\n<div style=\"padding: 10px 0;\">\n<p><img decoding=\"async\" data-alt=\"Rehabilitation hospital used staning sitting wheelchair for cerebral palsy adults\" data-src=\"\" ori-height=\"172\" ori-width=\"750\" src=\"https:\/\/anbanjia.com.cn\/wp-content\/uploads\/2022\/05\/unnamed-file-3.jpg\"><\/p>\n<p><a href=\"https:\/\/abj-medical.en.alibaba.com\/?spm=a2700.8304367.topnav.1.7fb94f0d6W4Kaf\" target=\"_blank\" rel=\"noopener\"><img decoding=\"async\" data-alt=\"Rehabilitation hospital used staning sitting wheelchair for cerebral palsy adults\" data-src=\"\" ori-height=\"124\" ori-width=\"750\" src=\"https:\/\/anbanjia.com.cn\/wp-content\/uploads\/2022\/05\/HTB10aT7SpXXXXa7XFXXq6xXFXXXO-1.jpg\"><\/a> <\/p>\n<\/p><\/div>\n<\/p><\/div>\n<\/div>\n","protected":false},"excerpt":{"rendered":"<div style=\"width:auto\">\n<div style=\"min-width: 300px;max-width: 300px;word-wrap: break-word;float: left\">Propri\u00e9t\u00e9s : fournitures de th\u00e9rapie de r\u00e9adaptation. <\/div>\n<div style=\"min-width: 300px;max-width: 300px;word-wrap: break-word;float: left\">Lieu d&rsquo;origine&nbsp;: Guangdong, Chine<\/div>\n<\/p><\/div>\n<div style=\"width:auto\">\n<div style=\"min-width: 300px;max-width: 300px;word-wrap: break-word;float: left\">Nom de marque: anbanjia\/OEM <\/div>\n<div style=\"min-width: 300px;max-width: 300px;word-wrap: break-word;float: left\">Num\u00e9ro de mod\u00e8le&nbsp;: ABJ-J01<\/div>\n<\/p><\/div>\n<div style=\"width:auto\">\n<div style=\"min-width: 300px;max-width: 300px;word-wrap: break-word;float: left\">Type:Fauteuil roulant <\/div>\n<div style=\"min-width: 300px;max-width: 300px;word-wrap: break-word;float: left\">Taille du produit: 98*68*100 ~ 130 cm<\/div>\n<\/p><\/div>\n<div style=\"width:auto\">\n<div style=\"min-width: 300px;max-width: 300px;word-wrap: break-word;float: left\">Paquet:82*63*64cm <\/div>\n<div style=\"min-width: 300px;max-width: 300px;word-wrap: break-word;float: left\">Mat\u00e9riel: acier inoxydable<\/div>\n<\/p><\/div>\n","protected":false},"featured_media":5375,"comment_status":"closed","ping_status":"closed","template":"","meta":[],"product_cat":[159],"product_tag":[],"class_list":["post-13168","product","type-product","status-publish","has-post-thumbnail","hentry","product_cat-machine-debout-de-reeducation"],"_links":{"self":[{"href":"https:\/\/anbanjia.com.cn\/fr\/wp-json\/wp\/v2\/product\/13168","targetHints":{"allow":["GET"]}}],"collection":[{"href":"https:\/\/anbanjia.com.cn\/fr\/wp-json\/wp\/v2\/product"}],"about":[{"href":"https:\/\/anbanjia.com.cn\/fr\/wp-json\/wp\/v2\/types\/product"}],"replies":[{"embeddable":true,"href":"https:\/\/anbanjia.com.cn\/fr\/wp-json\/wp\/v2\/comments?post=13168"}],"wp:featuredmedia":[{"embeddable":true,"href":"https:\/\/anbanjia.com.cn\/fr\/wp-json\/wp\/v2\/media\/5375"}],"wp:attachment":[{"href":"https:\/\/anbanjia.com.cn\/fr\/wp-json\/wp\/v2\/media?parent=13168"}],"wp:term":[{"taxonomy":"product_cat","embeddable":true,"href":"https:\/\/anbanjia.com.cn\/fr\/wp-json\/wp\/v2\/product_cat?post=13168"},{"taxonomy":"product_tag","embeddable":true,"href":"https:\/\/anbanjia.com.cn\/fr\/wp-json\/wp\/v2\/product_tag?post=13168"}],"curies":[{"name":"wp","href":"https:\/\/api.w.org\/{rel}","templated":true}]}}