{"id":13165,"date":"2022-05-02T18:02:30","date_gmt":"2022-05-02T18:02:30","guid":{"rendered":"https:\/\/www.anbanjia.com.cn\/product\/chine-vente-en-gros-de-formation-de-readaptation-velo-dexercice-portable-mini-pedale-velo-dexercice-electrique-pour-handicapes\/"},"modified":"2022-05-02T18:02:30","modified_gmt":"2022-05-02T18:02:30","slug":"chine-gros-formation-readaptation-velo-dexercice-mini-pedale-portable-velo-dexercice-electrique-pour-handicapes","status":"publish","type":"product","link":"https:\/\/anbanjia.com.cn\/fr\/produit\/chine-gros-formation-readaptation-velo-dexercice-mini-pedale-portable-velo-dexercice-electrique-pour-handicapes\/","title":{"rendered":"Chine vente en gros de formation de r\u00e9adaptation v\u00e9lo d&rsquo;exercice portable mini p\u00e9dale v\u00e9lo d&rsquo;exercice \u00e9lectrique pour handicap\u00e9s"},"content":{"rendered":"<div style=\"max-width: 750px; margin: 0 auto;\">\n<div id=\"detail_decorate_root\" data-magic-global=\"%7B%22bizId%22%3A3215165050%2C%22pageId%22%3A5051845837%2C%22siteId%22%3A5005610021%7D\">\n<div class=\"J_module\">\n<div class=\"icbu-pc-images magic-1\">\n<div>\n<div class=\"flex-layout-v\">\n<div class=\"flex-layout-h magic-1\">\n<div class=\"magic-2\"><a href=\"https:\/\/abj-medical.en.alibaba.com\/productlist.html?spm=a2700.icbuShop.88.17.537444ebj9KWwg\" target=\"_blank\" rel=\"noopener\"><img decoding=\"async\" class=\"magic-3\" style=\"max-width: 750;\" src=\"https:\/\/anbanjia.com.cn\/wp-content\/uploads\/2022\/05\/HTB1v2tVIQSWBuNjSszdq6zeSpXam.jpg\" data-src=\"\"><\/a><\/div>\n<div>\n<h3 class=\"magic-5\"><span class=\"magic-6\">MACHINE DE FORMATION R\u00c9HABILITATIVE <\/span><\/h3>\n<div><span class=\"magic-6\"> <\/span><\/div>\n<div><span class=\"magic-6\">Am\u00e9liore la machine d&rsquo;entra\u00eenement au renseignement <\/span><\/div>\n<div><span class=\"magic-6\"> <\/span><\/div>\n<div data-spm-anchor-id=\"a2700.wholesale.0.i23.5a0671727IqpS4\"><span class=\"magic-6\">appareil d&rsquo;entra\u00eenement \u00e0 la sant\u00e9<\/span><\/div>\n<div data-spm-anchor-id=\"a2700.wholesale.0.i23.5a0671727IqpS4\"><img decoding=\"async\" src=\"https:\/\/s.alicdn.com\/@sc04\/kf\/Hb3651f3835664a528de724688b9cad16E\/230438700\/Hb3651f3835664a528de724688b9cad16E.png?quality=close\"><\/div>\n<div data-spm-anchor-id=\"a2700.wholesale.0.i23.5a0671727IqpS4\"><img decoding=\"async\" src=\"https:\/\/s.alicdn.com\/@sc04\/kf\/He5692e7a73c140de9a3248d208d2a4bcE\/230438700\/He5692e7a73c140de9a3248d208d2a4bcE.png?quality=close\"><\/div>\n<div data-spm-anchor-id=\"a2700.wholesale.0.i23.5a0671727IqpS4\"><img decoding=\"async\" src=\"https:\/\/s.alicdn.com\/@sc04\/kf\/Hbac5d991229d47fc82fb76c7c92541e8z\/230438700\/Hbac5d991229d47fc82fb76c7c92541e8z.png?quality=close\"><\/div>\n<div data-spm-anchor-id=\"a2700.wholesale.0.i23.5a0671727IqpS4\"><img decoding=\"async\" src=\"https:\/\/s.alicdn.com\/@sc04\/kf\/H8e1bfa01ab0742c69c411db744f52ad8W\/230438700\/H8e1bfa01ab0742c69c411db744f52ad8W.png?quality=close\"><\/div>\n<div data-spm-anchor-id=\"a2700.wholesale.0.i23.5a0671727IqpS4\"><img decoding=\"async\" src=\"https:\/\/s.alicdn.com\/@sc04\/kf\/Hc3717d44d9c34f7eaf6c02533029c03cb\/230438700\/Hc3717d44d9c34f7eaf6c02533029c03cb.png?quality=close\"><\/div>\n<div data-spm-anchor-id=\"a2700.wholesale.0.i23.5a0671727IqpS4\"><img decoding=\"async\" src=\"https:\/\/s.alicdn.com\/@sc04\/kf\/Hdc9eb3f6374944fba67f0d5d35ffb384U\/230438700\/Hdc9eb3f6374944fba67f0d5d35ffb384U.png?quality=close\"><\/div>\n<div data-spm-anchor-id=\"a2700.wholesale.0.i23.5a0671727IqpS4\"><img decoding=\"async\" src=\"https:\/\/s.alicdn.com\/@sc04\/kf\/H2510d61b16604c5395e51d19960bb7daV\/230438700\/H2510d61b16604c5395e51d19960bb7daV.png?quality=close\"><\/div>\n<div data-spm-anchor-id=\"a2700.wholesale.0.i23.5a0671727IqpS4\"><img decoding=\"async\" src=\"https:\/\/s.alicdn.com\/@sc04\/kf\/Heded44688d72414fb1f6521f1708597c1\/230438700\/Heded44688d72414fb1f6521f1708597c1.png?quality=close\"><\/div>\n<div data-spm-anchor-id=\"a2700.wholesale.0.i23.5a0671727IqpS4\"><img decoding=\"async\" src=\"https:\/\/s.alicdn.com\/@sc04\/kf\/Hb33d14213c9b40108daa6bccc9eb4318n\/230438700\/Hb33d14213c9b40108daa6bccc9eb4318n.png?quality=close\"><\/div>\n<div data-spm-anchor-id=\"a2700.wholesale.0.i23.5a0671727IqpS4\"><img decoding=\"async\" src=\"https:\/\/s.alicdn.com\/@sc04\/kf\/H004e6e168a7b401891f8f5ff6c6d1f7c8\/230438700\/H004e6e168a7b401891f8f5ff6c6d1f7c8.png?quality=close\"><\/div>\n<div data-spm-anchor-id=\"a2700.wholesale.0.i23.5a0671727IqpS4\">\n<p class=\"magic-30\"><span style=\"font-family: Arial, Helvetica; font-size: large;\">En tant que fournisseur professionnel et leader d&rsquo;\u00e9quipements m\u00e9dicaux, ABJ fournit de nombreux produits de fauteuils roulants de haute qualit\u00e9 \u00e0 la majorit\u00e9 des clients, ce qui r\u00e9pond \u00e0 leurs exigences.<br \/>\n<\/span><\/p>\n<p class=\"magic-30\" data-spm-anchor-id=\"a2700.wholesale.0.i34.5a0671727IqpS4\"><span style=\"font-family: Arial, Helvetica; font-size: large;\">Tous les produits doivent \u00eatre inspect\u00e9s tr\u00e8s soigneusement par nous-m\u00eames avant l&rsquo;exp\u00e9dition.<br \/>\nNous fournissons aux clients une livraison rapide, un prix raisonnable, des services de haute qualit\u00e9 et \u00e0 long terme.<\/span><\/p>\n<p data-spm-anchor-id=\"a2700.wholesale.0.i34.5a0671727IqpS4\"><img decoding=\"async\" src=\"https:\/\/s.alicdn.com\/@sc01\/kf\/H3d43ab43a0f24fc7886a50fee5674fd4U\/230438700\/H3d43ab43a0f24fc7886a50fee5674fd4U.jpg?quality=close\"><\/p>\n<p data-spm-anchor-id=\"a2700.wholesale.0.i34.5a0671727IqpS4\"><img decoding=\"async\" src=\"https:\/\/s.alicdn.com\/@sc01\/kf\/HTB1xs6Ud.D.BuNjt_h7q6yNDVXat\/230438700\/HTB1xs6Ud.D.BuNjt_h7q6yNDVXat.jpg?quality=close\"><\/p>\n<p data-spm-anchor-id=\"a2700.wholesale.0.i34.5a0671727IqpS4\"><img decoding=\"async\" src=\"https:\/\/s.alicdn.com\/@sc01\/kf\/HTB1aUsdKqmWBuNjy1Xaq6xCbXXag\/230438700\/HTB1aUsdKqmWBuNjy1Xaq6xCbXXag.jpg?quality=close\"><\/p>\n<p data-spm-anchor-id=\"a2700.wholesale.0.i34.5a0671727IqpS4\">\u00c0 propos de nous:<br \/>\n1. Plus de commande, plus de remise, prix comp\u00e9titif&nbsp;!<br \/>\n2. Bienvenue \u00e0 nous contacter pour obtenir un meilleur prix&nbsp;!<br \/>\n3.Bon service, livraison rapide, et nous valons la peine d&rsquo;\u00eatre dignes de confiance.<br \/>\n4. Nous pouvons vous garantir que vous serez satisfait de nos produits.<br \/>\n5. Nous traitons les clients comme des amis et vous offrons un service consid\u00e9rable.<\/p>\n<p data-spm-anchor-id=\"a2700.wholesale.0.i34.5a0671727IqpS4\"><img decoding=\"async\" src=\"https:\/\/s.alicdn.com\/@sc01\/kf\/H10fdde19478c4022952b6ef21b37e97bx\/230438700\/H10fdde19478c4022952b6ef21b37e97bx.jpg?quality=close\"><\/p>\n<\/div>\n<\/div>\n<\/div>\n<\/div>\n<\/div>\n<\/div>\n<\/div>\n<\/div>\n<\/div>\n","protected":false},"excerpt":{"rendered":"<p>&nbsp;<\/p>\n<div style=\"width: auto;\">\n<div style=\"min-width: 300px; max-width: 300px; word-wrap: break-word; float: left;\">Propri\u00e9t\u00e9s : fournitures de th\u00e9rapie de r\u00e9adaptation.<\/div>\n<div style=\"min-width: 300px; max-width: 300px; word-wrap: break-word; float: left;\">Lieu d&rsquo;origine&nbsp;: Guangdong, Chine<\/div>\n<\/div>\n<div style=\"width: auto;\">\n<div style=\"min-width: 300px; max-width: 300px; word-wrap: break-word; float: left;\">Nom de marque:jiamei<\/div>\n<div style=\"min-width: 300px; max-width: 300px; word-wrap: break-word; float: left;\">Num\u00e9ro de mod\u00e8le : ABJ-105<\/div>\n<\/div>\n<div style=\"width: auto;\">\n<div style=\"min-width: 300px; max-width: 300px; word-wrap: break-word; float: left;\">Type : \u00e9quipements de s\u00e9curit\u00e9 pour salle de bain.<\/div>\n<div style=\"min-width: 300px; max-width: 300px; word-wrap: break-word; float: left;\">Mat\u00e9riel:ABS + PP + FER<\/div>\n<\/div>\n<div style=\"width: auto;\">\n<div style=\"min-width: 300px; max-width: 300px; word-wrap: break-word; float: left;\">Couleur bleue<\/div>\n<div style=\"min-width: 300px; max-width: 300px; word-wrap: break-word; float: left;\">Partie main: manuel, r\u00e9glage de l&rsquo;angle<\/div>\n<\/div>\n<div style=\"width: auto;\">\n<div style=\"min-width: 300px; max-width: 300px; word-wrap: break-word; float: left;\">Partie pied : manuel\/\u00e9lectrique, une voie de rotation<\/div>\n<div style=\"min-width: 300px; max-width: 300px; word-wrap: break-word; float: left;\">Tension&nbsp;: 220&nbsp;V\/50&nbsp;Hz<\/div>\n<\/div>\n<div style=\"width: auto;\">\n<div style=\"min-width: 300px; max-width: 300px; word-wrap: break-word; float: left;\">Moteur&nbsp;: 75&nbsp;W<\/div>\n<div style=\"min-width: 300px; max-width: 300px; word-wrap: break-word; float: left;\">Dimensions du produit : 52 x 34 x 87 cm.<\/div>\n<\/div>\n<div style=\"width: auto;\">\n<div style=\"min-width: 300px; max-width: 300px; word-wrap: break-word; float: left;\">Poids net&nbsp;: 8,5&nbsp;KG<\/div>\n<div style=\"min-width: 300px; max-width: 300px; word-wrap: break-word; float: left;\">Poids de charge maximal&nbsp;: 120&nbsp;KGS<\/div>\n<\/div>\n<div>Logo personnalis\u00e9(Min. Commande : 200 pi\u00e8ces)<\/div>\n<div>Emballage personnalis\u00e9(Min. Commande : 200 pi\u00e8ces)<\/div>\n","protected":false},"featured_media":12689,"comment_status":"closed","ping_status":"closed","template":"","meta":[],"product_cat":[153],"product_tag":[],"class_list":["post-13165","product","type-product","status-publish","has-post-thumbnail","hentry","product_cat-machine-dentrainement-de-reeducation"],"_links":{"self":[{"href":"https:\/\/anbanjia.com.cn\/fr\/wp-json\/wp\/v2\/product\/13165","targetHints":{"allow":["GET"]}}],"collection":[{"href":"https:\/\/anbanjia.com.cn\/fr\/wp-json\/wp\/v2\/product"}],"about":[{"href":"https:\/\/anbanjia.com.cn\/fr\/wp-json\/wp\/v2\/types\/product"}],"replies":[{"embeddable":true,"href":"https:\/\/anbanjia.com.cn\/fr\/wp-json\/wp\/v2\/comments?post=13165"}],"wp:featuredmedia":[{"embeddable":true,"href":"https:\/\/anbanjia.com.cn\/fr\/wp-json\/wp\/v2\/media\/12689"}],"wp:attachment":[{"href":"https:\/\/anbanjia.com.cn\/fr\/wp-json\/wp\/v2\/media?parent=13165"}],"wp:term":[{"taxonomy":"product_cat","embeddable":true,"href":"https:\/\/anbanjia.com.cn\/fr\/wp-json\/wp\/v2\/product_cat?post=13165"},{"taxonomy":"product_tag","embeddable":true,"href":"https:\/\/anbanjia.com.cn\/fr\/wp-json\/wp\/v2\/product_tag?post=13165"}],"curies":[{"name":"wp","href":"https:\/\/api.w.org\/{rel}","templated":true}]}}