{"id":13163,"date":"2022-05-02T18:02:28","date_gmt":"2022-05-02T18:02:28","guid":{"rendered":"https:\/\/www.anbanjia.com.cn\/product\/portable-de-sport-de-readaptation-davc-de-velo-dexercice-passif-automatique-medical-de-sante-pour-des-personnes-agees\/"},"modified":"2022-05-02T18:02:28","modified_gmt":"2022-05-02T18:02:28","slug":"sante-medical-auto-passif-velo-avc-readaptation-sport-portable-pour-personnes-agees","status":"publish","type":"product","link":"https:\/\/anbanjia.com.cn\/fr\/produit\/sante-medical-auto-passif-velo-avc-readaptation-sport-portable-pour-personnes-agees\/","title":{"rendered":"Portable de sport de r\u00e9adaptation d&rsquo;AVC de v\u00e9lo d&rsquo;exercice passif automatique m\u00e9dical de sant\u00e9 pour des personnes \u00e2g\u00e9es"},"content":{"rendered":"<div style=\"max-width: 750px; margin: 0 auto;\">\n<div id=\"detail_decorate_root\" data-magic-global=\"%7B%22bizId%22%3A3215165050%2C%22pageId%22%3A5052375191%2C%22siteId%22%3A5005610021%7D\">\n<div class=\"J_module\">\n<div class=\"icbu-pc-images magic-1\">\n<div>\n<div class=\"flex-layout-v\">\n<div class=\"flex-layout-h magic-1\">\n<div class=\"magic-2\"><a href=\"https:\/\/abj-medical.en.alibaba.com\/product\/1600221845171-804757852\/Upper_And_Lower_Llimb_Rehabilitation_Training_Machine_Foot_Rest_Accessories.html\" target=\"_blank\" rel=\"noopener\"><img decoding=\"async\" class=\"magic-3\" style=\"max-width: 750;\" src=\"https:\/\/anbanjia.com.cn\/wp-content\/uploads\/2022\/05\/He532f7f3a692493b815cc4063216d299k.png\" data-src=\"\"><\/a><\/div>\n<div class=\"magic-4\"><a href=\"https:\/\/abj-medical.en.alibaba.com\/product\/1600269961149-804757852\/Rehabilitation_Training_Machine_Wth_Intelligent_Anti_Spasm_Function_To_Speed_Up_Training_For_Elderly.html\" target=\"_blank\" rel=\"noopener\"><img decoding=\"async\" class=\"magic-5\" src=\"https:\/\/anbanjia.com.cn\/wp-content\/uploads\/2022\/05\/H234f9e37378b4f7699336abaabf33ef09.png\" data-src=\"\"><\/a><\/div>\n<div class=\"magic-4\"><a href=\"https:\/\/abj-medical.en.alibaba.com\/product\/60804806220-901334468\/Home_physical_therapy_rehabilitation_disabled_automatic_lightweight_mini_pedal_exercise_bike_for_arms_and_legs.html\" target=\"_blank\" rel=\"noopener\"><img decoding=\"async\" class=\"magic-5\" src=\"https:\/\/anbanjia.com.cn\/wp-content\/uploads\/2022\/05\/Hbe52ab388a3945439628ab53a7388fc81.jpg\" data-src=\"\"><\/a><\/div>\n<div><img decoding=\"async\" src=\"https:\/\/s.alicdn.com\/@sc04\/kf\/Hb3651f3835664a528de724688b9cad16E\/230438700\/Hb3651f3835664a528de724688b9cad16E.png?quality=close\">\\<img decoding=\"async\" src=\"https:\/\/s.alicdn.com\/@sc04\/kf\/Hb33d14213c9b40108daa6bccc9eb4318n\/230438700\/Hb33d14213c9b40108daa6bccc9eb4318n.png?quality=close\"><\/div>\n<div><img decoding=\"async\" src=\"https:\/\/s.alicdn.com\/@sc04\/kf\/Hdc9eb3f6374944fba67f0d5d35ffb384U\/230438700\/Hdc9eb3f6374944fba67f0d5d35ffb384U.png?quality=close\"><\/div>\n<div><img decoding=\"async\" src=\"https:\/\/s.alicdn.com\/@sc04\/kf\/Hc3717d44d9c34f7eaf6c02533029c03cb\/230438700\/Hc3717d44d9c34f7eaf6c02533029c03cb.png?quality=close\"><\/div>\n<div><img decoding=\"async\" src=\"https:\/\/s.alicdn.com\/@sc04\/kf\/H8e1bfa01ab0742c69c411db744f52ad8W\/230438700\/H8e1bfa01ab0742c69c411db744f52ad8W.png?quality=close\"><\/div>\n<div><img decoding=\"async\" src=\"https:\/\/s.alicdn.com\/@sc04\/kf\/Hbac5d991229d47fc82fb76c7c92541e8z\/230438700\/Hbac5d991229d47fc82fb76c7c92541e8z.png?quality=close\"><\/div>\n<div><img decoding=\"async\" src=\"https:\/\/s.alicdn.com\/@sc04\/kf\/He5692e7a73c140de9a3248d208d2a4bcE\/230438700\/He5692e7a73c140de9a3248d208d2a4bcE.png?quality=close\"><\/div>\n<div><img decoding=\"async\" src=\"https:\/\/s.alicdn.com\/@sc04\/kf\/HTB1o6ywdPDpK1RjSZFrq6y78VXag\/230438700\/HTB1o6ywdPDpK1RjSZFrq6y78VXag.jpg?quality=close\"><\/div>\n<div><img decoding=\"async\" src=\"https:\/\/s.alicdn.com\/@sc04\/kf\/H004e6e168a7b401891f8f5ff6c6d1f7c8\/230438700\/H004e6e168a7b401891f8f5ff6c6d1f7c8.png?quality=close\"><\/div>\n<div>\n<p class=\"magic-13\"><span style=\"font-family: Arial, Helvetica; font-size: large;\">En tant que fournisseur professionnel et leader d&rsquo;\u00e9quipements m\u00e9dicaux, ABJ fournit de nombreux produits de fauteuils roulants de haute qualit\u00e9 \u00e0 la majorit\u00e9 des clients, ce qui r\u00e9pond \u00e0 leurs exigences.<br \/>\n<\/span><\/p>\n<p class=\"magic-13\" data-spm-anchor-id=\"a2700.details.0.i34.2437467fAashih\"><span style=\"font-family: Arial, Helvetica; font-size: large;\">Tous les produits doivent \u00eatre inspect\u00e9s tr\u00e8s soigneusement par nous-m\u00eames avant l&rsquo;exp\u00e9dition.<br \/>\nNous fournissons aux clients une livraison rapide, un prix raisonnable, des services de haute qualit\u00e9 et \u00e0 long terme.<\/span><\/p>\n<p data-spm-anchor-id=\"a2700.details.0.i34.2437467fAashih\"><img decoding=\"async\" src=\"https:\/\/s.alicdn.com\/@sc04\/kf\/He20b7e63d9904f56affa89608cc70c79A\/230438700\/He20b7e63d9904f56affa89608cc70c79A.jpg?quality=close\"><\/p>\n<p data-spm-anchor-id=\"a2700.details.0.i34.2437467fAashih\"><img decoding=\"async\" src=\"https:\/\/s.alicdn.com\/@sc01\/kf\/H3d43ab43a0f24fc7886a50fee5674fd4U\/230438700\/H3d43ab43a0f24fc7886a50fee5674fd4U.jpg?quality=close\"><\/p>\n<p data-spm-anchor-id=\"a2700.details.0.i34.2437467fAashih\"><img decoding=\"async\" src=\"https:\/\/s.alicdn.com\/@sc01\/kf\/HTB1xs6Ud.D.BuNjt_h7q6yNDVXat\/230438700\/HTB1xs6Ud.D.BuNjt_h7q6yNDVXat.jpg?quality=close\"><\/p>\n<p data-spm-anchor-id=\"a2700.details.0.i34.2437467fAashih\">\u00c0 propos de nous:<br \/>\n1. Plus de commande, plus de remise, prix comp\u00e9titif&nbsp;!<br \/>\n2. Bienvenue \u00e0 nous contacter pour obtenir un meilleur prix&nbsp;!<br \/>\n3.Bon service, livraison rapide, et nous valons la peine d&rsquo;\u00eatre dignes de confiance.<br \/>\n4. Nous pouvons vous garantir que vous serez satisfait de nos produits.<br \/>\n5. Nous traitons les clients comme des amis et vous offrons un service consid\u00e9rable.<\/p>\n<p data-spm-anchor-id=\"a2700.details.0.i34.2437467fAashih\"><img decoding=\"async\" src=\"https:\/\/s.alicdn.com\/@sc04\/kf\/Hff98939fdc8e43e2be5c782ddbe4cc5ez\/230438700\/Hff98939fdc8e43e2be5c782ddbe4cc5ez.png?quality=close\"><\/p>\n<p data-spm-anchor-id=\"a2700.details.0.i34.2437467fAashih\">\n<\/div>\n<\/div>\n<\/div>\n<\/div>\n<\/div>\n<\/div>\n<\/div>\n<\/div>\n","protected":false},"excerpt":{"rendered":"<p>&nbsp;<\/p>\n<div style=\"width: auto;\">\n<div style=\"min-width: 300px; max-width: 300px; word-wrap: break-word; float: left;\">Propri\u00e9t\u00e9s : fournitures de th\u00e9rapie de r\u00e9adaptation.<\/div>\n<div style=\"min-width: 300px; max-width: 300px; word-wrap: break-word; float: left;\">Lieu d&rsquo;origine&nbsp;: Guangdong, Chine<\/div>\n<\/div>\n<div style=\"width: auto;\">\n<div style=\"min-width: 300px; max-width: 300px; word-wrap: break-word; float: left;\">Nom de marque:Anbanjia<\/div>\n<div style=\"min-width: 300px; max-width: 300px; word-wrap: break-word; float: left;\">Num\u00e9ro de mod\u00e8le : ABJ-105<\/div>\n<\/div>\n<div style=\"width: auto;\">\n<div style=\"min-width: 300px; max-width: 300px; word-wrap: break-word; float: left;\">Type : \u00e9quipements de s\u00e9curit\u00e9 pour salle de bain.<\/div>\n<div style=\"min-width: 300px; max-width: 300px; word-wrap: break-word; float: left;\">Mat\u00e9riel:ABS + PP + FER<\/div>\n<\/div>\n<div style=\"width: auto;\">\n<div style=\"min-width: 300px; max-width: 300px; word-wrap: break-word; float: left;\">La couleur verte<\/div>\n<div style=\"min-width: 300px; max-width: 300px; word-wrap: break-word; float: left;\">Partie main: manuel, r\u00e9glage de l&rsquo;angle<\/div>\n<\/div>\n<div style=\"width: auto;\">\n<div style=\"min-width: 300px; max-width: 300px; word-wrap: break-word; float: left;\">Partie pied : manuel\/\u00e9lectrique, une voie de rotation<\/div>\n<div style=\"min-width: 300px; max-width: 300px; word-wrap: break-word; float: left;\">Tension&nbsp;: 220&nbsp;V\/50&nbsp;Hz<\/div>\n<\/div>\n<div style=\"width: auto;\">\n<div style=\"min-width: 300px; max-width: 300px; word-wrap: break-word; float: left;\">Moteur&nbsp;: 75&nbsp;W<\/div>\n<div style=\"min-width: 300px; max-width: 300px; word-wrap: break-word; float: left;\">Dimensions du produit : 52 x 34 x 87 cm.<\/div>\n<\/div>\n<div style=\"width: auto;\">\n<div style=\"min-width: 300px; max-width: 300px; word-wrap: break-word; float: left;\">Poids net&nbsp;: 8,5&nbsp;KG<\/div>\n<div style=\"min-width: 300px; max-width: 300px; word-wrap: break-word; float: left;\">Poids de charge maximal&nbsp;: 120&nbsp;KGS<\/div>\n<\/div>\n<div>Emballage personnalis\u00e9(Min. Commande : 100 pi\u00e8ces)<\/div>\n","protected":false},"featured_media":5493,"comment_status":"closed","ping_status":"closed","template":"","meta":[],"product_cat":[153],"product_tag":[],"class_list":["post-13163","product","type-product","status-publish","has-post-thumbnail","hentry","product_cat-machine-dentrainement-de-reeducation"],"_links":{"self":[{"href":"https:\/\/anbanjia.com.cn\/fr\/wp-json\/wp\/v2\/product\/13163","targetHints":{"allow":["GET"]}}],"collection":[{"href":"https:\/\/anbanjia.com.cn\/fr\/wp-json\/wp\/v2\/product"}],"about":[{"href":"https:\/\/anbanjia.com.cn\/fr\/wp-json\/wp\/v2\/types\/product"}],"replies":[{"embeddable":true,"href":"https:\/\/anbanjia.com.cn\/fr\/wp-json\/wp\/v2\/comments?post=13163"}],"wp:featuredmedia":[{"embeddable":true,"href":"https:\/\/anbanjia.com.cn\/fr\/wp-json\/wp\/v2\/media\/5493"}],"wp:attachment":[{"href":"https:\/\/anbanjia.com.cn\/fr\/wp-json\/wp\/v2\/media?parent=13163"}],"wp:term":[{"taxonomy":"product_cat","embeddable":true,"href":"https:\/\/anbanjia.com.cn\/fr\/wp-json\/wp\/v2\/product_cat?post=13163"},{"taxonomy":"product_tag","embeddable":true,"href":"https:\/\/anbanjia.com.cn\/fr\/wp-json\/wp\/v2\/product_tag?post=13163"}],"curies":[{"name":"wp","href":"https:\/\/api.w.org\/{rel}","templated":true}]}}